{"id":13371,"date":"2018-03-31T09:56:50","date_gmt":"2018-03-31T07:56:50","guid":{"rendered":"http:\/\/soloreglasgolf.com\/WordPress3\/?page_id=13371"},"modified":"2018-03-31T10:17:40","modified_gmt":"2018-03-31T08:17:40","slug":"obstruccion-inamovible","status":"publish","type":"page","link":"https:\/\/soloreglasgolf.com\/WordPress3\/definiciones-2019-2022\/obstruccion-inamovible\/","title":{"rendered":"Obstrucci\u00f3n Inamovible"},"content":{"rendered":"<p>Cualquier obstrucci\u00f3n que:<\/p>\n<ul>\n<li><strong>No se puede mover<\/strong> sin un <strong>esfuerzo irrazonable<\/strong> o <strong>sin da\u00f1ar la obstrucci\u00f3n o el campo<\/strong>, y<\/li>\n<li>De otra manera no cumple con la definici\u00f3n de obstrucci\u00f3n movible.<\/li>\n<\/ul>\n<p>El Comit\u00e9 puede definir cualquier obstrucci\u00f3n como una obstrucci\u00f3n inamovible, incluso si cumple con la definici\u00f3n de obstrucci\u00f3n movible.<\/p>\n<div class=\"g g-2\"><div class=\"g-single a-14\"><script type=\"text\/javascript\"><!--\r\ngoogle_ad_client = \"ca-pub-2363348512557029\";\r\n\/* Blog pagina-post *\/\r\ngoogle_ad_slot = \"1564877784\";\r\ngoogle_ad_width = 728;\r\ngoogle_ad_height = 90;\r\n\/\/-->\r\n<\/script>\r\n<script type=\"text\/javascript\"\r\nsrc=\"http:\/\/pagead2.googlesyndication.com\/pagead\/show_ads.js\">\r\n<\/script><\/div><\/div>\n","protected":false},"excerpt":{"rendered":"<p>Cualquier obstrucci\u00f3n que: No se puede mover sin un esfuerzo irrazonable o sin da\u00f1ar la obstrucci\u00f3n o el campo, y De otra manera no cumple con la definici\u00f3n de obstrucci\u00f3n movible. El Comit\u00e9 puede definir cualquier obstrucci\u00f3n como una obstrucci\u00f3n inamovible, incluso si cumple con la definici\u00f3n de obstrucci\u00f3n movible.<\/p>\n","protected":false},"author":28,"featured_media":0,"parent":13320,"menu_order":0,"comment_status":"closed","ping_status":"closed","template":"","meta":{"jetpack_post_was_ever_published":false,"footnotes":""},"class_list":["post-13371","page","type-page","status-publish","hentry","post-seq-1","post-parity-odd","meta-position-corners","fix"],"yoast_head":"<!-- This site is optimized with the Yoast SEO plugin v22.0 - https:\/\/yoast.com\/wordpress\/plugins\/seo\/ -->\n<title>Obstrucci\u00f3n Inamovible - SoloReglasGolf<\/title>\n<meta name=\"robots\" content=\"index, follow, max-snippet:-1, max-image-preview:large, max-video-preview:-1\" \/>\n<link rel=\"canonical\" href=\"http:\/\/soloreglasgolf.com\/WordPress3\/definiciones-2019-2022\/obstruccion-inamovible\/\" \/>\n<script type=\"application\/ld+json\" class=\"yoast-schema-graph\">{\"@context\":\"https:\/\/schema.org\",\"@graph\":[{\"@type\":\"WebPage\",\"@id\":\"http:\/\/soloreglasgolf.com\/WordPress3\/definiciones-2019-2022\/obstruccion-inamovible\/\",\"url\":\"http:\/\/soloreglasgolf.com\/WordPress3\/definiciones-2019-2022\/obstruccion-inamovible\/\",\"name\":\"Obstrucci\u00f3n Inamovible - SoloReglasGolf\",\"isPartOf\":{\"@id\":\"http:\/\/soloreglasgolf.com\/WordPress3\/#website\"},\"datePublished\":\"2018-03-31T07:56:50+00:00\",\"dateModified\":\"2018-03-31T08:17:40+00:00\",\"breadcrumb\":{\"@id\":\"http:\/\/soloreglasgolf.com\/WordPress3\/definiciones-2019-2022\/obstruccion-inamovible\/#breadcrumb\"},\"inLanguage\":\"es\",\"potentialAction\":[{\"@type\":\"ReadAction\",\"target\":[\"http:\/\/soloreglasgolf.com\/WordPress3\/definiciones-2019-2022\/obstruccion-inamovible\/\"]}]},{\"@type\":\"BreadcrumbList\",\"@id\":\"http:\/\/soloreglasgolf.com\/WordPress3\/definiciones-2019-2022\/obstruccion-inamovible\/#breadcrumb\",\"itemListElement\":[{\"@type\":\"ListItem\",\"position\":1,\"name\":\"Portada\",\"item\":\"http:\/\/soloreglasgolf.com\/WordPress3\/\"},{\"@type\":\"ListItem\",\"position\":2,\"name\":\"Definiciones\",\"item\":\"http:\/\/soloreglasgolf.com\/WordPress3\/definiciones-2019-2022\/\"},{\"@type\":\"ListItem\",\"position\":3,\"name\":\"Obstrucci\u00f3n Inamovible\"}]},{\"@type\":\"WebSite\",\"@id\":\"http:\/\/soloreglasgolf.com\/WordPress3\/#website\",\"url\":\"http:\/\/soloreglasgolf.com\/WordPress3\/\",\"name\":\"SoloReglasGolf\",\"description\":\"Conversando sobre  Reglas de Golf\",\"potentialAction\":[{\"@type\":\"SearchAction\",\"target\":{\"@type\":\"EntryPoint\",\"urlTemplate\":\"http:\/\/soloreglasgolf.com\/WordPress3\/?s={search_term_string}\"},\"query-input\":\"required name=search_term_string\"}],\"inLanguage\":\"es\"}]}<\/script>\n<!-- \/ Yoast SEO plugin. -->","yoast_head_json":{"title":"Obstrucci\u00f3n Inamovible - SoloReglasGolf","robots":{"index":"index","follow":"follow","max-snippet":"max-snippet:-1","max-image-preview":"max-image-preview:large","max-video-preview":"max-video-preview:-1"},"canonical":"http:\/\/soloreglasgolf.com\/WordPress3\/definiciones-2019-2022\/obstruccion-inamovible\/","schema":{"@context":"https:\/\/schema.org","@graph":[{"@type":"WebPage","@id":"http:\/\/soloreglasgolf.com\/WordPress3\/definiciones-2019-2022\/obstruccion-inamovible\/","url":"http:\/\/soloreglasgolf.com\/WordPress3\/definiciones-2019-2022\/obstruccion-inamovible\/","name":"Obstrucci\u00f3n Inamovible - SoloReglasGolf","isPartOf":{"@id":"http:\/\/soloreglasgolf.com\/WordPress3\/#website"},"datePublished":"2018-03-31T07:56:50+00:00","dateModified":"2018-03-31T08:17:40+00:00","breadcrumb":{"@id":"http:\/\/soloreglasgolf.com\/WordPress3\/definiciones-2019-2022\/obstruccion-inamovible\/#breadcrumb"},"inLanguage":"es","potentialAction":[{"@type":"ReadAction","target":["http:\/\/soloreglasgolf.com\/WordPress3\/definiciones-2019-2022\/obstruccion-inamovible\/"]}]},{"@type":"BreadcrumbList","@id":"http:\/\/soloreglasgolf.com\/WordPress3\/definiciones-2019-2022\/obstruccion-inamovible\/#breadcrumb","itemListElement":[{"@type":"ListItem","position":1,"name":"Portada","item":"http:\/\/soloreglasgolf.com\/WordPress3\/"},{"@type":"ListItem","position":2,"name":"Definiciones","item":"http:\/\/soloreglasgolf.com\/WordPress3\/definiciones-2019-2022\/"},{"@type":"ListItem","position":3,"name":"Obstrucci\u00f3n Inamovible"}]},{"@type":"WebSite","@id":"http:\/\/soloreglasgolf.com\/WordPress3\/#website","url":"http:\/\/soloreglasgolf.com\/WordPress3\/","name":"SoloReglasGolf","description":"Conversando sobre  Reglas de Golf","potentialAction":[{"@type":"SearchAction","target":{"@type":"EntryPoint","urlTemplate":"http:\/\/soloreglasgolf.com\/WordPress3\/?s={search_term_string}"},"query-input":"required name=search_term_string"}],"inLanguage":"es"}]}},"jetpack_sharing_enabled":true,"jetpack_shortlink":"https:\/\/wp.me\/P36cD2-3tF","_links":{"self":[{"href":"https:\/\/soloreglasgolf.com\/WordPress3\/wp-json\/wp\/v2\/pages\/13371","targetHints":{"allow":["GET"]}}],"collection":[{"href":"https:\/\/soloreglasgolf.com\/WordPress3\/wp-json\/wp\/v2\/pages"}],"about":[{"href":"https:\/\/soloreglasgolf.com\/WordPress3\/wp-json\/wp\/v2\/types\/page"}],"author":[{"embeddable":true,"href":"https:\/\/soloreglasgolf.com\/WordPress3\/wp-json\/wp\/v2\/users\/28"}],"replies":[{"embeddable":true,"href":"https:\/\/soloreglasgolf.com\/WordPress3\/wp-json\/wp\/v2\/comments?post=13371"}],"version-history":[{"count":2,"href":"https:\/\/soloreglasgolf.com\/WordPress3\/wp-json\/wp\/v2\/pages\/13371\/revisions"}],"predecessor-version":[{"id":13401,"href":"https:\/\/soloreglasgolf.com\/WordPress3\/wp-json\/wp\/v2\/pages\/13371\/revisions\/13401"}],"up":[{"embeddable":true,"href":"https:\/\/soloreglasgolf.com\/WordPress3\/wp-json\/wp\/v2\/pages\/13320"}],"wp:attachment":[{"href":"https:\/\/soloreglasgolf.com\/WordPress3\/wp-json\/wp\/v2\/media?parent=13371"}],"curies":[{"name":"wp","href":"https:\/\/api.w.org\/{rel}","templated":true}]}}