{"id":13320,"date":"2018-03-31T08:52:38","date_gmt":"2018-03-31T06:52:38","guid":{"rendered":"http:\/\/soloreglasgolf.com\/WordPress3\/?page_id=13320"},"modified":"2021-05-09T19:38:45","modified_gmt":"2021-05-09T17:38:45","slug":"definiciones-2019-2022","status":"publish","type":"page","link":"https:\/\/soloreglasgolf.com\/WordPress3\/definiciones-2019-2022\/","title":{"rendered":"Definiciones"},"content":{"rendered":"<ul>\n<li><a href=\"http:\/\/soloreglasgolf.com\/WordPress3\/definiciones-2019-2022\/agua-temporal\/\">Agua Temporal<\/a><\/li>\n<li><a href=\"http:\/\/soloreglasgolf.com\/WordPress3\/definiciones-2019-2022\/agujero-de-animal\/\">Agujero de animal<\/a><\/li>\n<li><a href=\"http:\/\/soloreglasgolf.com\/WordPress3\/animal\/\">Animal<\/a><\/li>\n<li><a href=\"http:\/\/soloreglasgolf.com\/WordPress3\/definiciones-2019-2022\/arbitro\/\">Arbitro<\/a><\/li>\n<li><a href=\"http:\/\/soloreglasgolf.com\/WordPress3\/definiciones-2019-2022\/areas-del-campo\/\">\u00c1reas del Campo<\/a>\n<ul>\n<li><a href=\"http:\/\/soloreglasgolf.com\/WordPress3\/definiciones-2019-2022\/area-de-alivio\/\">\u00c1rea de Alivio<\/a><\/li>\n<li><a href=\"http:\/\/soloreglasgolf.com\/WordPress3\/definiciones-2019-2022\/area-penalizacion\/\">\u00c1rea de Penalizaci\u00f3n<\/a><\/li>\n<li><a href=\"http:\/\/soloreglasgolf.com\/WordPress3\/definiciones-2019-2022\/area-de-salida\/\">\u00c1rea de Salida<\/a><\/li>\n<li><a href=\"http:\/\/soloreglasgolf.com\/WordPress3\/definiciones-2019-2022\/area-general\/\">\u00c1rea General<\/a><\/li>\n<li><a href=\"http:\/\/soloreglasgolf.com\/WordPress3\/definiciones-2019-2022\/green\/\">Green<\/a><\/li>\n<\/ul>\n<\/li>\n<li>Bolas:\n<ul>\n<li><a href=\"http:\/\/soloreglasgolf.com\/WordPress3\/definiciones-2019-2022\/bola-en-juego\/\">Bola en Juego<\/a><\/li>\n<li><a href=\"http:\/\/soloreglasgolf.com\/WordPress3\/definiciones-2019-2022\/bola-equivocada\/\">Bola Equivocada<\/a><\/li>\n<li><a href=\"http:\/\/soloreglasgolf.com\/WordPress3\/bola-movida\/\">Bola Movida<\/a><\/li>\n<li><a href=\"http:\/\/soloreglasgolf.com\/WordPress3\/definiciones-2019-2022\/bola-perdida\/\">Bola Perdida<\/a><\/li>\n<li><a href=\"http:\/\/soloreglasgolf.com\/WordPress3\/definiciones-2019-2022\/bola-provisional\/\">Bola Provisional<\/a><\/li>\n<\/ul>\n<\/li>\n<li><a href=\"http:\/\/soloreglasgolf.com\/WordPress3\/reglas-2019\/regla-12\/\">Bunker<\/a><\/li>\n<li><a href=\"http:\/\/soloreglasgolf.com\/WordPress3\/definiciones-2019-2022\/campo\/\">Campo<\/a><\/li>\n<li><a href=\"http:\/\/soloreglasgolf.com\/WordPress3\/definiciones-2019-2022\/condicion-anormal-del-campo\/\">Condici\u00f3n Anormal del Campo<\/a><\/li>\n<li><a href=\"http:\/\/soloreglasgolf.com\/WordPress3\/definiciones-2019-2022\/conocido-o-virtualmente-cierto\/\">Conocido o virtualmente cierto<\/a><\/li>\n<li><a href=\"http:\/\/soloreglasgolf.com\/WordPress3\/definiciones-2019-2022\/consejo\/\">Consejo<\/a><\/li>\n<li><a href=\"http:\/\/soloreglasgolf.com\/WordPress3\/definiciones-2019-2022\/equipamiento\/\">Equipamiento<\/a><\/li>\n<li><a href=\"http:\/\/soloreglasgolf.com\/WordPress3\/definiciones-2019-2022\/golpe\/\">Golpe<\/a><\/li>\n<li><a href=\"http:\/\/soloreglasgolf.com\/WordPress3\/definiciones-2019-2022\/green\/\">Green<\/a><\/li>\n<li><a href=\"http:\/\/soloreglasgolf.com\/WordPress3\/definiciones-2019-2022\/green-equivocado\/\">Green Equivocado<\/a><\/li>\n<li><a href=\"http:\/\/soloreglasgolf.com\/WordPress3\/definiciones-2019-2022\/honor\/\">Honor<\/a><\/li>\n<li><a href=\"http:\/\/soloreglasgolf.com\/WordPress3\/definiciones-2019-2022\/hoyo\/\">Hoyo<\/a><\/li>\n<li><a href=\"http:\/\/soloreglasgolf.com\/WordPress3\/definiciones-2019-2022\/influencia-externa\/\">Influencia externa<\/a><\/li>\n<li><a href=\"http:\/\/soloreglasgolf.com\/WordPress3\/definiciones-2019-2022\/lugar-equivocado\/\">Lugar equivocado<\/a><\/li>\n<li><a href=\"http:\/\/soloreglasgolf.com\/WordPress3\/definiciones-2019-2022\/marcador\/\">Marcador<\/a><\/li>\n<li><a href=\"http:\/\/soloreglasgolf.com\/WordPress3\/definiciones-2019-2022\/objeto-de-limites\/\">Objeto de L\u00edmites<\/a><\/li>\n<li><a href=\"http:\/\/soloreglasgolf.com\/WordPress3\/definiciones-2019-2022\/objeto-integrante\/\">Objeto Integrante<\/a><\/li>\n<\/ul>\n","protected":false},"excerpt":{"rendered":"<p>Agua Temporal Agujero de animal Animal Arbitro \u00c1reas del Campo \u00c1rea de Alivio \u00c1rea de Penalizaci\u00f3n \u00c1rea de Salida \u00c1rea General Green Bolas: Bola en Juego Bola Equivocada Bola Movida Bola Perdida Bola Provisional Bunker Campo Condici\u00f3n Anormal del Campo Conocido o virtualmente cierto Consejo Equipamiento Golpe Green Green Equivocado Honor Hoyo Influencia externa Lugar <a href='https:\/\/soloreglasgolf.com\/WordPress3\/definiciones-2019-2022\/' class='excerpt-more'>[Leer + &#8230;]<\/a><\/p>\n","protected":false},"author":28,"featured_media":0,"parent":0,"menu_order":0,"comment_status":"closed","ping_status":"closed","template":"","meta":{"jetpack_post_was_ever_published":false,"footnotes":""},"class_list":["post-13320","page","type-page","status-publish","hentry","post-seq-1","post-parity-odd","meta-position-corners","fix"],"yoast_head":"<!-- This site is optimized with the Yoast SEO plugin v22.0 - https:\/\/yoast.com\/wordpress\/plugins\/seo\/ -->\n<title>Definiciones - SoloReglasGolf<\/title>\n<meta name=\"robots\" content=\"index, follow, max-snippet:-1, max-image-preview:large, max-video-preview:-1\" \/>\n<link rel=\"canonical\" href=\"http:\/\/soloreglasgolf.com\/WordPress3\/definiciones-2019-2022\/\" \/>\n<meta name=\"twitter:label1\" content=\"Tiempo de lectura\" \/>\n\t<meta name=\"twitter:data1\" content=\"1 minuto\" \/>\n<script type=\"application\/ld+json\" class=\"yoast-schema-graph\">{\"@context\":\"https:\/\/schema.org\",\"@graph\":[{\"@type\":\"WebPage\",\"@id\":\"http:\/\/soloreglasgolf.com\/WordPress3\/definiciones-2019-2022\/\",\"url\":\"http:\/\/soloreglasgolf.com\/WordPress3\/definiciones-2019-2022\/\",\"name\":\"Definiciones - SoloReglasGolf\",\"isPartOf\":{\"@id\":\"http:\/\/soloreglasgolf.com\/WordPress3\/#website\"},\"datePublished\":\"2018-03-31T06:52:38+00:00\",\"dateModified\":\"2021-05-09T17:38:45+00:00\",\"breadcrumb\":{\"@id\":\"http:\/\/soloreglasgolf.com\/WordPress3\/definiciones-2019-2022\/#breadcrumb\"},\"inLanguage\":\"es\",\"potentialAction\":[{\"@type\":\"ReadAction\",\"target\":[\"http:\/\/soloreglasgolf.com\/WordPress3\/definiciones-2019-2022\/\"]}]},{\"@type\":\"BreadcrumbList\",\"@id\":\"http:\/\/soloreglasgolf.com\/WordPress3\/definiciones-2019-2022\/#breadcrumb\",\"itemListElement\":[{\"@type\":\"ListItem\",\"position\":1,\"name\":\"Portada\",\"item\":\"http:\/\/soloreglasgolf.com\/WordPress3\/\"},{\"@type\":\"ListItem\",\"position\":2,\"name\":\"Definiciones\"}]},{\"@type\":\"WebSite\",\"@id\":\"http:\/\/soloreglasgolf.com\/WordPress3\/#website\",\"url\":\"http:\/\/soloreglasgolf.com\/WordPress3\/\",\"name\":\"SoloReglasGolf\",\"description\":\"Conversando sobre  Reglas de Golf\",\"potentialAction\":[{\"@type\":\"SearchAction\",\"target\":{\"@type\":\"EntryPoint\",\"urlTemplate\":\"http:\/\/soloreglasgolf.com\/WordPress3\/?s={search_term_string}\"},\"query-input\":\"required name=search_term_string\"}],\"inLanguage\":\"es\"}]}<\/script>\n<!-- \/ Yoast SEO plugin. -->","yoast_head_json":{"title":"Definiciones - SoloReglasGolf","robots":{"index":"index","follow":"follow","max-snippet":"max-snippet:-1","max-image-preview":"max-image-preview:large","max-video-preview":"max-video-preview:-1"},"canonical":"http:\/\/soloreglasgolf.com\/WordPress3\/definiciones-2019-2022\/","twitter_misc":{"Tiempo de lectura":"1 minuto"},"schema":{"@context":"https:\/\/schema.org","@graph":[{"@type":"WebPage","@id":"http:\/\/soloreglasgolf.com\/WordPress3\/definiciones-2019-2022\/","url":"http:\/\/soloreglasgolf.com\/WordPress3\/definiciones-2019-2022\/","name":"Definiciones - SoloReglasGolf","isPartOf":{"@id":"http:\/\/soloreglasgolf.com\/WordPress3\/#website"},"datePublished":"2018-03-31T06:52:38+00:00","dateModified":"2021-05-09T17:38:45+00:00","breadcrumb":{"@id":"http:\/\/soloreglasgolf.com\/WordPress3\/definiciones-2019-2022\/#breadcrumb"},"inLanguage":"es","potentialAction":[{"@type":"ReadAction","target":["http:\/\/soloreglasgolf.com\/WordPress3\/definiciones-2019-2022\/"]}]},{"@type":"BreadcrumbList","@id":"http:\/\/soloreglasgolf.com\/WordPress3\/definiciones-2019-2022\/#breadcrumb","itemListElement":[{"@type":"ListItem","position":1,"name":"Portada","item":"http:\/\/soloreglasgolf.com\/WordPress3\/"},{"@type":"ListItem","position":2,"name":"Definiciones"}]},{"@type":"WebSite","@id":"http:\/\/soloreglasgolf.com\/WordPress3\/#website","url":"http:\/\/soloreglasgolf.com\/WordPress3\/","name":"SoloReglasGolf","description":"Conversando sobre  Reglas de Golf","potentialAction":[{"@type":"SearchAction","target":{"@type":"EntryPoint","urlTemplate":"http:\/\/soloreglasgolf.com\/WordPress3\/?s={search_term_string}"},"query-input":"required name=search_term_string"}],"inLanguage":"es"}]}},"jetpack_sharing_enabled":true,"jetpack_shortlink":"https:\/\/wp.me\/P36cD2-3sQ","_links":{"self":[{"href":"https:\/\/soloreglasgolf.com\/WordPress3\/wp-json\/wp\/v2\/pages\/13320","targetHints":{"allow":["GET"]}}],"collection":[{"href":"https:\/\/soloreglasgolf.com\/WordPress3\/wp-json\/wp\/v2\/pages"}],"about":[{"href":"https:\/\/soloreglasgolf.com\/WordPress3\/wp-json\/wp\/v2\/types\/page"}],"author":[{"embeddable":true,"href":"https:\/\/soloreglasgolf.com\/WordPress3\/wp-json\/wp\/v2\/users\/28"}],"replies":[{"embeddable":true,"href":"https:\/\/soloreglasgolf.com\/WordPress3\/wp-json\/wp\/v2\/comments?post=13320"}],"version-history":[{"count":32,"href":"https:\/\/soloreglasgolf.com\/WordPress3\/wp-json\/wp\/v2\/pages\/13320\/revisions"}],"predecessor-version":[{"id":44107,"href":"https:\/\/soloreglasgolf.com\/WordPress3\/wp-json\/wp\/v2\/pages\/13320\/revisions\/44107"}],"wp:attachment":[{"href":"https:\/\/soloreglasgolf.com\/WordPress3\/wp-json\/wp\/v2\/media?parent=13320"}],"curies":[{"name":"wp","href":"https:\/\/api.w.org\/{rel}","templated":true}]}}