{"id":13294,"date":"2018-03-17T22:26:08","date_gmt":"2018-03-17T21:26:08","guid":{"rendered":"http:\/\/soloreglasgolf.com\/WordPress3\/?page_id=13294"},"modified":"2018-04-07T17:55:21","modified_gmt":"2018-04-07T15:55:21","slug":"regla-16","status":"publish","type":"page","link":"https:\/\/soloreglasgolf.com\/WordPress3\/reglas-2019\/regla-16\/","title":{"rendered":"Regla 16 \u2013 Alivio Condiciones Anormales del Campo (Incluyendo Obstrucciones Inamovibles); Situaciones Animales Peligrosos, Bola Empotrada."},"content":{"rendered":"<p><strong>Prop\u00f3sito:<\/strong> La Regla 16 cubre cu\u00e1ndo y c\u00f3mo el jugador puede <strong>aliviarse sin penalizaci\u00f3n<\/strong> jugando una bola desde un lugar diferente, como cuando hay <strong>interferencia de una <a href=\"http:\/\/soloreglasgolf.com\/WordPress3\/definiciones-2019-2022\/condicion-anormal-del-campo\/\">condici\u00f3n anormal del campo<\/a><\/strong> o una <strong>condici\u00f3n de animal peligroso<\/strong>.<\/p>\n<ul>\n<li>Estas condiciones no se consideran parte del desaf\u00edo de jugar el campo y normalmente se permite el alivio sin penalizaci\u00f3n, excepto en un \u00e1rea de penalizaci\u00f3n.<\/li>\n<li>El jugador normalmente se alivia dropando una bola en un \u00e1rea de alivio, en base al <a href=\"http:\/\/soloreglasgolf.com\/WordPress3\/definiciones-2019-2022\/punto-mas-cercano-alivio-total\/\">punto m\u00e1s cercano de alivio total<\/a>.<\/li>\n<\/ul>\n<p>Esta Regla tambi\u00e9n cubre el alivio sin penalizaci\u00f3n cuando una<strong> bola del jugador est\u00e1 empotrada en su propio pique<\/strong> en el \u00e1rea general.<\/p>\n<p><strong><a href=\"http:\/\/soloreglasgolf.com\/WordPress3\/reglas-2019\/regla-16\/regla-16-1\/\">16.1 Condiciones Anormales del Campo (Incluyendo Obstrucciones Inamovibles)<\/a><\/strong><\/p>\n<p><a href=\"http:\/\/soloreglasgolf.com\/WordPress3\/reglas-2019\/regla-16\/16-2-condicion-de-animal-peligroso\/\"><strong>16.2 Condici\u00f3n de Animal Peligroso<\/strong><\/a><\/p>\n<p><a href=\"http:\/\/soloreglasgolf.com\/WordPress3\/reglas-2019\/regla-16\/16-3-bola-empotrada\/\"><strong>16.3 Bola Empotrada<\/strong><\/a><\/p>\n<p><a href=\"http:\/\/soloreglasgolf.com\/WordPress3\/reglas-2019\/regla-16\/16-4-levantando-la-bola-para-ver-si-reposa-en-una-condicion-donde-esta-permitido-el-alivio\/\"><strong>16.4 Levantando la Bola para Ver si Reposa en una Condici\u00f3n Donde Est\u00e1 Permitido el Alivio<\/strong><\/a><\/p>\n<div class=\"g g-2\"><div class=\"g-single a-17\"><script type=\"text\/javascript\"><!--\r\ngoogle_ad_client = \"ca-pub-2363348512557029\";\r\n\/* Blog pagina-post *\/\r\ngoogle_ad_slot = \"1564877784\";\r\ngoogle_ad_width = 728;\r\ngoogle_ad_height = 90;\r\n\/\/-->\r\n<\/script>\r\n<script type=\"text\/javascript\"\r\nsrc=\"http:\/\/pagead2.googlesyndication.com\/pagead\/show_ads.js\">\r\n<\/script><\/div><\/div>\n<p>&nbsp;<\/p>\n","protected":false},"excerpt":{"rendered":"<p>Prop\u00f3sito: La Regla 16 cubre cu\u00e1ndo y c\u00f3mo el jugador puede aliviarse sin penalizaci\u00f3n jugando una bola desde un lugar diferente, como cuando hay interferencia de una condici\u00f3n anormal del campo o una condici\u00f3n de animal peligroso. Estas condiciones no se consideran parte del desaf\u00edo de jugar el campo y normalmente se permite el alivio <a href='https:\/\/soloreglasgolf.com\/WordPress3\/reglas-2019\/regla-16\/' class='excerpt-more'>[Leer + &#8230;]<\/a><\/p>\n","protected":false},"author":28,"featured_media":0,"parent":13241,"menu_order":16,"comment_status":"closed","ping_status":"closed","template":"","meta":{"jetpack_post_was_ever_published":false,"footnotes":""},"class_list":["post-13294","page","type-page","status-publish","hentry","post-seq-1","post-parity-odd","meta-position-corners","fix"],"yoast_head":"<!-- This site is optimized with the Yoast SEO plugin v22.0 - https:\/\/yoast.com\/wordpress\/plugins\/seo\/ -->\n<title>Regla 16 \u2013 Alivio Condiciones Anormales del Campo (Incluyendo Obstrucciones Inamovibles); Situaciones Animales Peligrosos, Bola Empotrada. - SoloReglasGolf<\/title>\n<meta name=\"robots\" content=\"index, follow, max-snippet:-1, max-image-preview:large, max-video-preview:-1\" \/>\n<link rel=\"canonical\" href=\"https:\/\/soloreglasgolf.com\/WordPress3\/reglas-2019\/regla-16\/\" \/>\n<meta name=\"twitter:label1\" content=\"Tiempo de lectura\" \/>\n\t<meta name=\"twitter:data1\" content=\"1 minuto\" \/>\n<script type=\"application\/ld+json\" class=\"yoast-schema-graph\">{\"@context\":\"https:\/\/schema.org\",\"@graph\":[{\"@type\":\"WebPage\",\"@id\":\"https:\/\/soloreglasgolf.com\/WordPress3\/reglas-2019\/regla-16\/\",\"url\":\"https:\/\/soloreglasgolf.com\/WordPress3\/reglas-2019\/regla-16\/\",\"name\":\"Regla 16 \u2013 Alivio Condiciones Anormales del Campo (Incluyendo Obstrucciones Inamovibles); Situaciones Animales Peligrosos, Bola Empotrada. - SoloReglasGolf\",\"isPartOf\":{\"@id\":\"http:\/\/soloreglasgolf.com\/WordPress3\/#website\"},\"datePublished\":\"2018-03-17T21:26:08+00:00\",\"dateModified\":\"2018-04-07T15:55:21+00:00\",\"breadcrumb\":{\"@id\":\"https:\/\/soloreglasgolf.com\/WordPress3\/reglas-2019\/regla-16\/#breadcrumb\"},\"inLanguage\":\"es\",\"potentialAction\":[{\"@type\":\"ReadAction\",\"target\":[\"https:\/\/soloreglasgolf.com\/WordPress3\/reglas-2019\/regla-16\/\"]}]},{\"@type\":\"BreadcrumbList\",\"@id\":\"https:\/\/soloreglasgolf.com\/WordPress3\/reglas-2019\/regla-16\/#breadcrumb\",\"itemListElement\":[{\"@type\":\"ListItem\",\"position\":1,\"name\":\"Portada\",\"item\":\"http:\/\/soloreglasgolf.com\/WordPress3\/\"},{\"@type\":\"ListItem\",\"position\":2,\"name\":\"Reglas 2019\",\"item\":\"https:\/\/soloreglasgolf.com\/WordPress3\/reglas-2019\/\"},{\"@type\":\"ListItem\",\"position\":3,\"name\":\"Regla 16 \u2013 Alivio Condiciones Anormales del Campo (Incluyendo Obstrucciones Inamovibles); Situaciones Animales Peligrosos, Bola Empotrada.\"}]},{\"@type\":\"WebSite\",\"@id\":\"http:\/\/soloreglasgolf.com\/WordPress3\/#website\",\"url\":\"http:\/\/soloreglasgolf.com\/WordPress3\/\",\"name\":\"SoloReglasGolf\",\"description\":\"Conversando sobre  Reglas de Golf\",\"potentialAction\":[{\"@type\":\"SearchAction\",\"target\":{\"@type\":\"EntryPoint\",\"urlTemplate\":\"http:\/\/soloreglasgolf.com\/WordPress3\/?s={search_term_string}\"},\"query-input\":\"required name=search_term_string\"}],\"inLanguage\":\"es\"}]}<\/script>\n<!-- \/ Yoast SEO plugin. -->","yoast_head_json":{"title":"Regla 16 \u2013 Alivio Condiciones Anormales del Campo (Incluyendo Obstrucciones Inamovibles); Situaciones Animales Peligrosos, Bola Empotrada. - SoloReglasGolf","robots":{"index":"index","follow":"follow","max-snippet":"max-snippet:-1","max-image-preview":"max-image-preview:large","max-video-preview":"max-video-preview:-1"},"canonical":"https:\/\/soloreglasgolf.com\/WordPress3\/reglas-2019\/regla-16\/","twitter_misc":{"Tiempo de lectura":"1 minuto"},"schema":{"@context":"https:\/\/schema.org","@graph":[{"@type":"WebPage","@id":"https:\/\/soloreglasgolf.com\/WordPress3\/reglas-2019\/regla-16\/","url":"https:\/\/soloreglasgolf.com\/WordPress3\/reglas-2019\/regla-16\/","name":"Regla 16 \u2013 Alivio Condiciones Anormales del Campo (Incluyendo Obstrucciones Inamovibles); Situaciones Animales Peligrosos, Bola Empotrada. - SoloReglasGolf","isPartOf":{"@id":"http:\/\/soloreglasgolf.com\/WordPress3\/#website"},"datePublished":"2018-03-17T21:26:08+00:00","dateModified":"2018-04-07T15:55:21+00:00","breadcrumb":{"@id":"https:\/\/soloreglasgolf.com\/WordPress3\/reglas-2019\/regla-16\/#breadcrumb"},"inLanguage":"es","potentialAction":[{"@type":"ReadAction","target":["https:\/\/soloreglasgolf.com\/WordPress3\/reglas-2019\/regla-16\/"]}]},{"@type":"BreadcrumbList","@id":"https:\/\/soloreglasgolf.com\/WordPress3\/reglas-2019\/regla-16\/#breadcrumb","itemListElement":[{"@type":"ListItem","position":1,"name":"Portada","item":"http:\/\/soloreglasgolf.com\/WordPress3\/"},{"@type":"ListItem","position":2,"name":"Reglas 2019","item":"https:\/\/soloreglasgolf.com\/WordPress3\/reglas-2019\/"},{"@type":"ListItem","position":3,"name":"Regla 16 \u2013 Alivio Condiciones Anormales del Campo (Incluyendo Obstrucciones Inamovibles); Situaciones Animales Peligrosos, Bola Empotrada."}]},{"@type":"WebSite","@id":"http:\/\/soloreglasgolf.com\/WordPress3\/#website","url":"http:\/\/soloreglasgolf.com\/WordPress3\/","name":"SoloReglasGolf","description":"Conversando sobre  Reglas de Golf","potentialAction":[{"@type":"SearchAction","target":{"@type":"EntryPoint","urlTemplate":"http:\/\/soloreglasgolf.com\/WordPress3\/?s={search_term_string}"},"query-input":"required name=search_term_string"}],"inLanguage":"es"}]}},"jetpack_sharing_enabled":true,"jetpack_shortlink":"https:\/\/wp.me\/P36cD2-3sq","_links":{"self":[{"href":"https:\/\/soloreglasgolf.com\/WordPress3\/wp-json\/wp\/v2\/pages\/13294","targetHints":{"allow":["GET"]}}],"collection":[{"href":"https:\/\/soloreglasgolf.com\/WordPress3\/wp-json\/wp\/v2\/pages"}],"about":[{"href":"https:\/\/soloreglasgolf.com\/WordPress3\/wp-json\/wp\/v2\/types\/page"}],"author":[{"embeddable":true,"href":"https:\/\/soloreglasgolf.com\/WordPress3\/wp-json\/wp\/v2\/users\/28"}],"replies":[{"embeddable":true,"href":"https:\/\/soloreglasgolf.com\/WordPress3\/wp-json\/wp\/v2\/comments?post=13294"}],"version-history":[{"count":14,"href":"https:\/\/soloreglasgolf.com\/WordPress3\/wp-json\/wp\/v2\/pages\/13294\/revisions"}],"predecessor-version":[{"id":13600,"href":"https:\/\/soloreglasgolf.com\/WordPress3\/wp-json\/wp\/v2\/pages\/13294\/revisions\/13600"}],"up":[{"embeddable":true,"href":"https:\/\/soloreglasgolf.com\/WordPress3\/wp-json\/wp\/v2\/pages\/13241"}],"wp:attachment":[{"href":"https:\/\/soloreglasgolf.com\/WordPress3\/wp-json\/wp\/v2\/media?parent=13294"}],"curies":[{"name":"wp","href":"https:\/\/api.w.org\/{rel}","templated":true}]}}