{"id":13288,"date":"2018-03-17T22:21:42","date_gmt":"2018-03-17T21:21:42","guid":{"rendered":"http:\/\/soloreglasgolf.com\/WordPress3\/?page_id=13288"},"modified":"2021-05-13T22:04:10","modified_gmt":"2021-05-13T20:04:10","slug":"regla-13","status":"publish","type":"page","link":"https:\/\/soloreglasgolf.com\/WordPress3\/reglas-2019\/iv-reglas-especiales-para-bunkers-y-greens\/regla-13\/","title":{"rendered":"Regla 13 \u2013 El Green"},"content":{"rendered":"<p>Prop\u00f3sito: La Regla 13 es una Regla espec\u00edfica para greens. Los greens est\u00e1n especialmente preparados para jugar la bola por el suelo y hay un asta de bandera para el hoyo en cada green, y en ellos se aplican ciertas Reglas diferentes que para el resto de \u00e1reas del campo.<\/p>\n<p><a href=\"http:\/\/soloreglasgolf.com\/WordPress3\/reglas-2019\/iv-reglas-especiales-para-bunkers-y-greens\/regla-13\/13-1-acciones-permitidas-y-requeridas-en-el-green\/\">13.1 Acciones Permitidas y Requeridas en el Green<\/a><\/p>\n<p><a href=\"http:\/\/soloreglasgolf.com\/WordPress3\/reglas-2019\/iv-reglas-especiales-para-bunkers-y-greens\/regla-13\/13-2-el-asta-de-la-bandera\/\">13.2 El Asta de la Bandera<\/a><\/p>\n<p><a href=\"http:\/\/soloreglasgolf.com\/WordPress3\/reglas-2019\/iv-reglas-especiales-para-bunkers-y-greens\/regla-13\/13-3-bola-sobrepasa-borde-hoyo\/\">13.3 Bola que Sobrepasa el Borde del Hoyo<\/a><\/p>\n<div class=\"g g-2\"><div class=\"g-single a-16\"><script type=\"text\/javascript\"><!--\r\ngoogle_ad_client = \"ca-pub-2363348512557029\";\r\n\/* Blog pagina-post *\/\r\ngoogle_ad_slot = \"1564877784\";\r\ngoogle_ad_width = 728;\r\ngoogle_ad_height = 90;\r\n\/\/-->\r\n<\/script>\r\n<script type=\"text\/javascript\"\r\nsrc=\"http:\/\/pagead2.googlesyndication.com\/pagead\/show_ads.js\">\r\n<\/script><\/div><\/div>\n","protected":false},"excerpt":{"rendered":"<p>Prop\u00f3sito: La Regla 13 es una Regla espec\u00edfica para greens. Los greens est\u00e1n especialmente preparados para jugar la bola por el suelo y hay un asta de bandera para el hoyo en cada green, y en ellos se aplican ciertas Reglas diferentes que para el resto de \u00e1reas del campo. 13.1 Acciones Permitidas y Requeridas <a href='https:\/\/soloreglasgolf.com\/WordPress3\/reglas-2019\/iv-reglas-especiales-para-bunkers-y-greens\/regla-13\/' class='excerpt-more'>[Leer + &#8230;]<\/a><\/p>\n","protected":false},"author":28,"featured_media":0,"parent":44195,"menu_order":13,"comment_status":"closed","ping_status":"closed","template":"","meta":{"jetpack_post_was_ever_published":false,"footnotes":""},"class_list":["post-13288","page","type-page","status-publish","hentry","post-seq-1","post-parity-odd","meta-position-corners","fix"],"yoast_head":"<!-- This site is optimized with the Yoast SEO plugin v22.0 - https:\/\/yoast.com\/wordpress\/plugins\/seo\/ -->\n<title>Regla 13 \u2013 El Green - SoloReglasGolf<\/title>\n<meta name=\"robots\" content=\"index, follow, max-snippet:-1, max-image-preview:large, max-video-preview:-1\" \/>\n<link rel=\"canonical\" href=\"https:\/\/soloreglasgolf.com\/WordPress3\/reglas-2019\/iv-reglas-especiales-para-bunkers-y-greens\/regla-13\/\" \/>\n<meta name=\"twitter:label1\" content=\"Tiempo de lectura\" \/>\n\t<meta name=\"twitter:data1\" content=\"1 minuto\" \/>\n<script type=\"application\/ld+json\" class=\"yoast-schema-graph\">{\"@context\":\"https:\/\/schema.org\",\"@graph\":[{\"@type\":\"WebPage\",\"@id\":\"https:\/\/soloreglasgolf.com\/WordPress3\/reglas-2019\/iv-reglas-especiales-para-bunkers-y-greens\/regla-13\/\",\"url\":\"https:\/\/soloreglasgolf.com\/WordPress3\/reglas-2019\/iv-reglas-especiales-para-bunkers-y-greens\/regla-13\/\",\"name\":\"Regla 13 \u2013 El Green - SoloReglasGolf\",\"isPartOf\":{\"@id\":\"http:\/\/soloreglasgolf.com\/WordPress3\/#website\"},\"datePublished\":\"2018-03-17T21:21:42+00:00\",\"dateModified\":\"2021-05-13T20:04:10+00:00\",\"breadcrumb\":{\"@id\":\"https:\/\/soloreglasgolf.com\/WordPress3\/reglas-2019\/iv-reglas-especiales-para-bunkers-y-greens\/regla-13\/#breadcrumb\"},\"inLanguage\":\"es\",\"potentialAction\":[{\"@type\":\"ReadAction\",\"target\":[\"https:\/\/soloreglasgolf.com\/WordPress3\/reglas-2019\/iv-reglas-especiales-para-bunkers-y-greens\/regla-13\/\"]}]},{\"@type\":\"BreadcrumbList\",\"@id\":\"https:\/\/soloreglasgolf.com\/WordPress3\/reglas-2019\/iv-reglas-especiales-para-bunkers-y-greens\/regla-13\/#breadcrumb\",\"itemListElement\":[{\"@type\":\"ListItem\",\"position\":1,\"name\":\"Portada\",\"item\":\"http:\/\/soloreglasgolf.com\/WordPress3\/\"},{\"@type\":\"ListItem\",\"position\":2,\"name\":\"Reglas 2019\",\"item\":\"http:\/\/soloreglasgolf.com\/WordPress3\/reglas-2019\/\"},{\"@type\":\"ListItem\",\"position\":3,\"name\":\"IV. Reglas Especiales para Bunkers y Greens\",\"item\":\"https:\/\/soloreglasgolf.com\/WordPress3\/reglas-2019\/iv-reglas-especiales-para-bunkers-y-greens\/\"},{\"@type\":\"ListItem\",\"position\":4,\"name\":\"Regla 13 \u2013 El Green\"}]},{\"@type\":\"WebSite\",\"@id\":\"http:\/\/soloreglasgolf.com\/WordPress3\/#website\",\"url\":\"http:\/\/soloreglasgolf.com\/WordPress3\/\",\"name\":\"SoloReglasGolf\",\"description\":\"Conversando sobre  Reglas de Golf\",\"potentialAction\":[{\"@type\":\"SearchAction\",\"target\":{\"@type\":\"EntryPoint\",\"urlTemplate\":\"http:\/\/soloreglasgolf.com\/WordPress3\/?s={search_term_string}\"},\"query-input\":\"required name=search_term_string\"}],\"inLanguage\":\"es\"}]}<\/script>\n<!-- \/ Yoast SEO plugin. -->","yoast_head_json":{"title":"Regla 13 \u2013 El Green - SoloReglasGolf","robots":{"index":"index","follow":"follow","max-snippet":"max-snippet:-1","max-image-preview":"max-image-preview:large","max-video-preview":"max-video-preview:-1"},"canonical":"https:\/\/soloreglasgolf.com\/WordPress3\/reglas-2019\/iv-reglas-especiales-para-bunkers-y-greens\/regla-13\/","twitter_misc":{"Tiempo de lectura":"1 minuto"},"schema":{"@context":"https:\/\/schema.org","@graph":[{"@type":"WebPage","@id":"https:\/\/soloreglasgolf.com\/WordPress3\/reglas-2019\/iv-reglas-especiales-para-bunkers-y-greens\/regla-13\/","url":"https:\/\/soloreglasgolf.com\/WordPress3\/reglas-2019\/iv-reglas-especiales-para-bunkers-y-greens\/regla-13\/","name":"Regla 13 \u2013 El Green - SoloReglasGolf","isPartOf":{"@id":"http:\/\/soloreglasgolf.com\/WordPress3\/#website"},"datePublished":"2018-03-17T21:21:42+00:00","dateModified":"2021-05-13T20:04:10+00:00","breadcrumb":{"@id":"https:\/\/soloreglasgolf.com\/WordPress3\/reglas-2019\/iv-reglas-especiales-para-bunkers-y-greens\/regla-13\/#breadcrumb"},"inLanguage":"es","potentialAction":[{"@type":"ReadAction","target":["https:\/\/soloreglasgolf.com\/WordPress3\/reglas-2019\/iv-reglas-especiales-para-bunkers-y-greens\/regla-13\/"]}]},{"@type":"BreadcrumbList","@id":"https:\/\/soloreglasgolf.com\/WordPress3\/reglas-2019\/iv-reglas-especiales-para-bunkers-y-greens\/regla-13\/#breadcrumb","itemListElement":[{"@type":"ListItem","position":1,"name":"Portada","item":"http:\/\/soloreglasgolf.com\/WordPress3\/"},{"@type":"ListItem","position":2,"name":"Reglas 2019","item":"http:\/\/soloreglasgolf.com\/WordPress3\/reglas-2019\/"},{"@type":"ListItem","position":3,"name":"IV. Reglas Especiales para Bunkers y Greens","item":"https:\/\/soloreglasgolf.com\/WordPress3\/reglas-2019\/iv-reglas-especiales-para-bunkers-y-greens\/"},{"@type":"ListItem","position":4,"name":"Regla 13 \u2013 El Green"}]},{"@type":"WebSite","@id":"http:\/\/soloreglasgolf.com\/WordPress3\/#website","url":"http:\/\/soloreglasgolf.com\/WordPress3\/","name":"SoloReglasGolf","description":"Conversando sobre  Reglas de Golf","potentialAction":[{"@type":"SearchAction","target":{"@type":"EntryPoint","urlTemplate":"http:\/\/soloreglasgolf.com\/WordPress3\/?s={search_term_string}"},"query-input":"required name=search_term_string"}],"inLanguage":"es"}]}},"jetpack_sharing_enabled":true,"jetpack_shortlink":"https:\/\/wp.me\/P36cD2-3sk","_links":{"self":[{"href":"https:\/\/soloreglasgolf.com\/WordPress3\/wp-json\/wp\/v2\/pages\/13288","targetHints":{"allow":["GET"]}}],"collection":[{"href":"https:\/\/soloreglasgolf.com\/WordPress3\/wp-json\/wp\/v2\/pages"}],"about":[{"href":"https:\/\/soloreglasgolf.com\/WordPress3\/wp-json\/wp\/v2\/types\/page"}],"author":[{"embeddable":true,"href":"https:\/\/soloreglasgolf.com\/WordPress3\/wp-json\/wp\/v2\/users\/28"}],"replies":[{"embeddable":true,"href":"https:\/\/soloreglasgolf.com\/WordPress3\/wp-json\/wp\/v2\/comments?post=13288"}],"version-history":[{"count":10,"href":"https:\/\/soloreglasgolf.com\/WordPress3\/wp-json\/wp\/v2\/pages\/13288\/revisions"}],"predecessor-version":[{"id":44267,"href":"https:\/\/soloreglasgolf.com\/WordPress3\/wp-json\/wp\/v2\/pages\/13288\/revisions\/44267"}],"up":[{"embeddable":true,"href":"https:\/\/soloreglasgolf.com\/WordPress3\/wp-json\/wp\/v2\/pages\/44195"}],"wp:attachment":[{"href":"https:\/\/soloreglasgolf.com\/WordPress3\/wp-json\/wp\/v2\/media?parent=13288"}],"curies":[{"name":"wp","href":"https:\/\/api.w.org\/{rel}","templated":true}]}}