{"id":13284,"date":"2018-03-17T22:18:37","date_gmt":"2018-03-17T21:18:37","guid":{"rendered":"http:\/\/soloreglasgolf.com\/WordPress3\/?page_id=13284"},"modified":"2021-05-12T23:46:26","modified_gmt":"2021-05-12T21:46:26","slug":"regla-11","status":"publish","type":"page","link":"https:\/\/soloreglasgolf.com\/WordPress3\/reglas-2019\/iii-jugando-la-bola\/regla-11\/","title":{"rendered":"Regla 11 \u2013 Bola en Movimiento Despu\u00e9s de un Golpe Golpea a una Persona, Animal u Objeto"},"content":{"rendered":"<p>PROPOSITO<\/p>\n<p>La Regla 11 describe lo que hay que hacer si la bola en movimiento del jugador golpea a una persona, animal, equipamiento o cualquier otra cosa en el campo.<br \/>\nCuando esto ocurre accidentalmente, no hay penalizaci\u00f3n y el jugador debe normalmente aceptar esta circunstancia, sea favorable o no, y jugar la bola desde donde queda en reposo.<\/p>\n<p>La Regla 11 tambi\u00e9n impide que un jugador tome acciones deliberadamente para afectar d\u00f3nde podr\u00eda ir a reposar cualquier bola<br \/>\nen movimiento.<\/p>\n<p>Esta Regla <strong>se aplica siempre que una bola en juego est\u00e1 en movimiento<\/strong> (ya sea despu\u00e9s de un golpe o de otra manera), <strong>excepto cuando una bola ha sido dropada en un \u00e1rea de alivio y a\u00fan no ha llegado a quedar en reposo<\/strong>. Esa situaci\u00f3n est\u00e1 cubierta por la Regla 14.3.<\/p>\n<p><a href=\"http:\/\/soloreglasgolf.com\/WordPress3\/reglas-2019\/iii-jugando-la-bola\/regla-11\/11-1-bola-en-movimiento-golpea-accidentalmente-a-una-persona-o-influencia-externa\/\">11.1 Bola en Movimiento Golpea Accidentalmente a una Persona o Influencia Externa<\/a><\/p>\n<p><a href=\"http:\/\/soloreglasgolf.com\/WordPress3\/reglas-2019\/iii-jugando-la-bola\/regla-11\/11-2-bola-en-movimiento-deliberadamente-desviada-o-detenida-por-una-persona\/\">11.2 Bola en Movimiento Deliberadamente Desviada o Detenida por una Persona<\/a><\/p>\n<p><a href=\"http:\/\/soloreglasgolf.com\/WordPress3\/reglas-2019\/iii-jugando-la-bola\/regla-11\/11-3-moviendo-objetos-deliberadamente-o-alterando-las-condiciones-para-afectar-a-una-bola-en-movimiento\/\">11.3 Moviendo Objetos Deliberadamente o Alterando las Condiciones para Afectar a una Bola en Movimiento<\/a><\/p>\n<div class=\"g g-2\"><div class=\"g-single a-14\"><script type=\"text\/javascript\"><!--\r\ngoogle_ad_client = \"ca-pub-2363348512557029\";\r\n\/* Blog pagina-post *\/\r\ngoogle_ad_slot = \"1564877784\";\r\ngoogle_ad_width = 728;\r\ngoogle_ad_height = 90;\r\n\/\/-->\r\n<\/script>\r\n<script type=\"text\/javascript\"\r\nsrc=\"http:\/\/pagead2.googlesyndication.com\/pagead\/show_ads.js\">\r\n<\/script><\/div><\/div>\n","protected":false},"excerpt":{"rendered":"<p>PROPOSITO La Regla 11 describe lo que hay que hacer si la bola en movimiento del jugador golpea a una persona, animal, equipamiento o cualquier otra cosa en el campo. Cuando esto ocurre accidentalmente, no hay penalizaci\u00f3n y el jugador debe normalmente aceptar esta circunstancia, sea favorable o no, y jugar la bola desde donde <a href='https:\/\/soloreglasgolf.com\/WordPress3\/reglas-2019\/iii-jugando-la-bola\/regla-11\/' class='excerpt-more'>[Leer + &#8230;]<\/a><\/p>\n","protected":false},"author":28,"featured_media":0,"parent":44174,"menu_order":11,"comment_status":"closed","ping_status":"closed","template":"","meta":{"jetpack_post_was_ever_published":false,"footnotes":""},"class_list":["post-13284","page","type-page","status-publish","hentry","post-seq-1","post-parity-odd","meta-position-corners","fix"],"yoast_head":"<!-- This site is optimized with the Yoast SEO plugin v22.0 - https:\/\/yoast.com\/wordpress\/plugins\/seo\/ -->\n<title>Regla 11 \u2013 Bola en Movimiento Despu\u00e9s de un Golpe Golpea a una Persona, Animal u Objeto - SoloReglasGolf<\/title>\n<meta name=\"robots\" content=\"index, follow, max-snippet:-1, max-image-preview:large, max-video-preview:-1\" \/>\n<link rel=\"canonical\" href=\"http:\/\/soloreglasgolf.com\/WordPress3\/reglas-2019\/iii-jugando-la-bola\/regla-11\/\" \/>\n<meta name=\"twitter:label1\" content=\"Tiempo de lectura\" \/>\n\t<meta name=\"twitter:data1\" content=\"1 minuto\" \/>\n<script type=\"application\/ld+json\" class=\"yoast-schema-graph\">{\"@context\":\"https:\/\/schema.org\",\"@graph\":[{\"@type\":\"WebPage\",\"@id\":\"http:\/\/soloreglasgolf.com\/WordPress3\/reglas-2019\/iii-jugando-la-bola\/regla-11\/\",\"url\":\"http:\/\/soloreglasgolf.com\/WordPress3\/reglas-2019\/iii-jugando-la-bola\/regla-11\/\",\"name\":\"Regla 11 \u2013 Bola en Movimiento Despu\u00e9s de un Golpe Golpea a una Persona, Animal u Objeto - SoloReglasGolf\",\"isPartOf\":{\"@id\":\"http:\/\/soloreglasgolf.com\/WordPress3\/#website\"},\"datePublished\":\"2018-03-17T21:18:37+00:00\",\"dateModified\":\"2021-05-12T21:46:26+00:00\",\"breadcrumb\":{\"@id\":\"http:\/\/soloreglasgolf.com\/WordPress3\/reglas-2019\/iii-jugando-la-bola\/regla-11\/#breadcrumb\"},\"inLanguage\":\"es\",\"potentialAction\":[{\"@type\":\"ReadAction\",\"target\":[\"http:\/\/soloreglasgolf.com\/WordPress3\/reglas-2019\/iii-jugando-la-bola\/regla-11\/\"]}]},{\"@type\":\"BreadcrumbList\",\"@id\":\"http:\/\/soloreglasgolf.com\/WordPress3\/reglas-2019\/iii-jugando-la-bola\/regla-11\/#breadcrumb\",\"itemListElement\":[{\"@type\":\"ListItem\",\"position\":1,\"name\":\"Portada\",\"item\":\"http:\/\/soloreglasgolf.com\/WordPress3\/\"},{\"@type\":\"ListItem\",\"position\":2,\"name\":\"Reglas 2019\",\"item\":\"http:\/\/soloreglasgolf.com\/WordPress3\/reglas-2019\/\"},{\"@type\":\"ListItem\",\"position\":3,\"name\":\"III. Jugando la Bola\",\"item\":\"http:\/\/soloreglasgolf.com\/WordPress3\/reglas-2019\/iii-jugando-la-bola\/\"},{\"@type\":\"ListItem\",\"position\":4,\"name\":\"Regla 11 \u2013 Bola en Movimiento Despu\u00e9s de un Golpe Golpea a una Persona, Animal u Objeto\"}]},{\"@type\":\"WebSite\",\"@id\":\"http:\/\/soloreglasgolf.com\/WordPress3\/#website\",\"url\":\"http:\/\/soloreglasgolf.com\/WordPress3\/\",\"name\":\"SoloReglasGolf\",\"description\":\"Conversando sobre  Reglas de Golf\",\"potentialAction\":[{\"@type\":\"SearchAction\",\"target\":{\"@type\":\"EntryPoint\",\"urlTemplate\":\"http:\/\/soloreglasgolf.com\/WordPress3\/?s={search_term_string}\"},\"query-input\":\"required name=search_term_string\"}],\"inLanguage\":\"es\"}]}<\/script>\n<!-- \/ Yoast SEO plugin. -->","yoast_head_json":{"title":"Regla 11 \u2013 Bola en Movimiento Despu\u00e9s de un Golpe Golpea a una Persona, Animal u Objeto - SoloReglasGolf","robots":{"index":"index","follow":"follow","max-snippet":"max-snippet:-1","max-image-preview":"max-image-preview:large","max-video-preview":"max-video-preview:-1"},"canonical":"http:\/\/soloreglasgolf.com\/WordPress3\/reglas-2019\/iii-jugando-la-bola\/regla-11\/","twitter_misc":{"Tiempo de lectura":"1 minuto"},"schema":{"@context":"https:\/\/schema.org","@graph":[{"@type":"WebPage","@id":"http:\/\/soloreglasgolf.com\/WordPress3\/reglas-2019\/iii-jugando-la-bola\/regla-11\/","url":"http:\/\/soloreglasgolf.com\/WordPress3\/reglas-2019\/iii-jugando-la-bola\/regla-11\/","name":"Regla 11 \u2013 Bola en Movimiento Despu\u00e9s de un Golpe Golpea a una Persona, Animal u Objeto - SoloReglasGolf","isPartOf":{"@id":"http:\/\/soloreglasgolf.com\/WordPress3\/#website"},"datePublished":"2018-03-17T21:18:37+00:00","dateModified":"2021-05-12T21:46:26+00:00","breadcrumb":{"@id":"http:\/\/soloreglasgolf.com\/WordPress3\/reglas-2019\/iii-jugando-la-bola\/regla-11\/#breadcrumb"},"inLanguage":"es","potentialAction":[{"@type":"ReadAction","target":["http:\/\/soloreglasgolf.com\/WordPress3\/reglas-2019\/iii-jugando-la-bola\/regla-11\/"]}]},{"@type":"BreadcrumbList","@id":"http:\/\/soloreglasgolf.com\/WordPress3\/reglas-2019\/iii-jugando-la-bola\/regla-11\/#breadcrumb","itemListElement":[{"@type":"ListItem","position":1,"name":"Portada","item":"http:\/\/soloreglasgolf.com\/WordPress3\/"},{"@type":"ListItem","position":2,"name":"Reglas 2019","item":"http:\/\/soloreglasgolf.com\/WordPress3\/reglas-2019\/"},{"@type":"ListItem","position":3,"name":"III. Jugando la Bola","item":"http:\/\/soloreglasgolf.com\/WordPress3\/reglas-2019\/iii-jugando-la-bola\/"},{"@type":"ListItem","position":4,"name":"Regla 11 \u2013 Bola en Movimiento Despu\u00e9s de un Golpe Golpea a una Persona, Animal u Objeto"}]},{"@type":"WebSite","@id":"http:\/\/soloreglasgolf.com\/WordPress3\/#website","url":"http:\/\/soloreglasgolf.com\/WordPress3\/","name":"SoloReglasGolf","description":"Conversando sobre  Reglas de Golf","potentialAction":[{"@type":"SearchAction","target":{"@type":"EntryPoint","urlTemplate":"http:\/\/soloreglasgolf.com\/WordPress3\/?s={search_term_string}"},"query-input":"required name=search_term_string"}],"inLanguage":"es"}]}},"jetpack_sharing_enabled":true,"jetpack_shortlink":"https:\/\/wp.me\/P36cD2-3sg","_links":{"self":[{"href":"https:\/\/soloreglasgolf.com\/WordPress3\/wp-json\/wp\/v2\/pages\/13284","targetHints":{"allow":["GET"]}}],"collection":[{"href":"https:\/\/soloreglasgolf.com\/WordPress3\/wp-json\/wp\/v2\/pages"}],"about":[{"href":"https:\/\/soloreglasgolf.com\/WordPress3\/wp-json\/wp\/v2\/types\/page"}],"author":[{"embeddable":true,"href":"https:\/\/soloreglasgolf.com\/WordPress3\/wp-json\/wp\/v2\/users\/28"}],"replies":[{"embeddable":true,"href":"https:\/\/soloreglasgolf.com\/WordPress3\/wp-json\/wp\/v2\/comments?post=13284"}],"version-history":[{"count":11,"href":"https:\/\/soloreglasgolf.com\/WordPress3\/wp-json\/wp\/v2\/pages\/13284\/revisions"}],"predecessor-version":[{"id":44248,"href":"https:\/\/soloreglasgolf.com\/WordPress3\/wp-json\/wp\/v2\/pages\/13284\/revisions\/44248"}],"up":[{"embeddable":true,"href":"https:\/\/soloreglasgolf.com\/WordPress3\/wp-json\/wp\/v2\/pages\/44174"}],"wp:attachment":[{"href":"https:\/\/soloreglasgolf.com\/WordPress3\/wp-json\/wp\/v2\/media?parent=13284"}],"curies":[{"name":"wp","href":"https:\/\/api.w.org\/{rel}","templated":true}]}}