{"id":9818,"date":"2013-05-26T15:38:27","date_gmt":"2013-05-26T13:38:27","guid":{"rendered":"http:\/\/soloreglasgolf.com\/WordPress3\/?page_id=9818"},"modified":"2013-05-26T15:40:23","modified_gmt":"2013-05-26T13:40:23","slug":"utilizar-buggie-competicion","status":"publish","type":"page","link":"http:\/\/soloreglasgolf.com\/WordPress3\/ipsofacto\/utilizar-buggie-competicion\/","title":{"rendered":"\u00bfSe puede utilizar buggie en una competici\u00f3n?"},"content":{"rendered":"<p>Las Reglas de Golf <strong>no prohiben<\/strong> el <strong>uso de buggie <\/strong>y por tanto<strong> est\u00e1 permitido.<\/strong><\/p>\n<p>Pero el <strong>Comit\u00e9 puede prohibir el uso de buggie<\/strong> en las <strong>Condiciones de la Competici\u00f3n<\/strong>. De hecho es <strong>pr\u00e1ctica habitual no permitir el uso de buggies en torneos de cierto nivel<\/strong> y por ejemplo est\u00e1 prohibido en las competiciones organizadas por la RFEG (ver <a href=\"http:\/\/www.rfegolf.es\/ArtculosDocumento\/REGLAS\/Descargas\/Hard_Cards_2012\/RFEG_Hard_Card_2012_Esp.pdf\">Condiciones Competici\u00f3n RFEG 2013<\/a>).<\/p>\n<p>La redacci\u00f3n tipo de esa Condici\u00f3n de la Competici\u00f3n es la siguiente:<\/p>\n<p>\u00abLos jugadores no deben utilizar ning\u00fan medio de transporte durante la vuelta estipulada excepto por autorizaci\u00f3n del Comit\u00e9.\u00bb<\/p>\n<div class=\"g g-2\"><div class=\"g-single a-18\"><script type=\"text\/javascript\"><!--\r\ngoogle_ad_client = \"ca-pub-2363348512557029\";\r\n\/* Blog pagina-post *\/\r\ngoogle_ad_slot = \"1564877784\";\r\ngoogle_ad_width = 728;\r\ngoogle_ad_height = 90;\r\n\/\/-->\r\n<\/script>\r\n<script type=\"text\/javascript\"\r\nsrc=\"http:\/\/pagead2.googlesyndication.com\/pagead\/show_ads.js\">\r\n<\/script><\/div><\/div>\n<p>&nbsp;<\/p>\n","protected":false},"excerpt":{"rendered":"<p>Las Reglas de Golf no prohiben el uso de buggie y por tanto est\u00e1 permitido. Pero el Comit\u00e9 puede prohibir el uso de buggie en las Condiciones de la Competici\u00f3n. De hecho es pr\u00e1ctica habitual no permitir el uso de buggies en torneos de cierto nivel y por ejemplo est\u00e1 prohibido en las competiciones organizadas <a href='http:\/\/soloreglasgolf.com\/WordPress3\/ipsofacto\/utilizar-buggie-competicion\/' class='excerpt-more'>[Leer + &#8230;]<\/a><\/p>\n","protected":false},"author":28,"featured_media":0,"parent":9089,"menu_order":0,"comment_status":"closed","ping_status":"open","template":"","meta":{"jetpack_post_was_ever_published":false,"footnotes":""},"class_list":["post-9818","page","type-page","status-publish","hentry","post-seq-1","post-parity-odd","meta-position-corners","fix"],"yoast_head":"<!-- This site is optimized with the Yoast SEO plugin v22.0 - https:\/\/yoast.com\/wordpress\/plugins\/seo\/ -->\n<title>\u00bfSe puede utilizar buggie en una competici\u00f3n?<\/title>\n<meta name=\"robots\" content=\"index, follow, max-snippet:-1, max-image-preview:large, max-video-preview:-1\" \/>\n<link rel=\"canonical\" href=\"http:\/\/soloreglasgolf.com\/WordPress3\/ipsofacto\/utilizar-buggie-competicion\/\" \/>\n<meta name=\"twitter:label1\" content=\"Tiempo de lectura\" \/>\n\t<meta name=\"twitter:data1\" content=\"1 minuto\" \/>\n<script type=\"application\/ld+json\" class=\"yoast-schema-graph\">{\"@context\":\"https:\/\/schema.org\",\"@graph\":[{\"@type\":\"WebPage\",\"@id\":\"http:\/\/soloreglasgolf.com\/WordPress3\/ipsofacto\/utilizar-buggie-competicion\/\",\"url\":\"http:\/\/soloreglasgolf.com\/WordPress3\/ipsofacto\/utilizar-buggie-competicion\/\",\"name\":\"\u00bfSe puede utilizar buggie en una competici\u00f3n?\",\"isPartOf\":{\"@id\":\"http:\/\/soloreglasgolf.com\/WordPress3\/#website\"},\"datePublished\":\"2013-05-26T13:38:27+00:00\",\"dateModified\":\"2013-05-26T13:40:23+00:00\",\"breadcrumb\":{\"@id\":\"http:\/\/soloreglasgolf.com\/WordPress3\/ipsofacto\/utilizar-buggie-competicion\/#breadcrumb\"},\"inLanguage\":\"es\",\"potentialAction\":[{\"@type\":\"ReadAction\",\"target\":[\"http:\/\/soloreglasgolf.com\/WordPress3\/ipsofacto\/utilizar-buggie-competicion\/\"]}]},{\"@type\":\"BreadcrumbList\",\"@id\":\"http:\/\/soloreglasgolf.com\/WordPress3\/ipsofacto\/utilizar-buggie-competicion\/#breadcrumb\",\"itemListElement\":[{\"@type\":\"ListItem\",\"position\":1,\"name\":\"Portada\",\"item\":\"http:\/\/soloreglasgolf.com\/WordPress3\/\"},{\"@type\":\"ListItem\",\"position\":2,\"name\":\"IpsoFacto\",\"item\":\"http:\/\/soloreglasgolf.com\/WordPress3\/ipsofacto\/\"},{\"@type\":\"ListItem\",\"position\":3,\"name\":\"\u00bfSe puede utilizar buggie en una competici\u00f3n?\"}]},{\"@type\":\"WebSite\",\"@id\":\"http:\/\/soloreglasgolf.com\/WordPress3\/#website\",\"url\":\"http:\/\/soloreglasgolf.com\/WordPress3\/\",\"name\":\"SoloReglasGolf\",\"description\":\"Conversando sobre  Reglas de Golf\",\"potentialAction\":[{\"@type\":\"SearchAction\",\"target\":{\"@type\":\"EntryPoint\",\"urlTemplate\":\"http:\/\/soloreglasgolf.com\/WordPress3\/?s={search_term_string}\"},\"query-input\":\"required name=search_term_string\"}],\"inLanguage\":\"es\"}]}<\/script>\n<!-- \/ Yoast SEO plugin. -->","yoast_head_json":{"title":"\u00bfSe puede utilizar buggie en una competici\u00f3n?","robots":{"index":"index","follow":"follow","max-snippet":"max-snippet:-1","max-image-preview":"max-image-preview:large","max-video-preview":"max-video-preview:-1"},"canonical":"http:\/\/soloreglasgolf.com\/WordPress3\/ipsofacto\/utilizar-buggie-competicion\/","twitter_misc":{"Tiempo de lectura":"1 minuto"},"schema":{"@context":"https:\/\/schema.org","@graph":[{"@type":"WebPage","@id":"http:\/\/soloreglasgolf.com\/WordPress3\/ipsofacto\/utilizar-buggie-competicion\/","url":"http:\/\/soloreglasgolf.com\/WordPress3\/ipsofacto\/utilizar-buggie-competicion\/","name":"\u00bfSe puede utilizar buggie en una competici\u00f3n?","isPartOf":{"@id":"http:\/\/soloreglasgolf.com\/WordPress3\/#website"},"datePublished":"2013-05-26T13:38:27+00:00","dateModified":"2013-05-26T13:40:23+00:00","breadcrumb":{"@id":"http:\/\/soloreglasgolf.com\/WordPress3\/ipsofacto\/utilizar-buggie-competicion\/#breadcrumb"},"inLanguage":"es","potentialAction":[{"@type":"ReadAction","target":["http:\/\/soloreglasgolf.com\/WordPress3\/ipsofacto\/utilizar-buggie-competicion\/"]}]},{"@type":"BreadcrumbList","@id":"http:\/\/soloreglasgolf.com\/WordPress3\/ipsofacto\/utilizar-buggie-competicion\/#breadcrumb","itemListElement":[{"@type":"ListItem","position":1,"name":"Portada","item":"http:\/\/soloreglasgolf.com\/WordPress3\/"},{"@type":"ListItem","position":2,"name":"IpsoFacto","item":"http:\/\/soloreglasgolf.com\/WordPress3\/ipsofacto\/"},{"@type":"ListItem","position":3,"name":"\u00bfSe puede utilizar buggie en una competici\u00f3n?"}]},{"@type":"WebSite","@id":"http:\/\/soloreglasgolf.com\/WordPress3\/#website","url":"http:\/\/soloreglasgolf.com\/WordPress3\/","name":"SoloReglasGolf","description":"Conversando sobre  Reglas de Golf","potentialAction":[{"@type":"SearchAction","target":{"@type":"EntryPoint","urlTemplate":"http:\/\/soloreglasgolf.com\/WordPress3\/?s={search_term_string}"},"query-input":"required name=search_term_string"}],"inLanguage":"es"}]}},"jetpack_sharing_enabled":true,"jetpack_shortlink":"https:\/\/wp.me\/P36cD2-2ym","_links":{"self":[{"href":"http:\/\/soloreglasgolf.com\/WordPress3\/wp-json\/wp\/v2\/pages\/9818","targetHints":{"allow":["GET"]}}],"collection":[{"href":"http:\/\/soloreglasgolf.com\/WordPress3\/wp-json\/wp\/v2\/pages"}],"about":[{"href":"http:\/\/soloreglasgolf.com\/WordPress3\/wp-json\/wp\/v2\/types\/page"}],"author":[{"embeddable":true,"href":"http:\/\/soloreglasgolf.com\/WordPress3\/wp-json\/wp\/v2\/users\/28"}],"replies":[{"embeddable":true,"href":"http:\/\/soloreglasgolf.com\/WordPress3\/wp-json\/wp\/v2\/comments?post=9818"}],"version-history":[{"count":0,"href":"http:\/\/soloreglasgolf.com\/WordPress3\/wp-json\/wp\/v2\/pages\/9818\/revisions"}],"up":[{"embeddable":true,"href":"http:\/\/soloreglasgolf.com\/WordPress3\/wp-json\/wp\/v2\/pages\/9089"}],"wp:attachment":[{"href":"http:\/\/soloreglasgolf.com\/WordPress3\/wp-json\/wp\/v2\/media?parent=9818"}],"curies":[{"name":"wp","href":"https:\/\/api.w.org\/{rel}","templated":true}]}}