{"id":9574,"date":"2013-03-25T16:27:36","date_gmt":"2013-03-25T15:27:36","guid":{"rendered":"http:\/\/soloreglasgolf.com\/WordPress3\/?page_id=9574"},"modified":"2013-03-25T16:29:13","modified_gmt":"2013-03-25T15:29:13","slug":"punto-mas-cercano-alivio-cualquier-jugador","status":"publish","type":"page","link":"http:\/\/soloreglasgolf.com\/WordPress3\/punto-mas-cercano-alivio-cualquier-jugador\/","title":{"rendered":"\u00bfEl Punto M\u00e1s Cercano de Alivio es el mismo para cualquier jugador?"},"content":{"rendered":"<p>No, de hecho lo normal es que sea distinto.<\/p>\n<div>Por ejemplo, el <strong>Punto M\u00e1s Cercano de Alivio<\/strong> var\u00eda mucho de un <strong>jugador diestro a un jugador zurdo.<\/strong> Al aliviarse de una camino estrecho es frecuente ver como para un jugador diestro el\u00a0Punto M\u00e1s Cercano de Alivio est\u00e1 a un lado de la carretera mientras que uno zurdo perfectamente puede estar al otro lado de la carretera.<\/div>\n<div><\/div>\n<div>Aunque en menor medida, tambi\u00e9n var\u00eda en funci\u00f3n de la <strong>estatura del jugador<\/strong> y la <strong>longitud del palo a jugar<\/strong>.<\/div>\n<div>.<\/div>\n<div><div class=\"g g-2\"><div class=\"g-single a-15\"><script type=\"text\/javascript\"><!--\r\ngoogle_ad_client = \"ca-pub-2363348512557029\";\r\n\/* Blog pagina-post *\/\r\ngoogle_ad_slot = \"1564877784\";\r\ngoogle_ad_width = 728;\r\ngoogle_ad_height = 90;\r\n\/\/-->\r\n<\/script>\r\n<script type=\"text\/javascript\"\r\nsrc=\"http:\/\/pagead2.googlesyndication.com\/pagead\/show_ads.js\">\r\n<\/script><\/div><\/div><\/div>\n","protected":false},"excerpt":{"rendered":"<p>No, de hecho lo normal es que sea distinto. Por ejemplo, el Punto M\u00e1s Cercano de Alivio var\u00eda mucho de un jugador diestro a un jugador zurdo. Al aliviarse de una camino estrecho es frecuente ver como para un jugador diestro el\u00a0Punto M\u00e1s Cercano de Alivio est\u00e1 a un lado de la carretera mientras que <a href='http:\/\/soloreglasgolf.com\/WordPress3\/punto-mas-cercano-alivio-cualquier-jugador\/' class='excerpt-more'>[Leer + &#8230;]<\/a><\/p>\n","protected":false},"author":28,"featured_media":0,"parent":0,"menu_order":0,"comment_status":"closed","ping_status":"open","template":"","meta":{"jetpack_post_was_ever_published":false,"footnotes":""},"class_list":["post-9574","page","type-page","status-publish","hentry","post-seq-1","post-parity-odd","meta-position-corners","fix"],"yoast_head":"<!-- This site is optimized with the Yoast SEO plugin v22.0 - https:\/\/yoast.com\/wordpress\/plugins\/seo\/ -->\n<title>\u00bfEl Punto M\u00e1s Cercano de Alivio es el mismo para cualquier jugador? - SoloReglasGolf<\/title>\n<meta name=\"robots\" content=\"index, follow, max-snippet:-1, max-image-preview:large, max-video-preview:-1\" \/>\n<link rel=\"canonical\" href=\"http:\/\/soloreglasgolf.com\/WordPress3\/punto-mas-cercano-alivio-cualquier-jugador\/\" \/>\n<script type=\"application\/ld+json\" class=\"yoast-schema-graph\">{\"@context\":\"https:\/\/schema.org\",\"@graph\":[{\"@type\":\"WebPage\",\"@id\":\"http:\/\/soloreglasgolf.com\/WordPress3\/punto-mas-cercano-alivio-cualquier-jugador\/\",\"url\":\"http:\/\/soloreglasgolf.com\/WordPress3\/punto-mas-cercano-alivio-cualquier-jugador\/\",\"name\":\"\u00bfEl Punto M\u00e1s Cercano de Alivio es el mismo para cualquier jugador? - SoloReglasGolf\",\"isPartOf\":{\"@id\":\"http:\/\/soloreglasgolf.com\/WordPress3\/#website\"},\"datePublished\":\"2013-03-25T15:27:36+00:00\",\"dateModified\":\"2013-03-25T15:29:13+00:00\",\"breadcrumb\":{\"@id\":\"http:\/\/soloreglasgolf.com\/WordPress3\/punto-mas-cercano-alivio-cualquier-jugador\/#breadcrumb\"},\"inLanguage\":\"es\",\"potentialAction\":[{\"@type\":\"ReadAction\",\"target\":[\"http:\/\/soloreglasgolf.com\/WordPress3\/punto-mas-cercano-alivio-cualquier-jugador\/\"]}]},{\"@type\":\"BreadcrumbList\",\"@id\":\"http:\/\/soloreglasgolf.com\/WordPress3\/punto-mas-cercano-alivio-cualquier-jugador\/#breadcrumb\",\"itemListElement\":[{\"@type\":\"ListItem\",\"position\":1,\"name\":\"Portada\",\"item\":\"http:\/\/soloreglasgolf.com\/WordPress3\/\"},{\"@type\":\"ListItem\",\"position\":2,\"name\":\"\u00bfEl Punto M\u00e1s Cercano de Alivio es el mismo para cualquier jugador?\"}]},{\"@type\":\"WebSite\",\"@id\":\"http:\/\/soloreglasgolf.com\/WordPress3\/#website\",\"url\":\"http:\/\/soloreglasgolf.com\/WordPress3\/\",\"name\":\"SoloReglasGolf\",\"description\":\"Conversando sobre  Reglas de Golf\",\"potentialAction\":[{\"@type\":\"SearchAction\",\"target\":{\"@type\":\"EntryPoint\",\"urlTemplate\":\"http:\/\/soloreglasgolf.com\/WordPress3\/?s={search_term_string}\"},\"query-input\":\"required name=search_term_string\"}],\"inLanguage\":\"es\"}]}<\/script>\n<!-- \/ Yoast SEO plugin. -->","yoast_head_json":{"title":"\u00bfEl Punto M\u00e1s Cercano de Alivio es el mismo para cualquier jugador? - SoloReglasGolf","robots":{"index":"index","follow":"follow","max-snippet":"max-snippet:-1","max-image-preview":"max-image-preview:large","max-video-preview":"max-video-preview:-1"},"canonical":"http:\/\/soloreglasgolf.com\/WordPress3\/punto-mas-cercano-alivio-cualquier-jugador\/","schema":{"@context":"https:\/\/schema.org","@graph":[{"@type":"WebPage","@id":"http:\/\/soloreglasgolf.com\/WordPress3\/punto-mas-cercano-alivio-cualquier-jugador\/","url":"http:\/\/soloreglasgolf.com\/WordPress3\/punto-mas-cercano-alivio-cualquier-jugador\/","name":"\u00bfEl Punto M\u00e1s Cercano de Alivio es el mismo para cualquier jugador? - SoloReglasGolf","isPartOf":{"@id":"http:\/\/soloreglasgolf.com\/WordPress3\/#website"},"datePublished":"2013-03-25T15:27:36+00:00","dateModified":"2013-03-25T15:29:13+00:00","breadcrumb":{"@id":"http:\/\/soloreglasgolf.com\/WordPress3\/punto-mas-cercano-alivio-cualquier-jugador\/#breadcrumb"},"inLanguage":"es","potentialAction":[{"@type":"ReadAction","target":["http:\/\/soloreglasgolf.com\/WordPress3\/punto-mas-cercano-alivio-cualquier-jugador\/"]}]},{"@type":"BreadcrumbList","@id":"http:\/\/soloreglasgolf.com\/WordPress3\/punto-mas-cercano-alivio-cualquier-jugador\/#breadcrumb","itemListElement":[{"@type":"ListItem","position":1,"name":"Portada","item":"http:\/\/soloreglasgolf.com\/WordPress3\/"},{"@type":"ListItem","position":2,"name":"\u00bfEl Punto M\u00e1s Cercano de Alivio es el mismo para cualquier jugador?"}]},{"@type":"WebSite","@id":"http:\/\/soloreglasgolf.com\/WordPress3\/#website","url":"http:\/\/soloreglasgolf.com\/WordPress3\/","name":"SoloReglasGolf","description":"Conversando sobre  Reglas de Golf","potentialAction":[{"@type":"SearchAction","target":{"@type":"EntryPoint","urlTemplate":"http:\/\/soloreglasgolf.com\/WordPress3\/?s={search_term_string}"},"query-input":"required name=search_term_string"}],"inLanguage":"es"}]}},"jetpack_sharing_enabled":true,"jetpack_shortlink":"https:\/\/wp.me\/P36cD2-2uq","_links":{"self":[{"href":"http:\/\/soloreglasgolf.com\/WordPress3\/wp-json\/wp\/v2\/pages\/9574","targetHints":{"allow":["GET"]}}],"collection":[{"href":"http:\/\/soloreglasgolf.com\/WordPress3\/wp-json\/wp\/v2\/pages"}],"about":[{"href":"http:\/\/soloreglasgolf.com\/WordPress3\/wp-json\/wp\/v2\/types\/page"}],"author":[{"embeddable":true,"href":"http:\/\/soloreglasgolf.com\/WordPress3\/wp-json\/wp\/v2\/users\/28"}],"replies":[{"embeddable":true,"href":"http:\/\/soloreglasgolf.com\/WordPress3\/wp-json\/wp\/v2\/comments?post=9574"}],"version-history":[{"count":0,"href":"http:\/\/soloreglasgolf.com\/WordPress3\/wp-json\/wp\/v2\/pages\/9574\/revisions"}],"wp:attachment":[{"href":"http:\/\/soloreglasgolf.com\/WordPress3\/wp-json\/wp\/v2\/media?parent=9574"}],"curies":[{"name":"wp","href":"https:\/\/api.w.org\/{rel}","templated":true}]}}