{"id":9406,"date":"2013-03-18T17:36:53","date_gmt":"2013-03-18T16:36:53","guid":{"rendered":"http:\/\/soloreglasgolf.com\/WordPress3\/?page_id=9406"},"modified":"2021-05-13T15:27:59","modified_gmt":"2021-05-13T13:27:59","slug":"embocar-bola-cuando-otra-bola-esta-agujero","status":"publish","type":"page","link":"http:\/\/soloreglasgolf.com\/WordPress3\/ipsofacto\/embocar-bola-cuando-otra-bola-esta-agujero\/","title":{"rendered":"\u00bfSe puede embocar una bola cuando otra bola est\u00e1 en el agujero?"},"content":{"rendered":"<p>Esta es una <strong>Regla Falsa<\/strong>. No hay nada en las Reglas que impida embocar nuestra bola mientras la bola de otro jugador est\u00e1 dentro del agujero.<\/p>\n<p>Algunos jugadores piensan que es penalizable debido a que ambas bolas est\u00e1n en green, pero es una conclusi\u00f3n err\u00f3nea: la <a href=\"http:\/\/soloreglasgolf.com\/WordPress3\/reglas-2019\/iii-jugando-la-bola\/regla-11\/11-1-bola-en-movimiento-golpea-accidentalmente-a-una-persona-o-influencia-externa\/\">Regla 11.1a<\/a>\u00a0penaliza a un jugador cuando su bola jugada dentro de green <strong>golpea la bola en juego de otro jugador\u00a0<\/strong>que tambi\u00e9n reposa en green.<\/p>\n<p>El error est\u00e1 en que <strong>una <a href=\"http:\/\/soloreglasgolf.com\/WordPress3\/definiciones-2019-2022\/embocada\/\">bola embocada<\/a> \u00a0ya no es una <a href=\"http:\/\/soloreglasgolf.com\/WordPress3\/definiciones-2019-2022\/bola-en-juego\/\">bola en juego<\/a><\/strong> y por tanto no hay penalidad.<\/p>\n<p>Pero aunque resulte improbable que una bola embocada pueda influir en el juego, la <strong>etiqueta aconseja retirar nuestra bola embocada antes que otra persona se disponga a jugar.<\/strong><\/p>\n<div class=\"g g-2\"><div class=\"g-single a-19\"><script type=\"text\/javascript\"><!--\r\ngoogle_ad_client = \"ca-pub-2363348512557029\";\r\n\/* Blog pagina-post *\/\r\ngoogle_ad_slot = \"1564877784\";\r\ngoogle_ad_width = 728;\r\ngoogle_ad_height = 90;\r\n\/\/-->\r\n<\/script>\r\n<script type=\"text\/javascript\"\r\nsrc=\"http:\/\/pagead2.googlesyndication.com\/pagead\/show_ads.js\">\r\n<\/script><\/div><\/div>\n","protected":false},"excerpt":{"rendered":"<p>Esta es una Regla Falsa. No hay nada en las Reglas que impida embocar nuestra bola mientras la bola de otro jugador est\u00e1 dentro del agujero. Algunos jugadores piensan que es penalizable debido a que ambas bolas est\u00e1n en green, pero es una conclusi\u00f3n err\u00f3nea: la Regla 11.1a\u00a0penaliza a un jugador cuando su bola jugada <a href='http:\/\/soloreglasgolf.com\/WordPress3\/ipsofacto\/embocar-bola-cuando-otra-bola-esta-agujero\/' class='excerpt-more'>[Leer + &#8230;]<\/a><\/p>\n","protected":false},"author":28,"featured_media":0,"parent":9089,"menu_order":0,"comment_status":"closed","ping_status":"open","template":"","meta":{"jetpack_post_was_ever_published":false,"footnotes":""},"class_list":["post-9406","page","type-page","status-publish","hentry","post-seq-1","post-parity-odd","meta-position-corners","fix"],"yoast_head":"<!-- This site is optimized with the Yoast SEO plugin v22.0 - https:\/\/yoast.com\/wordpress\/plugins\/seo\/ -->\n<title>\u00bfSe puede embocar una bola cuando otra bola est\u00e1 en el agujero?<\/title>\n<meta name=\"robots\" content=\"index, follow, max-snippet:-1, max-image-preview:large, max-video-preview:-1\" \/>\n<link rel=\"canonical\" href=\"http:\/\/soloreglasgolf.com\/WordPress3\/ipsofacto\/embocar-bola-cuando-otra-bola-esta-agujero\/\" \/>\n<meta name=\"twitter:label1\" content=\"Tiempo de lectura\" \/>\n\t<meta name=\"twitter:data1\" content=\"1 minuto\" \/>\n<script type=\"application\/ld+json\" class=\"yoast-schema-graph\">{\"@context\":\"https:\/\/schema.org\",\"@graph\":[{\"@type\":\"WebPage\",\"@id\":\"http:\/\/soloreglasgolf.com\/WordPress3\/ipsofacto\/embocar-bola-cuando-otra-bola-esta-agujero\/\",\"url\":\"http:\/\/soloreglasgolf.com\/WordPress3\/ipsofacto\/embocar-bola-cuando-otra-bola-esta-agujero\/\",\"name\":\"\u00bfSe puede embocar una bola cuando otra bola est\u00e1 en el agujero?\",\"isPartOf\":{\"@id\":\"http:\/\/soloreglasgolf.com\/WordPress3\/#website\"},\"datePublished\":\"2013-03-18T16:36:53+00:00\",\"dateModified\":\"2021-05-13T13:27:59+00:00\",\"breadcrumb\":{\"@id\":\"http:\/\/soloreglasgolf.com\/WordPress3\/ipsofacto\/embocar-bola-cuando-otra-bola-esta-agujero\/#breadcrumb\"},\"inLanguage\":\"es\",\"potentialAction\":[{\"@type\":\"ReadAction\",\"target\":[\"http:\/\/soloreglasgolf.com\/WordPress3\/ipsofacto\/embocar-bola-cuando-otra-bola-esta-agujero\/\"]}]},{\"@type\":\"BreadcrumbList\",\"@id\":\"http:\/\/soloreglasgolf.com\/WordPress3\/ipsofacto\/embocar-bola-cuando-otra-bola-esta-agujero\/#breadcrumb\",\"itemListElement\":[{\"@type\":\"ListItem\",\"position\":1,\"name\":\"Portada\",\"item\":\"http:\/\/soloreglasgolf.com\/WordPress3\/\"},{\"@type\":\"ListItem\",\"position\":2,\"name\":\"IpsoFacto\",\"item\":\"http:\/\/soloreglasgolf.com\/WordPress3\/ipsofacto\/\"},{\"@type\":\"ListItem\",\"position\":3,\"name\":\"\u00bfSe puede embocar una bola cuando otra bola est\u00e1 en el agujero?\"}]},{\"@type\":\"WebSite\",\"@id\":\"http:\/\/soloreglasgolf.com\/WordPress3\/#website\",\"url\":\"http:\/\/soloreglasgolf.com\/WordPress3\/\",\"name\":\"SoloReglasGolf\",\"description\":\"Conversando sobre  Reglas de Golf\",\"potentialAction\":[{\"@type\":\"SearchAction\",\"target\":{\"@type\":\"EntryPoint\",\"urlTemplate\":\"http:\/\/soloreglasgolf.com\/WordPress3\/?s={search_term_string}\"},\"query-input\":\"required name=search_term_string\"}],\"inLanguage\":\"es\"}]}<\/script>\n<!-- \/ Yoast SEO plugin. -->","yoast_head_json":{"title":"\u00bfSe puede embocar una bola cuando otra bola est\u00e1 en el agujero?","robots":{"index":"index","follow":"follow","max-snippet":"max-snippet:-1","max-image-preview":"max-image-preview:large","max-video-preview":"max-video-preview:-1"},"canonical":"http:\/\/soloreglasgolf.com\/WordPress3\/ipsofacto\/embocar-bola-cuando-otra-bola-esta-agujero\/","twitter_misc":{"Tiempo de lectura":"1 minuto"},"schema":{"@context":"https:\/\/schema.org","@graph":[{"@type":"WebPage","@id":"http:\/\/soloreglasgolf.com\/WordPress3\/ipsofacto\/embocar-bola-cuando-otra-bola-esta-agujero\/","url":"http:\/\/soloreglasgolf.com\/WordPress3\/ipsofacto\/embocar-bola-cuando-otra-bola-esta-agujero\/","name":"\u00bfSe puede embocar una bola cuando otra bola est\u00e1 en el agujero?","isPartOf":{"@id":"http:\/\/soloreglasgolf.com\/WordPress3\/#website"},"datePublished":"2013-03-18T16:36:53+00:00","dateModified":"2021-05-13T13:27:59+00:00","breadcrumb":{"@id":"http:\/\/soloreglasgolf.com\/WordPress3\/ipsofacto\/embocar-bola-cuando-otra-bola-esta-agujero\/#breadcrumb"},"inLanguage":"es","potentialAction":[{"@type":"ReadAction","target":["http:\/\/soloreglasgolf.com\/WordPress3\/ipsofacto\/embocar-bola-cuando-otra-bola-esta-agujero\/"]}]},{"@type":"BreadcrumbList","@id":"http:\/\/soloreglasgolf.com\/WordPress3\/ipsofacto\/embocar-bola-cuando-otra-bola-esta-agujero\/#breadcrumb","itemListElement":[{"@type":"ListItem","position":1,"name":"Portada","item":"http:\/\/soloreglasgolf.com\/WordPress3\/"},{"@type":"ListItem","position":2,"name":"IpsoFacto","item":"http:\/\/soloreglasgolf.com\/WordPress3\/ipsofacto\/"},{"@type":"ListItem","position":3,"name":"\u00bfSe puede embocar una bola cuando otra bola est\u00e1 en el agujero?"}]},{"@type":"WebSite","@id":"http:\/\/soloreglasgolf.com\/WordPress3\/#website","url":"http:\/\/soloreglasgolf.com\/WordPress3\/","name":"SoloReglasGolf","description":"Conversando sobre  Reglas de Golf","potentialAction":[{"@type":"SearchAction","target":{"@type":"EntryPoint","urlTemplate":"http:\/\/soloreglasgolf.com\/WordPress3\/?s={search_term_string}"},"query-input":"required name=search_term_string"}],"inLanguage":"es"}]}},"jetpack_sharing_enabled":true,"jetpack_shortlink":"https:\/\/wp.me\/P36cD2-2rI","_links":{"self":[{"href":"http:\/\/soloreglasgolf.com\/WordPress3\/wp-json\/wp\/v2\/pages\/9406","targetHints":{"allow":["GET"]}}],"collection":[{"href":"http:\/\/soloreglasgolf.com\/WordPress3\/wp-json\/wp\/v2\/pages"}],"about":[{"href":"http:\/\/soloreglasgolf.com\/WordPress3\/wp-json\/wp\/v2\/types\/page"}],"author":[{"embeddable":true,"href":"http:\/\/soloreglasgolf.com\/WordPress3\/wp-json\/wp\/v2\/users\/28"}],"replies":[{"embeddable":true,"href":"http:\/\/soloreglasgolf.com\/WordPress3\/wp-json\/wp\/v2\/comments?post=9406"}],"version-history":[{"count":2,"href":"http:\/\/soloreglasgolf.com\/WordPress3\/wp-json\/wp\/v2\/pages\/9406\/revisions"}],"predecessor-version":[{"id":44251,"href":"http:\/\/soloreglasgolf.com\/WordPress3\/wp-json\/wp\/v2\/pages\/9406\/revisions\/44251"}],"up":[{"embeddable":true,"href":"http:\/\/soloreglasgolf.com\/WordPress3\/wp-json\/wp\/v2\/pages\/9089"}],"wp:attachment":[{"href":"http:\/\/soloreglasgolf.com\/WordPress3\/wp-json\/wp\/v2\/media?parent=9406"}],"curies":[{"name":"wp","href":"https:\/\/api.w.org\/{rel}","templated":true}]}}