{"id":9383,"date":"2013-03-17T16:29:17","date_gmt":"2013-03-17T15:29:17","guid":{"rendered":"http:\/\/soloreglasgolf.com\/WordPress3\/?page_id=9383"},"modified":"2021-05-09T23:09:43","modified_gmt":"2021-05-09T21:09:43","slug":"greensome-chapman-handicap","status":"publish","type":"page","link":"http:\/\/soloreglasgolf.com\/WordPress3\/libro-verde\/modalidad-greensome-chapman\/greensome-chapman-handicap\/","title":{"rendered":"Greensome-Chapman: Handicap de Juego"},"content":{"rendered":"<div>\n<div><div class=\"g g-2\"><div class=\"g-single a-19\"><script type=\"text\/javascript\"><!--\r\ngoogle_ad_client = \"ca-pub-2363348512557029\";\r\n\/* Blog pagina-post *\/\r\ngoogle_ad_slot = \"1564877784\";\r\ngoogle_ad_width = 728;\r\ngoogle_ad_height = 90;\r\n\/\/-->\r\n<\/script>\r\n<script type=\"text\/javascript\"\r\nsrc=\"http:\/\/pagead2.googlesyndication.com\/pagead\/show_ads.js\">\r\n<\/script><\/div><\/div><\/div>\n<div><\/div>\n<div><\/div>\n<div><span style=\"text-decoration: underline;\"><strong>HANDICAP DE JUEGO:<\/strong><\/span><\/div>\n<div>El <a title=\"Handicap Juego EGA (HJE)\" href=\"http:\/\/soloreglasgolf.com\/WordPress3\/libro-verde\/handicap-juego-ega-hje\/\">handicap de juego<\/a> de la pareja ser\u00e1 el resultado de <strong>dividir por\u00a0doce<\/strong> la suma que resulte de<strong> multiplicar por seis el handicap de juego m\u00e1s bajo<\/strong>, y por <span style=\"color: #010101;\"><strong>cuatro el handicap de juego m\u00e1s alto<\/strong>.<\/span><\/div>\n<div><\/div>\n<div>\n<div>\n<div align=\"left\"><span style=\"color: #010101;\">Los jugadores con handicap (+) jugar\u00e1n siempre con el 60% de su handicap\u00a0<\/span>de juego.<\/div>\n<\/div>\n<div><b>\u00a0<\/b><\/div>\n<div><b>Ejemplo de aplicaci\u00f3n:<\/b><\/div>\n<div><b>Pareja 1: <\/b>A tiene handicap de juego 7 y B tiene 23<\/div>\n<div>\n<div><b>Pareja 2: <\/b>C tiene handicap de juego 9 y D tiene 13<\/div>\n<\/div>\n<div><b>\u00a0<\/b><\/div>\n<div>Handicap pareja 1: (6*7 + 4*23)\/12 = 13,4 que se redondea a 13.<\/div>\n<div>Handicap pareja 2: (6*9 + 4*13)\/12 = 10,6 que se redondea a 11.<\/div>\n<div><\/div>\n<div>Si la modalidad de juego es Match-Play la Pareja 1 recibe 2 golpes.<\/div>\n<div>.<br \/>\n<div class=\"g g-2\"><div class=\"g-single a-19\"><script type=\"text\/javascript\"><!--\r\ngoogle_ad_client = \"ca-pub-2363348512557029\";\r\n\/* Blog pagina-post *\/\r\ngoogle_ad_slot = \"1564877784\";\r\ngoogle_ad_width = 728;\r\ngoogle_ad_height = 90;\r\n\/\/-->\r\n<\/script>\r\n<script type=\"text\/javascript\"\r\nsrc=\"http:\/\/pagead2.googlesyndication.com\/pagead\/show_ads.js\">\r\n<\/script><\/div><\/div><\/div>\n<\/div>\n<\/div>\n","protected":false},"excerpt":{"rendered":"<p>HANDICAP DE JUEGO: El handicap de juego de la pareja ser\u00e1 el resultado de dividir por\u00a0doce la suma que resulte de multiplicar por seis el handicap de juego m\u00e1s bajo, y por cuatro el handicap de juego m\u00e1s alto. Los jugadores con handicap (+) jugar\u00e1n siempre con el 60% de su handicap\u00a0de juego. \u00a0 Ejemplo <a href='http:\/\/soloreglasgolf.com\/WordPress3\/libro-verde\/modalidad-greensome-chapman\/greensome-chapman-handicap\/' class='excerpt-more'>[Leer + &#8230;]<\/a><\/p>\n","protected":false},"author":28,"featured_media":0,"parent":1695,"menu_order":0,"comment_status":"closed","ping_status":"open","template":"","meta":{"jetpack_post_was_ever_published":false,"footnotes":""},"class_list":["post-9383","page","type-page","status-publish","hentry","post-seq-1","post-parity-odd","meta-position-corners","fix"],"yoast_head":"<!-- This site is optimized with the Yoast SEO plugin v22.0 - https:\/\/yoast.com\/wordpress\/plugins\/seo\/ -->\n<title>Handicap Juego modalidad Greensome-Chapman<\/title>\n<meta name=\"robots\" content=\"index, follow, max-snippet:-1, max-image-preview:large, max-video-preview:-1\" \/>\n<link rel=\"canonical\" href=\"http:\/\/soloreglasgolf.com\/WordPress3\/libro-verde\/modalidad-greensome-chapman\/greensome-chapman-handicap\/\" \/>\n<meta name=\"twitter:label1\" content=\"Tiempo de lectura\" \/>\n\t<meta name=\"twitter:data1\" content=\"1 minuto\" \/>\n<script type=\"application\/ld+json\" class=\"yoast-schema-graph\">{\"@context\":\"https:\/\/schema.org\",\"@graph\":[{\"@type\":\"WebPage\",\"@id\":\"http:\/\/soloreglasgolf.com\/WordPress3\/libro-verde\/modalidad-greensome-chapman\/greensome-chapman-handicap\/\",\"url\":\"http:\/\/soloreglasgolf.com\/WordPress3\/libro-verde\/modalidad-greensome-chapman\/greensome-chapman-handicap\/\",\"name\":\"Handicap Juego modalidad Greensome-Chapman\",\"isPartOf\":{\"@id\":\"http:\/\/soloreglasgolf.com\/WordPress3\/#website\"},\"datePublished\":\"2013-03-17T15:29:17+00:00\",\"dateModified\":\"2021-05-09T21:09:43+00:00\",\"breadcrumb\":{\"@id\":\"http:\/\/soloreglasgolf.com\/WordPress3\/libro-verde\/modalidad-greensome-chapman\/greensome-chapman-handicap\/#breadcrumb\"},\"inLanguage\":\"es\",\"potentialAction\":[{\"@type\":\"ReadAction\",\"target\":[\"http:\/\/soloreglasgolf.com\/WordPress3\/libro-verde\/modalidad-greensome-chapman\/greensome-chapman-handicap\/\"]}]},{\"@type\":\"BreadcrumbList\",\"@id\":\"http:\/\/soloreglasgolf.com\/WordPress3\/libro-verde\/modalidad-greensome-chapman\/greensome-chapman-handicap\/#breadcrumb\",\"itemListElement\":[{\"@type\":\"ListItem\",\"position\":1,\"name\":\"Portada\",\"item\":\"http:\/\/soloreglasgolf.com\/WordPress3\/\"},{\"@type\":\"ListItem\",\"position\":2,\"name\":\"Libro Verde\",\"item\":\"http:\/\/soloreglasgolf.com\/WordPress3\/libro-verde\/\"},{\"@type\":\"ListItem\",\"position\":3,\"name\":\"Modalidad Greensome-Chapman\",\"item\":\"https:\/\/soloreglasgolf.com\/WordPress3\/libro-verde\/modalidad-greensome-chapman\/\"},{\"@type\":\"ListItem\",\"position\":4,\"name\":\"Greensome-Chapman: Handicap de Juego\"}]},{\"@type\":\"WebSite\",\"@id\":\"http:\/\/soloreglasgolf.com\/WordPress3\/#website\",\"url\":\"http:\/\/soloreglasgolf.com\/WordPress3\/\",\"name\":\"SoloReglasGolf\",\"description\":\"Conversando sobre  Reglas de Golf\",\"potentialAction\":[{\"@type\":\"SearchAction\",\"target\":{\"@type\":\"EntryPoint\",\"urlTemplate\":\"http:\/\/soloreglasgolf.com\/WordPress3\/?s={search_term_string}\"},\"query-input\":\"required name=search_term_string\"}],\"inLanguage\":\"es\"}]}<\/script>\n<!-- \/ Yoast SEO plugin. -->","yoast_head_json":{"title":"Handicap Juego modalidad Greensome-Chapman","robots":{"index":"index","follow":"follow","max-snippet":"max-snippet:-1","max-image-preview":"max-image-preview:large","max-video-preview":"max-video-preview:-1"},"canonical":"http:\/\/soloreglasgolf.com\/WordPress3\/libro-verde\/modalidad-greensome-chapman\/greensome-chapman-handicap\/","twitter_misc":{"Tiempo de lectura":"1 minuto"},"schema":{"@context":"https:\/\/schema.org","@graph":[{"@type":"WebPage","@id":"http:\/\/soloreglasgolf.com\/WordPress3\/libro-verde\/modalidad-greensome-chapman\/greensome-chapman-handicap\/","url":"http:\/\/soloreglasgolf.com\/WordPress3\/libro-verde\/modalidad-greensome-chapman\/greensome-chapman-handicap\/","name":"Handicap Juego modalidad Greensome-Chapman","isPartOf":{"@id":"http:\/\/soloreglasgolf.com\/WordPress3\/#website"},"datePublished":"2013-03-17T15:29:17+00:00","dateModified":"2021-05-09T21:09:43+00:00","breadcrumb":{"@id":"http:\/\/soloreglasgolf.com\/WordPress3\/libro-verde\/modalidad-greensome-chapman\/greensome-chapman-handicap\/#breadcrumb"},"inLanguage":"es","potentialAction":[{"@type":"ReadAction","target":["http:\/\/soloreglasgolf.com\/WordPress3\/libro-verde\/modalidad-greensome-chapman\/greensome-chapman-handicap\/"]}]},{"@type":"BreadcrumbList","@id":"http:\/\/soloreglasgolf.com\/WordPress3\/libro-verde\/modalidad-greensome-chapman\/greensome-chapman-handicap\/#breadcrumb","itemListElement":[{"@type":"ListItem","position":1,"name":"Portada","item":"http:\/\/soloreglasgolf.com\/WordPress3\/"},{"@type":"ListItem","position":2,"name":"Libro Verde","item":"http:\/\/soloreglasgolf.com\/WordPress3\/libro-verde\/"},{"@type":"ListItem","position":3,"name":"Modalidad Greensome-Chapman","item":"https:\/\/soloreglasgolf.com\/WordPress3\/libro-verde\/modalidad-greensome-chapman\/"},{"@type":"ListItem","position":4,"name":"Greensome-Chapman: Handicap de Juego"}]},{"@type":"WebSite","@id":"http:\/\/soloreglasgolf.com\/WordPress3\/#website","url":"http:\/\/soloreglasgolf.com\/WordPress3\/","name":"SoloReglasGolf","description":"Conversando sobre  Reglas de Golf","potentialAction":[{"@type":"SearchAction","target":{"@type":"EntryPoint","urlTemplate":"http:\/\/soloreglasgolf.com\/WordPress3\/?s={search_term_string}"},"query-input":"required name=search_term_string"}],"inLanguage":"es"}]}},"jetpack_sharing_enabled":true,"jetpack_shortlink":"https:\/\/wp.me\/P36cD2-2rl","_links":{"self":[{"href":"http:\/\/soloreglasgolf.com\/WordPress3\/wp-json\/wp\/v2\/pages\/9383","targetHints":{"allow":["GET"]}}],"collection":[{"href":"http:\/\/soloreglasgolf.com\/WordPress3\/wp-json\/wp\/v2\/pages"}],"about":[{"href":"http:\/\/soloreglasgolf.com\/WordPress3\/wp-json\/wp\/v2\/types\/page"}],"author":[{"embeddable":true,"href":"http:\/\/soloreglasgolf.com\/WordPress3\/wp-json\/wp\/v2\/users\/28"}],"replies":[{"embeddable":true,"href":"http:\/\/soloreglasgolf.com\/WordPress3\/wp-json\/wp\/v2\/comments?post=9383"}],"version-history":[{"count":2,"href":"http:\/\/soloreglasgolf.com\/WordPress3\/wp-json\/wp\/v2\/pages\/9383\/revisions"}],"predecessor-version":[{"id":13944,"href":"http:\/\/soloreglasgolf.com\/WordPress3\/wp-json\/wp\/v2\/pages\/9383\/revisions\/13944"}],"up":[{"embeddable":true,"href":"http:\/\/soloreglasgolf.com\/WordPress3\/wp-json\/wp\/v2\/pages\/1695"}],"wp:attachment":[{"href":"http:\/\/soloreglasgolf.com\/WordPress3\/wp-json\/wp\/v2\/media?parent=9383"}],"curies":[{"name":"wp","href":"https:\/\/api.w.org\/{rel}","templated":true}]}}