{"id":9367,"date":"2013-03-17T13:50:46","date_gmt":"2013-03-17T12:50:46","guid":{"rendered":"http:\/\/soloreglasgolf.com\/WordPress3\/?page_id=9367"},"modified":"2021-04-25T18:58:30","modified_gmt":"2021-04-25T16:58:30","slug":"modalidades-juego-validas-modificar-handicap","status":"publish","type":"page","link":"http:\/\/soloreglasgolf.com\/WordPress3\/libro-verde\/modalidades-juego-validas-modificar-handicap\/","title":{"rendered":"Modalidades juego v\u00e1lidas para modificar handicap"},"content":{"rendered":"<p>Una <strong>Modalidad V\u00e1lida<\/strong> es aquella a la que es aplicable el <strong>Sistema de Handicap EGA<\/strong> y por tanto se utilizan para subir o bajar el handicap del jugador.<\/p>\n<p>Las Modalidades de juego V\u00e1lidas para\u00a0 bajar handicap son:<br \/>\na) <strong>Individuales: <\/strong>todas excepto <a title=\"Modalidad Eclectic y handicap de juego\" href=\"http:\/\/soloreglasgolf.com\/WordPress3\/libro-verde\/modalidad-eclectic-handicap\/\">Eclectic<\/a>.<br \/>\nb) Por <strong>Parejas<\/strong>:<\/p>\n<ul>\n<li title=\"Modalidad Greensome\"><a title=\"Modalidad Cuatro Bolas (Four balls)\" href=\"http:\/\/soloreglasgolf.com\/WordPress3\/libro-verde\/modalidad-cuatro-bolas-four-balls\/\">Cuatro Bolas (Four Ball)<\/a>.<\/li>\n<li><a title=\"Modalidad Copa Canada y Handicap de Juego\" href=\"http:\/\/soloreglasgolf.com\/WordPress3\/libro-verde\/modalidad-copa-canada\/\">Copa Canad\u00e1<\/a>.<\/li>\n<\/ul>\n<p>El sistema de c\u00e1lculo para modificar el handicap var\u00eda en funci\u00f3n de la modalidad de juego por parejas.<\/p>\n<p>NOTA: hasta el 31\/12\/2013 eran v\u00e1lidas para modificar handicap las siguientes modalidades:<\/p>\n<ul>\n<li><a title=\"Modalidad Greensome\" href=\"http:\/\/soloreglasgolf.com\/WordPress3\/libro-verde\/modalidad-greensome\/\">Greensome<\/a>.<\/li>\n<li><a title=\"Modalidad Greensome-Chapman\" href=\"http:\/\/soloreglasgolf.com\/WordPress3\/libro-verde\/modalidad-greensome-chapman\/\">Greensome-Chapman<\/a>.<\/li>\n<li><a title=\"Modalidad Foursome\" href=\"http:\/\/soloreglasgolf.com\/WordPress3\/libro-verde\/modalidad-foursome\/\">Foursome<\/a>.<\/li>\n<\/ul>\n<div class=\"g g-2\"><div class=\"g-single a-18\"><script type=\"text\/javascript\"><!--\r\ngoogle_ad_client = \"ca-pub-2363348512557029\";\r\n\/* Blog pagina-post *\/\r\ngoogle_ad_slot = \"1564877784\";\r\ngoogle_ad_width = 728;\r\ngoogle_ad_height = 90;\r\n\/\/-->\r\n<\/script>\r\n<script type=\"text\/javascript\"\r\nsrc=\"http:\/\/pagead2.googlesyndication.com\/pagead\/show_ads.js\">\r\n<\/script><\/div><\/div>\n","protected":false},"excerpt":{"rendered":"<p>Modalidades en las que es posible subir o bajar el handicap<\/p>\n","protected":false},"author":28,"featured_media":0,"parent":5606,"menu_order":0,"comment_status":"closed","ping_status":"open","template":"","meta":{"jetpack_post_was_ever_published":false,"footnotes":""},"class_list":["post-9367","page","type-page","status-publish","hentry","post-seq-1","post-parity-odd","meta-position-corners","fix"],"yoast_head":"<!-- This site is optimized with the Yoast SEO plugin v22.0 - https:\/\/yoast.com\/wordpress\/plugins\/seo\/ -->\n<title>Modalidades juego v\u00e1lidas para modificar handicap - SoloReglasGolf<\/title>\n<meta name=\"robots\" content=\"index, follow, max-snippet:-1, max-image-preview:large, max-video-preview:-1\" \/>\n<link rel=\"canonical\" href=\"http:\/\/soloreglasgolf.com\/WordPress3\/libro-verde\/modalidades-juego-validas-modificar-handicap\/\" \/>\n<meta name=\"twitter:label1\" content=\"Tiempo de lectura\" \/>\n\t<meta name=\"twitter:data1\" content=\"1 minuto\" \/>\n<script type=\"application\/ld+json\" class=\"yoast-schema-graph\">{\"@context\":\"https:\/\/schema.org\",\"@graph\":[{\"@type\":\"WebPage\",\"@id\":\"http:\/\/soloreglasgolf.com\/WordPress3\/libro-verde\/modalidades-juego-validas-modificar-handicap\/\",\"url\":\"http:\/\/soloreglasgolf.com\/WordPress3\/libro-verde\/modalidades-juego-validas-modificar-handicap\/\",\"name\":\"Modalidades juego v\u00e1lidas para modificar handicap - SoloReglasGolf\",\"isPartOf\":{\"@id\":\"http:\/\/soloreglasgolf.com\/WordPress3\/#website\"},\"datePublished\":\"2013-03-17T12:50:46+00:00\",\"dateModified\":\"2021-04-25T16:58:30+00:00\",\"breadcrumb\":{\"@id\":\"http:\/\/soloreglasgolf.com\/WordPress3\/libro-verde\/modalidades-juego-validas-modificar-handicap\/#breadcrumb\"},\"inLanguage\":\"es\",\"potentialAction\":[{\"@type\":\"ReadAction\",\"target\":[\"http:\/\/soloreglasgolf.com\/WordPress3\/libro-verde\/modalidades-juego-validas-modificar-handicap\/\"]}]},{\"@type\":\"BreadcrumbList\",\"@id\":\"http:\/\/soloreglasgolf.com\/WordPress3\/libro-verde\/modalidades-juego-validas-modificar-handicap\/#breadcrumb\",\"itemListElement\":[{\"@type\":\"ListItem\",\"position\":1,\"name\":\"Portada\",\"item\":\"http:\/\/soloreglasgolf.com\/WordPress3\/\"},{\"@type\":\"ListItem\",\"position\":2,\"name\":\"Libro Verde\",\"item\":\"http:\/\/soloreglasgolf.com\/WordPress3\/libro-verde\/\"},{\"@type\":\"ListItem\",\"position\":3,\"name\":\"Modalidades juego v\u00e1lidas para modificar handicap\"}]},{\"@type\":\"WebSite\",\"@id\":\"http:\/\/soloreglasgolf.com\/WordPress3\/#website\",\"url\":\"http:\/\/soloreglasgolf.com\/WordPress3\/\",\"name\":\"SoloReglasGolf\",\"description\":\"Conversando sobre  Reglas de Golf\",\"potentialAction\":[{\"@type\":\"SearchAction\",\"target\":{\"@type\":\"EntryPoint\",\"urlTemplate\":\"http:\/\/soloreglasgolf.com\/WordPress3\/?s={search_term_string}\"},\"query-input\":\"required name=search_term_string\"}],\"inLanguage\":\"es\"}]}<\/script>\n<!-- \/ Yoast SEO plugin. -->","yoast_head_json":{"title":"Modalidades juego v\u00e1lidas para modificar handicap - SoloReglasGolf","robots":{"index":"index","follow":"follow","max-snippet":"max-snippet:-1","max-image-preview":"max-image-preview:large","max-video-preview":"max-video-preview:-1"},"canonical":"http:\/\/soloreglasgolf.com\/WordPress3\/libro-verde\/modalidades-juego-validas-modificar-handicap\/","twitter_misc":{"Tiempo de lectura":"1 minuto"},"schema":{"@context":"https:\/\/schema.org","@graph":[{"@type":"WebPage","@id":"http:\/\/soloreglasgolf.com\/WordPress3\/libro-verde\/modalidades-juego-validas-modificar-handicap\/","url":"http:\/\/soloreglasgolf.com\/WordPress3\/libro-verde\/modalidades-juego-validas-modificar-handicap\/","name":"Modalidades juego v\u00e1lidas para modificar handicap - SoloReglasGolf","isPartOf":{"@id":"http:\/\/soloreglasgolf.com\/WordPress3\/#website"},"datePublished":"2013-03-17T12:50:46+00:00","dateModified":"2021-04-25T16:58:30+00:00","breadcrumb":{"@id":"http:\/\/soloreglasgolf.com\/WordPress3\/libro-verde\/modalidades-juego-validas-modificar-handicap\/#breadcrumb"},"inLanguage":"es","potentialAction":[{"@type":"ReadAction","target":["http:\/\/soloreglasgolf.com\/WordPress3\/libro-verde\/modalidades-juego-validas-modificar-handicap\/"]}]},{"@type":"BreadcrumbList","@id":"http:\/\/soloreglasgolf.com\/WordPress3\/libro-verde\/modalidades-juego-validas-modificar-handicap\/#breadcrumb","itemListElement":[{"@type":"ListItem","position":1,"name":"Portada","item":"http:\/\/soloreglasgolf.com\/WordPress3\/"},{"@type":"ListItem","position":2,"name":"Libro Verde","item":"http:\/\/soloreglasgolf.com\/WordPress3\/libro-verde\/"},{"@type":"ListItem","position":3,"name":"Modalidades juego v\u00e1lidas para modificar handicap"}]},{"@type":"WebSite","@id":"http:\/\/soloreglasgolf.com\/WordPress3\/#website","url":"http:\/\/soloreglasgolf.com\/WordPress3\/","name":"SoloReglasGolf","description":"Conversando sobre  Reglas de Golf","potentialAction":[{"@type":"SearchAction","target":{"@type":"EntryPoint","urlTemplate":"http:\/\/soloreglasgolf.com\/WordPress3\/?s={search_term_string}"},"query-input":"required name=search_term_string"}],"inLanguage":"es"}]}},"jetpack_sharing_enabled":true,"jetpack_shortlink":"https:\/\/wp.me\/P36cD2-2r5","_links":{"self":[{"href":"http:\/\/soloreglasgolf.com\/WordPress3\/wp-json\/wp\/v2\/pages\/9367","targetHints":{"allow":["GET"]}}],"collection":[{"href":"http:\/\/soloreglasgolf.com\/WordPress3\/wp-json\/wp\/v2\/pages"}],"about":[{"href":"http:\/\/soloreglasgolf.com\/WordPress3\/wp-json\/wp\/v2\/types\/page"}],"author":[{"embeddable":true,"href":"http:\/\/soloreglasgolf.com\/WordPress3\/wp-json\/wp\/v2\/users\/28"}],"replies":[{"embeddable":true,"href":"http:\/\/soloreglasgolf.com\/WordPress3\/wp-json\/wp\/v2\/comments?post=9367"}],"version-history":[{"count":5,"href":"http:\/\/soloreglasgolf.com\/WordPress3\/wp-json\/wp\/v2\/pages\/9367\/revisions"}],"predecessor-version":[{"id":43685,"href":"http:\/\/soloreglasgolf.com\/WordPress3\/wp-json\/wp\/v2\/pages\/9367\/revisions\/43685"}],"up":[{"embeddable":true,"href":"http:\/\/soloreglasgolf.com\/WordPress3\/wp-json\/wp\/v2\/pages\/5606"}],"wp:attachment":[{"href":"http:\/\/soloreglasgolf.com\/WordPress3\/wp-json\/wp\/v2\/media?parent=9367"}],"curies":[{"name":"wp","href":"https:\/\/api.w.org\/{rel}","templated":true}]}}