{"id":9270,"date":"2013-03-12T19:13:43","date_gmt":"2013-03-12T18:13:43","guid":{"rendered":"http:\/\/soloreglasgolf.com\/WordPress3\/?page_id=9270"},"modified":"2021-04-30T15:51:57","modified_gmt":"2021-04-30T13:51:57","slug":"puedo-levantar-bola-empotrada-en-su-propio-pique","status":"publish","type":"page","link":"http:\/\/soloreglasgolf.com\/WordPress3\/puedo-levantar-bola-empotrada-en-su-propio-pique\/","title":{"rendered":"\u00bfPuedo levantar bola empotrada en su propio pique?"},"content":{"rendered":"<p>En principio las Reglas <strong>\u00fanicamente permiten levantar la bola empotrada en su propio pique en las \u00abzonas segadas a ras\u00bb<\/strong> (lo que habitualmente se denomina \u00abcalle\u00bb).<\/p>\n<p>Pero es<strong> muy habitual que exista una Regla Local<\/strong>, normalmente denominada \u00abAlivio por bola empotrada\u00bb que ampl\u00eda esta posibilidad a todo el recorrido (a efectos pr\u00e1cticos lo que hace es tambi\u00e9n tengamos alivio si la bola se empotra en el rough)<\/p>\n<p>Para m\u00e1s informaci\u00f3n puedes consultar la Regla 25-2 y la Regla Local Tipo \u00abAlivio por bola empotrada\u00bb<\/p>\n<div class=\"g g-2\"><div class=\"g-single a-17\"><script type=\"text\/javascript\"><!--\r\ngoogle_ad_client = \"ca-pub-2363348512557029\";\r\n\/* Blog pagina-post *\/\r\ngoogle_ad_slot = \"1564877784\";\r\ngoogle_ad_width = 728;\r\ngoogle_ad_height = 90;\r\n\/\/-->\r\n<\/script>\r\n<script type=\"text\/javascript\"\r\nsrc=\"http:\/\/pagead2.googlesyndication.com\/pagead\/show_ads.js\">\r\n<\/script><\/div><\/div>\n","protected":false},"excerpt":{"rendered":"<p>En principio las Reglas \u00fanicamente permiten levantar la bola empotrada en su propio pique en las \u00abzonas segadas a ras\u00bb (lo que habitualmente se denomina \u00abcalle\u00bb). Pero es muy habitual que exista una Regla Local, normalmente denominada \u00abAlivio por bola empotrada\u00bb que ampl\u00eda esta posibilidad a todo el recorrido (a efectos pr\u00e1cticos lo que hace <a href='http:\/\/soloreglasgolf.com\/WordPress3\/puedo-levantar-bola-empotrada-en-su-propio-pique\/' class='excerpt-more'>[Leer + &#8230;]<\/a><\/p>\n","protected":false},"author":28,"featured_media":0,"parent":0,"menu_order":0,"comment_status":"closed","ping_status":"open","template":"","meta":{"jetpack_post_was_ever_published":false,"footnotes":""},"class_list":["post-9270","page","type-page","status-publish","hentry","post-seq-1","post-parity-odd","meta-position-corners","fix"],"yoast_head":"<!-- This site is optimized with the Yoast SEO plugin v22.0 - https:\/\/yoast.com\/wordpress\/plugins\/seo\/ -->\n<title>\u00bfPuedo levantar bola empotrada en su propio pique?<\/title>\n<meta name=\"robots\" content=\"index, follow, max-snippet:-1, max-image-preview:large, max-video-preview:-1\" \/>\n<link rel=\"canonical\" href=\"http:\/\/soloreglasgolf.com\/WordPress3\/puedo-levantar-bola-empotrada-en-su-propio-pique\/\" \/>\n<script type=\"application\/ld+json\" class=\"yoast-schema-graph\">{\"@context\":\"https:\/\/schema.org\",\"@graph\":[{\"@type\":\"WebPage\",\"@id\":\"http:\/\/soloreglasgolf.com\/WordPress3\/puedo-levantar-bola-empotrada-en-su-propio-pique\/\",\"url\":\"http:\/\/soloreglasgolf.com\/WordPress3\/puedo-levantar-bola-empotrada-en-su-propio-pique\/\",\"name\":\"\u00bfPuedo levantar bola empotrada en su propio pique?\",\"isPartOf\":{\"@id\":\"http:\/\/soloreglasgolf.com\/WordPress3\/#website\"},\"datePublished\":\"2013-03-12T18:13:43+00:00\",\"dateModified\":\"2021-04-30T13:51:57+00:00\",\"breadcrumb\":{\"@id\":\"http:\/\/soloreglasgolf.com\/WordPress3\/puedo-levantar-bola-empotrada-en-su-propio-pique\/#breadcrumb\"},\"inLanguage\":\"es\",\"potentialAction\":[{\"@type\":\"ReadAction\",\"target\":[\"http:\/\/soloreglasgolf.com\/WordPress3\/puedo-levantar-bola-empotrada-en-su-propio-pique\/\"]}]},{\"@type\":\"BreadcrumbList\",\"@id\":\"http:\/\/soloreglasgolf.com\/WordPress3\/puedo-levantar-bola-empotrada-en-su-propio-pique\/#breadcrumb\",\"itemListElement\":[{\"@type\":\"ListItem\",\"position\":1,\"name\":\"Portada\",\"item\":\"http:\/\/soloreglasgolf.com\/WordPress3\/\"},{\"@type\":\"ListItem\",\"position\":2,\"name\":\"\u00bfPuedo levantar bola empotrada en su propio pique?\"}]},{\"@type\":\"WebSite\",\"@id\":\"http:\/\/soloreglasgolf.com\/WordPress3\/#website\",\"url\":\"http:\/\/soloreglasgolf.com\/WordPress3\/\",\"name\":\"SoloReglasGolf\",\"description\":\"Conversando sobre  Reglas de Golf\",\"potentialAction\":[{\"@type\":\"SearchAction\",\"target\":{\"@type\":\"EntryPoint\",\"urlTemplate\":\"http:\/\/soloreglasgolf.com\/WordPress3\/?s={search_term_string}\"},\"query-input\":\"required name=search_term_string\"}],\"inLanguage\":\"es\"}]}<\/script>\n<!-- \/ Yoast SEO plugin. -->","yoast_head_json":{"title":"\u00bfPuedo levantar bola empotrada en su propio pique?","robots":{"index":"index","follow":"follow","max-snippet":"max-snippet:-1","max-image-preview":"max-image-preview:large","max-video-preview":"max-video-preview:-1"},"canonical":"http:\/\/soloreglasgolf.com\/WordPress3\/puedo-levantar-bola-empotrada-en-su-propio-pique\/","schema":{"@context":"https:\/\/schema.org","@graph":[{"@type":"WebPage","@id":"http:\/\/soloreglasgolf.com\/WordPress3\/puedo-levantar-bola-empotrada-en-su-propio-pique\/","url":"http:\/\/soloreglasgolf.com\/WordPress3\/puedo-levantar-bola-empotrada-en-su-propio-pique\/","name":"\u00bfPuedo levantar bola empotrada en su propio pique?","isPartOf":{"@id":"http:\/\/soloreglasgolf.com\/WordPress3\/#website"},"datePublished":"2013-03-12T18:13:43+00:00","dateModified":"2021-04-30T13:51:57+00:00","breadcrumb":{"@id":"http:\/\/soloreglasgolf.com\/WordPress3\/puedo-levantar-bola-empotrada-en-su-propio-pique\/#breadcrumb"},"inLanguage":"es","potentialAction":[{"@type":"ReadAction","target":["http:\/\/soloreglasgolf.com\/WordPress3\/puedo-levantar-bola-empotrada-en-su-propio-pique\/"]}]},{"@type":"BreadcrumbList","@id":"http:\/\/soloreglasgolf.com\/WordPress3\/puedo-levantar-bola-empotrada-en-su-propio-pique\/#breadcrumb","itemListElement":[{"@type":"ListItem","position":1,"name":"Portada","item":"http:\/\/soloreglasgolf.com\/WordPress3\/"},{"@type":"ListItem","position":2,"name":"\u00bfPuedo levantar bola empotrada en su propio pique?"}]},{"@type":"WebSite","@id":"http:\/\/soloreglasgolf.com\/WordPress3\/#website","url":"http:\/\/soloreglasgolf.com\/WordPress3\/","name":"SoloReglasGolf","description":"Conversando sobre  Reglas de Golf","potentialAction":[{"@type":"SearchAction","target":{"@type":"EntryPoint","urlTemplate":"http:\/\/soloreglasgolf.com\/WordPress3\/?s={search_term_string}"},"query-input":"required name=search_term_string"}],"inLanguage":"es"}]}},"jetpack_sharing_enabled":true,"jetpack_shortlink":"https:\/\/wp.me\/P36cD2-2pw","_links":{"self":[{"href":"http:\/\/soloreglasgolf.com\/WordPress3\/wp-json\/wp\/v2\/pages\/9270","targetHints":{"allow":["GET"]}}],"collection":[{"href":"http:\/\/soloreglasgolf.com\/WordPress3\/wp-json\/wp\/v2\/pages"}],"about":[{"href":"http:\/\/soloreglasgolf.com\/WordPress3\/wp-json\/wp\/v2\/types\/page"}],"author":[{"embeddable":true,"href":"http:\/\/soloreglasgolf.com\/WordPress3\/wp-json\/wp\/v2\/users\/28"}],"replies":[{"embeddable":true,"href":"http:\/\/soloreglasgolf.com\/WordPress3\/wp-json\/wp\/v2\/comments?post=9270"}],"version-history":[{"count":1,"href":"http:\/\/soloreglasgolf.com\/WordPress3\/wp-json\/wp\/v2\/pages\/9270\/revisions"}],"predecessor-version":[{"id":43880,"href":"http:\/\/soloreglasgolf.com\/WordPress3\/wp-json\/wp\/v2\/pages\/9270\/revisions\/43880"}],"wp:attachment":[{"href":"http:\/\/soloreglasgolf.com\/WordPress3\/wp-json\/wp\/v2\/media?parent=9270"}],"curies":[{"name":"wp","href":"https:\/\/api.w.org\/{rel}","templated":true}]}}