{"id":9242,"date":"2013-03-12T00:36:41","date_gmt":"2013-03-11T23:36:41","guid":{"rendered":"http:\/\/soloreglasgolf.com\/WordPress3\/?page_id=9242"},"modified":"2021-04-30T15:51:28","modified_gmt":"2021-04-30T13:51:28","slug":"puedo-aliviarme-sin-penalidad-de-una-valla-de-fuera-de-limites","status":"publish","type":"page","link":"http:\/\/soloreglasgolf.com\/WordPress3\/puedo-aliviarme-sin-penalidad-de-una-valla-de-fuera-de-limites\/","title":{"rendered":"\u00bfPuedo aliviarme sin penalidad de una valla de Fuera de L\u00edmites?"},"content":{"rendered":"<p>No.<br \/>\nLa valla que define el Fuera de L\u00edmites no es una <a title=\"Obstrucciones\" href=\"http:\/\/soloreglasgolf.com\/WordPress3\/definiciones\/obstrucciones\/\">obstrucci\u00f3n<\/a> y por tanto <strong>no es posible aliviarse sin penalidad<\/strong>.<\/p>\n<p>En cambio si en la valla hubiese <strong>soportes en \u00e1ngulo<\/strong>, si que est\u00e1 permitido aliviarse sin penalidad de esos soportes.<\/p>\n","protected":false},"excerpt":{"rendered":"<p>No. La valla que define el Fuera de L\u00edmites no es una obstrucci\u00f3n y por tanto no es posible aliviarse sin penalidad. En cambio si en la valla hubiese soportes en \u00e1ngulo, si que est\u00e1 permitido aliviarse sin penalidad de esos soportes.<\/p>\n","protected":false},"author":28,"featured_media":0,"parent":0,"menu_order":0,"comment_status":"closed","ping_status":"open","template":"","meta":{"jetpack_post_was_ever_published":false,"footnotes":""},"class_list":["post-9242","page","type-page","status-publish","hentry","post-seq-1","post-parity-odd","meta-position-corners","fix"],"yoast_head":"<!-- This site is optimized with the Yoast SEO plugin v22.0 - https:\/\/yoast.com\/wordpress\/plugins\/seo\/ -->\n<title>\u00bfPuedo aliviarme sin penalidad de una valla de Fuera de L\u00edmites? - SoloReglasGolf<\/title>\n<meta name=\"robots\" content=\"index, follow, max-snippet:-1, max-image-preview:large, max-video-preview:-1\" \/>\n<link rel=\"canonical\" href=\"http:\/\/soloreglasgolf.com\/WordPress3\/puedo-aliviarme-sin-penalidad-de-una-valla-de-fuera-de-limites\/\" \/>\n<script type=\"application\/ld+json\" class=\"yoast-schema-graph\">{\"@context\":\"https:\/\/schema.org\",\"@graph\":[{\"@type\":\"WebPage\",\"@id\":\"http:\/\/soloreglasgolf.com\/WordPress3\/puedo-aliviarme-sin-penalidad-de-una-valla-de-fuera-de-limites\/\",\"url\":\"http:\/\/soloreglasgolf.com\/WordPress3\/puedo-aliviarme-sin-penalidad-de-una-valla-de-fuera-de-limites\/\",\"name\":\"\u00bfPuedo aliviarme sin penalidad de una valla de Fuera de L\u00edmites? - SoloReglasGolf\",\"isPartOf\":{\"@id\":\"http:\/\/soloreglasgolf.com\/WordPress3\/#website\"},\"datePublished\":\"2013-03-11T23:36:41+00:00\",\"dateModified\":\"2021-04-30T13:51:28+00:00\",\"breadcrumb\":{\"@id\":\"http:\/\/soloreglasgolf.com\/WordPress3\/puedo-aliviarme-sin-penalidad-de-una-valla-de-fuera-de-limites\/#breadcrumb\"},\"inLanguage\":\"es\",\"potentialAction\":[{\"@type\":\"ReadAction\",\"target\":[\"http:\/\/soloreglasgolf.com\/WordPress3\/puedo-aliviarme-sin-penalidad-de-una-valla-de-fuera-de-limites\/\"]}]},{\"@type\":\"BreadcrumbList\",\"@id\":\"http:\/\/soloreglasgolf.com\/WordPress3\/puedo-aliviarme-sin-penalidad-de-una-valla-de-fuera-de-limites\/#breadcrumb\",\"itemListElement\":[{\"@type\":\"ListItem\",\"position\":1,\"name\":\"Portada\",\"item\":\"http:\/\/soloreglasgolf.com\/WordPress3\/\"},{\"@type\":\"ListItem\",\"position\":2,\"name\":\"\u00bfPuedo aliviarme sin penalidad de una valla de Fuera de L\u00edmites?\"}]},{\"@type\":\"WebSite\",\"@id\":\"http:\/\/soloreglasgolf.com\/WordPress3\/#website\",\"url\":\"http:\/\/soloreglasgolf.com\/WordPress3\/\",\"name\":\"SoloReglasGolf\",\"description\":\"Conversando sobre  Reglas de Golf\",\"potentialAction\":[{\"@type\":\"SearchAction\",\"target\":{\"@type\":\"EntryPoint\",\"urlTemplate\":\"http:\/\/soloreglasgolf.com\/WordPress3\/?s={search_term_string}\"},\"query-input\":\"required name=search_term_string\"}],\"inLanguage\":\"es\"}]}<\/script>\n<!-- \/ Yoast SEO plugin. -->","yoast_head_json":{"title":"\u00bfPuedo aliviarme sin penalidad de una valla de Fuera de L\u00edmites? - SoloReglasGolf","robots":{"index":"index","follow":"follow","max-snippet":"max-snippet:-1","max-image-preview":"max-image-preview:large","max-video-preview":"max-video-preview:-1"},"canonical":"http:\/\/soloreglasgolf.com\/WordPress3\/puedo-aliviarme-sin-penalidad-de-una-valla-de-fuera-de-limites\/","schema":{"@context":"https:\/\/schema.org","@graph":[{"@type":"WebPage","@id":"http:\/\/soloreglasgolf.com\/WordPress3\/puedo-aliviarme-sin-penalidad-de-una-valla-de-fuera-de-limites\/","url":"http:\/\/soloreglasgolf.com\/WordPress3\/puedo-aliviarme-sin-penalidad-de-una-valla-de-fuera-de-limites\/","name":"\u00bfPuedo aliviarme sin penalidad de una valla de Fuera de L\u00edmites? - SoloReglasGolf","isPartOf":{"@id":"http:\/\/soloreglasgolf.com\/WordPress3\/#website"},"datePublished":"2013-03-11T23:36:41+00:00","dateModified":"2021-04-30T13:51:28+00:00","breadcrumb":{"@id":"http:\/\/soloreglasgolf.com\/WordPress3\/puedo-aliviarme-sin-penalidad-de-una-valla-de-fuera-de-limites\/#breadcrumb"},"inLanguage":"es","potentialAction":[{"@type":"ReadAction","target":["http:\/\/soloreglasgolf.com\/WordPress3\/puedo-aliviarme-sin-penalidad-de-una-valla-de-fuera-de-limites\/"]}]},{"@type":"BreadcrumbList","@id":"http:\/\/soloreglasgolf.com\/WordPress3\/puedo-aliviarme-sin-penalidad-de-una-valla-de-fuera-de-limites\/#breadcrumb","itemListElement":[{"@type":"ListItem","position":1,"name":"Portada","item":"http:\/\/soloreglasgolf.com\/WordPress3\/"},{"@type":"ListItem","position":2,"name":"\u00bfPuedo aliviarme sin penalidad de una valla de Fuera de L\u00edmites?"}]},{"@type":"WebSite","@id":"http:\/\/soloreglasgolf.com\/WordPress3\/#website","url":"http:\/\/soloreglasgolf.com\/WordPress3\/","name":"SoloReglasGolf","description":"Conversando sobre  Reglas de Golf","potentialAction":[{"@type":"SearchAction","target":{"@type":"EntryPoint","urlTemplate":"http:\/\/soloreglasgolf.com\/WordPress3\/?s={search_term_string}"},"query-input":"required name=search_term_string"}],"inLanguage":"es"}]}},"jetpack_sharing_enabled":true,"jetpack_shortlink":"https:\/\/wp.me\/P36cD2-2p4","_links":{"self":[{"href":"http:\/\/soloreglasgolf.com\/WordPress3\/wp-json\/wp\/v2\/pages\/9242","targetHints":{"allow":["GET"]}}],"collection":[{"href":"http:\/\/soloreglasgolf.com\/WordPress3\/wp-json\/wp\/v2\/pages"}],"about":[{"href":"http:\/\/soloreglasgolf.com\/WordPress3\/wp-json\/wp\/v2\/types\/page"}],"author":[{"embeddable":true,"href":"http:\/\/soloreglasgolf.com\/WordPress3\/wp-json\/wp\/v2\/users\/28"}],"replies":[{"embeddable":true,"href":"http:\/\/soloreglasgolf.com\/WordPress3\/wp-json\/wp\/v2\/comments?post=9242"}],"version-history":[{"count":1,"href":"http:\/\/soloreglasgolf.com\/WordPress3\/wp-json\/wp\/v2\/pages\/9242\/revisions"}],"predecessor-version":[{"id":43878,"href":"http:\/\/soloreglasgolf.com\/WordPress3\/wp-json\/wp\/v2\/pages\/9242\/revisions\/43878"}],"wp:attachment":[{"href":"http:\/\/soloreglasgolf.com\/WordPress3\/wp-json\/wp\/v2\/media?parent=9242"}],"curies":[{"name":"wp","href":"https:\/\/api.w.org\/{rel}","templated":true}]}}