{"id":9091,"date":"2013-03-08T15:47:22","date_gmt":"2013-03-08T14:47:22","guid":{"rendered":"http:\/\/soloreglasgolf.com\/WordPress3\/?page_id=9091"},"modified":"2021-05-13T22:01:30","modified_gmt":"2021-05-13T20:01:30","slug":"que-es-un-green-equivocado","status":"publish","type":"page","link":"http:\/\/soloreglasgolf.com\/WordPress3\/ipsofacto\/que-es-un-green-equivocado\/","title":{"rendered":"\u00bfQu\u00e9 es un green equivocado?"},"content":{"rendered":"<p>Un<a href=\"http:\/\/soloreglasgolf.com\/WordPress3\/definiciones-2019-2022\/green-equivocado\/\"><strong> green equivocado<\/strong><\/a> es cualquier green que no sea el <strong>green del hoyo que estamos jugando<\/strong>.<\/p>\n<div>\u00danicamente <strong>existe interferencia<\/strong> por Green equivocado cuando la <strong>bola est\u00e1 sobre el mismo.<br \/>\n<\/strong><\/p>\n<div>Cuando la bola est\u00e1 en un green equivocado se aplica la <a href=\"http:\/\/soloreglasgolf.com\/WordPress3\/reglas-2019\/iv-reglas-especiales-para-bunkers-y-greens\/regla-13\/13-1-acciones-permitidas-y-requeridas-en-el-green\/\">Regla 13.1f<\/a>.<\/div>\n<div>.<\/div>\n<div>Es importante saber que\u00a0 <strong>el alivio es obligatorio<\/strong> y que por tanto <strong>est\u00e1 prohibido jugar en un green equivocado. <\/strong>A\u00fan si pretendi\u00e9semos utilzar el putter no est\u00e1 permitido jugar desde el green equivocado.<\/div>\n<div>\n<p>&nbsp;<\/p>\n<div class=\"g g-2\"><div class=\"g-single a-17\"><script type=\"text\/javascript\"><!--\r\ngoogle_ad_client = \"ca-pub-2363348512557029\";\r\n\/* Blog pagina-post *\/\r\ngoogle_ad_slot = \"1564877784\";\r\ngoogle_ad_width = 728;\r\ngoogle_ad_height = 90;\r\n\/\/-->\r\n<\/script>\r\n<script type=\"text\/javascript\"\r\nsrc=\"http:\/\/pagead2.googlesyndication.com\/pagead\/show_ads.js\">\r\n<\/script><\/div><\/div>\n<\/div>\n<\/div>\n","protected":false},"excerpt":{"rendered":"<p>Un green equivocado es cualquier green que no sea el green del hoyo que estamos jugando. \u00danicamente existe interferencia por Green equivocado cuando la bola est\u00e1 sobre el mismo. Cuando la bola est\u00e1 en un green equivocado se aplica la Regla 13.1f. . Es importante saber que\u00a0 el alivio es obligatorio y que por tanto <a href='http:\/\/soloreglasgolf.com\/WordPress3\/ipsofacto\/que-es-un-green-equivocado\/' class='excerpt-more'>[Leer + &#8230;]<\/a><\/p>\n","protected":false},"author":28,"featured_media":0,"parent":9089,"menu_order":0,"comment_status":"closed","ping_status":"open","template":"","meta":{"jetpack_post_was_ever_published":false,"footnotes":""},"class_list":["post-9091","page","type-page","status-publish","hentry","post-seq-1","post-parity-odd","meta-position-corners","fix"],"yoast_head":"<!-- This site is optimized with the Yoast SEO plugin v22.0 - https:\/\/yoast.com\/wordpress\/plugins\/seo\/ -->\n<title>\u00bfQu\u00e9 es un green equivocado? - SoloReglasGolf<\/title>\n<meta name=\"robots\" content=\"index, follow, max-snippet:-1, max-image-preview:large, max-video-preview:-1\" \/>\n<link rel=\"canonical\" href=\"http:\/\/soloreglasgolf.com\/WordPress3\/ipsofacto\/que-es-un-green-equivocado\/\" \/>\n<meta name=\"twitter:label1\" content=\"Tiempo de lectura\" \/>\n\t<meta name=\"twitter:data1\" content=\"1 minuto\" \/>\n<script type=\"application\/ld+json\" class=\"yoast-schema-graph\">{\"@context\":\"https:\/\/schema.org\",\"@graph\":[{\"@type\":\"WebPage\",\"@id\":\"http:\/\/soloreglasgolf.com\/WordPress3\/ipsofacto\/que-es-un-green-equivocado\/\",\"url\":\"http:\/\/soloreglasgolf.com\/WordPress3\/ipsofacto\/que-es-un-green-equivocado\/\",\"name\":\"\u00bfQu\u00e9 es un green equivocado? - SoloReglasGolf\",\"isPartOf\":{\"@id\":\"http:\/\/soloreglasgolf.com\/WordPress3\/#website\"},\"datePublished\":\"2013-03-08T14:47:22+00:00\",\"dateModified\":\"2021-05-13T20:01:30+00:00\",\"breadcrumb\":{\"@id\":\"http:\/\/soloreglasgolf.com\/WordPress3\/ipsofacto\/que-es-un-green-equivocado\/#breadcrumb\"},\"inLanguage\":\"es\",\"potentialAction\":[{\"@type\":\"ReadAction\",\"target\":[\"http:\/\/soloreglasgolf.com\/WordPress3\/ipsofacto\/que-es-un-green-equivocado\/\"]}]},{\"@type\":\"BreadcrumbList\",\"@id\":\"http:\/\/soloreglasgolf.com\/WordPress3\/ipsofacto\/que-es-un-green-equivocado\/#breadcrumb\",\"itemListElement\":[{\"@type\":\"ListItem\",\"position\":1,\"name\":\"Portada\",\"item\":\"http:\/\/soloreglasgolf.com\/WordPress3\/\"},{\"@type\":\"ListItem\",\"position\":2,\"name\":\"IpsoFacto\",\"item\":\"http:\/\/soloreglasgolf.com\/WordPress3\/ipsofacto\/\"},{\"@type\":\"ListItem\",\"position\":3,\"name\":\"\u00bfQu\u00e9 es un green equivocado?\"}]},{\"@type\":\"WebSite\",\"@id\":\"http:\/\/soloreglasgolf.com\/WordPress3\/#website\",\"url\":\"http:\/\/soloreglasgolf.com\/WordPress3\/\",\"name\":\"SoloReglasGolf\",\"description\":\"Conversando sobre  Reglas de Golf\",\"potentialAction\":[{\"@type\":\"SearchAction\",\"target\":{\"@type\":\"EntryPoint\",\"urlTemplate\":\"http:\/\/soloreglasgolf.com\/WordPress3\/?s={search_term_string}\"},\"query-input\":\"required name=search_term_string\"}],\"inLanguage\":\"es\"}]}<\/script>\n<!-- \/ Yoast SEO plugin. -->","yoast_head_json":{"title":"\u00bfQu\u00e9 es un green equivocado? - SoloReglasGolf","robots":{"index":"index","follow":"follow","max-snippet":"max-snippet:-1","max-image-preview":"max-image-preview:large","max-video-preview":"max-video-preview:-1"},"canonical":"http:\/\/soloreglasgolf.com\/WordPress3\/ipsofacto\/que-es-un-green-equivocado\/","twitter_misc":{"Tiempo de lectura":"1 minuto"},"schema":{"@context":"https:\/\/schema.org","@graph":[{"@type":"WebPage","@id":"http:\/\/soloreglasgolf.com\/WordPress3\/ipsofacto\/que-es-un-green-equivocado\/","url":"http:\/\/soloreglasgolf.com\/WordPress3\/ipsofacto\/que-es-un-green-equivocado\/","name":"\u00bfQu\u00e9 es un green equivocado? - SoloReglasGolf","isPartOf":{"@id":"http:\/\/soloreglasgolf.com\/WordPress3\/#website"},"datePublished":"2013-03-08T14:47:22+00:00","dateModified":"2021-05-13T20:01:30+00:00","breadcrumb":{"@id":"http:\/\/soloreglasgolf.com\/WordPress3\/ipsofacto\/que-es-un-green-equivocado\/#breadcrumb"},"inLanguage":"es","potentialAction":[{"@type":"ReadAction","target":["http:\/\/soloreglasgolf.com\/WordPress3\/ipsofacto\/que-es-un-green-equivocado\/"]}]},{"@type":"BreadcrumbList","@id":"http:\/\/soloreglasgolf.com\/WordPress3\/ipsofacto\/que-es-un-green-equivocado\/#breadcrumb","itemListElement":[{"@type":"ListItem","position":1,"name":"Portada","item":"http:\/\/soloreglasgolf.com\/WordPress3\/"},{"@type":"ListItem","position":2,"name":"IpsoFacto","item":"http:\/\/soloreglasgolf.com\/WordPress3\/ipsofacto\/"},{"@type":"ListItem","position":3,"name":"\u00bfQu\u00e9 es un green equivocado?"}]},{"@type":"WebSite","@id":"http:\/\/soloreglasgolf.com\/WordPress3\/#website","url":"http:\/\/soloreglasgolf.com\/WordPress3\/","name":"SoloReglasGolf","description":"Conversando sobre  Reglas de Golf","potentialAction":[{"@type":"SearchAction","target":{"@type":"EntryPoint","urlTemplate":"http:\/\/soloreglasgolf.com\/WordPress3\/?s={search_term_string}"},"query-input":"required name=search_term_string"}],"inLanguage":"es"}]}},"jetpack_sharing_enabled":true,"jetpack_shortlink":"https:\/\/wp.me\/P36cD2-2mD","_links":{"self":[{"href":"http:\/\/soloreglasgolf.com\/WordPress3\/wp-json\/wp\/v2\/pages\/9091","targetHints":{"allow":["GET"]}}],"collection":[{"href":"http:\/\/soloreglasgolf.com\/WordPress3\/wp-json\/wp\/v2\/pages"}],"about":[{"href":"http:\/\/soloreglasgolf.com\/WordPress3\/wp-json\/wp\/v2\/types\/page"}],"author":[{"embeddable":true,"href":"http:\/\/soloreglasgolf.com\/WordPress3\/wp-json\/wp\/v2\/users\/28"}],"replies":[{"embeddable":true,"href":"http:\/\/soloreglasgolf.com\/WordPress3\/wp-json\/wp\/v2\/comments?post=9091"}],"version-history":[{"count":3,"href":"http:\/\/soloreglasgolf.com\/WordPress3\/wp-json\/wp\/v2\/pages\/9091\/revisions"}],"predecessor-version":[{"id":44264,"href":"http:\/\/soloreglasgolf.com\/WordPress3\/wp-json\/wp\/v2\/pages\/9091\/revisions\/44264"}],"up":[{"embeddable":true,"href":"http:\/\/soloreglasgolf.com\/WordPress3\/wp-json\/wp\/v2\/pages\/9089"}],"wp:attachment":[{"href":"http:\/\/soloreglasgolf.com\/WordPress3\/wp-json\/wp\/v2\/media?parent=9091"}],"curies":[{"name":"wp","href":"https:\/\/api.w.org\/{rel}","templated":true}]}}