{"id":9074,"date":"2013-03-08T09:46:31","date_gmt":"2013-03-08T08:46:31","guid":{"rendered":"http:\/\/soloreglasgolf.com\/WordPress3\/?page_id=9074"},"modified":"2021-04-30T15:44:33","modified_gmt":"2021-04-30T13:44:33","slug":"que-es-la-regla-de-invierno","status":"publish","type":"page","link":"http:\/\/soloreglasgolf.com\/WordPress3\/que-es-la-regla-de-invierno\/","title":{"rendered":"\u00bfQu\u00e9 es la Regla de Invierno?"},"content":{"rendered":"<p>La <strong>Regla de Invierno<\/strong> es una <strong>Regla Local<\/strong> que el\u00a0 Comit\u00e9 de Competici\u00f3n de cada campo puede establecer para hacer el juego m\u00e1s justo y agradable.<\/p>\n<p>Cuando est\u00e1 en vigor la Regla de Invierno\u00a0permite a los jugadores <strong>levantar, limpiar y colocar la bola cuando est\u00e1 en calle<\/strong>.<\/p>\n<p>Se denomina Regla de Invierno ya que est\u00e1 pensada para los meses invernales en que <strong>el campo puede presentar unas condiciones que dificultan el juego.<\/strong>\u00a0Por ello\u00a0Reglas sugieren que \u00fanicamente est\u00e9 en vigor cuando el estado del campo lo requiera, pero es bastante habitual encontrarla\u00a0vigente buena parte del a\u00f1o.<\/p>\n<p>Las propias Reglas sugieren una redacci\u00f3n tipo de la Regla de Invierno para que el Comit\u00e9 de Competici\u00f3n la adapte a las circunstancias de su campo.<\/p>\n<p>Para m\u00e1s informaci\u00f3n consultar el Ap\u00e9ndice I del Libro de Reglas.<\/p>\n<p>.<\/p>\n<div class=\"g g-2\"><div class=\"g-single a-18\"><script type=\"text\/javascript\"><!--\r\ngoogle_ad_client = \"ca-pub-2363348512557029\";\r\n\/* Blog pagina-post *\/\r\ngoogle_ad_slot = \"1564877784\";\r\ngoogle_ad_width = 728;\r\ngoogle_ad_height = 90;\r\n\/\/-->\r\n<\/script>\r\n<script type=\"text\/javascript\"\r\nsrc=\"http:\/\/pagead2.googlesyndication.com\/pagead\/show_ads.js\">\r\n<\/script><\/div><\/div>\n","protected":false},"excerpt":{"rendered":"<p>La Regla de Invierno es una Regla Local que el\u00a0 Comit\u00e9 de Competici\u00f3n de cada campo puede establecer para hacer el juego m\u00e1s justo y agradable. Cuando est\u00e1 en vigor la Regla de Invierno\u00a0permite a los jugadores levantar, limpiar y colocar la bola cuando est\u00e1 en calle. Se denomina Regla de Invierno ya que est\u00e1 <a href='http:\/\/soloreglasgolf.com\/WordPress3\/que-es-la-regla-de-invierno\/' class='excerpt-more'>[Leer + &#8230;]<\/a><\/p>\n","protected":false},"author":28,"featured_media":0,"parent":0,"menu_order":0,"comment_status":"closed","ping_status":"open","template":"","meta":{"jetpack_post_was_ever_published":false,"footnotes":""},"class_list":["post-9074","page","type-page","status-publish","hentry","post-seq-1","post-parity-odd","meta-position-corners","fix"],"yoast_head":"<!-- This site is optimized with the Yoast SEO plugin v22.0 - https:\/\/yoast.com\/wordpress\/plugins\/seo\/ -->\n<title>\u00bfQu\u00e9 es la Regla de Invierno? - SoloReglasGolf<\/title>\n<meta name=\"robots\" content=\"index, follow, max-snippet:-1, max-image-preview:large, max-video-preview:-1\" \/>\n<link rel=\"canonical\" href=\"http:\/\/soloreglasgolf.com\/WordPress3\/que-es-la-regla-de-invierno\/\" \/>\n<meta name=\"twitter:label1\" content=\"Tiempo de lectura\" \/>\n\t<meta name=\"twitter:data1\" content=\"1 minuto\" \/>\n<script type=\"application\/ld+json\" class=\"yoast-schema-graph\">{\"@context\":\"https:\/\/schema.org\",\"@graph\":[{\"@type\":\"WebPage\",\"@id\":\"http:\/\/soloreglasgolf.com\/WordPress3\/que-es-la-regla-de-invierno\/\",\"url\":\"http:\/\/soloreglasgolf.com\/WordPress3\/que-es-la-regla-de-invierno\/\",\"name\":\"\u00bfQu\u00e9 es la Regla de Invierno? - SoloReglasGolf\",\"isPartOf\":{\"@id\":\"http:\/\/soloreglasgolf.com\/WordPress3\/#website\"},\"datePublished\":\"2013-03-08T08:46:31+00:00\",\"dateModified\":\"2021-04-30T13:44:33+00:00\",\"breadcrumb\":{\"@id\":\"http:\/\/soloreglasgolf.com\/WordPress3\/que-es-la-regla-de-invierno\/#breadcrumb\"},\"inLanguage\":\"es\",\"potentialAction\":[{\"@type\":\"ReadAction\",\"target\":[\"http:\/\/soloreglasgolf.com\/WordPress3\/que-es-la-regla-de-invierno\/\"]}]},{\"@type\":\"BreadcrumbList\",\"@id\":\"http:\/\/soloreglasgolf.com\/WordPress3\/que-es-la-regla-de-invierno\/#breadcrumb\",\"itemListElement\":[{\"@type\":\"ListItem\",\"position\":1,\"name\":\"Portada\",\"item\":\"http:\/\/soloreglasgolf.com\/WordPress3\/\"},{\"@type\":\"ListItem\",\"position\":2,\"name\":\"\u00bfQu\u00e9 es la Regla de Invierno?\"}]},{\"@type\":\"WebSite\",\"@id\":\"http:\/\/soloreglasgolf.com\/WordPress3\/#website\",\"url\":\"http:\/\/soloreglasgolf.com\/WordPress3\/\",\"name\":\"SoloReglasGolf\",\"description\":\"Conversando sobre  Reglas de Golf\",\"potentialAction\":[{\"@type\":\"SearchAction\",\"target\":{\"@type\":\"EntryPoint\",\"urlTemplate\":\"http:\/\/soloreglasgolf.com\/WordPress3\/?s={search_term_string}\"},\"query-input\":\"required name=search_term_string\"}],\"inLanguage\":\"es\"}]}<\/script>\n<!-- \/ Yoast SEO plugin. -->","yoast_head_json":{"title":"\u00bfQu\u00e9 es la Regla de Invierno? - SoloReglasGolf","robots":{"index":"index","follow":"follow","max-snippet":"max-snippet:-1","max-image-preview":"max-image-preview:large","max-video-preview":"max-video-preview:-1"},"canonical":"http:\/\/soloreglasgolf.com\/WordPress3\/que-es-la-regla-de-invierno\/","twitter_misc":{"Tiempo de lectura":"1 minuto"},"schema":{"@context":"https:\/\/schema.org","@graph":[{"@type":"WebPage","@id":"http:\/\/soloreglasgolf.com\/WordPress3\/que-es-la-regla-de-invierno\/","url":"http:\/\/soloreglasgolf.com\/WordPress3\/que-es-la-regla-de-invierno\/","name":"\u00bfQu\u00e9 es la Regla de Invierno? - SoloReglasGolf","isPartOf":{"@id":"http:\/\/soloreglasgolf.com\/WordPress3\/#website"},"datePublished":"2013-03-08T08:46:31+00:00","dateModified":"2021-04-30T13:44:33+00:00","breadcrumb":{"@id":"http:\/\/soloreglasgolf.com\/WordPress3\/que-es-la-regla-de-invierno\/#breadcrumb"},"inLanguage":"es","potentialAction":[{"@type":"ReadAction","target":["http:\/\/soloreglasgolf.com\/WordPress3\/que-es-la-regla-de-invierno\/"]}]},{"@type":"BreadcrumbList","@id":"http:\/\/soloreglasgolf.com\/WordPress3\/que-es-la-regla-de-invierno\/#breadcrumb","itemListElement":[{"@type":"ListItem","position":1,"name":"Portada","item":"http:\/\/soloreglasgolf.com\/WordPress3\/"},{"@type":"ListItem","position":2,"name":"\u00bfQu\u00e9 es la Regla de Invierno?"}]},{"@type":"WebSite","@id":"http:\/\/soloreglasgolf.com\/WordPress3\/#website","url":"http:\/\/soloreglasgolf.com\/WordPress3\/","name":"SoloReglasGolf","description":"Conversando sobre  Reglas de Golf","potentialAction":[{"@type":"SearchAction","target":{"@type":"EntryPoint","urlTemplate":"http:\/\/soloreglasgolf.com\/WordPress3\/?s={search_term_string}"},"query-input":"required name=search_term_string"}],"inLanguage":"es"}]}},"jetpack_sharing_enabled":true,"jetpack_shortlink":"https:\/\/wp.me\/P36cD2-2mm","_links":{"self":[{"href":"http:\/\/soloreglasgolf.com\/WordPress3\/wp-json\/wp\/v2\/pages\/9074","targetHints":{"allow":["GET"]}}],"collection":[{"href":"http:\/\/soloreglasgolf.com\/WordPress3\/wp-json\/wp\/v2\/pages"}],"about":[{"href":"http:\/\/soloreglasgolf.com\/WordPress3\/wp-json\/wp\/v2\/types\/page"}],"author":[{"embeddable":true,"href":"http:\/\/soloreglasgolf.com\/WordPress3\/wp-json\/wp\/v2\/users\/28"}],"replies":[{"embeddable":true,"href":"http:\/\/soloreglasgolf.com\/WordPress3\/wp-json\/wp\/v2\/comments?post=9074"}],"version-history":[{"count":1,"href":"http:\/\/soloreglasgolf.com\/WordPress3\/wp-json\/wp\/v2\/pages\/9074\/revisions"}],"predecessor-version":[{"id":43860,"href":"http:\/\/soloreglasgolf.com\/WordPress3\/wp-json\/wp\/v2\/pages\/9074\/revisions\/43860"}],"wp:attachment":[{"href":"http:\/\/soloreglasgolf.com\/WordPress3\/wp-json\/wp\/v2\/media?parent=9074"}],"curies":[{"name":"wp","href":"https:\/\/api.w.org\/{rel}","templated":true}]}}