{"id":8975,"date":"2013-03-05T20:56:36","date_gmt":"2013-03-05T19:56:36","guid":{"rendered":"http:\/\/soloreglasgolf.com\/WordPress3\/?page_id=8975"},"modified":"2021-04-30T15:52:35","modified_gmt":"2021-04-30T13:52:35","slug":"donde-se-puede-levantar-la-bola-para-identificarla","status":"publish","type":"page","link":"http:\/\/soloreglasgolf.com\/WordPress3\/donde-se-puede-levantar-la-bola-para-identificarla\/","title":{"rendered":"\u00bfD\u00f3nde se puede levantar la bola para identificarla?"},"content":{"rendered":"<p>La bola puede levantarse para su identificaci\u00f3n en <span style=\"text-decoration: underline;\">cualquier parte<\/span> del campo.<\/p>\n<p>Para m\u00e1s informaci\u00f3n ver la Regla 12-2.<\/p>\n","protected":false},"excerpt":{"rendered":"<p>La bola puede levantarse para su identificaci\u00f3n en cualquier parte del campo. Para m\u00e1s informaci\u00f3n ver la Regla 12-2.<\/p>\n","protected":false},"author":28,"featured_media":0,"parent":0,"menu_order":0,"comment_status":"closed","ping_status":"open","template":"","meta":{"jetpack_post_was_ever_published":false,"footnotes":""},"class_list":["post-8975","page","type-page","status-publish","hentry","post-seq-1","post-parity-odd","meta-position-corners","fix"],"yoast_head":"<!-- This site is optimized with the Yoast SEO plugin v22.0 - https:\/\/yoast.com\/wordpress\/plugins\/seo\/ -->\n<title>\u00bfD\u00f3nde se puede levantar la bola para identificarla? - SoloReglasGolf<\/title>\n<meta name=\"robots\" content=\"index, follow, max-snippet:-1, max-image-preview:large, max-video-preview:-1\" \/>\n<link rel=\"canonical\" href=\"http:\/\/soloreglasgolf.com\/WordPress3\/donde-se-puede-levantar-la-bola-para-identificarla\/\" \/>\n<script type=\"application\/ld+json\" class=\"yoast-schema-graph\">{\"@context\":\"https:\/\/schema.org\",\"@graph\":[{\"@type\":\"WebPage\",\"@id\":\"http:\/\/soloreglasgolf.com\/WordPress3\/donde-se-puede-levantar-la-bola-para-identificarla\/\",\"url\":\"http:\/\/soloreglasgolf.com\/WordPress3\/donde-se-puede-levantar-la-bola-para-identificarla\/\",\"name\":\"\u00bfD\u00f3nde se puede levantar la bola para identificarla? - SoloReglasGolf\",\"isPartOf\":{\"@id\":\"http:\/\/soloreglasgolf.com\/WordPress3\/#website\"},\"datePublished\":\"2013-03-05T19:56:36+00:00\",\"dateModified\":\"2021-04-30T13:52:35+00:00\",\"breadcrumb\":{\"@id\":\"http:\/\/soloreglasgolf.com\/WordPress3\/donde-se-puede-levantar-la-bola-para-identificarla\/#breadcrumb\"},\"inLanguage\":\"es\",\"potentialAction\":[{\"@type\":\"ReadAction\",\"target\":[\"http:\/\/soloreglasgolf.com\/WordPress3\/donde-se-puede-levantar-la-bola-para-identificarla\/\"]}]},{\"@type\":\"BreadcrumbList\",\"@id\":\"http:\/\/soloreglasgolf.com\/WordPress3\/donde-se-puede-levantar-la-bola-para-identificarla\/#breadcrumb\",\"itemListElement\":[{\"@type\":\"ListItem\",\"position\":1,\"name\":\"Portada\",\"item\":\"http:\/\/soloreglasgolf.com\/WordPress3\/\"},{\"@type\":\"ListItem\",\"position\":2,\"name\":\"\u00bfD\u00f3nde se puede levantar la bola para identificarla?\"}]},{\"@type\":\"WebSite\",\"@id\":\"http:\/\/soloreglasgolf.com\/WordPress3\/#website\",\"url\":\"http:\/\/soloreglasgolf.com\/WordPress3\/\",\"name\":\"SoloReglasGolf\",\"description\":\"Conversando sobre  Reglas de Golf\",\"potentialAction\":[{\"@type\":\"SearchAction\",\"target\":{\"@type\":\"EntryPoint\",\"urlTemplate\":\"http:\/\/soloreglasgolf.com\/WordPress3\/?s={search_term_string}\"},\"query-input\":\"required name=search_term_string\"}],\"inLanguage\":\"es\"}]}<\/script>\n<!-- \/ Yoast SEO plugin. -->","yoast_head_json":{"title":"\u00bfD\u00f3nde se puede levantar la bola para identificarla? - SoloReglasGolf","robots":{"index":"index","follow":"follow","max-snippet":"max-snippet:-1","max-image-preview":"max-image-preview:large","max-video-preview":"max-video-preview:-1"},"canonical":"http:\/\/soloreglasgolf.com\/WordPress3\/donde-se-puede-levantar-la-bola-para-identificarla\/","schema":{"@context":"https:\/\/schema.org","@graph":[{"@type":"WebPage","@id":"http:\/\/soloreglasgolf.com\/WordPress3\/donde-se-puede-levantar-la-bola-para-identificarla\/","url":"http:\/\/soloreglasgolf.com\/WordPress3\/donde-se-puede-levantar-la-bola-para-identificarla\/","name":"\u00bfD\u00f3nde se puede levantar la bola para identificarla? - SoloReglasGolf","isPartOf":{"@id":"http:\/\/soloreglasgolf.com\/WordPress3\/#website"},"datePublished":"2013-03-05T19:56:36+00:00","dateModified":"2021-04-30T13:52:35+00:00","breadcrumb":{"@id":"http:\/\/soloreglasgolf.com\/WordPress3\/donde-se-puede-levantar-la-bola-para-identificarla\/#breadcrumb"},"inLanguage":"es","potentialAction":[{"@type":"ReadAction","target":["http:\/\/soloreglasgolf.com\/WordPress3\/donde-se-puede-levantar-la-bola-para-identificarla\/"]}]},{"@type":"BreadcrumbList","@id":"http:\/\/soloreglasgolf.com\/WordPress3\/donde-se-puede-levantar-la-bola-para-identificarla\/#breadcrumb","itemListElement":[{"@type":"ListItem","position":1,"name":"Portada","item":"http:\/\/soloreglasgolf.com\/WordPress3\/"},{"@type":"ListItem","position":2,"name":"\u00bfD\u00f3nde se puede levantar la bola para identificarla?"}]},{"@type":"WebSite","@id":"http:\/\/soloreglasgolf.com\/WordPress3\/#website","url":"http:\/\/soloreglasgolf.com\/WordPress3\/","name":"SoloReglasGolf","description":"Conversando sobre  Reglas de Golf","potentialAction":[{"@type":"SearchAction","target":{"@type":"EntryPoint","urlTemplate":"http:\/\/soloreglasgolf.com\/WordPress3\/?s={search_term_string}"},"query-input":"required name=search_term_string"}],"inLanguage":"es"}]}},"jetpack_sharing_enabled":true,"jetpack_shortlink":"https:\/\/wp.me\/P36cD2-2kL","_links":{"self":[{"href":"http:\/\/soloreglasgolf.com\/WordPress3\/wp-json\/wp\/v2\/pages\/8975","targetHints":{"allow":["GET"]}}],"collection":[{"href":"http:\/\/soloreglasgolf.com\/WordPress3\/wp-json\/wp\/v2\/pages"}],"about":[{"href":"http:\/\/soloreglasgolf.com\/WordPress3\/wp-json\/wp\/v2\/types\/page"}],"author":[{"embeddable":true,"href":"http:\/\/soloreglasgolf.com\/WordPress3\/wp-json\/wp\/v2\/users\/28"}],"replies":[{"embeddable":true,"href":"http:\/\/soloreglasgolf.com\/WordPress3\/wp-json\/wp\/v2\/comments?post=8975"}],"version-history":[{"count":2,"href":"http:\/\/soloreglasgolf.com\/WordPress3\/wp-json\/wp\/v2\/pages\/8975\/revisions"}],"predecessor-version":[{"id":43883,"href":"http:\/\/soloreglasgolf.com\/WordPress3\/wp-json\/wp\/v2\/pages\/8975\/revisions\/43883"}],"wp:attachment":[{"href":"http:\/\/soloreglasgolf.com\/WordPress3\/wp-json\/wp\/v2\/media?parent=8975"}],"curies":[{"name":"wp","href":"https:\/\/api.w.org\/{rel}","templated":true}]}}