{"id":8662,"date":"2013-02-26T16:07:31","date_gmt":"2013-02-26T15:07:31","guid":{"rendered":"http:\/\/soloreglasgolf.com\/WordPress3\/?page_id=8662"},"modified":"2021-04-30T00:17:17","modified_gmt":"2021-04-29T22:17:17","slug":"color-estacas-lineas-senalan-partes-campo-golf","status":"publish","type":"page","link":"http:\/\/soloreglasgolf.com\/WordPress3\/libro-verde\/color-estacas-lineas-senalan-partes-campo-golf\/","title":{"rendered":"Color Estacas o L\u00edneas se\u00f1alan las partes de un campo Golf"},"content":{"rendered":"<p>Los <strong>colores<\/strong> habitualmente utilizados en las <strong>estacas<\/strong> o <strong>l\u00edneas<\/strong> que se\u00f1alizan o identifican las partes de un campo de Golf son:<\/p>\n<ul>\n<li><strong>Amarillo<\/strong>: <a href=\"http:\/\/soloreglasgolf.com\/WordPress3\/definiciones-2019-2022\/area-penalizacion\/\">Area Penalizaci\u00f3n<\/a><\/li>\n<li><strong>Azul<\/strong>: <a href=\"http:\/\/soloreglasgolf.com\/WordPress3\/definiciones-2019-2022\/terreno-en-reparacion\/\">Terreno en Reparaci\u00f3n<\/a><\/li>\n<li><strong>Blanco<\/strong>: <a href=\"http:\/\/soloreglasgolf.com\/WordPress3\/definiciones-2019-2022\/objeto-de-limites\/\">Fuera de L\u00edmites<\/a><\/li>\n<li><strong>Rojo<\/strong>: <a href=\"http:\/\/soloreglasgolf.com\/WordPress3\/definiciones-2019-2022\/area-penalizacion\/\">Area Penalizaci\u00f3n Roja<\/a><\/li>\n<\/ul>\n<p>Los <strong>colores de uso obligatorio<\/strong> son Amarillo para obst\u00e1culo de agua y rojo para obst\u00e1culo de agua lateral. El resto son opcionales.<\/p>\n<div class=\"g g-2\"><div class=\"g-single a-16\"><script type=\"text\/javascript\"><!--\r\ngoogle_ad_client = \"ca-pub-2363348512557029\";\r\n\/* Blog pagina-post *\/\r\ngoogle_ad_slot = \"1564877784\";\r\ngoogle_ad_width = 728;\r\ngoogle_ad_height = 90;\r\n\/\/-->\r\n<\/script>\r\n<script type=\"text\/javascript\"\r\nsrc=\"http:\/\/pagead2.googlesyndication.com\/pagead\/show_ads.js\">\r\n<\/script><\/div><\/div>\n","protected":false},"excerpt":{"rendered":"<p>Los colores habitualmente utilizados en las estacas o l\u00edneas que se\u00f1alizan o identifican las partes de un campo de Golf son: Amarillo: Area Penalizaci\u00f3n Azul: Terreno en Reparaci\u00f3n Blanco: Fuera de L\u00edmites Rojo: Area Penalizaci\u00f3n Roja Los colores de uso obligatorio son Amarillo para obst\u00e1culo de agua y rojo para obst\u00e1culo de agua lateral. El <a href='http:\/\/soloreglasgolf.com\/WordPress3\/libro-verde\/color-estacas-lineas-senalan-partes-campo-golf\/' class='excerpt-more'>[Leer + &#8230;]<\/a><\/p>\n","protected":false},"author":28,"featured_media":0,"parent":5606,"menu_order":0,"comment_status":"closed","ping_status":"open","template":"","meta":{"jetpack_post_was_ever_published":false,"footnotes":""},"class_list":["post-8662","page","type-page","status-publish","hentry","post-seq-1","post-parity-odd","meta-position-corners","fix"],"yoast_head":"<!-- This site is optimized with the Yoast SEO plugin v22.0 - https:\/\/yoast.com\/wordpress\/plugins\/seo\/ -->\n<title>Color Estacas o L\u00edneas que se\u00f1alan campo Golf<\/title>\n<meta name=\"robots\" content=\"index, follow, max-snippet:-1, max-image-preview:large, max-video-preview:-1\" \/>\n<link rel=\"canonical\" href=\"http:\/\/soloreglasgolf.com\/WordPress3\/libro-verde\/color-estacas-lineas-senalan-partes-campo-golf\/\" \/>\n<meta name=\"twitter:label1\" content=\"Tiempo de lectura\" \/>\n\t<meta name=\"twitter:data1\" content=\"1 minuto\" \/>\n<script type=\"application\/ld+json\" class=\"yoast-schema-graph\">{\"@context\":\"https:\/\/schema.org\",\"@graph\":[{\"@type\":\"WebPage\",\"@id\":\"http:\/\/soloreglasgolf.com\/WordPress3\/libro-verde\/color-estacas-lineas-senalan-partes-campo-golf\/\",\"url\":\"http:\/\/soloreglasgolf.com\/WordPress3\/libro-verde\/color-estacas-lineas-senalan-partes-campo-golf\/\",\"name\":\"Color Estacas o L\u00edneas que se\u00f1alan campo Golf\",\"isPartOf\":{\"@id\":\"http:\/\/soloreglasgolf.com\/WordPress3\/#website\"},\"datePublished\":\"2013-02-26T15:07:31+00:00\",\"dateModified\":\"2021-04-29T22:17:17+00:00\",\"breadcrumb\":{\"@id\":\"http:\/\/soloreglasgolf.com\/WordPress3\/libro-verde\/color-estacas-lineas-senalan-partes-campo-golf\/#breadcrumb\"},\"inLanguage\":\"es\",\"potentialAction\":[{\"@type\":\"ReadAction\",\"target\":[\"http:\/\/soloreglasgolf.com\/WordPress3\/libro-verde\/color-estacas-lineas-senalan-partes-campo-golf\/\"]}]},{\"@type\":\"BreadcrumbList\",\"@id\":\"http:\/\/soloreglasgolf.com\/WordPress3\/libro-verde\/color-estacas-lineas-senalan-partes-campo-golf\/#breadcrumb\",\"itemListElement\":[{\"@type\":\"ListItem\",\"position\":1,\"name\":\"Portada\",\"item\":\"http:\/\/soloreglasgolf.com\/WordPress3\/\"},{\"@type\":\"ListItem\",\"position\":2,\"name\":\"Libro Verde\",\"item\":\"http:\/\/soloreglasgolf.com\/WordPress3\/libro-verde\/\"},{\"@type\":\"ListItem\",\"position\":3,\"name\":\"Color Estacas o L\u00edneas se\u00f1alan las partes de un campo Golf\"}]},{\"@type\":\"WebSite\",\"@id\":\"http:\/\/soloreglasgolf.com\/WordPress3\/#website\",\"url\":\"http:\/\/soloreglasgolf.com\/WordPress3\/\",\"name\":\"SoloReglasGolf\",\"description\":\"Conversando sobre  Reglas de Golf\",\"potentialAction\":[{\"@type\":\"SearchAction\",\"target\":{\"@type\":\"EntryPoint\",\"urlTemplate\":\"http:\/\/soloreglasgolf.com\/WordPress3\/?s={search_term_string}\"},\"query-input\":\"required name=search_term_string\"}],\"inLanguage\":\"es\"}]}<\/script>\n<!-- \/ Yoast SEO plugin. -->","yoast_head_json":{"title":"Color Estacas o L\u00edneas que se\u00f1alan campo Golf","robots":{"index":"index","follow":"follow","max-snippet":"max-snippet:-1","max-image-preview":"max-image-preview:large","max-video-preview":"max-video-preview:-1"},"canonical":"http:\/\/soloreglasgolf.com\/WordPress3\/libro-verde\/color-estacas-lineas-senalan-partes-campo-golf\/","twitter_misc":{"Tiempo de lectura":"1 minuto"},"schema":{"@context":"https:\/\/schema.org","@graph":[{"@type":"WebPage","@id":"http:\/\/soloreglasgolf.com\/WordPress3\/libro-verde\/color-estacas-lineas-senalan-partes-campo-golf\/","url":"http:\/\/soloreglasgolf.com\/WordPress3\/libro-verde\/color-estacas-lineas-senalan-partes-campo-golf\/","name":"Color Estacas o L\u00edneas que se\u00f1alan campo Golf","isPartOf":{"@id":"http:\/\/soloreglasgolf.com\/WordPress3\/#website"},"datePublished":"2013-02-26T15:07:31+00:00","dateModified":"2021-04-29T22:17:17+00:00","breadcrumb":{"@id":"http:\/\/soloreglasgolf.com\/WordPress3\/libro-verde\/color-estacas-lineas-senalan-partes-campo-golf\/#breadcrumb"},"inLanguage":"es","potentialAction":[{"@type":"ReadAction","target":["http:\/\/soloreglasgolf.com\/WordPress3\/libro-verde\/color-estacas-lineas-senalan-partes-campo-golf\/"]}]},{"@type":"BreadcrumbList","@id":"http:\/\/soloreglasgolf.com\/WordPress3\/libro-verde\/color-estacas-lineas-senalan-partes-campo-golf\/#breadcrumb","itemListElement":[{"@type":"ListItem","position":1,"name":"Portada","item":"http:\/\/soloreglasgolf.com\/WordPress3\/"},{"@type":"ListItem","position":2,"name":"Libro Verde","item":"http:\/\/soloreglasgolf.com\/WordPress3\/libro-verde\/"},{"@type":"ListItem","position":3,"name":"Color Estacas o L\u00edneas se\u00f1alan las partes de un campo Golf"}]},{"@type":"WebSite","@id":"http:\/\/soloreglasgolf.com\/WordPress3\/#website","url":"http:\/\/soloreglasgolf.com\/WordPress3\/","name":"SoloReglasGolf","description":"Conversando sobre  Reglas de Golf","potentialAction":[{"@type":"SearchAction","target":{"@type":"EntryPoint","urlTemplate":"http:\/\/soloreglasgolf.com\/WordPress3\/?s={search_term_string}"},"query-input":"required name=search_term_string"}],"inLanguage":"es"}]}},"jetpack_sharing_enabled":true,"jetpack_shortlink":"https:\/\/wp.me\/P36cD2-2fI","_links":{"self":[{"href":"http:\/\/soloreglasgolf.com\/WordPress3\/wp-json\/wp\/v2\/pages\/8662","targetHints":{"allow":["GET"]}}],"collection":[{"href":"http:\/\/soloreglasgolf.com\/WordPress3\/wp-json\/wp\/v2\/pages"}],"about":[{"href":"http:\/\/soloreglasgolf.com\/WordPress3\/wp-json\/wp\/v2\/types\/page"}],"author":[{"embeddable":true,"href":"http:\/\/soloreglasgolf.com\/WordPress3\/wp-json\/wp\/v2\/users\/28"}],"replies":[{"embeddable":true,"href":"http:\/\/soloreglasgolf.com\/WordPress3\/wp-json\/wp\/v2\/comments?post=8662"}],"version-history":[{"count":2,"href":"http:\/\/soloreglasgolf.com\/WordPress3\/wp-json\/wp\/v2\/pages\/8662\/revisions"}],"predecessor-version":[{"id":43821,"href":"http:\/\/soloreglasgolf.com\/WordPress3\/wp-json\/wp\/v2\/pages\/8662\/revisions\/43821"}],"up":[{"embeddable":true,"href":"http:\/\/soloreglasgolf.com\/WordPress3\/wp-json\/wp\/v2\/pages\/5606"}],"wp:attachment":[{"href":"http:\/\/soloreglasgolf.com\/WordPress3\/wp-json\/wp\/v2\/media?parent=8662"}],"curies":[{"name":"wp","href":"https:\/\/api.w.org\/{rel}","templated":true}]}}