{"id":826,"date":"2011-12-15T16:51:41","date_gmt":"2011-12-15T15:51:41","guid":{"rendered":"http:\/\/soloreglasgolf.com\/WordPress3\/?page_id=826"},"modified":"2021-05-09T19:43:40","modified_gmt":"2021-05-09T17:43:40","slug":"regla-26-obstaculos-de-agua","status":"publish","type":"page","link":"http:\/\/soloreglasgolf.com\/WordPress3\/regla-26-obstaculos-de-agua\/","title":{"rendered":"Regla 26. Obst\u00e1culos de Agua"},"content":{"rendered":"<p>AVISO IMPORTANTE: esta es una <strong>Regla obsoleta. <\/strong><\/p>\n<p>Los antiguos <strong>Obst\u00e1culos de Agua<\/strong> ahora se denominan <a href=\"http:\/\/soloreglasgolf.com\/WordPress3\/definiciones-2019-2022\/area-penalizacion\/\">Areas de Penalizaci\u00f3n<\/a> y se regulan en\u00a0 la actual <a href=\"http:\/\/soloreglasgolf.com\/WordPress3\/reglas-2019\/regla-17\/\">Regla 17<\/a>.<\/p>\n<div class=\"g g-2\"><div class=\"g-single a-14\"><script type=\"text\/javascript\"><!--\r\ngoogle_ad_client = \"ca-pub-2363348512557029\";\r\n\/* Blog pagina-post *\/\r\ngoogle_ad_slot = \"1564877784\";\r\ngoogle_ad_width = 728;\r\ngoogle_ad_height = 90;\r\n\/\/-->\r\n<\/script>\r\n<script type=\"text\/javascript\"\r\nsrc=\"http:\/\/pagead2.googlesyndication.com\/pagead\/show_ads.js\">\r\n<\/script><\/div><\/div>\n<p><strong>26-1. ALIVIO POR BOLA EN UN OBST\u00c1CULO DE AGUA<\/strong><br \/>\nEs una cuesti\u00f3n de hecho si una bola que no ha sido encontrada despu\u00e9s de haber sido\u00a0golpeada hacia un obst\u00e1culo de agua est\u00e1 en el obst\u00e1culo. Para aplicar esta Regla, debe\u00a0saberse o ser pr\u00e1cticamente seguro de que la bola est\u00e1 en el obst\u00e1culo. En ausencia de tal\u00a0conocimiento o pr\u00e1ctica seguridad, el jugador debe proceder bajo la Regla 27-1.<br \/>\nSi una bola est\u00e1 en un obst\u00e1culo de agua o si se sabe o es pr\u00e1cticamente seguro que\u00a0una bola que no ha sido encontrada, est\u00e1 en un obst\u00e1culo de agua (repose la bola en agua o\u00a0no), el jugador puede bajo la penalidad de un golpe:<br \/>\na. Jugar una bola tan cerca como sea posible del punto desde donde fue jugada por \u00faltima\u00a0vez la bola original (ver la Regla 20-5); o<br \/>\nb. Dropar una bola detr\u00e1s del obst\u00e1culo de agua, manteniendo el punto por donde la bola\u00a0original cruz\u00f3 por \u00faltima vez el margen del obst\u00e1culo de agua en l\u00ednea recta entre el\u00a0agujero y el punto en el que la bola es dropada, sin l\u00edmite de distancia detr\u00e1s del\u00a0obst\u00e1culo de agua donde la bola puede ser dropada; o<br \/>\nc. Adem\u00e1s de las opciones a y b y \u00fanicamente si la bola cruz\u00f3 por \u00faltima vez el margen de\u00a0un obst\u00e1culo de agua lateral, el jugador puede dropar una bola fuera del obst\u00e1culo de\u00a0agua dentro de la distancia de dos palos y no m\u00e1s cerca del agujero que, (i) el punto por\u00a0donde la bola original cruz\u00f3 por \u00faltima vez el margen del obst\u00e1culo de agua, o (ii) un\u00a0punto equidistante del agujero en el margen opuesto del obst\u00e1culo de agua.<\/p>\n<p>Al proceder bajo esta Regla, el jugador puede levantar y limpiar su bola o sustituirla por otra\u00a0bola.<br \/>\n(Acciones prohibidas cuando la bola est\u00e1 en un obst\u00e1culo \u2013 ver Regla 13-4)<br \/>\n(Bola movi\u00e9ndose en el agua en un obst\u00e1culo de agua &#8211; ver Regla 14-6).<\/p>\n<p><strong>26-2. BOLA JUGADA DENTRO DE UN OBST\u00c1CULO DE AGUA<\/strong><br \/>\na. Bola que Va a Reposar al Mismo o a Otro Obst\u00e1culo de Agua<br \/>\nSi una bola jugada desde dentro de un obst\u00e1culo de agua va a reposar al mismo o a otro\u00a0obst\u00e1culo de agua despu\u00e9s del golpe, el jugador puede:<br \/>\n(i) proceder bajo la Regla 26-1a.Si, despu\u00e9s de dropar en el obst\u00e1culo, el jugador elige no\u00a0jugar la bola dropada puede:<br \/>\n(a) con un golpe m\u00e1s de penalidad, proceder bajo la Regla 26-1b o si es aplicable, bajo la\u00a0Regla 26-1c, usando como punto de referencia el punto por donde la bola original cruz\u00f3\u00a0por \u00faltima vez el margen de este obst\u00e1culo antes de venir a reposar en el mismo; o<br \/>\n(b) con un golpe m\u00e1s de penalidad, jugar una bola tan cerca como sea posible del punto\u00a0desde el que se ejecut\u00f3 el \u00faltimo golpe desde fuera de un obst\u00e1culo de agua (ver Regla\u00a020-5); o<\/p>\n<p>(ii) proceder bajo la Regla 26-1b, o si es aplicable la Regla 26-1c; o<br \/>\n(iii) bajo penalidad de un golpe, jugar una bola tan cerca como sea posible del punto desde\u00a0el que se ejecut\u00f3 el \u00faltimo golpe desde fuera del obst\u00e1culo de agua (ver la Regla 20-5).<\/p>\n<p>b. Bola Perdida o Injugable Fuera del Obst\u00e1culo o Fuera de L\u00edmites<br \/>\nSi una bola jugada desde dentro de un obst\u00e1culo de agua est\u00e1 perdida o ha sido considerada\u00a0injugable fuera del obst\u00e1culo o est\u00e1 fuera de l\u00edmites, el jugador puede, despu\u00e9s de anotarse\u00a0un golpe de penalidad bajo la Regla 27-1 \u00f3 28a:<br \/>\n(i) jugar una bola tan cerca como sea posible del punto dentro del obst\u00e1culo desde el que se\u00a0jug\u00f3 por \u00faltima vez la bola original (ver la Regla 20-5); o\u00a0(ii) con un golpe m\u00e1s de penalidad proceder bajo la Regla 26-1b, o si es aplicable la Regla<br \/>\n26-1c, usando como punto de referencia el punto por donde la bola original cruz\u00f3 por\u00a0\u00faltima vez el margen del obst\u00e1culo antes de ir a reposar en el mismo ; o<br \/>\n(iii) con un golpe m\u00e1s de penalidad jugar una bola tan cerca como sea posible del punto\u00a0desde el que ejecut\u00f3 el \u00faltimo golpe desde fuera del obst\u00e1culo de agua ( ver Regla 20-5).<\/p>\n<p>Nota 1: Al proceder bajo la Regla 26-2b, el jugador no es requerido a dropar una bola bajo\u00a0la Regla 27-1 \u00f3 28a. Si dropa una bola, no est\u00e1 obligado a jugarla. Puede alternativamente\u00a0proceder bajo la Regla 26-2b (ii) o (iii).<\/p>\n<p>Nota 2: Si una bola jugada desde dentro de un obst\u00e1culo de agua se considera injugable\u00a0fuera del obst\u00e1culo, no hay nada en la Regla 26-2b que impida al jugador proceder bajo la\u00a0Regla 28b o c.<br \/>\nPENALIDAD POR INFRACCI\u00d3N DE LA REGLA:<br \/>\nJuego por Hoyos &#8211; P\u00e9rdida del hoyo;<br \/>\nJuego por Golpes &#8211; Dos golpes<\/p>\n<div class=\"g g-2\"><div class=\"g-single a-17\"><script type=\"text\/javascript\"><!--\r\ngoogle_ad_client = \"ca-pub-2363348512557029\";\r\n\/* Blog pagina-post *\/\r\ngoogle_ad_slot = \"1564877784\";\r\ngoogle_ad_width = 728;\r\ngoogle_ad_height = 90;\r\n\/\/-->\r\n<\/script>\r\n<script type=\"text\/javascript\"\r\nsrc=\"http:\/\/pagead2.googlesyndication.com\/pagead\/show_ads.js\">\r\n<\/script><\/div><\/div>\n","protected":false},"excerpt":{"rendered":"<p>AVISO IMPORTANTE: esta es una Regla obsoleta. Los antiguos Obst\u00e1culos de Agua ahora se denominan Areas de Penalizaci\u00f3n y se regulan en\u00a0 la actual Regla 17. 26-1. ALIVIO POR BOLA EN UN OBST\u00c1CULO DE AGUA Es una cuesti\u00f3n de hecho si una bola que no ha sido encontrada despu\u00e9s de haber sido\u00a0golpeada hacia un obst\u00e1culo <a href='http:\/\/soloreglasgolf.com\/WordPress3\/regla-26-obstaculos-de-agua\/' class='excerpt-more'>[Leer + &#8230;]<\/a><\/p>\n","protected":false},"author":28,"featured_media":0,"parent":0,"menu_order":0,"comment_status":"open","ping_status":"open","template":"","meta":{"jetpack_post_was_ever_published":false,"footnotes":""},"class_list":["post-826","page","type-page","status-publish","hentry","post-seq-1","post-parity-odd","meta-position-corners","fix"],"yoast_head":"<!-- This site is optimized with the Yoast SEO plugin v22.0 - https:\/\/yoast.com\/wordpress\/plugins\/seo\/ -->\n<title>Regla 26: Obst\u00e1culos de Agua - Reglas Golf<\/title>\n<meta name=\"description\" content=\"Regla 26: Obst\u00e1culos de Agua - SoloReglasGolf\" \/>\n<meta name=\"robots\" content=\"index, follow, max-snippet:-1, max-image-preview:large, max-video-preview:-1\" \/>\n<link rel=\"canonical\" href=\"https:\/\/soloreglasgolf.com\/WordPress3\/regla-26-obstaculos-de-agua\/\" \/>\n<meta name=\"twitter:label1\" content=\"Tiempo de lectura\" \/>\n\t<meta name=\"twitter:data1\" content=\"4 minutos\" \/>\n<script type=\"application\/ld+json\" class=\"yoast-schema-graph\">{\"@context\":\"https:\/\/schema.org\",\"@graph\":[{\"@type\":\"WebPage\",\"@id\":\"https:\/\/soloreglasgolf.com\/WordPress3\/regla-26-obstaculos-de-agua\/\",\"url\":\"https:\/\/soloreglasgolf.com\/WordPress3\/regla-26-obstaculos-de-agua\/\",\"name\":\"Regla 26: Obst\u00e1culos de Agua - Reglas Golf\",\"isPartOf\":{\"@id\":\"http:\/\/soloreglasgolf.com\/WordPress3\/#website\"},\"datePublished\":\"2011-12-15T15:51:41+00:00\",\"dateModified\":\"2021-05-09T17:43:40+00:00\",\"description\":\"Regla 26: Obst\u00e1culos de Agua - SoloReglasGolf\",\"breadcrumb\":{\"@id\":\"https:\/\/soloreglasgolf.com\/WordPress3\/regla-26-obstaculos-de-agua\/#breadcrumb\"},\"inLanguage\":\"es\",\"potentialAction\":[{\"@type\":\"ReadAction\",\"target\":[\"https:\/\/soloreglasgolf.com\/WordPress3\/regla-26-obstaculos-de-agua\/\"]}]},{\"@type\":\"BreadcrumbList\",\"@id\":\"https:\/\/soloreglasgolf.com\/WordPress3\/regla-26-obstaculos-de-agua\/#breadcrumb\",\"itemListElement\":[{\"@type\":\"ListItem\",\"position\":1,\"name\":\"Portada\",\"item\":\"http:\/\/soloreglasgolf.com\/WordPress3\/\"},{\"@type\":\"ListItem\",\"position\":2,\"name\":\"Regla 26. Obst\u00e1culos de Agua\"}]},{\"@type\":\"WebSite\",\"@id\":\"http:\/\/soloreglasgolf.com\/WordPress3\/#website\",\"url\":\"http:\/\/soloreglasgolf.com\/WordPress3\/\",\"name\":\"SoloReglasGolf\",\"description\":\"Conversando sobre  Reglas de Golf\",\"potentialAction\":[{\"@type\":\"SearchAction\",\"target\":{\"@type\":\"EntryPoint\",\"urlTemplate\":\"http:\/\/soloreglasgolf.com\/WordPress3\/?s={search_term_string}\"},\"query-input\":\"required name=search_term_string\"}],\"inLanguage\":\"es\"}]}<\/script>\n<!-- \/ Yoast SEO plugin. -->","yoast_head_json":{"title":"Regla 26: Obst\u00e1culos de Agua - Reglas Golf","description":"Regla 26: Obst\u00e1culos de Agua - SoloReglasGolf","robots":{"index":"index","follow":"follow","max-snippet":"max-snippet:-1","max-image-preview":"max-image-preview:large","max-video-preview":"max-video-preview:-1"},"canonical":"https:\/\/soloreglasgolf.com\/WordPress3\/regla-26-obstaculos-de-agua\/","twitter_misc":{"Tiempo de lectura":"4 minutos"},"schema":{"@context":"https:\/\/schema.org","@graph":[{"@type":"WebPage","@id":"https:\/\/soloreglasgolf.com\/WordPress3\/regla-26-obstaculos-de-agua\/","url":"https:\/\/soloreglasgolf.com\/WordPress3\/regla-26-obstaculos-de-agua\/","name":"Regla 26: Obst\u00e1culos de Agua - Reglas Golf","isPartOf":{"@id":"http:\/\/soloreglasgolf.com\/WordPress3\/#website"},"datePublished":"2011-12-15T15:51:41+00:00","dateModified":"2021-05-09T17:43:40+00:00","description":"Regla 26: Obst\u00e1culos de Agua - SoloReglasGolf","breadcrumb":{"@id":"https:\/\/soloreglasgolf.com\/WordPress3\/regla-26-obstaculos-de-agua\/#breadcrumb"},"inLanguage":"es","potentialAction":[{"@type":"ReadAction","target":["https:\/\/soloreglasgolf.com\/WordPress3\/regla-26-obstaculos-de-agua\/"]}]},{"@type":"BreadcrumbList","@id":"https:\/\/soloreglasgolf.com\/WordPress3\/regla-26-obstaculos-de-agua\/#breadcrumb","itemListElement":[{"@type":"ListItem","position":1,"name":"Portada","item":"http:\/\/soloreglasgolf.com\/WordPress3\/"},{"@type":"ListItem","position":2,"name":"Regla 26. Obst\u00e1culos de Agua"}]},{"@type":"WebSite","@id":"http:\/\/soloreglasgolf.com\/WordPress3\/#website","url":"http:\/\/soloreglasgolf.com\/WordPress3\/","name":"SoloReglasGolf","description":"Conversando sobre  Reglas de Golf","potentialAction":[{"@type":"SearchAction","target":{"@type":"EntryPoint","urlTemplate":"http:\/\/soloreglasgolf.com\/WordPress3\/?s={search_term_string}"},"query-input":"required name=search_term_string"}],"inLanguage":"es"}]}},"jetpack_sharing_enabled":true,"jetpack_shortlink":"https:\/\/wp.me\/P36cD2-dk","_links":{"self":[{"href":"http:\/\/soloreglasgolf.com\/WordPress3\/wp-json\/wp\/v2\/pages\/826","targetHints":{"allow":["GET"]}}],"collection":[{"href":"http:\/\/soloreglasgolf.com\/WordPress3\/wp-json\/wp\/v2\/pages"}],"about":[{"href":"http:\/\/soloreglasgolf.com\/WordPress3\/wp-json\/wp\/v2\/types\/page"}],"author":[{"embeddable":true,"href":"http:\/\/soloreglasgolf.com\/WordPress3\/wp-json\/wp\/v2\/users\/28"}],"replies":[{"embeddable":true,"href":"http:\/\/soloreglasgolf.com\/WordPress3\/wp-json\/wp\/v2\/comments?post=826"}],"version-history":[{"count":5,"href":"http:\/\/soloreglasgolf.com\/WordPress3\/wp-json\/wp\/v2\/pages\/826\/revisions"}],"predecessor-version":[{"id":44108,"href":"http:\/\/soloreglasgolf.com\/WordPress3\/wp-json\/wp\/v2\/pages\/826\/revisions\/44108"}],"wp:attachment":[{"href":"http:\/\/soloreglasgolf.com\/WordPress3\/wp-json\/wp\/v2\/media?parent=826"}],"curies":[{"name":"wp","href":"https:\/\/api.w.org\/{rel}","templated":true}]}}