{"id":7204,"date":"2013-01-24T23:29:56","date_gmt":"2013-01-24T22:29:56","guid":{"rendered":"http:\/\/soloreglasgolf.com\/WordPress3\/?page_id=7204"},"modified":"2013-01-24T23:38:35","modified_gmt":"2013-01-24T22:38:35","slug":"smartphone-activar-modo-movil","status":"publish","type":"page","link":"http:\/\/soloreglasgolf.com\/WordPress3\/smartphone-activar-modo-movil\/","title":{"rendered":"Smartphone: activar modo m\u00f3vil"},"content":{"rendered":"<p>Los test est\u00e1n dise\u00f1ados para ser realizados desde smartphones.<\/p>\n<p>Para ver los <strong>Test adaptados a la pantalla del tel\u00e9fono m\u00f3vil<\/strong>, tiene que <strong>activar el Tema M\u00f3vil<\/strong>.<\/p>\n<p>Por defecto el Tema M\u00f3vil est\u00e1 desactivado, para cambiarlo ir a\u00a0 la parte inferior de la pantalla y pulsar el bot\u00f3n para cambiarlo a modo ON:<\/p>\n<p><a href=\"http:\/\/soloreglasgolf.com\/WordPress3\/smartphone-activar-modo-movil\/sc20130124-230759-2\/\" rel=\"attachment wp-att-7206\"><img loading=\"lazy\" decoding=\"async\" class=\"aligncenter size-medium wp-image-7206\" alt=\"SC20130124-230759\" src=\"http:\/\/soloreglasgolf.com\/WordPress3\/wp-content\/uploads\/2013\/01\/SC20130124-2307591-180x300.png\" width=\"180\" height=\"300\" srcset=\"http:\/\/soloreglasgolf.com\/WordPress3\/wp-content\/uploads\/2013\/01\/SC20130124-2307591-180x300.png 180w, http:\/\/soloreglasgolf.com\/WordPress3\/wp-content\/uploads\/2013\/01\/SC20130124-2307591-120x200.png 120w, http:\/\/soloreglasgolf.com\/WordPress3\/wp-content\/uploads\/2013\/01\/SC20130124-2307591-126x210.png 126w, http:\/\/soloreglasgolf.com\/WordPress3\/wp-content\/uploads\/2013\/01\/SC20130124-2307591.png 480w\" sizes=\"auto, (max-width: 180px) 100vw, 180px\" \/><\/a><\/p>\n<p>Una vez\u00a0 el Tema M\u00f3vil est\u00e9 en ON ,\u00a0 al volver a entrar a la web soloreglasgolf.com los test se ajustar\u00e1n autom\u00e1ticamente al tama\u00f1o de la pantalla:<\/p>\n<p><a href=\"http:\/\/soloreglasgolf.com\/WordPress3\/smartphone-activar-modo-movil\/sc20130124-230907\/\" rel=\"attachment wp-att-7211\"><img loading=\"lazy\" decoding=\"async\" class=\"aligncenter size-medium wp-image-7211\" alt=\"SC20130124-230907\" src=\"http:\/\/soloreglasgolf.com\/WordPress3\/wp-content\/uploads\/2013\/01\/SC20130124-230907-300x180.jpg\" width=\"300\" height=\"180\" srcset=\"http:\/\/soloreglasgolf.com\/WordPress3\/wp-content\/uploads\/2013\/01\/SC20130124-230907-300x180.jpg 300w, http:\/\/soloreglasgolf.com\/WordPress3\/wp-content\/uploads\/2013\/01\/SC20130124-230907-200x120.jpg 200w, http:\/\/soloreglasgolf.com\/WordPress3\/wp-content\/uploads\/2013\/01\/SC20130124-230907-349x210.jpg 349w, http:\/\/soloreglasgolf.com\/WordPress3\/wp-content\/uploads\/2013\/01\/SC20130124-230907.jpg 448w\" sizes=\"auto, (max-width: 300px) 100vw, 300px\" \/><\/a><\/p>\n<p>&nbsp;<\/p>\n<p>&nbsp;<\/p>\n<p>&nbsp;<\/p>\n<p>&nbsp;<\/p>\n","protected":false},"excerpt":{"rendered":"<p>Los test est\u00e1n dise\u00f1ados para ser realizados desde smartphones. Para ver los Test adaptados a la pantalla del tel\u00e9fono m\u00f3vil, tiene que activar el Tema M\u00f3vil. Por defecto el Tema M\u00f3vil est\u00e1 desactivado, para cambiarlo ir a\u00a0 la parte inferior de la pantalla y pulsar el bot\u00f3n para cambiarlo a modo ON: Una vez\u00a0 el <a href='http:\/\/soloreglasgolf.com\/WordPress3\/smartphone-activar-modo-movil\/' class='excerpt-more'>[Leer + &#8230;]<\/a><\/p>\n","protected":false},"author":28,"featured_media":7206,"parent":0,"menu_order":0,"comment_status":"open","ping_status":"open","template":"","meta":{"jetpack_post_was_ever_published":false,"footnotes":""},"class_list":["post-7204","page","type-page","status-publish","has-post-thumbnail","hentry","post-seq-1","post-parity-odd","meta-position-corners","fix"],"yoast_head":"<!-- This site is optimized with the Yoast SEO plugin v22.0 - https:\/\/yoast.com\/wordpress\/plugins\/seo\/ -->\n<title>Smartphone: activar modo m\u00f3vil - SoloReglasGolf<\/title>\n<meta name=\"robots\" content=\"index, follow, max-snippet:-1, max-image-preview:large, max-video-preview:-1\" \/>\n<link rel=\"canonical\" href=\"http:\/\/soloreglasgolf.com\/WordPress3\/smartphone-activar-modo-movil\/\" \/>\n<script type=\"application\/ld+json\" class=\"yoast-schema-graph\">{\"@context\":\"https:\/\/schema.org\",\"@graph\":[{\"@type\":\"WebPage\",\"@id\":\"http:\/\/soloreglasgolf.com\/WordPress3\/smartphone-activar-modo-movil\/\",\"url\":\"http:\/\/soloreglasgolf.com\/WordPress3\/smartphone-activar-modo-movil\/\",\"name\":\"Smartphone: activar modo m\u00f3vil - SoloReglasGolf\",\"isPartOf\":{\"@id\":\"http:\/\/soloreglasgolf.com\/WordPress3\/#website\"},\"datePublished\":\"2013-01-24T22:29:56+00:00\",\"dateModified\":\"2013-01-24T22:38:35+00:00\",\"breadcrumb\":{\"@id\":\"http:\/\/soloreglasgolf.com\/WordPress3\/smartphone-activar-modo-movil\/#breadcrumb\"},\"inLanguage\":\"es\",\"potentialAction\":[{\"@type\":\"ReadAction\",\"target\":[\"http:\/\/soloreglasgolf.com\/WordPress3\/smartphone-activar-modo-movil\/\"]}]},{\"@type\":\"BreadcrumbList\",\"@id\":\"http:\/\/soloreglasgolf.com\/WordPress3\/smartphone-activar-modo-movil\/#breadcrumb\",\"itemListElement\":[{\"@type\":\"ListItem\",\"position\":1,\"name\":\"Portada\",\"item\":\"http:\/\/soloreglasgolf.com\/WordPress3\/\"},{\"@type\":\"ListItem\",\"position\":2,\"name\":\"Smartphone: activar modo m\u00f3vil\"}]},{\"@type\":\"WebSite\",\"@id\":\"http:\/\/soloreglasgolf.com\/WordPress3\/#website\",\"url\":\"http:\/\/soloreglasgolf.com\/WordPress3\/\",\"name\":\"SoloReglasGolf\",\"description\":\"Conversando sobre  Reglas de Golf\",\"potentialAction\":[{\"@type\":\"SearchAction\",\"target\":{\"@type\":\"EntryPoint\",\"urlTemplate\":\"http:\/\/soloreglasgolf.com\/WordPress3\/?s={search_term_string}\"},\"query-input\":\"required name=search_term_string\"}],\"inLanguage\":\"es\"}]}<\/script>\n<!-- \/ Yoast SEO plugin. -->","yoast_head_json":{"title":"Smartphone: activar modo m\u00f3vil - SoloReglasGolf","robots":{"index":"index","follow":"follow","max-snippet":"max-snippet:-1","max-image-preview":"max-image-preview:large","max-video-preview":"max-video-preview:-1"},"canonical":"http:\/\/soloreglasgolf.com\/WordPress3\/smartphone-activar-modo-movil\/","schema":{"@context":"https:\/\/schema.org","@graph":[{"@type":"WebPage","@id":"http:\/\/soloreglasgolf.com\/WordPress3\/smartphone-activar-modo-movil\/","url":"http:\/\/soloreglasgolf.com\/WordPress3\/smartphone-activar-modo-movil\/","name":"Smartphone: activar modo m\u00f3vil - SoloReglasGolf","isPartOf":{"@id":"http:\/\/soloreglasgolf.com\/WordPress3\/#website"},"datePublished":"2013-01-24T22:29:56+00:00","dateModified":"2013-01-24T22:38:35+00:00","breadcrumb":{"@id":"http:\/\/soloreglasgolf.com\/WordPress3\/smartphone-activar-modo-movil\/#breadcrumb"},"inLanguage":"es","potentialAction":[{"@type":"ReadAction","target":["http:\/\/soloreglasgolf.com\/WordPress3\/smartphone-activar-modo-movil\/"]}]},{"@type":"BreadcrumbList","@id":"http:\/\/soloreglasgolf.com\/WordPress3\/smartphone-activar-modo-movil\/#breadcrumb","itemListElement":[{"@type":"ListItem","position":1,"name":"Portada","item":"http:\/\/soloreglasgolf.com\/WordPress3\/"},{"@type":"ListItem","position":2,"name":"Smartphone: activar modo m\u00f3vil"}]},{"@type":"WebSite","@id":"http:\/\/soloreglasgolf.com\/WordPress3\/#website","url":"http:\/\/soloreglasgolf.com\/WordPress3\/","name":"SoloReglasGolf","description":"Conversando sobre  Reglas de Golf","potentialAction":[{"@type":"SearchAction","target":{"@type":"EntryPoint","urlTemplate":"http:\/\/soloreglasgolf.com\/WordPress3\/?s={search_term_string}"},"query-input":"required name=search_term_string"}],"inLanguage":"es"}]}},"jetpack_sharing_enabled":true,"jetpack_shortlink":"https:\/\/wp.me\/P36cD2-1Sc","_links":{"self":[{"href":"http:\/\/soloreglasgolf.com\/WordPress3\/wp-json\/wp\/v2\/pages\/7204","targetHints":{"allow":["GET"]}}],"collection":[{"href":"http:\/\/soloreglasgolf.com\/WordPress3\/wp-json\/wp\/v2\/pages"}],"about":[{"href":"http:\/\/soloreglasgolf.com\/WordPress3\/wp-json\/wp\/v2\/types\/page"}],"author":[{"embeddable":true,"href":"http:\/\/soloreglasgolf.com\/WordPress3\/wp-json\/wp\/v2\/users\/28"}],"replies":[{"embeddable":true,"href":"http:\/\/soloreglasgolf.com\/WordPress3\/wp-json\/wp\/v2\/comments?post=7204"}],"version-history":[{"count":0,"href":"http:\/\/soloreglasgolf.com\/WordPress3\/wp-json\/wp\/v2\/pages\/7204\/revisions"}],"wp:featuredmedia":[{"embeddable":true,"href":"http:\/\/soloreglasgolf.com\/WordPress3\/wp-json\/wp\/v2\/media\/7206"}],"wp:attachment":[{"href":"http:\/\/soloreglasgolf.com\/WordPress3\/wp-json\/wp\/v2\/media?parent=7204"}],"curies":[{"name":"wp","href":"https:\/\/api.w.org\/{rel}","templated":true}]}}