{"id":5804,"date":"2012-11-18T16:18:26","date_gmt":"2012-11-18T15:18:26","guid":{"rendered":"http:\/\/soloreglasgolf.com\/WordPress3\/?page_id=5804"},"modified":"2013-10-22T23:53:35","modified_gmt":"2013-10-22T21:53:35","slug":"pildoras-de-reglas-2","status":"publish","type":"page","link":"http:\/\/soloreglasgolf.com\/WordPress3\/pildoras-de-reglas-2\/","title":{"rendered":"P\u00edldoras de Reglas"},"content":{"rendered":"<p>Las P\u00edldoras de Reglas pretenden ser una forma sencilla de aprender las Reglas.<\/p>\n<p>Cada P\u00edldora de Reglas es una <strong>pregunta sobre una situaci\u00f3n que nos puede ocurrir en nuestro pr\u00f3xima salida al campo<\/strong>. Una pregunta, tres respuestas con <strong>pistas<\/strong> para que si te equivocas sepas donde buscar la explicaci\u00f3n adecuada.<\/p>\n<p>Cada vez que haces una P\u00edldora, el <strong>sistema te propone otras similares<\/strong>.\u00a0 de forma que puedas reforzar el conocimiento de los distintos conceptos de Reglas.<\/p>\n<p>Todas las semanas se publica una nueva, ya hay alrededor de 100 distintas.<\/p>\n<p>Para navegar por las P\u00edldoras de Reglas <strong>ordenadas por tema<\/strong> puedes consultar el<strong> men\u00fa desplegable en la cabecera<\/strong>. Tambi\u00e9n puedes ver todas la P\u00edldoras de Reglas en el siguiente <a title=\"Pildora reglas\" href=\"http:\/\/soloreglasgolf.com\/WordPress3\/category\/pildorareglas\/\"><strong>enlace<\/strong><\/a>.<\/p>\n<div class=\"g g-2\"><div class=\"g-single a-19\"><script type=\"text\/javascript\"><!--\r\ngoogle_ad_client = \"ca-pub-2363348512557029\";\r\n\/* Blog pagina-post *\/\r\ngoogle_ad_slot = \"1564877784\";\r\ngoogle_ad_width = 728;\r\ngoogle_ad_height = 90;\r\n\/\/-->\r\n<\/script>\r\n<script type=\"text\/javascript\"\r\nsrc=\"http:\/\/pagead2.googlesyndication.com\/pagead\/show_ads.js\">\r\n<\/script><\/div><\/div>\n","protected":false},"excerpt":{"rendered":"<p>Las P\u00edldoras de Reglas pretenden ser una forma sencilla de aprender las Reglas. Cada P\u00edldora de Reglas es una pregunta sobre una situaci\u00f3n que nos puede ocurrir en nuestro pr\u00f3xima salida al campo. Una pregunta, tres respuestas con pistas para que si te equivocas sepas donde buscar la explicaci\u00f3n adecuada. Cada vez que haces una <a href='http:\/\/soloreglasgolf.com\/WordPress3\/pildoras-de-reglas-2\/' class='excerpt-more'>[Leer + &#8230;]<\/a><\/p>\n","protected":false},"author":28,"featured_media":0,"parent":0,"menu_order":2,"comment_status":"open","ping_status":"open","template":"","meta":{"jetpack_post_was_ever_published":false,"footnotes":""},"class_list":["post-5804","page","type-page","status-publish","hentry","post-seq-1","post-parity-odd","meta-position-corners","fix"],"yoast_head":"<!-- This site is optimized with the Yoast SEO plugin v22.0 - https:\/\/yoast.com\/wordpress\/plugins\/seo\/ -->\n<title>P\u00edldoras de Reglas - SoloReglasGolf<\/title>\n<meta name=\"description\" content=\"Test de una pregunta sobre situaciones frecuentes en un campo de Golf.\" \/>\n<meta name=\"robots\" content=\"index, follow, max-snippet:-1, max-image-preview:large, max-video-preview:-1\" \/>\n<link rel=\"canonical\" href=\"http:\/\/soloreglasgolf.com\/WordPress3\/pildoras-de-reglas-2\/\" \/>\n<meta name=\"twitter:label1\" content=\"Tiempo de lectura\" \/>\n\t<meta name=\"twitter:data1\" content=\"1 minuto\" \/>\n<script type=\"application\/ld+json\" class=\"yoast-schema-graph\">{\"@context\":\"https:\/\/schema.org\",\"@graph\":[{\"@type\":\"WebPage\",\"@id\":\"http:\/\/soloreglasgolf.com\/WordPress3\/pildoras-de-reglas-2\/\",\"url\":\"http:\/\/soloreglasgolf.com\/WordPress3\/pildoras-de-reglas-2\/\",\"name\":\"P\u00edldoras de Reglas - SoloReglasGolf\",\"isPartOf\":{\"@id\":\"http:\/\/soloreglasgolf.com\/WordPress3\/#website\"},\"datePublished\":\"2012-11-18T15:18:26+00:00\",\"dateModified\":\"2013-10-22T21:53:35+00:00\",\"description\":\"Test de una pregunta sobre situaciones frecuentes en un campo de Golf.\",\"breadcrumb\":{\"@id\":\"http:\/\/soloreglasgolf.com\/WordPress3\/pildoras-de-reglas-2\/#breadcrumb\"},\"inLanguage\":\"es\",\"potentialAction\":[{\"@type\":\"ReadAction\",\"target\":[\"http:\/\/soloreglasgolf.com\/WordPress3\/pildoras-de-reglas-2\/\"]}]},{\"@type\":\"BreadcrumbList\",\"@id\":\"http:\/\/soloreglasgolf.com\/WordPress3\/pildoras-de-reglas-2\/#breadcrumb\",\"itemListElement\":[{\"@type\":\"ListItem\",\"position\":1,\"name\":\"Portada\",\"item\":\"http:\/\/soloreglasgolf.com\/WordPress3\/\"},{\"@type\":\"ListItem\",\"position\":2,\"name\":\"P\u00edldoras de Reglas\"}]},{\"@type\":\"WebSite\",\"@id\":\"http:\/\/soloreglasgolf.com\/WordPress3\/#website\",\"url\":\"http:\/\/soloreglasgolf.com\/WordPress3\/\",\"name\":\"SoloReglasGolf\",\"description\":\"Conversando sobre  Reglas de Golf\",\"potentialAction\":[{\"@type\":\"SearchAction\",\"target\":{\"@type\":\"EntryPoint\",\"urlTemplate\":\"http:\/\/soloreglasgolf.com\/WordPress3\/?s={search_term_string}\"},\"query-input\":\"required name=search_term_string\"}],\"inLanguage\":\"es\"}]}<\/script>\n<!-- \/ Yoast SEO plugin. -->","yoast_head_json":{"title":"P\u00edldoras de Reglas - SoloReglasGolf","description":"Test de una pregunta sobre situaciones frecuentes en un campo de Golf.","robots":{"index":"index","follow":"follow","max-snippet":"max-snippet:-1","max-image-preview":"max-image-preview:large","max-video-preview":"max-video-preview:-1"},"canonical":"http:\/\/soloreglasgolf.com\/WordPress3\/pildoras-de-reglas-2\/","twitter_misc":{"Tiempo de lectura":"1 minuto"},"schema":{"@context":"https:\/\/schema.org","@graph":[{"@type":"WebPage","@id":"http:\/\/soloreglasgolf.com\/WordPress3\/pildoras-de-reglas-2\/","url":"http:\/\/soloreglasgolf.com\/WordPress3\/pildoras-de-reglas-2\/","name":"P\u00edldoras de Reglas - SoloReglasGolf","isPartOf":{"@id":"http:\/\/soloreglasgolf.com\/WordPress3\/#website"},"datePublished":"2012-11-18T15:18:26+00:00","dateModified":"2013-10-22T21:53:35+00:00","description":"Test de una pregunta sobre situaciones frecuentes en un campo de Golf.","breadcrumb":{"@id":"http:\/\/soloreglasgolf.com\/WordPress3\/pildoras-de-reglas-2\/#breadcrumb"},"inLanguage":"es","potentialAction":[{"@type":"ReadAction","target":["http:\/\/soloreglasgolf.com\/WordPress3\/pildoras-de-reglas-2\/"]}]},{"@type":"BreadcrumbList","@id":"http:\/\/soloreglasgolf.com\/WordPress3\/pildoras-de-reglas-2\/#breadcrumb","itemListElement":[{"@type":"ListItem","position":1,"name":"Portada","item":"http:\/\/soloreglasgolf.com\/WordPress3\/"},{"@type":"ListItem","position":2,"name":"P\u00edldoras de Reglas"}]},{"@type":"WebSite","@id":"http:\/\/soloreglasgolf.com\/WordPress3\/#website","url":"http:\/\/soloreglasgolf.com\/WordPress3\/","name":"SoloReglasGolf","description":"Conversando sobre  Reglas de Golf","potentialAction":[{"@type":"SearchAction","target":{"@type":"EntryPoint","urlTemplate":"http:\/\/soloreglasgolf.com\/WordPress3\/?s={search_term_string}"},"query-input":"required name=search_term_string"}],"inLanguage":"es"}]}},"jetpack_sharing_enabled":true,"jetpack_shortlink":"https:\/\/wp.me\/P36cD2-1vC","_links":{"self":[{"href":"http:\/\/soloreglasgolf.com\/WordPress3\/wp-json\/wp\/v2\/pages\/5804","targetHints":{"allow":["GET"]}}],"collection":[{"href":"http:\/\/soloreglasgolf.com\/WordPress3\/wp-json\/wp\/v2\/pages"}],"about":[{"href":"http:\/\/soloreglasgolf.com\/WordPress3\/wp-json\/wp\/v2\/types\/page"}],"author":[{"embeddable":true,"href":"http:\/\/soloreglasgolf.com\/WordPress3\/wp-json\/wp\/v2\/users\/28"}],"replies":[{"embeddable":true,"href":"http:\/\/soloreglasgolf.com\/WordPress3\/wp-json\/wp\/v2\/comments?post=5804"}],"version-history":[{"count":0,"href":"http:\/\/soloreglasgolf.com\/WordPress3\/wp-json\/wp\/v2\/pages\/5804\/revisions"}],"wp:attachment":[{"href":"http:\/\/soloreglasgolf.com\/WordPress3\/wp-json\/wp\/v2\/media?parent=5804"}],"curies":[{"name":"wp","href":"https:\/\/api.w.org\/{rel}","templated":true}]}}