{"id":4895,"date":"2012-10-10T09:26:16","date_gmt":"2012-10-10T07:26:16","guid":{"rendered":"http:\/\/soloreglasgolf.com\/WordPress3\/?page_id=4895"},"modified":"2013-01-14T00:54:19","modified_gmt":"2013-01-13T23:54:19","slug":"test-reglas-instrucciones","status":"publish","type":"page","link":"http:\/\/soloreglasgolf.com\/WordPress3\/test-reglas-golf\/test-reglas-instrucciones\/","title":{"rendered":"Test Reglas Instrucciones"},"content":{"rendered":"<p>Los test que proponemos tienen algunas peculiaridades que ayudan a aprender m\u00e1s r\u00e1pidamente:<\/p>\n<ul>\n<li>si no aciertas a la primera, puedes seguir intent\u00e1ndolo hasta dar con la respuesta correcta,<\/li>\n<li>cuando eliges una respuesta incorrecta, el test te ofrece alguna pista,<\/li>\n<li>algunas preguntas tiene m\u00e1s de una respuesta correcta, en ese caso escoge la m\u00e1s exacta de las opciones,<\/li>\n<li>la puntuaci\u00f3n final no solo se basa en las preguntas acertadas, tambi\u00e9n influye la dificultad de cada una de ellas y cuantos intentos has necesitado para completarlas,<\/li>\n<li>los test se agrupan por materias, de forma que bien puedes hacer test sobre una materia concreta bien sobre todas las Reglas.<\/li>\n<li>tu eliges el n\u00famerode preguntas de cada test: 5, 10 \u00f3 15\u00a0 preguntas que se seleccionan aleatoriamente, as\u00ed que por m\u00e1s que hagas el test nunca vas a repetir 2 veces el mismo.<\/li>\n<\/ul>\n","protected":false},"excerpt":{"rendered":"<p>Los test que proponemos tienen algunas peculiaridades que ayudan a aprender m\u00e1s r\u00e1pidamente: si no aciertas a la primera, puedes seguir intent\u00e1ndolo hasta dar con la respuesta correcta, cuando eliges una respuesta incorrecta, el test te ofrece alguna pista, algunas preguntas tiene m\u00e1s de una respuesta correcta, en ese caso escoge la m\u00e1s exacta de <a href='http:\/\/soloreglasgolf.com\/WordPress3\/test-reglas-golf\/test-reglas-instrucciones\/' class='excerpt-more'>[Leer + &#8230;]<\/a><\/p>\n","protected":false},"author":28,"featured_media":0,"parent":12,"menu_order":0,"comment_status":"open","ping_status":"open","template":"","meta":{"jetpack_post_was_ever_published":false,"footnotes":""},"class_list":["post-4895","page","type-page","status-publish","hentry","post-seq-1","post-parity-odd","meta-position-corners","fix"],"yoast_head":"<!-- This site is optimized with the Yoast SEO plugin v22.0 - https:\/\/yoast.com\/wordpress\/plugins\/seo\/ -->\n<title>Test Reglas Instrucciones - SoloReglasGolf<\/title>\n<meta name=\"description\" content=\"Instrucciones para cumplimentar los distintos test de Reglas de Golf\" \/>\n<meta name=\"robots\" content=\"index, follow, max-snippet:-1, max-image-preview:large, max-video-preview:-1\" \/>\n<link rel=\"canonical\" href=\"http:\/\/soloreglasgolf.com\/WordPress3\/test-reglas-golf\/test-reglas-instrucciones\/\" \/>\n<meta name=\"twitter:label1\" content=\"Tiempo de lectura\" \/>\n\t<meta name=\"twitter:data1\" content=\"1 minuto\" \/>\n<script type=\"application\/ld+json\" class=\"yoast-schema-graph\">{\"@context\":\"https:\/\/schema.org\",\"@graph\":[{\"@type\":\"WebPage\",\"@id\":\"http:\/\/soloreglasgolf.com\/WordPress3\/test-reglas-golf\/test-reglas-instrucciones\/\",\"url\":\"http:\/\/soloreglasgolf.com\/WordPress3\/test-reglas-golf\/test-reglas-instrucciones\/\",\"name\":\"Test Reglas Instrucciones - SoloReglasGolf\",\"isPartOf\":{\"@id\":\"http:\/\/soloreglasgolf.com\/WordPress3\/#website\"},\"datePublished\":\"2012-10-10T07:26:16+00:00\",\"dateModified\":\"2013-01-13T23:54:19+00:00\",\"description\":\"Instrucciones para cumplimentar los distintos test de Reglas de Golf\",\"breadcrumb\":{\"@id\":\"http:\/\/soloreglasgolf.com\/WordPress3\/test-reglas-golf\/test-reglas-instrucciones\/#breadcrumb\"},\"inLanguage\":\"es\",\"potentialAction\":[{\"@type\":\"ReadAction\",\"target\":[\"http:\/\/soloreglasgolf.com\/WordPress3\/test-reglas-golf\/test-reglas-instrucciones\/\"]}]},{\"@type\":\"BreadcrumbList\",\"@id\":\"http:\/\/soloreglasgolf.com\/WordPress3\/test-reglas-golf\/test-reglas-instrucciones\/#breadcrumb\",\"itemListElement\":[{\"@type\":\"ListItem\",\"position\":1,\"name\":\"Portada\",\"item\":\"http:\/\/soloreglasgolf.com\/WordPress3\/\"},{\"@type\":\"ListItem\",\"position\":2,\"name\":\"Privado: Test Reglas Golf\",\"item\":\"https:\/\/soloreglasgolf.com\/WordPress3\/?page_id=12\"},{\"@type\":\"ListItem\",\"position\":3,\"name\":\"Test Reglas Instrucciones\"}]},{\"@type\":\"WebSite\",\"@id\":\"http:\/\/soloreglasgolf.com\/WordPress3\/#website\",\"url\":\"http:\/\/soloreglasgolf.com\/WordPress3\/\",\"name\":\"SoloReglasGolf\",\"description\":\"Conversando sobre  Reglas de Golf\",\"potentialAction\":[{\"@type\":\"SearchAction\",\"target\":{\"@type\":\"EntryPoint\",\"urlTemplate\":\"http:\/\/soloreglasgolf.com\/WordPress3\/?s={search_term_string}\"},\"query-input\":\"required name=search_term_string\"}],\"inLanguage\":\"es\"}]}<\/script>\n<!-- \/ Yoast SEO plugin. -->","yoast_head_json":{"title":"Test Reglas Instrucciones - SoloReglasGolf","description":"Instrucciones para cumplimentar los distintos test de Reglas de Golf","robots":{"index":"index","follow":"follow","max-snippet":"max-snippet:-1","max-image-preview":"max-image-preview:large","max-video-preview":"max-video-preview:-1"},"canonical":"http:\/\/soloreglasgolf.com\/WordPress3\/test-reglas-golf\/test-reglas-instrucciones\/","twitter_misc":{"Tiempo de lectura":"1 minuto"},"schema":{"@context":"https:\/\/schema.org","@graph":[{"@type":"WebPage","@id":"http:\/\/soloreglasgolf.com\/WordPress3\/test-reglas-golf\/test-reglas-instrucciones\/","url":"http:\/\/soloreglasgolf.com\/WordPress3\/test-reglas-golf\/test-reglas-instrucciones\/","name":"Test Reglas Instrucciones - SoloReglasGolf","isPartOf":{"@id":"http:\/\/soloreglasgolf.com\/WordPress3\/#website"},"datePublished":"2012-10-10T07:26:16+00:00","dateModified":"2013-01-13T23:54:19+00:00","description":"Instrucciones para cumplimentar los distintos test de Reglas de Golf","breadcrumb":{"@id":"http:\/\/soloreglasgolf.com\/WordPress3\/test-reglas-golf\/test-reglas-instrucciones\/#breadcrumb"},"inLanguage":"es","potentialAction":[{"@type":"ReadAction","target":["http:\/\/soloreglasgolf.com\/WordPress3\/test-reglas-golf\/test-reglas-instrucciones\/"]}]},{"@type":"BreadcrumbList","@id":"http:\/\/soloreglasgolf.com\/WordPress3\/test-reglas-golf\/test-reglas-instrucciones\/#breadcrumb","itemListElement":[{"@type":"ListItem","position":1,"name":"Portada","item":"http:\/\/soloreglasgolf.com\/WordPress3\/"},{"@type":"ListItem","position":2,"name":"Privado: Test Reglas Golf","item":"https:\/\/soloreglasgolf.com\/WordPress3\/?page_id=12"},{"@type":"ListItem","position":3,"name":"Test Reglas Instrucciones"}]},{"@type":"WebSite","@id":"http:\/\/soloreglasgolf.com\/WordPress3\/#website","url":"http:\/\/soloreglasgolf.com\/WordPress3\/","name":"SoloReglasGolf","description":"Conversando sobre  Reglas de Golf","potentialAction":[{"@type":"SearchAction","target":{"@type":"EntryPoint","urlTemplate":"http:\/\/soloreglasgolf.com\/WordPress3\/?s={search_term_string}"},"query-input":"required name=search_term_string"}],"inLanguage":"es"}]}},"jetpack_sharing_enabled":true,"jetpack_shortlink":"https:\/\/wp.me\/P36cD2-1gX","_links":{"self":[{"href":"http:\/\/soloreglasgolf.com\/WordPress3\/wp-json\/wp\/v2\/pages\/4895","targetHints":{"allow":["GET"]}}],"collection":[{"href":"http:\/\/soloreglasgolf.com\/WordPress3\/wp-json\/wp\/v2\/pages"}],"about":[{"href":"http:\/\/soloreglasgolf.com\/WordPress3\/wp-json\/wp\/v2\/types\/page"}],"author":[{"embeddable":true,"href":"http:\/\/soloreglasgolf.com\/WordPress3\/wp-json\/wp\/v2\/users\/28"}],"replies":[{"embeddable":true,"href":"http:\/\/soloreglasgolf.com\/WordPress3\/wp-json\/wp\/v2\/comments?post=4895"}],"version-history":[{"count":0,"href":"http:\/\/soloreglasgolf.com\/WordPress3\/wp-json\/wp\/v2\/pages\/4895\/revisions"}],"up":[{"embeddable":true,"href":"http:\/\/soloreglasgolf.com\/WordPress3\/wp-json\/wp\/v2\/pages\/12"}],"wp:attachment":[{"href":"http:\/\/soloreglasgolf.com\/WordPress3\/wp-json\/wp\/v2\/media?parent=4895"}],"curies":[{"name":"wp","href":"https:\/\/api.w.org\/{rel}","templated":true}]}}