{"id":44119,"date":"2021-05-09T19:55:12","date_gmt":"2021-05-09T17:55:12","guid":{"rendered":"http:\/\/soloreglasgolf.com\/WordPress3\/?page_id=44119"},"modified":"2021-05-09T19:55:51","modified_gmt":"2021-05-09T17:55:51","slug":"12-3-reglas-especificas-para-alivio-de-una-bola-en-bunker","status":"publish","type":"page","link":"http:\/\/soloreglasgolf.com\/WordPress3\/reglas-2019\/iv-reglas-especiales-para-bunkers-y-greens\/regla-12\/12-3-reglas-especificas-para-alivio-de-una-bola-en-bunker\/","title":{"rendered":"12.3 Reglas Espec\u00edficas para Alivio de una Bola en Bunker"},"content":{"rendered":"<p>Cuando una bola est\u00e1 en un bunker, puede que se apliquen Reglas espec\u00edficas de alivio en estas situaciones:<\/p>\n<ul>\n<li>Interferencia de una condici\u00f3n anormal del campo (Regla 16.1c),<\/li>\n<li>Interferencia de una condici\u00f3n de animal peligroso (Regla 16.2), y<\/li>\n<li>Bola injugable (Regla 19.3).<\/li>\n<\/ul>\n<div class=\"g g-2\"><div class=\"g-single a-16\"><script type=\"text\/javascript\"><!--\r\ngoogle_ad_client = \"ca-pub-2363348512557029\";\r\n\/* Blog pagina-post *\/\r\ngoogle_ad_slot = \"1564877784\";\r\ngoogle_ad_width = 728;\r\ngoogle_ad_height = 90;\r\n\/\/-->\r\n<\/script>\r\n<script type=\"text\/javascript\"\r\nsrc=\"http:\/\/pagead2.googlesyndication.com\/pagead\/show_ads.js\">\r\n<\/script><\/div><\/div>\n","protected":false},"excerpt":{"rendered":"<p>Cuando una bola est\u00e1 en un bunker, puede que se apliquen Reglas espec\u00edficas de alivio en estas situaciones: Interferencia de una condici\u00f3n anormal del campo (Regla 16.1c), Interferencia de una condici\u00f3n de animal peligroso (Regla 16.2), y Bola injugable (Regla 19.3).<\/p>\n","protected":false},"author":28,"featured_media":0,"parent":13286,"menu_order":0,"comment_status":"closed","ping_status":"closed","template":"","meta":{"jetpack_post_was_ever_published":false,"footnotes":""},"class_list":["post-44119","page","type-page","status-publish","hentry","post-seq-1","post-parity-odd","meta-position-corners","fix"],"yoast_head":"<!-- This site is optimized with the Yoast SEO plugin v22.0 - https:\/\/yoast.com\/wordpress\/plugins\/seo\/ -->\n<title>12.3 Reglas Espec\u00edficas para Alivio de una Bola en Bunker - SoloReglasGolf<\/title>\n<meta name=\"robots\" content=\"index, follow, max-snippet:-1, max-image-preview:large, max-video-preview:-1\" \/>\n<link rel=\"canonical\" href=\"https:\/\/soloreglasgolf.com\/WordPress3\/reglas-2019\/iv-reglas-especiales-para-bunkers-y-greens\/regla-12\/12-3-reglas-especificas-para-alivio-de-una-bola-en-bunker\/\" \/>\n<meta name=\"twitter:label1\" content=\"Tiempo de lectura\" \/>\n\t<meta name=\"twitter:data1\" content=\"1 minuto\" \/>\n<script type=\"application\/ld+json\" class=\"yoast-schema-graph\">{\"@context\":\"https:\/\/schema.org\",\"@graph\":[{\"@type\":\"WebPage\",\"@id\":\"https:\/\/soloreglasgolf.com\/WordPress3\/reglas-2019\/iv-reglas-especiales-para-bunkers-y-greens\/regla-12\/12-3-reglas-especificas-para-alivio-de-una-bola-en-bunker\/\",\"url\":\"https:\/\/soloreglasgolf.com\/WordPress3\/reglas-2019\/iv-reglas-especiales-para-bunkers-y-greens\/regla-12\/12-3-reglas-especificas-para-alivio-de-una-bola-en-bunker\/\",\"name\":\"12.3 Reglas Espec\u00edficas para Alivio de una Bola en Bunker - SoloReglasGolf\",\"isPartOf\":{\"@id\":\"http:\/\/soloreglasgolf.com\/WordPress3\/#website\"},\"datePublished\":\"2021-05-09T17:55:12+00:00\",\"dateModified\":\"2021-05-09T17:55:51+00:00\",\"breadcrumb\":{\"@id\":\"https:\/\/soloreglasgolf.com\/WordPress3\/reglas-2019\/iv-reglas-especiales-para-bunkers-y-greens\/regla-12\/12-3-reglas-especificas-para-alivio-de-una-bola-en-bunker\/#breadcrumb\"},\"inLanguage\":\"es\",\"potentialAction\":[{\"@type\":\"ReadAction\",\"target\":[\"https:\/\/soloreglasgolf.com\/WordPress3\/reglas-2019\/iv-reglas-especiales-para-bunkers-y-greens\/regla-12\/12-3-reglas-especificas-para-alivio-de-una-bola-en-bunker\/\"]}]},{\"@type\":\"BreadcrumbList\",\"@id\":\"https:\/\/soloreglasgolf.com\/WordPress3\/reglas-2019\/iv-reglas-especiales-para-bunkers-y-greens\/regla-12\/12-3-reglas-especificas-para-alivio-de-una-bola-en-bunker\/#breadcrumb\",\"itemListElement\":[{\"@type\":\"ListItem\",\"position\":1,\"name\":\"Portada\",\"item\":\"http:\/\/soloreglasgolf.com\/WordPress3\/\"},{\"@type\":\"ListItem\",\"position\":2,\"name\":\"Reglas 2019\",\"item\":\"http:\/\/soloreglasgolf.com\/WordPress3\/reglas-2019\/\"},{\"@type\":\"ListItem\",\"position\":3,\"name\":\"IV. Reglas Especiales para Bunkers y Greens\",\"item\":\"https:\/\/soloreglasgolf.com\/WordPress3\/reglas-2019\/iv-reglas-especiales-para-bunkers-y-greens\/\"},{\"@type\":\"ListItem\",\"position\":4,\"name\":\"Regla 12 &#8211; Bunkers\",\"item\":\"https:\/\/soloreglasgolf.com\/WordPress3\/reglas-2019\/iv-reglas-especiales-para-bunkers-y-greens\/regla-12\/\"},{\"@type\":\"ListItem\",\"position\":5,\"name\":\"12.3 Reglas Espec\u00edficas para Alivio de una Bola en Bunker\"}]},{\"@type\":\"WebSite\",\"@id\":\"http:\/\/soloreglasgolf.com\/WordPress3\/#website\",\"url\":\"http:\/\/soloreglasgolf.com\/WordPress3\/\",\"name\":\"SoloReglasGolf\",\"description\":\"Conversando sobre  Reglas de Golf\",\"potentialAction\":[{\"@type\":\"SearchAction\",\"target\":{\"@type\":\"EntryPoint\",\"urlTemplate\":\"http:\/\/soloreglasgolf.com\/WordPress3\/?s={search_term_string}\"},\"query-input\":\"required name=search_term_string\"}],\"inLanguage\":\"es\"}]}<\/script>\n<!-- \/ Yoast SEO plugin. -->","yoast_head_json":{"title":"12.3 Reglas Espec\u00edficas para Alivio de una Bola en Bunker - SoloReglasGolf","robots":{"index":"index","follow":"follow","max-snippet":"max-snippet:-1","max-image-preview":"max-image-preview:large","max-video-preview":"max-video-preview:-1"},"canonical":"https:\/\/soloreglasgolf.com\/WordPress3\/reglas-2019\/iv-reglas-especiales-para-bunkers-y-greens\/regla-12\/12-3-reglas-especificas-para-alivio-de-una-bola-en-bunker\/","twitter_misc":{"Tiempo de lectura":"1 minuto"},"schema":{"@context":"https:\/\/schema.org","@graph":[{"@type":"WebPage","@id":"https:\/\/soloreglasgolf.com\/WordPress3\/reglas-2019\/iv-reglas-especiales-para-bunkers-y-greens\/regla-12\/12-3-reglas-especificas-para-alivio-de-una-bola-en-bunker\/","url":"https:\/\/soloreglasgolf.com\/WordPress3\/reglas-2019\/iv-reglas-especiales-para-bunkers-y-greens\/regla-12\/12-3-reglas-especificas-para-alivio-de-una-bola-en-bunker\/","name":"12.3 Reglas Espec\u00edficas para Alivio de una Bola en Bunker - SoloReglasGolf","isPartOf":{"@id":"http:\/\/soloreglasgolf.com\/WordPress3\/#website"},"datePublished":"2021-05-09T17:55:12+00:00","dateModified":"2021-05-09T17:55:51+00:00","breadcrumb":{"@id":"https:\/\/soloreglasgolf.com\/WordPress3\/reglas-2019\/iv-reglas-especiales-para-bunkers-y-greens\/regla-12\/12-3-reglas-especificas-para-alivio-de-una-bola-en-bunker\/#breadcrumb"},"inLanguage":"es","potentialAction":[{"@type":"ReadAction","target":["https:\/\/soloreglasgolf.com\/WordPress3\/reglas-2019\/iv-reglas-especiales-para-bunkers-y-greens\/regla-12\/12-3-reglas-especificas-para-alivio-de-una-bola-en-bunker\/"]}]},{"@type":"BreadcrumbList","@id":"https:\/\/soloreglasgolf.com\/WordPress3\/reglas-2019\/iv-reglas-especiales-para-bunkers-y-greens\/regla-12\/12-3-reglas-especificas-para-alivio-de-una-bola-en-bunker\/#breadcrumb","itemListElement":[{"@type":"ListItem","position":1,"name":"Portada","item":"http:\/\/soloreglasgolf.com\/WordPress3\/"},{"@type":"ListItem","position":2,"name":"Reglas 2019","item":"http:\/\/soloreglasgolf.com\/WordPress3\/reglas-2019\/"},{"@type":"ListItem","position":3,"name":"IV. Reglas Especiales para Bunkers y Greens","item":"https:\/\/soloreglasgolf.com\/WordPress3\/reglas-2019\/iv-reglas-especiales-para-bunkers-y-greens\/"},{"@type":"ListItem","position":4,"name":"Regla 12 &#8211; Bunkers","item":"https:\/\/soloreglasgolf.com\/WordPress3\/reglas-2019\/iv-reglas-especiales-para-bunkers-y-greens\/regla-12\/"},{"@type":"ListItem","position":5,"name":"12.3 Reglas Espec\u00edficas para Alivio de una Bola en Bunker"}]},{"@type":"WebSite","@id":"http:\/\/soloreglasgolf.com\/WordPress3\/#website","url":"http:\/\/soloreglasgolf.com\/WordPress3\/","name":"SoloReglasGolf","description":"Conversando sobre  Reglas de Golf","potentialAction":[{"@type":"SearchAction","target":{"@type":"EntryPoint","urlTemplate":"http:\/\/soloreglasgolf.com\/WordPress3\/?s={search_term_string}"},"query-input":"required name=search_term_string"}],"inLanguage":"es"}]}},"jetpack_sharing_enabled":true,"jetpack_shortlink":"https:\/\/wp.me\/P36cD2-btB","_links":{"self":[{"href":"http:\/\/soloreglasgolf.com\/WordPress3\/wp-json\/wp\/v2\/pages\/44119","targetHints":{"allow":["GET"]}}],"collection":[{"href":"http:\/\/soloreglasgolf.com\/WordPress3\/wp-json\/wp\/v2\/pages"}],"about":[{"href":"http:\/\/soloreglasgolf.com\/WordPress3\/wp-json\/wp\/v2\/types\/page"}],"author":[{"embeddable":true,"href":"http:\/\/soloreglasgolf.com\/WordPress3\/wp-json\/wp\/v2\/users\/28"}],"replies":[{"embeddable":true,"href":"http:\/\/soloreglasgolf.com\/WordPress3\/wp-json\/wp\/v2\/comments?post=44119"}],"version-history":[{"count":2,"href":"http:\/\/soloreglasgolf.com\/WordPress3\/wp-json\/wp\/v2\/pages\/44119\/revisions"}],"predecessor-version":[{"id":44121,"href":"http:\/\/soloreglasgolf.com\/WordPress3\/wp-json\/wp\/v2\/pages\/44119\/revisions\/44121"}],"up":[{"embeddable":true,"href":"http:\/\/soloreglasgolf.com\/WordPress3\/wp-json\/wp\/v2\/pages\/13286"}],"wp:attachment":[{"href":"http:\/\/soloreglasgolf.com\/WordPress3\/wp-json\/wp\/v2\/media?parent=44119"}],"curies":[{"name":"wp","href":"https:\/\/api.w.org\/{rel}","templated":true}]}}