{"id":44055,"date":"2021-05-07T17:12:41","date_gmt":"2021-05-07T15:12:41","guid":{"rendered":"http:\/\/soloreglasgolf.com\/WordPress3\/?page_id=44055"},"modified":"2021-05-07T17:12:41","modified_gmt":"2021-05-07T15:12:41","slug":"14-7-jugando-desde-lugar-equivocado","status":"publish","type":"page","link":"http:\/\/soloreglasgolf.com\/WordPress3\/reglas-2019\/v-levantando-y-volviendo-a-poner-una-bola-en-juego\/regla-14\/14-7-jugando-desde-lugar-equivocado\/","title":{"rendered":"14.7 Jugando Desde Lugar Equivocado"},"content":{"rendered":"<p><strong>14.7a Lugar Desde D\u00f3nde Hay que Jugar la Bola<\/strong><br \/>\nDespu\u00e9s de comenzar un hoyo:<\/p>\n<ul>\n<li>Un jugador debe jugar cada golpe desde donde su bola qued\u00f3 en reposo, excepto cuando las Reglas obligan o permiten al jugador jugar una bola desde otro lugar (ver Regla 9.1).<\/li>\n<li>Un jugador no debe jugar su bola en juego desde lugar equivocado.<\/li>\n<\/ul>\n<p>Penalizaci\u00f3n por Jugar Desde Lugar Equivocado Infringiendo la Regla 14.7a: Penalizaci\u00f3n General.<br \/>\nSi m\u00faltiples infracciones a la Regla resultan de un solo acto o actos relacionados, ver Regla 1.3c(4).<\/p>\n<p>&nbsp;<\/p>\n<p><strong>14.7b C\u00f3mo Completar un Hoyo Despu\u00e9s de Jugar Desde Lugar Equivocado en Stroke Play (Juego por Golpes)<\/strong><br \/>\n(1) El Jugador Debe Decidir Si Completar el Hoyo con la Bola Jugada desde Lugar Equivocado o Corregir el Error Jugando Desde el Lugar Correcto. Lo que deber\u00e1 hacer el jugador a continuaci\u00f3n, depende de si podr\u00eda existir una grave infracci\u00f3n\u2013 es decir, si el jugador podr\u00eda haber obtenido una ventaja significativa al jugar desde lugar equivocado:<\/p>\n<ul>\n<li>No Es Grave Infracci\u00f3n. El jugador debe terminar el hoyo con la bola jugada desde lugar equivocado, sin corregir el error.<\/li>\n<li>Es Grave Infracci\u00f3n.\n<ul>\n<li>El jugador debe corregir el error completando el hoyo con una bola jugada<br \/>\ndesde el lugar correcto, de acuerdo con las Reglas.<\/li>\n<li>Si el jugador no corrige el error antes de ejecutar un golpe para comenzar<br \/>\notro hoyo o, si se trata del \u00faltimo hoyo de la vuelta, antes de entregar la<br \/>\ntarjeta de resultados, el jugador est\u00e1 descalificado.<\/li>\n<\/ul>\n<\/li>\n<li>C\u00f3mo Proceder en Caso de Duda Sobre si La Infracci\u00f3n es Grave o No. El jugador deber\u00eda terminar el hoyo con la bola original jugada desde lugar equivocado y con una segunda bola jugada desde el lugar correcto conforme a las Reglas.<\/li>\n<\/ul>\n<p>(2) Jugador que Intenta Corregir el Error Debe Informar al Comit\u00e9. Si el jugador intenta corregir el error bajo (1) jugando una bola desde un lugar correcto:<\/p>\n<ul>\n<li>El jugador debe informar al Comit\u00e9 de los hechos antes de entregar la tarjeta<br \/>\nde resultados.<\/li>\n<li>Esto se aplica tanto si el jugador termin\u00f3 el hoyo con solo esa bola, como si la termin\u00f3 con dos bolas (e incluso si el resultado para el hoyo es el mismo con ambas bolas).<\/li>\n<\/ul>\n<p>Si el jugador no informa al Comit\u00e9 de los hechos, est\u00e1 <strong>descalificado.<\/strong><\/p>\n<p>(3) Cuando el Jugador Intent\u00f3 Corregir el Error, el Comit\u00e9 Decidir\u00e1 el Resultado del Jugador para el Hoyo. El resultado del jugador para el hoyo depende de si el Comit\u00e9 decide que hab\u00eda una grave infracci\u00f3n al jugar la bola original desde lugar equivocado:<\/p>\n<ul>\n<li>No Hab\u00eda Grave Infracci\u00f3n.\n<ul>\n<li>Cuenta el resultado con la bola jugada desde lugar equivocado y el jugador incurre en la penalizaci\u00f3n general bajo la Regla 14.7a (lo que significa que debe sumar dos golpes de penalizaci\u00f3n al resultado con esa bola).<\/li>\n<li>Si se jug\u00f3 una segunda bola, todos los golpes ejecutados con esa bola (incluyendo golpes ejecutados y cualquier golpe de penalizaci\u00f3n incurrido \u00fanicamente al jugar esa bola) no cuentan.<\/li>\n<\/ul>\n<\/li>\n<li>Es Grave Infracci\u00f3n.\n<ul>\n<li>Cuenta el resultado con la bola jugada para corregir el error de jugar desde lugar equivocado y el jugador incurre en la penalizaci\u00f3n general bajo la Regla 14.7a (que significa que debe sumar dos golpes de penalizaci\u00f3n al resultado con esa bola).<\/li>\n<li>El golpe ejecutado al jugar la bola original desde un lugar equivocado y cualquier golpe m\u00e1s jugado con esa bola (incluyendo los golpes ejecutados y cualquier golpe de penalizaci\u00f3n \u00fanicamente al jugar esa bola) no cuentan.<\/li>\n<li>Si la bola jugada para corregir el error tambi\u00e9n se jug\u00f3 desde lugar equivocado:<br \/>\n\u2013\u2013 Si el Comit\u00e9 decide que no era una grave infracci\u00f3n, el jugador incurre en la penalizaci\u00f3n general (dos golpes m\u00e1s de penalizaci\u00f3n) bajo la Regla 14.7a, significando un total de cuatro golpes de penalizaci\u00f3n que deben ser a\u00f1adidos al resultado con esa bola (dos por jugar la bola original desde lugar equivocado y dos por jugar la otra bola desde lugar<br \/>\nequivocado).<br \/>\n\u2013\u2013 Si el Comit\u00e9 decide que era una grave infracci\u00f3n, el jugador est\u00e1descalificado.<\/li>\n<\/ul>\n<\/li>\n<\/ul>\n\n","protected":false},"excerpt":{"rendered":"<p>14.7a Lugar Desde D\u00f3nde Hay que Jugar la Bola Despu\u00e9s de comenzar un hoyo: Un jugador debe jugar cada golpe desde donde su bola qued\u00f3 en reposo, excepto cuando las Reglas obligan o permiten al jugador jugar una bola desde otro lugar (ver Regla 9.1). Un jugador no debe jugar su bola en juego desde <a href='http:\/\/soloreglasgolf.com\/WordPress3\/reglas-2019\/v-levantando-y-volviendo-a-poner-una-bola-en-juego\/regla-14\/14-7-jugando-desde-lugar-equivocado\/' class='excerpt-more'>[Leer + &#8230;]<\/a><\/p>\n","protected":false},"author":28,"featured_media":0,"parent":13290,"menu_order":0,"comment_status":"closed","ping_status":"closed","template":"","meta":{"jetpack_post_was_ever_published":false,"footnotes":""},"class_list":["post-44055","page","type-page","status-publish","hentry","post-seq-1","post-parity-odd","meta-position-corners","fix"],"yoast_head":"<!-- This site is optimized with the Yoast SEO plugin v22.0 - https:\/\/yoast.com\/wordpress\/plugins\/seo\/ -->\n<title>14.7 Jugando Desde Lugar Equivocado - SoloReglasGolf<\/title>\n<meta name=\"robots\" content=\"index, follow, max-snippet:-1, max-image-preview:large, max-video-preview:-1\" \/>\n<link rel=\"canonical\" href=\"http:\/\/soloreglasgolf.com\/WordPress3\/reglas-2019\/v-levantando-y-volviendo-a-poner-una-bola-en-juego\/regla-14\/14-7-jugando-desde-lugar-equivocado\/\" \/>\n<meta name=\"twitter:label1\" content=\"Tiempo de lectura\" \/>\n\t<meta name=\"twitter:data1\" content=\"3 minutos\" \/>\n<script type=\"application\/ld+json\" class=\"yoast-schema-graph\">{\"@context\":\"https:\/\/schema.org\",\"@graph\":[{\"@type\":\"WebPage\",\"@id\":\"http:\/\/soloreglasgolf.com\/WordPress3\/reglas-2019\/v-levantando-y-volviendo-a-poner-una-bola-en-juego\/regla-14\/14-7-jugando-desde-lugar-equivocado\/\",\"url\":\"http:\/\/soloreglasgolf.com\/WordPress3\/reglas-2019\/v-levantando-y-volviendo-a-poner-una-bola-en-juego\/regla-14\/14-7-jugando-desde-lugar-equivocado\/\",\"name\":\"14.7 Jugando Desde Lugar Equivocado - SoloReglasGolf\",\"isPartOf\":{\"@id\":\"http:\/\/soloreglasgolf.com\/WordPress3\/#website\"},\"datePublished\":\"2021-05-07T15:12:41+00:00\",\"dateModified\":\"2021-05-07T15:12:41+00:00\",\"breadcrumb\":{\"@id\":\"http:\/\/soloreglasgolf.com\/WordPress3\/reglas-2019\/v-levantando-y-volviendo-a-poner-una-bola-en-juego\/regla-14\/14-7-jugando-desde-lugar-equivocado\/#breadcrumb\"},\"inLanguage\":\"es\",\"potentialAction\":[{\"@type\":\"ReadAction\",\"target\":[\"http:\/\/soloreglasgolf.com\/WordPress3\/reglas-2019\/v-levantando-y-volviendo-a-poner-una-bola-en-juego\/regla-14\/14-7-jugando-desde-lugar-equivocado\/\"]}]},{\"@type\":\"BreadcrumbList\",\"@id\":\"http:\/\/soloreglasgolf.com\/WordPress3\/reglas-2019\/v-levantando-y-volviendo-a-poner-una-bola-en-juego\/regla-14\/14-7-jugando-desde-lugar-equivocado\/#breadcrumb\",\"itemListElement\":[{\"@type\":\"ListItem\",\"position\":1,\"name\":\"Portada\",\"item\":\"http:\/\/soloreglasgolf.com\/WordPress3\/\"},{\"@type\":\"ListItem\",\"position\":2,\"name\":\"Reglas 2019\",\"item\":\"http:\/\/soloreglasgolf.com\/WordPress3\/reglas-2019\/\"},{\"@type\":\"ListItem\",\"position\":3,\"name\":\"V. Levantando y Volviendo a Poner una Bola en Juego\",\"item\":\"http:\/\/soloreglasgolf.com\/WordPress3\/reglas-2019\/v-levantando-y-volviendo-a-poner-una-bola-en-juego\/\"},{\"@type\":\"ListItem\",\"position\":4,\"name\":\"Regla 14 \u2013 Procedimientos para la Bola: Marcar, Levantar y Limpiar, Reponer en el Punto, Dropar en \u00c1rea de Alivio, Jugar de Lugar Equivocado\",\"item\":\"http:\/\/soloreglasgolf.com\/WordPress3\/reglas-2019\/v-levantando-y-volviendo-a-poner-una-bola-en-juego\/regla-14\/\"},{\"@type\":\"ListItem\",\"position\":5,\"name\":\"14.7 Jugando Desde Lugar Equivocado\"}]},{\"@type\":\"WebSite\",\"@id\":\"http:\/\/soloreglasgolf.com\/WordPress3\/#website\",\"url\":\"http:\/\/soloreglasgolf.com\/WordPress3\/\",\"name\":\"SoloReglasGolf\",\"description\":\"Conversando sobre  Reglas de Golf\",\"potentialAction\":[{\"@type\":\"SearchAction\",\"target\":{\"@type\":\"EntryPoint\",\"urlTemplate\":\"http:\/\/soloreglasgolf.com\/WordPress3\/?s={search_term_string}\"},\"query-input\":\"required name=search_term_string\"}],\"inLanguage\":\"es\"}]}<\/script>\n<!-- \/ Yoast SEO plugin. -->","yoast_head_json":{"title":"14.7 Jugando Desde Lugar Equivocado - SoloReglasGolf","robots":{"index":"index","follow":"follow","max-snippet":"max-snippet:-1","max-image-preview":"max-image-preview:large","max-video-preview":"max-video-preview:-1"},"canonical":"http:\/\/soloreglasgolf.com\/WordPress3\/reglas-2019\/v-levantando-y-volviendo-a-poner-una-bola-en-juego\/regla-14\/14-7-jugando-desde-lugar-equivocado\/","twitter_misc":{"Tiempo de lectura":"3 minutos"},"schema":{"@context":"https:\/\/schema.org","@graph":[{"@type":"WebPage","@id":"http:\/\/soloreglasgolf.com\/WordPress3\/reglas-2019\/v-levantando-y-volviendo-a-poner-una-bola-en-juego\/regla-14\/14-7-jugando-desde-lugar-equivocado\/","url":"http:\/\/soloreglasgolf.com\/WordPress3\/reglas-2019\/v-levantando-y-volviendo-a-poner-una-bola-en-juego\/regla-14\/14-7-jugando-desde-lugar-equivocado\/","name":"14.7 Jugando Desde Lugar Equivocado - SoloReglasGolf","isPartOf":{"@id":"http:\/\/soloreglasgolf.com\/WordPress3\/#website"},"datePublished":"2021-05-07T15:12:41+00:00","dateModified":"2021-05-07T15:12:41+00:00","breadcrumb":{"@id":"http:\/\/soloreglasgolf.com\/WordPress3\/reglas-2019\/v-levantando-y-volviendo-a-poner-una-bola-en-juego\/regla-14\/14-7-jugando-desde-lugar-equivocado\/#breadcrumb"},"inLanguage":"es","potentialAction":[{"@type":"ReadAction","target":["http:\/\/soloreglasgolf.com\/WordPress3\/reglas-2019\/v-levantando-y-volviendo-a-poner-una-bola-en-juego\/regla-14\/14-7-jugando-desde-lugar-equivocado\/"]}]},{"@type":"BreadcrumbList","@id":"http:\/\/soloreglasgolf.com\/WordPress3\/reglas-2019\/v-levantando-y-volviendo-a-poner-una-bola-en-juego\/regla-14\/14-7-jugando-desde-lugar-equivocado\/#breadcrumb","itemListElement":[{"@type":"ListItem","position":1,"name":"Portada","item":"http:\/\/soloreglasgolf.com\/WordPress3\/"},{"@type":"ListItem","position":2,"name":"Reglas 2019","item":"http:\/\/soloreglasgolf.com\/WordPress3\/reglas-2019\/"},{"@type":"ListItem","position":3,"name":"V. Levantando y Volviendo a Poner una Bola en Juego","item":"http:\/\/soloreglasgolf.com\/WordPress3\/reglas-2019\/v-levantando-y-volviendo-a-poner-una-bola-en-juego\/"},{"@type":"ListItem","position":4,"name":"Regla 14 \u2013 Procedimientos para la Bola: Marcar, Levantar y Limpiar, Reponer en el Punto, Dropar en \u00c1rea de Alivio, Jugar de Lugar Equivocado","item":"http:\/\/soloreglasgolf.com\/WordPress3\/reglas-2019\/v-levantando-y-volviendo-a-poner-una-bola-en-juego\/regla-14\/"},{"@type":"ListItem","position":5,"name":"14.7 Jugando Desde Lugar Equivocado"}]},{"@type":"WebSite","@id":"http:\/\/soloreglasgolf.com\/WordPress3\/#website","url":"http:\/\/soloreglasgolf.com\/WordPress3\/","name":"SoloReglasGolf","description":"Conversando sobre  Reglas de Golf","potentialAction":[{"@type":"SearchAction","target":{"@type":"EntryPoint","urlTemplate":"http:\/\/soloreglasgolf.com\/WordPress3\/?s={search_term_string}"},"query-input":"required name=search_term_string"}],"inLanguage":"es"}]}},"jetpack_sharing_enabled":true,"jetpack_shortlink":"https:\/\/wp.me\/P36cD2-bsz","_links":{"self":[{"href":"http:\/\/soloreglasgolf.com\/WordPress3\/wp-json\/wp\/v2\/pages\/44055","targetHints":{"allow":["GET"]}}],"collection":[{"href":"http:\/\/soloreglasgolf.com\/WordPress3\/wp-json\/wp\/v2\/pages"}],"about":[{"href":"http:\/\/soloreglasgolf.com\/WordPress3\/wp-json\/wp\/v2\/types\/page"}],"author":[{"embeddable":true,"href":"http:\/\/soloreglasgolf.com\/WordPress3\/wp-json\/wp\/v2\/users\/28"}],"replies":[{"embeddable":true,"href":"http:\/\/soloreglasgolf.com\/WordPress3\/wp-json\/wp\/v2\/comments?post=44055"}],"version-history":[{"count":4,"href":"http:\/\/soloreglasgolf.com\/WordPress3\/wp-json\/wp\/v2\/pages\/44055\/revisions"}],"predecessor-version":[{"id":44059,"href":"http:\/\/soloreglasgolf.com\/WordPress3\/wp-json\/wp\/v2\/pages\/44055\/revisions\/44059"}],"up":[{"embeddable":true,"href":"http:\/\/soloreglasgolf.com\/WordPress3\/wp-json\/wp\/v2\/pages\/13290"}],"wp:attachment":[{"href":"http:\/\/soloreglasgolf.com\/WordPress3\/wp-json\/wp\/v2\/media?parent=44055"}],"curies":[{"name":"wp","href":"https:\/\/api.w.org\/{rel}","templated":true}]}}