{"id":44042,"date":"2021-05-07T16:44:32","date_gmt":"2021-05-07T14:44:32","guid":{"rendered":"http:\/\/soloreglasgolf.com\/WordPress3\/?page_id=44042"},"modified":"2021-05-07T16:44:32","modified_gmt":"2021-05-07T14:44:32","slug":"4-2-bolas","status":"publish","type":"page","link":"http:\/\/soloreglasgolf.com\/WordPress3\/reglas-2019\/i_fundamentos_juego\/regla-04\/4-2-bolas\/","title":{"rendered":"4.2 Bolas"},"content":{"rendered":"<p><strong>4.2a Bolas Permitidas Durante el Juego de una Vuelta<\/strong><br \/>\n(1) Debe Jugarse con Bolas Conformes. Al ejecutar cada golpe, un jugador debe utilizar una bola que sea conforme con los requerimientos contenidos en las Reglas del Equipamiento.<br \/>\nUn jugador puede obtener una bola conforme para jugar de cualquier otra persona, incluyendo otro jugador en el campo.<\/p>\n<p>(2) No Debe Jugarse con una Bola Deliberadamente Alterada. El jugador no debe ejecutar ning\u00fan golpe con una bola cuyas caracter\u00edsticas de juego hayan sido deliberadamente alteradas, como rasp\u00e1ndola o calent\u00e1ndola o aplic\u00e1ndole cualquier sustancia (distinta a la utilizada para limpiarla).<\/p>\n<p>Penalizaci\u00f3n por Ejecutar un Golpe Infringiendo la Regla 4.2a: Descalificaci\u00f3n.<\/p>\n<p><strong>4.2b Bola se Rompe en Pedazos Durante el Juego de un Hoyo<\/strong><br \/>\nSi la bola de un jugador <strong>se rompe en pedazos<\/strong> <strong>despu\u00e9s de un golpe<\/strong>, <strong>no hay penalizaci\u00f3n<\/strong> y el <strong>golpe<\/strong> <strong>no cuenta<\/strong>.<\/p>\n<p>El jugador deber\u00e1 jugar otra bola desde donde ese golpe fue jugado (ver Regla 14.6).<\/p>\n<p>Penalizaci\u00f3n por Jugar una Bola desde Lugar Equivocado infringiendo la Regla 4.2b:<br \/>\nPenalizaci\u00f3n General bajo la Regla 14.7a.<\/p>\n<p><strong>4.2c Bola se Corta o Agrieta Durante el Juego de un Hoyo<\/strong><br \/>\n(1) Levantar la Bola para Ver si est\u00e1 Cortada o Agrietada. Si un jugador cree razonablemente que su bola se ha cortado o agrietado durante el juego de un hoyo:<\/p>\n<ul>\n<li>El jugador puede levantar la bola para comprobarlo, pero:<\/li>\n<li>El punto de reposo debe ser marcado primero y la bola no debe ser limpiada (excepto cuando est\u00e1 en el green) (ver Regla 14.1).<\/li>\n<\/ul>\n<p>Si el jugador levanta la bola sin tener esta creencia razonable (excepto en el green donde el jugador puede levantarla bajo la Regla 13.1b), no marca la posici\u00f3n de la bola antes de levantarla o la limpia cuando no est\u00e1 permitido, el jugador incurre en un golpe de penalizaci\u00f3n.<\/p>\n<p>Si m\u00faltiples infracciones a la Regla con una penalizaci\u00f3n de un golpe resultan de un solo acto o actos relacionados, ver Regla 1.3c(4).<\/p>\n<p>(2) Cu\u00e1ndo Puede Sustituirse por Otra Bola. El jugador solo puede sustituir la bola original si se aprecia claramente que est\u00e1 cortada o agrietada y este da\u00f1o se ha producido durante el juego del hoyo que est\u00e1 jugando \u2013 pero no si solo est\u00e1 rayada o raspada o su pintura est\u00e1 solo da\u00f1ada o descolorida.<\/p>\n<ul>\n<li>Si la bola original est\u00e1 cortada o agrietada, el jugador debe reponer otra bola o la bola original en el punto de reposo original (ver Regla 14.2).<\/li>\n<li>Si la bola original no est\u00e1 cortada o agrietada, el jugador debe reponerla en el punto de reposo original (ver Regla 14.2).<\/li>\n<\/ul>\n<p>No hay nada en esta Regla que proh\u00edba a un jugador sustituir una bola bajo cualquier otra Regla o cambiar la bola entre dos hoyos.<\/p>\n<p>Penalizaci\u00f3n por Jugar una Bola Incorrectamente Sustituta o Jugar una Bola desde un Lugar Equivocado Infringiendo la Regla 4.2c: Penalizaci\u00f3n General bajo las Reglas 6.3b o 14.7a.<\/p>\n<p>Si m\u00faltiples infracciones a la Regla resultan de un solo acto o actos relacionados, ver Regla 1.3c(4).<\/p>\n<div class=\"g g-2\"><div class=\"g-single a-15\"><script type=\"text\/javascript\"><!--\r\ngoogle_ad_client = \"ca-pub-2363348512557029\";\r\n\/* Blog pagina-post *\/\r\ngoogle_ad_slot = \"1564877784\";\r\ngoogle_ad_width = 728;\r\ngoogle_ad_height = 90;\r\n\/\/-->\r\n<\/script>\r\n<script type=\"text\/javascript\"\r\nsrc=\"http:\/\/pagead2.googlesyndication.com\/pagead\/show_ads.js\">\r\n<\/script><\/div><\/div>\n","protected":false},"excerpt":{"rendered":"<p>4.2a Bolas Permitidas Durante el Juego de una Vuelta (1) Debe Jugarse con Bolas Conformes. Al ejecutar cada golpe, un jugador debe utilizar una bola que sea conforme con los requerimientos contenidos en las Reglas del Equipamiento. Un jugador puede obtener una bola conforme para jugar de cualquier otra persona, incluyendo otro jugador en el <a href='http:\/\/soloreglasgolf.com\/WordPress3\/reglas-2019\/i_fundamentos_juego\/regla-04\/4-2-bolas\/' class='excerpt-more'>[Leer + &#8230;]<\/a><\/p>\n","protected":false},"author":28,"featured_media":0,"parent":13269,"menu_order":0,"comment_status":"closed","ping_status":"closed","template":"","meta":{"jetpack_post_was_ever_published":false,"footnotes":""},"class_list":["post-44042","page","type-page","status-publish","hentry","post-seq-1","post-parity-odd","meta-position-corners","fix"],"yoast_head":"<!-- This site is optimized with the Yoast SEO plugin v22.0 - https:\/\/yoast.com\/wordpress\/plugins\/seo\/ -->\n<title>4.2 Bolas - SoloReglasGolf<\/title>\n<meta name=\"robots\" content=\"index, follow, max-snippet:-1, max-image-preview:large, max-video-preview:-1\" \/>\n<link rel=\"canonical\" href=\"http:\/\/soloreglasgolf.com\/WordPress3\/reglas-2019\/i_fundamentos_juego\/regla-04\/4-2-bolas\/\" \/>\n<meta name=\"twitter:label1\" content=\"Tiempo de lectura\" \/>\n\t<meta name=\"twitter:data1\" content=\"3 minutos\" \/>\n<script type=\"application\/ld+json\" class=\"yoast-schema-graph\">{\"@context\":\"https:\/\/schema.org\",\"@graph\":[{\"@type\":\"WebPage\",\"@id\":\"http:\/\/soloreglasgolf.com\/WordPress3\/reglas-2019\/i_fundamentos_juego\/regla-04\/4-2-bolas\/\",\"url\":\"http:\/\/soloreglasgolf.com\/WordPress3\/reglas-2019\/i_fundamentos_juego\/regla-04\/4-2-bolas\/\",\"name\":\"4.2 Bolas - SoloReglasGolf\",\"isPartOf\":{\"@id\":\"http:\/\/soloreglasgolf.com\/WordPress3\/#website\"},\"datePublished\":\"2021-05-07T14:44:32+00:00\",\"dateModified\":\"2021-05-07T14:44:32+00:00\",\"breadcrumb\":{\"@id\":\"http:\/\/soloreglasgolf.com\/WordPress3\/reglas-2019\/i_fundamentos_juego\/regla-04\/4-2-bolas\/#breadcrumb\"},\"inLanguage\":\"es\",\"potentialAction\":[{\"@type\":\"ReadAction\",\"target\":[\"http:\/\/soloreglasgolf.com\/WordPress3\/reglas-2019\/i_fundamentos_juego\/regla-04\/4-2-bolas\/\"]}]},{\"@type\":\"BreadcrumbList\",\"@id\":\"http:\/\/soloreglasgolf.com\/WordPress3\/reglas-2019\/i_fundamentos_juego\/regla-04\/4-2-bolas\/#breadcrumb\",\"itemListElement\":[{\"@type\":\"ListItem\",\"position\":1,\"name\":\"Portada\",\"item\":\"http:\/\/soloreglasgolf.com\/WordPress3\/\"},{\"@type\":\"ListItem\",\"position\":2,\"name\":\"Reglas 2019\",\"item\":\"http:\/\/soloreglasgolf.com\/WordPress3\/reglas-2019\/\"},{\"@type\":\"ListItem\",\"position\":3,\"name\":\"I. Fundamentos del Juego (Reglas 1-4)\",\"item\":\"https:\/\/soloreglasgolf.com\/WordPress3\/reglas-2019\/i_fundamentos_juego\/\"},{\"@type\":\"ListItem\",\"position\":4,\"name\":\"Regla 4 \u2013 El Equipo del Jugador\",\"item\":\"https:\/\/soloreglasgolf.com\/WordPress3\/reglas-2019\/i_fundamentos_juego\/regla-04\/\"},{\"@type\":\"ListItem\",\"position\":5,\"name\":\"4.2 Bolas\"}]},{\"@type\":\"WebSite\",\"@id\":\"http:\/\/soloreglasgolf.com\/WordPress3\/#website\",\"url\":\"http:\/\/soloreglasgolf.com\/WordPress3\/\",\"name\":\"SoloReglasGolf\",\"description\":\"Conversando sobre  Reglas de Golf\",\"potentialAction\":[{\"@type\":\"SearchAction\",\"target\":{\"@type\":\"EntryPoint\",\"urlTemplate\":\"http:\/\/soloreglasgolf.com\/WordPress3\/?s={search_term_string}\"},\"query-input\":\"required name=search_term_string\"}],\"inLanguage\":\"es\"}]}<\/script>\n<!-- \/ Yoast SEO plugin. -->","yoast_head_json":{"title":"4.2 Bolas - SoloReglasGolf","robots":{"index":"index","follow":"follow","max-snippet":"max-snippet:-1","max-image-preview":"max-image-preview:large","max-video-preview":"max-video-preview:-1"},"canonical":"http:\/\/soloreglasgolf.com\/WordPress3\/reglas-2019\/i_fundamentos_juego\/regla-04\/4-2-bolas\/","twitter_misc":{"Tiempo de lectura":"3 minutos"},"schema":{"@context":"https:\/\/schema.org","@graph":[{"@type":"WebPage","@id":"http:\/\/soloreglasgolf.com\/WordPress3\/reglas-2019\/i_fundamentos_juego\/regla-04\/4-2-bolas\/","url":"http:\/\/soloreglasgolf.com\/WordPress3\/reglas-2019\/i_fundamentos_juego\/regla-04\/4-2-bolas\/","name":"4.2 Bolas - SoloReglasGolf","isPartOf":{"@id":"http:\/\/soloreglasgolf.com\/WordPress3\/#website"},"datePublished":"2021-05-07T14:44:32+00:00","dateModified":"2021-05-07T14:44:32+00:00","breadcrumb":{"@id":"http:\/\/soloreglasgolf.com\/WordPress3\/reglas-2019\/i_fundamentos_juego\/regla-04\/4-2-bolas\/#breadcrumb"},"inLanguage":"es","potentialAction":[{"@type":"ReadAction","target":["http:\/\/soloreglasgolf.com\/WordPress3\/reglas-2019\/i_fundamentos_juego\/regla-04\/4-2-bolas\/"]}]},{"@type":"BreadcrumbList","@id":"http:\/\/soloreglasgolf.com\/WordPress3\/reglas-2019\/i_fundamentos_juego\/regla-04\/4-2-bolas\/#breadcrumb","itemListElement":[{"@type":"ListItem","position":1,"name":"Portada","item":"http:\/\/soloreglasgolf.com\/WordPress3\/"},{"@type":"ListItem","position":2,"name":"Reglas 2019","item":"http:\/\/soloreglasgolf.com\/WordPress3\/reglas-2019\/"},{"@type":"ListItem","position":3,"name":"I. Fundamentos del Juego (Reglas 1-4)","item":"https:\/\/soloreglasgolf.com\/WordPress3\/reglas-2019\/i_fundamentos_juego\/"},{"@type":"ListItem","position":4,"name":"Regla 4 \u2013 El Equipo del Jugador","item":"https:\/\/soloreglasgolf.com\/WordPress3\/reglas-2019\/i_fundamentos_juego\/regla-04\/"},{"@type":"ListItem","position":5,"name":"4.2 Bolas"}]},{"@type":"WebSite","@id":"http:\/\/soloreglasgolf.com\/WordPress3\/#website","url":"http:\/\/soloreglasgolf.com\/WordPress3\/","name":"SoloReglasGolf","description":"Conversando sobre  Reglas de Golf","potentialAction":[{"@type":"SearchAction","target":{"@type":"EntryPoint","urlTemplate":"http:\/\/soloreglasgolf.com\/WordPress3\/?s={search_term_string}"},"query-input":"required name=search_term_string"}],"inLanguage":"es"}]}},"jetpack_sharing_enabled":true,"jetpack_shortlink":"https:\/\/wp.me\/P36cD2-bsm","_links":{"self":[{"href":"http:\/\/soloreglasgolf.com\/WordPress3\/wp-json\/wp\/v2\/pages\/44042","targetHints":{"allow":["GET"]}}],"collection":[{"href":"http:\/\/soloreglasgolf.com\/WordPress3\/wp-json\/wp\/v2\/pages"}],"about":[{"href":"http:\/\/soloreglasgolf.com\/WordPress3\/wp-json\/wp\/v2\/types\/page"}],"author":[{"embeddable":true,"href":"http:\/\/soloreglasgolf.com\/WordPress3\/wp-json\/wp\/v2\/users\/28"}],"replies":[{"embeddable":true,"href":"http:\/\/soloreglasgolf.com\/WordPress3\/wp-json\/wp\/v2\/comments?post=44042"}],"version-history":[{"count":7,"href":"http:\/\/soloreglasgolf.com\/WordPress3\/wp-json\/wp\/v2\/pages\/44042\/revisions"}],"predecessor-version":[{"id":44049,"href":"http:\/\/soloreglasgolf.com\/WordPress3\/wp-json\/wp\/v2\/pages\/44042\/revisions\/44049"}],"up":[{"embeddable":true,"href":"http:\/\/soloreglasgolf.com\/WordPress3\/wp-json\/wp\/v2\/pages\/13269"}],"wp:attachment":[{"href":"http:\/\/soloreglasgolf.com\/WordPress3\/wp-json\/wp\/v2\/media?parent=44042"}],"curies":[{"name":"wp","href":"https:\/\/api.w.org\/{rel}","templated":true}]}}