{"id":43961,"date":"2021-05-03T23:57:50","date_gmt":"2021-05-03T21:57:50","guid":{"rendered":"http:\/\/soloreglasgolf.com\/WordPress3\/?page_id=43961"},"modified":"2021-05-03T23:57:50","modified_gmt":"2021-05-03T21:57:50","slug":"17-1d-alivio-para-bola-en-area-de-penalizacion","status":"publish","type":"page","link":"http:\/\/soloreglasgolf.com\/WordPress3\/reglas-2019\/regla-17\/17-1-opciones-para-una-bola-en-area-de-penalizacion\/17-1d-alivio-para-bola-en-area-de-penalizacion\/","title":{"rendered":"17.1d Alivio para Bola en \u00c1rea de Penalizaci\u00f3n"},"content":{"rendered":"<p>Si la bola de un jugador est\u00e1 en un \u00e1rea de penalizaci\u00f3n, incluyendo cuando es conocido o virtualmente cierto que qued\u00f3 en reposo en un \u00e1rea de penalizaci\u00f3n, pero no se ha encontrado, el jugador tiene estas opciones de alivio, todas con un golpe de penalizaci\u00f3n:<\/p>\n<ul>\n<li><strong>(1) Alivio de Golpe y Distancia.<\/strong> El jugador puede jugar la bola original u otra bola<br \/>\ndesde donde jug\u00f3 el golpe anterior (ver la Regla 14.6).<\/li>\n<li><strong>(2) Alivio en L\u00ednea Hacia Atr\u00e1s.<\/strong> El jugador puede dropar la bola original u otra bola (ver Regla 14.3) en un \u00e1rea de alivio que esta basada en una <strong>l\u00ednea de referencia hacia atr\u00e1s desde el hoyo y pasa por el punto estimado donde la bola original cruz\u00f3 por \u00faltima vez el margen del \u00e1rea de penalizaci\u00f3n:<\/strong>\n<ul>\n<li><strong>Punto de Referencia:<\/strong> Un punto en el campo elegido por el jugador, que est\u00e1 en la l\u00ednea que va desde el hoyo y pasa por el punto estimado donde la bola cruz\u00f3 por \u00faltima vez el margen del \u00e1rea de penalizaci\u00f3n (sin l\u00edmite de distancia hacia atr\u00e1s en esa l\u00ednea):\n<ul>\n<li>Al elegir este punto de referencia, el jugador deber\u00eda indicarlo usando un objeto (como un tee).<\/li>\n<li>Si el jugador dropa la bola sin haber elegido este punto, el punto de referencia se considerar\u00e1 como el punto sobre la l\u00ednea, que est\u00e1 a la misma distancia del hoyo que donde la bola dropada toca por primera vez el campo.<\/li>\n<\/ul>\n<\/li>\n<\/ul>\n<\/li>\n<li><strong>Tama\u00f1o del \u00c1rea de Alivio Medido desde el Punto de Referencia:<\/strong> La longitud de <strong>un palo<\/strong>, pero con los siguientes limitaciones:\n<ul>\n<li>Limitaciones de la Ubicaci\u00f3n del \u00c1rea de Alivio:\n<ul>\n<li>No debe estar m\u00e1s cerca del hoyo que el punto de referencia, y<\/li>\n<li>Puede estar en <strong>cualquier \u00e1rea del campo excepto en la misma \u00e1rea de penalizaci\u00f3n<\/strong>, pero<\/li>\n<li>Si hay m\u00e1s de un \u00e1rea del campo dentro de la , del punto de referencia, la bola debe quedar en reposo en el \u00e1rea de alivio en la misma \u00e1rea del campo que donde la bola toc\u00f3 por primera vez cuando se drop\u00f3 dentro del \u00e1rea de alivio.<\/li>\n<\/ul>\n<\/li>\n<\/ul>\n<\/li>\n<li><strong>(3) Alivio Lateral (Solo Para \u00c1reas De Penalizaci\u00f3n Rojas)<\/strong>. Cuando la bola cruz\u00f3 por \u00faltima vez el margen de un \u00e1rea de penalizaci\u00f3n roja, el jugador puede dropar la bola original u otra bola dentro de la siguiente \u00e1rea de alivio (ver Regla 14.3):\n<ul>\n<li><strong>Punto de Referencia:<\/strong> Punto estimado donde la bola cruz\u00f3 por \u00faltima vez el<br \/>\nmargen del \u00e1rea de penalizaci\u00f3n roja.<\/li>\n<li><strong>Tama\u00f1o del \u00c1rea de Alivio Medido desde el Punto de Referencia:<\/strong> La longitud de dos palos, pero con las siguientes limitaciones:\n<ul>\n<li>Limitaciones de la Ubicaci\u00f3n del \u00c1rea de Alivio:\n<ul>\n<li>No debe estar m\u00e1s cerca del hoyo que el punto de referencia, y<\/li>\n<li>Puede estar en cualquier \u00e1rea del campo excepto en la misma \u00e1rea de<br \/>\npenalizaci\u00f3n, pero<\/li>\n<li>Si hay m\u00e1s de un \u00e1rea del campo dentro de la longitud de dos palos del punto de referencia, la bola debe quedar en reposo en el \u00e1rea de alivio en la misma \u00e1rea del campo que donde la bola toc\u00f3 por primera vez cuando se drop\u00f3 dentro del \u00e1rea de alivio.<br \/>\nV\u00e9ase Procedimientos del Comit\u00e9, Secci\u00f3n 8; Regla Local Modelo B-2 (el Comit\u00e9<br \/>\npuede adoptar una Regla Local permitiendo alivio lateral en el margen opuesto<br \/>\nde un \u00e1rea de penalizaci\u00f3n roja en un punto equidistante del hoyo).<\/li>\n<\/ul>\n<\/li>\n<\/ul>\n<\/li>\n<\/ul>\n<\/li>\n<\/ul>\n<div class=\"g g-2\"><div class=\"g-single a-16\"><script type=\"text\/javascript\"><!--\r\ngoogle_ad_client = \"ca-pub-2363348512557029\";\r\n\/* Blog pagina-post *\/\r\ngoogle_ad_slot = \"1564877784\";\r\ngoogle_ad_width = 728;\r\ngoogle_ad_height = 90;\r\n\/\/-->\r\n<\/script>\r\n<script type=\"text\/javascript\"\r\nsrc=\"http:\/\/pagead2.googlesyndication.com\/pagead\/show_ads.js\">\r\n<\/script><\/div><\/div>\n","protected":false},"excerpt":{"rendered":"<p>Si la bola de un jugador est\u00e1 en un \u00e1rea de penalizaci\u00f3n, incluyendo cuando es conocido o virtualmente cierto que qued\u00f3 en reposo en un \u00e1rea de penalizaci\u00f3n, pero no se ha encontrado, el jugador tiene estas opciones de alivio, todas con un golpe de penalizaci\u00f3n: (1) Alivio de Golpe y Distancia. El jugador puede <a href='http:\/\/soloreglasgolf.com\/WordPress3\/reglas-2019\/regla-17\/17-1-opciones-para-una-bola-en-area-de-penalizacion\/17-1d-alivio-para-bola-en-area-de-penalizacion\/' class='excerpt-more'>[Leer + &#8230;]<\/a><\/p>\n","protected":false},"author":28,"featured_media":0,"parent":43948,"menu_order":0,"comment_status":"closed","ping_status":"closed","template":"","meta":{"jetpack_post_was_ever_published":false,"footnotes":""},"class_list":["post-43961","page","type-page","status-publish","hentry","post-seq-1","post-parity-odd","meta-position-corners","fix"],"yoast_head":"<!-- This site is optimized with the Yoast SEO plugin v22.0 - https:\/\/yoast.com\/wordpress\/plugins\/seo\/ -->\n<title>17.1d Alivio para Bola en \u00c1rea de Penalizaci\u00f3n - SoloReglasGolf<\/title>\n<meta name=\"robots\" content=\"index, follow, max-snippet:-1, max-image-preview:large, max-video-preview:-1\" \/>\n<link rel=\"canonical\" href=\"http:\/\/soloreglasgolf.com\/WordPress3\/reglas-2019\/regla-17\/17-1-opciones-para-una-bola-en-area-de-penalizacion\/17-1d-alivio-para-bola-en-area-de-penalizacion\/\" \/>\n<meta name=\"twitter:label1\" content=\"Tiempo de lectura\" \/>\n\t<meta name=\"twitter:data1\" content=\"3 minutos\" \/>\n<script type=\"application\/ld+json\" class=\"yoast-schema-graph\">{\"@context\":\"https:\/\/schema.org\",\"@graph\":[{\"@type\":\"WebPage\",\"@id\":\"http:\/\/soloreglasgolf.com\/WordPress3\/reglas-2019\/regla-17\/17-1-opciones-para-una-bola-en-area-de-penalizacion\/17-1d-alivio-para-bola-en-area-de-penalizacion\/\",\"url\":\"http:\/\/soloreglasgolf.com\/WordPress3\/reglas-2019\/regla-17\/17-1-opciones-para-una-bola-en-area-de-penalizacion\/17-1d-alivio-para-bola-en-area-de-penalizacion\/\",\"name\":\"17.1d Alivio para Bola en \u00c1rea de Penalizaci\u00f3n - SoloReglasGolf\",\"isPartOf\":{\"@id\":\"http:\/\/soloreglasgolf.com\/WordPress3\/#website\"},\"datePublished\":\"2021-05-03T21:57:50+00:00\",\"dateModified\":\"2021-05-03T21:57:50+00:00\",\"breadcrumb\":{\"@id\":\"http:\/\/soloreglasgolf.com\/WordPress3\/reglas-2019\/regla-17\/17-1-opciones-para-una-bola-en-area-de-penalizacion\/17-1d-alivio-para-bola-en-area-de-penalizacion\/#breadcrumb\"},\"inLanguage\":\"es\",\"potentialAction\":[{\"@type\":\"ReadAction\",\"target\":[\"http:\/\/soloreglasgolf.com\/WordPress3\/reglas-2019\/regla-17\/17-1-opciones-para-una-bola-en-area-de-penalizacion\/17-1d-alivio-para-bola-en-area-de-penalizacion\/\"]}]},{\"@type\":\"BreadcrumbList\",\"@id\":\"http:\/\/soloreglasgolf.com\/WordPress3\/reglas-2019\/regla-17\/17-1-opciones-para-una-bola-en-area-de-penalizacion\/17-1d-alivio-para-bola-en-area-de-penalizacion\/#breadcrumb\",\"itemListElement\":[{\"@type\":\"ListItem\",\"position\":1,\"name\":\"Portada\",\"item\":\"http:\/\/soloreglasgolf.com\/WordPress3\/\"},{\"@type\":\"ListItem\",\"position\":2,\"name\":\"Reglas 2019\",\"item\":\"http:\/\/soloreglasgolf.com\/WordPress3\/reglas-2019\/\"},{\"@type\":\"ListItem\",\"position\":3,\"name\":\"Regla 17: Bola en Area Penalizable\",\"item\":\"http:\/\/soloreglasgolf.com\/WordPress3\/reglas-2019\/regla-17\/\"},{\"@type\":\"ListItem\",\"position\":4,\"name\":\"17.1 Opciones para una Bola en \u00c1rea de Penalizaci\u00f3n\",\"item\":\"http:\/\/soloreglasgolf.com\/WordPress3\/reglas-2019\/regla-17\/17-1-opciones-para-una-bola-en-area-de-penalizacion\/\"},{\"@type\":\"ListItem\",\"position\":5,\"name\":\"17.1d Alivio para Bola en \u00c1rea de Penalizaci\u00f3n\"}]},{\"@type\":\"WebSite\",\"@id\":\"http:\/\/soloreglasgolf.com\/WordPress3\/#website\",\"url\":\"http:\/\/soloreglasgolf.com\/WordPress3\/\",\"name\":\"SoloReglasGolf\",\"description\":\"Conversando sobre  Reglas de Golf\",\"potentialAction\":[{\"@type\":\"SearchAction\",\"target\":{\"@type\":\"EntryPoint\",\"urlTemplate\":\"http:\/\/soloreglasgolf.com\/WordPress3\/?s={search_term_string}\"},\"query-input\":\"required name=search_term_string\"}],\"inLanguage\":\"es\"}]}<\/script>\n<!-- \/ Yoast SEO plugin. -->","yoast_head_json":{"title":"17.1d Alivio para Bola en \u00c1rea de Penalizaci\u00f3n - SoloReglasGolf","robots":{"index":"index","follow":"follow","max-snippet":"max-snippet:-1","max-image-preview":"max-image-preview:large","max-video-preview":"max-video-preview:-1"},"canonical":"http:\/\/soloreglasgolf.com\/WordPress3\/reglas-2019\/regla-17\/17-1-opciones-para-una-bola-en-area-de-penalizacion\/17-1d-alivio-para-bola-en-area-de-penalizacion\/","twitter_misc":{"Tiempo de lectura":"3 minutos"},"schema":{"@context":"https:\/\/schema.org","@graph":[{"@type":"WebPage","@id":"http:\/\/soloreglasgolf.com\/WordPress3\/reglas-2019\/regla-17\/17-1-opciones-para-una-bola-en-area-de-penalizacion\/17-1d-alivio-para-bola-en-area-de-penalizacion\/","url":"http:\/\/soloreglasgolf.com\/WordPress3\/reglas-2019\/regla-17\/17-1-opciones-para-una-bola-en-area-de-penalizacion\/17-1d-alivio-para-bola-en-area-de-penalizacion\/","name":"17.1d Alivio para Bola en \u00c1rea de Penalizaci\u00f3n - SoloReglasGolf","isPartOf":{"@id":"http:\/\/soloreglasgolf.com\/WordPress3\/#website"},"datePublished":"2021-05-03T21:57:50+00:00","dateModified":"2021-05-03T21:57:50+00:00","breadcrumb":{"@id":"http:\/\/soloreglasgolf.com\/WordPress3\/reglas-2019\/regla-17\/17-1-opciones-para-una-bola-en-area-de-penalizacion\/17-1d-alivio-para-bola-en-area-de-penalizacion\/#breadcrumb"},"inLanguage":"es","potentialAction":[{"@type":"ReadAction","target":["http:\/\/soloreglasgolf.com\/WordPress3\/reglas-2019\/regla-17\/17-1-opciones-para-una-bola-en-area-de-penalizacion\/17-1d-alivio-para-bola-en-area-de-penalizacion\/"]}]},{"@type":"BreadcrumbList","@id":"http:\/\/soloreglasgolf.com\/WordPress3\/reglas-2019\/regla-17\/17-1-opciones-para-una-bola-en-area-de-penalizacion\/17-1d-alivio-para-bola-en-area-de-penalizacion\/#breadcrumb","itemListElement":[{"@type":"ListItem","position":1,"name":"Portada","item":"http:\/\/soloreglasgolf.com\/WordPress3\/"},{"@type":"ListItem","position":2,"name":"Reglas 2019","item":"http:\/\/soloreglasgolf.com\/WordPress3\/reglas-2019\/"},{"@type":"ListItem","position":3,"name":"Regla 17: Bola en Area Penalizable","item":"http:\/\/soloreglasgolf.com\/WordPress3\/reglas-2019\/regla-17\/"},{"@type":"ListItem","position":4,"name":"17.1 Opciones para una Bola en \u00c1rea de Penalizaci\u00f3n","item":"http:\/\/soloreglasgolf.com\/WordPress3\/reglas-2019\/regla-17\/17-1-opciones-para-una-bola-en-area-de-penalizacion\/"},{"@type":"ListItem","position":5,"name":"17.1d Alivio para Bola en \u00c1rea de Penalizaci\u00f3n"}]},{"@type":"WebSite","@id":"http:\/\/soloreglasgolf.com\/WordPress3\/#website","url":"http:\/\/soloreglasgolf.com\/WordPress3\/","name":"SoloReglasGolf","description":"Conversando sobre  Reglas de Golf","potentialAction":[{"@type":"SearchAction","target":{"@type":"EntryPoint","urlTemplate":"http:\/\/soloreglasgolf.com\/WordPress3\/?s={search_term_string}"},"query-input":"required name=search_term_string"}],"inLanguage":"es"}]}},"jetpack_sharing_enabled":true,"jetpack_shortlink":"https:\/\/wp.me\/P36cD2-br3","_links":{"self":[{"href":"http:\/\/soloreglasgolf.com\/WordPress3\/wp-json\/wp\/v2\/pages\/43961","targetHints":{"allow":["GET"]}}],"collection":[{"href":"http:\/\/soloreglasgolf.com\/WordPress3\/wp-json\/wp\/v2\/pages"}],"about":[{"href":"http:\/\/soloreglasgolf.com\/WordPress3\/wp-json\/wp\/v2\/types\/page"}],"author":[{"embeddable":true,"href":"http:\/\/soloreglasgolf.com\/WordPress3\/wp-json\/wp\/v2\/users\/28"}],"replies":[{"embeddable":true,"href":"http:\/\/soloreglasgolf.com\/WordPress3\/wp-json\/wp\/v2\/comments?post=43961"}],"version-history":[{"count":5,"href":"http:\/\/soloreglasgolf.com\/WordPress3\/wp-json\/wp\/v2\/pages\/43961\/revisions"}],"predecessor-version":[{"id":43966,"href":"http:\/\/soloreglasgolf.com\/WordPress3\/wp-json\/wp\/v2\/pages\/43961\/revisions\/43966"}],"up":[{"embeddable":true,"href":"http:\/\/soloreglasgolf.com\/WordPress3\/wp-json\/wp\/v2\/pages\/43948"}],"wp:attachment":[{"href":"http:\/\/soloreglasgolf.com\/WordPress3\/wp-json\/wp\/v2\/media?parent=43961"}],"curies":[{"name":"wp","href":"https:\/\/api.w.org\/{rel}","templated":true}]}}