{"id":43955,"date":"2021-05-03T23:36:12","date_gmt":"2021-05-03T21:36:12","guid":{"rendered":"http:\/\/soloreglasgolf.com\/WordPress3\/?page_id=43955"},"modified":"2021-05-03T23:36:12","modified_gmt":"2021-05-03T21:36:12","slug":"17-1b-el-jugador-puede-jugar-la-bola-como-reposa-en-el-area-de-penalizacion-o-tomar-alivio-con-penalizacion","status":"publish","type":"page","link":"http:\/\/soloreglasgolf.com\/WordPress3\/reglas-2019\/regla-17\/17-1-opciones-para-una-bola-en-area-de-penalizacion\/17-1b-el-jugador-puede-jugar-la-bola-como-reposa-en-el-area-de-penalizacion-o-tomar-alivio-con-penalizacion\/","title":{"rendered":"17.1b El Jugador Puede Jugar la Bola como Reposa en el \u00c1rea de Penalizaci\u00f3n o Tomar Alivio con Penalizaci\u00f3n"},"content":{"rendered":"<p>El jugador puede:<\/p>\n<ul>\n<li>Jugar la bola como reposa sin penalizaci\u00f3n, de acuerdo con las mismas Reglas que se aplican a una bola en el \u00e1rea general (lo que significa que no hay Reglas especiales limitando c\u00f3mo se puede jugar una bola desde un \u00e1rea de penalizaci\u00f3n), o<\/li>\n<li>Con penalizaci\u00f3n, jugar una bola desde fuera del \u00e1rea de penalizaci\u00f3n de acuerdo a la Regla 17.1d o 17.2.<\/li>\n<\/ul>\n<p>Excepci\u00f3n \u2013 Obligatorio Aliviarse por Interferencia de una Zona de Juego Prohibido dentro del \u00c1rea de Penalizaci\u00f3n (ver Regla 17.1e).<\/p>\n<div class=\"g g-2\"><div class=\"g-single a-18\"><script type=\"text\/javascript\"><!--\r\ngoogle_ad_client = \"ca-pub-2363348512557029\";\r\n\/* Blog pagina-post *\/\r\ngoogle_ad_slot = \"1564877784\";\r\ngoogle_ad_width = 728;\r\ngoogle_ad_height = 90;\r\n\/\/-->\r\n<\/script>\r\n<script type=\"text\/javascript\"\r\nsrc=\"http:\/\/pagead2.googlesyndication.com\/pagead\/show_ads.js\">\r\n<\/script><\/div><\/div>\n","protected":false},"excerpt":{"rendered":"<p>El jugador puede: Jugar la bola como reposa sin penalizaci\u00f3n, de acuerdo con las mismas Reglas que se aplican a una bola en el \u00e1rea general (lo que significa que no hay Reglas especiales limitando c\u00f3mo se puede jugar una bola desde un \u00e1rea de penalizaci\u00f3n), o Con penalizaci\u00f3n, jugar una bola desde fuera del <a href='http:\/\/soloreglasgolf.com\/WordPress3\/reglas-2019\/regla-17\/17-1-opciones-para-una-bola-en-area-de-penalizacion\/17-1b-el-jugador-puede-jugar-la-bola-como-reposa-en-el-area-de-penalizacion-o-tomar-alivio-con-penalizacion\/' class='excerpt-more'>[Leer + &#8230;]<\/a><\/p>\n","protected":false},"author":28,"featured_media":0,"parent":43948,"menu_order":0,"comment_status":"closed","ping_status":"closed","template":"","meta":{"jetpack_post_was_ever_published":false,"footnotes":""},"class_list":["post-43955","page","type-page","status-publish","hentry","post-seq-1","post-parity-odd","meta-position-corners","fix"],"yoast_head":"<!-- This site is optimized with the Yoast SEO plugin v22.0 - https:\/\/yoast.com\/wordpress\/plugins\/seo\/ -->\n<title>17.1b El Jugador Puede Jugar la Bola como Reposa en el \u00c1rea de Penalizaci\u00f3n o Tomar Alivio con Penalizaci\u00f3n - SoloReglasGolf<\/title>\n<meta name=\"robots\" content=\"index, follow, max-snippet:-1, max-image-preview:large, max-video-preview:-1\" \/>\n<link rel=\"canonical\" href=\"http:\/\/soloreglasgolf.com\/WordPress3\/reglas-2019\/regla-17\/17-1-opciones-para-una-bola-en-area-de-penalizacion\/17-1b-el-jugador-puede-jugar-la-bola-como-reposa-en-el-area-de-penalizacion-o-tomar-alivio-con-penalizacion\/\" \/>\n<meta name=\"twitter:label1\" content=\"Tiempo de lectura\" \/>\n\t<meta name=\"twitter:data1\" content=\"1 minuto\" \/>\n<script type=\"application\/ld+json\" class=\"yoast-schema-graph\">{\"@context\":\"https:\/\/schema.org\",\"@graph\":[{\"@type\":\"WebPage\",\"@id\":\"http:\/\/soloreglasgolf.com\/WordPress3\/reglas-2019\/regla-17\/17-1-opciones-para-una-bola-en-area-de-penalizacion\/17-1b-el-jugador-puede-jugar-la-bola-como-reposa-en-el-area-de-penalizacion-o-tomar-alivio-con-penalizacion\/\",\"url\":\"http:\/\/soloreglasgolf.com\/WordPress3\/reglas-2019\/regla-17\/17-1-opciones-para-una-bola-en-area-de-penalizacion\/17-1b-el-jugador-puede-jugar-la-bola-como-reposa-en-el-area-de-penalizacion-o-tomar-alivio-con-penalizacion\/\",\"name\":\"17.1b El Jugador Puede Jugar la Bola como Reposa en el \u00c1rea de Penalizaci\u00f3n o Tomar Alivio con Penalizaci\u00f3n - SoloReglasGolf\",\"isPartOf\":{\"@id\":\"http:\/\/soloreglasgolf.com\/WordPress3\/#website\"},\"datePublished\":\"2021-05-03T21:36:12+00:00\",\"dateModified\":\"2021-05-03T21:36:12+00:00\",\"breadcrumb\":{\"@id\":\"http:\/\/soloreglasgolf.com\/WordPress3\/reglas-2019\/regla-17\/17-1-opciones-para-una-bola-en-area-de-penalizacion\/17-1b-el-jugador-puede-jugar-la-bola-como-reposa-en-el-area-de-penalizacion-o-tomar-alivio-con-penalizacion\/#breadcrumb\"},\"inLanguage\":\"es\",\"potentialAction\":[{\"@type\":\"ReadAction\",\"target\":[\"http:\/\/soloreglasgolf.com\/WordPress3\/reglas-2019\/regla-17\/17-1-opciones-para-una-bola-en-area-de-penalizacion\/17-1b-el-jugador-puede-jugar-la-bola-como-reposa-en-el-area-de-penalizacion-o-tomar-alivio-con-penalizacion\/\"]}]},{\"@type\":\"BreadcrumbList\",\"@id\":\"http:\/\/soloreglasgolf.com\/WordPress3\/reglas-2019\/regla-17\/17-1-opciones-para-una-bola-en-area-de-penalizacion\/17-1b-el-jugador-puede-jugar-la-bola-como-reposa-en-el-area-de-penalizacion-o-tomar-alivio-con-penalizacion\/#breadcrumb\",\"itemListElement\":[{\"@type\":\"ListItem\",\"position\":1,\"name\":\"Portada\",\"item\":\"http:\/\/soloreglasgolf.com\/WordPress3\/\"},{\"@type\":\"ListItem\",\"position\":2,\"name\":\"Reglas 2019\",\"item\":\"http:\/\/soloreglasgolf.com\/WordPress3\/reglas-2019\/\"},{\"@type\":\"ListItem\",\"position\":3,\"name\":\"Regla 17: Bola en Area Penalizable\",\"item\":\"http:\/\/soloreglasgolf.com\/WordPress3\/reglas-2019\/regla-17\/\"},{\"@type\":\"ListItem\",\"position\":4,\"name\":\"17.1 Opciones para una Bola en \u00c1rea de Penalizaci\u00f3n\",\"item\":\"http:\/\/soloreglasgolf.com\/WordPress3\/reglas-2019\/regla-17\/17-1-opciones-para-una-bola-en-area-de-penalizacion\/\"},{\"@type\":\"ListItem\",\"position\":5,\"name\":\"17.1b El Jugador Puede Jugar la Bola como Reposa en el \u00c1rea de Penalizaci\u00f3n o Tomar Alivio con Penalizaci\u00f3n\"}]},{\"@type\":\"WebSite\",\"@id\":\"http:\/\/soloreglasgolf.com\/WordPress3\/#website\",\"url\":\"http:\/\/soloreglasgolf.com\/WordPress3\/\",\"name\":\"SoloReglasGolf\",\"description\":\"Conversando sobre  Reglas de Golf\",\"potentialAction\":[{\"@type\":\"SearchAction\",\"target\":{\"@type\":\"EntryPoint\",\"urlTemplate\":\"http:\/\/soloreglasgolf.com\/WordPress3\/?s={search_term_string}\"},\"query-input\":\"required name=search_term_string\"}],\"inLanguage\":\"es\"}]}<\/script>\n<!-- \/ Yoast SEO plugin. -->","yoast_head_json":{"title":"17.1b El Jugador Puede Jugar la Bola como Reposa en el \u00c1rea de Penalizaci\u00f3n o Tomar Alivio con Penalizaci\u00f3n - SoloReglasGolf","robots":{"index":"index","follow":"follow","max-snippet":"max-snippet:-1","max-image-preview":"max-image-preview:large","max-video-preview":"max-video-preview:-1"},"canonical":"http:\/\/soloreglasgolf.com\/WordPress3\/reglas-2019\/regla-17\/17-1-opciones-para-una-bola-en-area-de-penalizacion\/17-1b-el-jugador-puede-jugar-la-bola-como-reposa-en-el-area-de-penalizacion-o-tomar-alivio-con-penalizacion\/","twitter_misc":{"Tiempo de lectura":"1 minuto"},"schema":{"@context":"https:\/\/schema.org","@graph":[{"@type":"WebPage","@id":"http:\/\/soloreglasgolf.com\/WordPress3\/reglas-2019\/regla-17\/17-1-opciones-para-una-bola-en-area-de-penalizacion\/17-1b-el-jugador-puede-jugar-la-bola-como-reposa-en-el-area-de-penalizacion-o-tomar-alivio-con-penalizacion\/","url":"http:\/\/soloreglasgolf.com\/WordPress3\/reglas-2019\/regla-17\/17-1-opciones-para-una-bola-en-area-de-penalizacion\/17-1b-el-jugador-puede-jugar-la-bola-como-reposa-en-el-area-de-penalizacion-o-tomar-alivio-con-penalizacion\/","name":"17.1b El Jugador Puede Jugar la Bola como Reposa en el \u00c1rea de Penalizaci\u00f3n o Tomar Alivio con Penalizaci\u00f3n - SoloReglasGolf","isPartOf":{"@id":"http:\/\/soloreglasgolf.com\/WordPress3\/#website"},"datePublished":"2021-05-03T21:36:12+00:00","dateModified":"2021-05-03T21:36:12+00:00","breadcrumb":{"@id":"http:\/\/soloreglasgolf.com\/WordPress3\/reglas-2019\/regla-17\/17-1-opciones-para-una-bola-en-area-de-penalizacion\/17-1b-el-jugador-puede-jugar-la-bola-como-reposa-en-el-area-de-penalizacion-o-tomar-alivio-con-penalizacion\/#breadcrumb"},"inLanguage":"es","potentialAction":[{"@type":"ReadAction","target":["http:\/\/soloreglasgolf.com\/WordPress3\/reglas-2019\/regla-17\/17-1-opciones-para-una-bola-en-area-de-penalizacion\/17-1b-el-jugador-puede-jugar-la-bola-como-reposa-en-el-area-de-penalizacion-o-tomar-alivio-con-penalizacion\/"]}]},{"@type":"BreadcrumbList","@id":"http:\/\/soloreglasgolf.com\/WordPress3\/reglas-2019\/regla-17\/17-1-opciones-para-una-bola-en-area-de-penalizacion\/17-1b-el-jugador-puede-jugar-la-bola-como-reposa-en-el-area-de-penalizacion-o-tomar-alivio-con-penalizacion\/#breadcrumb","itemListElement":[{"@type":"ListItem","position":1,"name":"Portada","item":"http:\/\/soloreglasgolf.com\/WordPress3\/"},{"@type":"ListItem","position":2,"name":"Reglas 2019","item":"http:\/\/soloreglasgolf.com\/WordPress3\/reglas-2019\/"},{"@type":"ListItem","position":3,"name":"Regla 17: Bola en Area Penalizable","item":"http:\/\/soloreglasgolf.com\/WordPress3\/reglas-2019\/regla-17\/"},{"@type":"ListItem","position":4,"name":"17.1 Opciones para una Bola en \u00c1rea de Penalizaci\u00f3n","item":"http:\/\/soloreglasgolf.com\/WordPress3\/reglas-2019\/regla-17\/17-1-opciones-para-una-bola-en-area-de-penalizacion\/"},{"@type":"ListItem","position":5,"name":"17.1b El Jugador Puede Jugar la Bola como Reposa en el \u00c1rea de Penalizaci\u00f3n o Tomar Alivio con Penalizaci\u00f3n"}]},{"@type":"WebSite","@id":"http:\/\/soloreglasgolf.com\/WordPress3\/#website","url":"http:\/\/soloreglasgolf.com\/WordPress3\/","name":"SoloReglasGolf","description":"Conversando sobre  Reglas de Golf","potentialAction":[{"@type":"SearchAction","target":{"@type":"EntryPoint","urlTemplate":"http:\/\/soloreglasgolf.com\/WordPress3\/?s={search_term_string}"},"query-input":"required name=search_term_string"}],"inLanguage":"es"}]}},"jetpack_sharing_enabled":true,"jetpack_shortlink":"https:\/\/wp.me\/P36cD2-bqX","_links":{"self":[{"href":"http:\/\/soloreglasgolf.com\/WordPress3\/wp-json\/wp\/v2\/pages\/43955","targetHints":{"allow":["GET"]}}],"collection":[{"href":"http:\/\/soloreglasgolf.com\/WordPress3\/wp-json\/wp\/v2\/pages"}],"about":[{"href":"http:\/\/soloreglasgolf.com\/WordPress3\/wp-json\/wp\/v2\/types\/page"}],"author":[{"embeddable":true,"href":"http:\/\/soloreglasgolf.com\/WordPress3\/wp-json\/wp\/v2\/users\/28"}],"replies":[{"embeddable":true,"href":"http:\/\/soloreglasgolf.com\/WordPress3\/wp-json\/wp\/v2\/comments?post=43955"}],"version-history":[{"count":1,"href":"http:\/\/soloreglasgolf.com\/WordPress3\/wp-json\/wp\/v2\/pages\/43955\/revisions"}],"predecessor-version":[{"id":43956,"href":"http:\/\/soloreglasgolf.com\/WordPress3\/wp-json\/wp\/v2\/pages\/43955\/revisions\/43956"}],"up":[{"embeddable":true,"href":"http:\/\/soloreglasgolf.com\/WordPress3\/wp-json\/wp\/v2\/pages\/43948"}],"wp:attachment":[{"href":"http:\/\/soloreglasgolf.com\/WordPress3\/wp-json\/wp\/v2\/media?parent=43955"}],"curies":[{"name":"wp","href":"https:\/\/api.w.org\/{rel}","templated":true}]}}