{"id":43931,"date":"2021-05-01T22:36:05","date_gmt":"2021-05-01T20:36:05","guid":{"rendered":"http:\/\/soloreglasgolf.com\/WordPress3\/?page_id=43931"},"modified":"2021-05-01T22:36:05","modified_gmt":"2021-05-01T20:36:05","slug":"5-7-interrumpiendo-el-juego-reanudando-el-juego","status":"publish","type":"page","link":"http:\/\/soloreglasgolf.com\/WordPress3\/reglas-2019\/ii-jugando-vuelta-y-hoyo\/regla-05\/5-7-interrumpiendo-el-juego-reanudando-el-juego\/","title":{"rendered":"5.7 Interrumpiendo el Juego; Reanudando el Juego"},"content":{"rendered":"<p><strong>5.7a Cu\u00e1ndo Pueden o Deben Interrumpir el Juego los Jugadores<\/strong><br \/>\nDurante una vuelta, un jugador no debe interrumpir el juego, excepto en estas situaciones:<br \/>\n\u2022\u2022 Suspensi\u00f3n por el Comit\u00e9. Todos los jugadores deben interrumpir el juego si el Comit\u00e9 lo suspende (ver Regla 5.7b).<br \/>\n\u2022\u2022 Interrumpiendo el Juego por Acuerdo en Match Play (Juego por Hoyos). En un match, los jugadores pueden acordar interrumpir el juego por cualquier motivo, excepto que esto retrase la competici\u00f3n. Si acuerdan interrumpir el juego y posteriormente un jugador quiere reanudarlo, el acuerdo ha terminado y el otro jugador debe reanudar el juego.<br \/>\n\u2022\u2022 Un Jugador individual Interrumpe el Juego por Rayos. Un jugador puede interrumpir el juego si cree razonablemente que hay peligro de rayos, pero debe informar al Comit\u00e9 tan pronto como sea posible.<br \/>\nAbandonar el campo no es, en s\u00ed mismo, interrumpir el juego. La demora en el juego por parte de un jugador est\u00e1 contemplada en la Regla 5.6a, no por esta Regla.<br \/>\nSi un jugador interrumpe el juego por cualquier motivo no permitido por esta Regla o no informa al Comit\u00e9 cuando est\u00e1 obligado a hacerlo, el jugador est\u00e1 descalificado.<\/p>\n<p><strong>5.7b Qu\u00e9 Tienen que Hacer los Jugadores Cuando el Comit\u00e9 Suspende el Juego<\/strong><br \/>\nHay dos tipos de suspensiones de juego que el Comit\u00e9 puede ordenar, cada una con requisitos diferentes sobre cu\u00e1ndo deben los jugadores interrumpir el juego.<\/p>\n<p>(1) Suspensi\u00f3n Inmediata (Como Cuando Hay Peligro Inminente). Si el Comit\u00e9 declara una suspensi\u00f3n inmediata del juego, todos los jugadores deber\u00e1n interrumpirlo inmediatamente y no deben ejecutar ning\u00fan golpe hasta que el Comit\u00e9 reanude el juego.<br \/>\nEl Comit\u00e9 deber\u00eda utilizar un m\u00e9todo inequ\u00edvoco de comunicar a los jugadores una suspensi\u00f3n inmediata.<\/p>\n<p>(2) Suspensi\u00f3n Normal (Como Debido a la Oscuridad o Campo Injugable). Si el Comit\u00e9 suspende el juego por motivos normales, lo que sucede despu\u00e9s depende de donde se encuentre cada grupo:<br \/>\n\u2022\u2022 Entre Dos Hoyos. Si todos los jugadores del grupo est\u00e1n entre dos hoyos, deben interrumpir el juego y no deben ejecutar ning\u00fan golpe para comenzar otro hoyo hasta que el Comit\u00e9 reanude el juego.<br \/>\n\u2022\u2022 Mientras Juegan un Hoyo. Si cualquier jugador del grupo ha comenzado un hoyo, los jugadores pueden elegir si interrumpen el juego o acaban el hoyo.<br \/>\n\u00bb\u00bb A los jugadores se les permite un breve margen de tiempo (que normalmente no deber\u00eda ser m\u00e1s de dos minutos) para decidir interrumpir el juego o acabar el hoyo.<br \/>\n\u00bb\u00bb Si los jugadores contin\u00faan el juego del hoyo, pueden completar el hoyo o pueden interrumpirlo antes de completarlo.<br \/>\n\u00bb\u00bb Una vez los jugadores completan el hoyo o lo interrumpen antes de completarlo, no deben ejecutar otro golpe hasta que el Comit\u00e9 reanude el juego bajo la Regla 5.7c.<br \/>\nSi los jugadores no se ponen de acuerdo sobre lo que van a hacer:<br \/>\n\u00bb\u00bb Match Play (Juego por Hoyos). Si el contrario interrumpe el juego, el jugador debe tambi\u00e9n interrumpirlo y no deben jugar de nuevo hasta que el Comit\u00e9 reanude el juego. Si el jugador no interrumpe el juego, incurre en la penalizaci\u00f3n general (p\u00e9rdida del hoyo).<br \/>\n\u00bb\u00bb Stroke Play (Juego por Golpes). Cualquier jugador del grupo puede escoger interrumpir el juego o continuar jugando el hoyo, sin importar lo que los dem\u00e1s del grupo decidan hacer, excepto que el jugador puede continuar jugando solo si el marcador del jugador permanece con el jugador para<br \/>\ncertificar el resultado.<br \/>\nPenalizaci\u00f3n por Infringir Regla 5.7b: Descalificaci\u00f3n.<\/p>\n<p>Excepci\u00f3n \u2013 No Hay Penalizaci\u00f3n si el Comit\u00e9 Decide que el No Interrumpir el Juego Fue Justificado: No se infringe esta Regla y no hay penalizaci\u00f3n si el Comit\u00e9 decide que las circunstancias existentes justificaron que el jugador no interrumpiera el juego cuando fue requerido a hacerlo.<\/p>\n<p>V\u00e9ase Procedimientos del Comit\u00e9, Secci\u00f3n 8; Regla Local Modelo J-1 (maneras recomendadas mediante las que el Comit\u00e9 puede indicar a los jugadores la suspensi\u00f3n inmediata o normal del juego).<\/p>\n<p>5.7c Qu\u00e9 Tienen Que Hacer los Jugadores al Reanudarse el Juego (1) D\u00f3nde Reanudar el Juego. Un jugador debe reanudar el juego desde donde lo interrumpi\u00f3 en un hoyo o, si estaba entre dos hoyos, en la siguiente \u00e1rea de salida, incluso si el juego se reanuda otro d\u00eda.<br \/>\n(2) Cu\u00e1ndo Reanudar el Juego. El jugador debe estar presente en el \u00e1rea descrita en (1) y preparado para jugar:<br \/>\n\u2022\u2022 A la hora establecida por el Comit\u00e9 para reanudar el juego, y<br \/>\n\u2022\u2022 El jugador deber\u00e1 reanudar el juego a (y no antes) esa hora.<\/p>\n<p>Si la posibilidad de reanudar el juego se retrasa por cualquier motivo (como cuando los jugadores del grupo que va delante tienen que jugar primero y luego despejar la zona), no hay infracci\u00f3n de esta Regla si el jugador est\u00e1 presente y preparado para jugar cuando su grupo pueda reanudar el juego.<br \/>\nPenalizaci\u00f3n por Infringir la Regla 5.7c: Descalificaci\u00f3n.<\/p>\n<p>Excepciones a la Descalificaci\u00f3n por No Reanudar el Juego a la Hora Establecida:<br \/>\nSe aplican tambi\u00e9n aqu\u00ed las Excepciones 1, 2 y 3 de la Regla 5.3a y la Excepci\u00f3n a la Regla 5.7b.<\/p>\n<p>5.7d Levantando la Bola cuando se Interrumpe el Juego; Reponiendo y<br \/>\nSustituyendo la Bola al Reanudar el Juego<br \/>\n(1) Levantando la Bola Cuando el Juego se Interrumpe o Antes de Reanudar el Juego.<br \/>\nAl interrumpir el juego de un hoyo bajo esta Regla, el jugador puede marcar el punto de reposo de su bola y levantarla (ver Regla 14.1).<br \/>\nAntes de o en el momento de reanudarse el juego:<br \/>\n\u2022\u2022 Cuando se Levant\u00f3 la Bola del Jugador al interrumpir el Juego. El jugador debe reponer la bola original u otra bola en el punto de reposo original (el cual si no es conocido debe ser estimado) (ver Regla 14.2).<br \/>\n\u2022\u2022 Cuando No se Levant\u00f3 la Bola del Jugador Cuando se Interrumpi\u00f3 el Juego.<br \/>\nEl jugador puede jugar la bola como reposa o marcar el punto de reposo, levantar la bola (ver Regla 14.1), y reponer esa bola u otra bola en el punto de reposo original (ver Regla 14.2).<\/p>\n<p>&nbsp;<\/p>\n<p>En cualquier caso:<br \/>\n\u2022\u2022 Si el lie de la bola se altera como resultado de levantar la bola, el jugador debe reponer esa bola u otra bola como exige la Regla 14.2d.<br \/>\n\u2022\u2022 Si el lie de la bola se altera despu\u00e9s de levantar la bola y antes de reponer una bola, la Regla 14.2d no se aplica:<br \/>\n\u00bb\u00bb La bola original u otra bola debe ser repuesta en el punto de reposo original (el cual si no es conocido debe ser estimado) (ver Regla 14.2).<br \/>\n\u00bb\u00bb Si el lie u otras condiciones que afectan el golpe se empeoraron durante este margen de tiempo, se aplica la Regla 8.1d.<br \/>\n(2) Qu\u00e9 Hacer Si la Bola o Marcador de Bola es Movido Mientras el Juego Estaba Interrumpido. Si la bola o el marcador de bola del jugador son movidos por cualquier motivo antes de que el juego se reanude (incluyendo por fuerzas naturales), el jugador deber\u00e1:<br \/>\n\u2022\u2022 Reponer la bola original u otra bola en el punto de reposo original (el cual si no es conocido debe ser estimado) (ver Regla 14.2), o<br \/>\n\u2022\u2022 Colocar un marcador de bola para marcar ese punto de reposo original, y posteriormente reponer la bola original u otra bola en ese punto (ver Reglas 14.1 y 14.2).<br \/>\nSi las condiciones que afectan al golpe del jugador fueron empeoradas mientras el juego estaba interrumpido, ver Regla 8.1d.<br \/>\nPenalizaci\u00f3n por Jugar una Bola desde un Lugar Equivocado Infringiendo la Regla 5.7d: Penalizaci\u00f3n General bajo la Regla 14.7a.<br \/>\nSi m\u00faltiples infracciones a la Regla resultan de un solo acto o actos relacionados, ver Regla 1.3c(4).<\/p>\n","protected":false},"excerpt":{"rendered":"<p>5.7a Cu\u00e1ndo Pueden o Deben Interrumpir el Juego los Jugadores Durante una vuelta, un jugador no debe interrumpir el juego, excepto en estas situaciones: \u2022\u2022 Suspensi\u00f3n por el Comit\u00e9. Todos los jugadores deben interrumpir el juego si el Comit\u00e9 lo suspende (ver Regla 5.7b). \u2022\u2022 Interrumpiendo el Juego por Acuerdo en Match Play (Juego por <a href='http:\/\/soloreglasgolf.com\/WordPress3\/reglas-2019\/ii-jugando-vuelta-y-hoyo\/regla-05\/5-7-interrumpiendo-el-juego-reanudando-el-juego\/' class='excerpt-more'>[Leer + &#8230;]<\/a><\/p>\n","protected":false},"author":28,"featured_media":0,"parent":13271,"menu_order":0,"comment_status":"closed","ping_status":"closed","template":"","meta":{"jetpack_post_was_ever_published":false,"footnotes":""},"class_list":["post-43931","page","type-page","status-publish","hentry","post-seq-1","post-parity-odd","meta-position-corners","fix"],"yoast_head":"<!-- This site is optimized with the Yoast SEO plugin v22.0 - https:\/\/yoast.com\/wordpress\/plugins\/seo\/ -->\n<title>5.7 Interrumpiendo el Juego; Reanudando el Juego - SoloReglasGolf<\/title>\n<meta name=\"robots\" content=\"index, follow, max-snippet:-1, max-image-preview:large, max-video-preview:-1\" \/>\n<link rel=\"canonical\" href=\"http:\/\/soloreglasgolf.com\/WordPress3\/reglas-2019\/ii-jugando-vuelta-y-hoyo\/regla-05\/5-7-interrumpiendo-el-juego-reanudando-el-juego\/\" \/>\n<meta name=\"twitter:label1\" content=\"Tiempo de lectura\" \/>\n\t<meta name=\"twitter:data1\" content=\"6 minutos\" \/>\n<script type=\"application\/ld+json\" class=\"yoast-schema-graph\">{\"@context\":\"https:\/\/schema.org\",\"@graph\":[{\"@type\":\"WebPage\",\"@id\":\"http:\/\/soloreglasgolf.com\/WordPress3\/reglas-2019\/ii-jugando-vuelta-y-hoyo\/regla-05\/5-7-interrumpiendo-el-juego-reanudando-el-juego\/\",\"url\":\"http:\/\/soloreglasgolf.com\/WordPress3\/reglas-2019\/ii-jugando-vuelta-y-hoyo\/regla-05\/5-7-interrumpiendo-el-juego-reanudando-el-juego\/\",\"name\":\"5.7 Interrumpiendo el Juego; Reanudando el Juego - SoloReglasGolf\",\"isPartOf\":{\"@id\":\"http:\/\/soloreglasgolf.com\/WordPress3\/#website\"},\"datePublished\":\"2021-05-01T20:36:05+00:00\",\"dateModified\":\"2021-05-01T20:36:05+00:00\",\"breadcrumb\":{\"@id\":\"http:\/\/soloreglasgolf.com\/WordPress3\/reglas-2019\/ii-jugando-vuelta-y-hoyo\/regla-05\/5-7-interrumpiendo-el-juego-reanudando-el-juego\/#breadcrumb\"},\"inLanguage\":\"es\",\"potentialAction\":[{\"@type\":\"ReadAction\",\"target\":[\"http:\/\/soloreglasgolf.com\/WordPress3\/reglas-2019\/ii-jugando-vuelta-y-hoyo\/regla-05\/5-7-interrumpiendo-el-juego-reanudando-el-juego\/\"]}]},{\"@type\":\"BreadcrumbList\",\"@id\":\"http:\/\/soloreglasgolf.com\/WordPress3\/reglas-2019\/ii-jugando-vuelta-y-hoyo\/regla-05\/5-7-interrumpiendo-el-juego-reanudando-el-juego\/#breadcrumb\",\"itemListElement\":[{\"@type\":\"ListItem\",\"position\":1,\"name\":\"Portada\",\"item\":\"http:\/\/soloreglasgolf.com\/WordPress3\/\"},{\"@type\":\"ListItem\",\"position\":2,\"name\":\"Reglas 2019\",\"item\":\"http:\/\/soloreglasgolf.com\/WordPress3\/reglas-2019\/\"},{\"@type\":\"ListItem\",\"position\":3,\"name\":\"II. Jugando Vuelta y Hoyo\",\"item\":\"http:\/\/soloreglasgolf.com\/WordPress3\/reglas-2019\/ii-jugando-vuelta-y-hoyo\/\"},{\"@type\":\"ListItem\",\"position\":4,\"name\":\"Regla 5 \u2013 Jugar la Vuelta\",\"item\":\"http:\/\/soloreglasgolf.com\/WordPress3\/reglas-2019\/ii-jugando-vuelta-y-hoyo\/regla-05\/\"},{\"@type\":\"ListItem\",\"position\":5,\"name\":\"5.7 Interrumpiendo el Juego; Reanudando el Juego\"}]},{\"@type\":\"WebSite\",\"@id\":\"http:\/\/soloreglasgolf.com\/WordPress3\/#website\",\"url\":\"http:\/\/soloreglasgolf.com\/WordPress3\/\",\"name\":\"SoloReglasGolf\",\"description\":\"Conversando sobre  Reglas de Golf\",\"potentialAction\":[{\"@type\":\"SearchAction\",\"target\":{\"@type\":\"EntryPoint\",\"urlTemplate\":\"http:\/\/soloreglasgolf.com\/WordPress3\/?s={search_term_string}\"},\"query-input\":\"required name=search_term_string\"}],\"inLanguage\":\"es\"}]}<\/script>\n<!-- \/ Yoast SEO plugin. -->","yoast_head_json":{"title":"5.7 Interrumpiendo el Juego; Reanudando el Juego - SoloReglasGolf","robots":{"index":"index","follow":"follow","max-snippet":"max-snippet:-1","max-image-preview":"max-image-preview:large","max-video-preview":"max-video-preview:-1"},"canonical":"http:\/\/soloreglasgolf.com\/WordPress3\/reglas-2019\/ii-jugando-vuelta-y-hoyo\/regla-05\/5-7-interrumpiendo-el-juego-reanudando-el-juego\/","twitter_misc":{"Tiempo de lectura":"6 minutos"},"schema":{"@context":"https:\/\/schema.org","@graph":[{"@type":"WebPage","@id":"http:\/\/soloreglasgolf.com\/WordPress3\/reglas-2019\/ii-jugando-vuelta-y-hoyo\/regla-05\/5-7-interrumpiendo-el-juego-reanudando-el-juego\/","url":"http:\/\/soloreglasgolf.com\/WordPress3\/reglas-2019\/ii-jugando-vuelta-y-hoyo\/regla-05\/5-7-interrumpiendo-el-juego-reanudando-el-juego\/","name":"5.7 Interrumpiendo el Juego; Reanudando el Juego - SoloReglasGolf","isPartOf":{"@id":"http:\/\/soloreglasgolf.com\/WordPress3\/#website"},"datePublished":"2021-05-01T20:36:05+00:00","dateModified":"2021-05-01T20:36:05+00:00","breadcrumb":{"@id":"http:\/\/soloreglasgolf.com\/WordPress3\/reglas-2019\/ii-jugando-vuelta-y-hoyo\/regla-05\/5-7-interrumpiendo-el-juego-reanudando-el-juego\/#breadcrumb"},"inLanguage":"es","potentialAction":[{"@type":"ReadAction","target":["http:\/\/soloreglasgolf.com\/WordPress3\/reglas-2019\/ii-jugando-vuelta-y-hoyo\/regla-05\/5-7-interrumpiendo-el-juego-reanudando-el-juego\/"]}]},{"@type":"BreadcrumbList","@id":"http:\/\/soloreglasgolf.com\/WordPress3\/reglas-2019\/ii-jugando-vuelta-y-hoyo\/regla-05\/5-7-interrumpiendo-el-juego-reanudando-el-juego\/#breadcrumb","itemListElement":[{"@type":"ListItem","position":1,"name":"Portada","item":"http:\/\/soloreglasgolf.com\/WordPress3\/"},{"@type":"ListItem","position":2,"name":"Reglas 2019","item":"http:\/\/soloreglasgolf.com\/WordPress3\/reglas-2019\/"},{"@type":"ListItem","position":3,"name":"II. Jugando Vuelta y Hoyo","item":"http:\/\/soloreglasgolf.com\/WordPress3\/reglas-2019\/ii-jugando-vuelta-y-hoyo\/"},{"@type":"ListItem","position":4,"name":"Regla 5 \u2013 Jugar la Vuelta","item":"http:\/\/soloreglasgolf.com\/WordPress3\/reglas-2019\/ii-jugando-vuelta-y-hoyo\/regla-05\/"},{"@type":"ListItem","position":5,"name":"5.7 Interrumpiendo el Juego; Reanudando el Juego"}]},{"@type":"WebSite","@id":"http:\/\/soloreglasgolf.com\/WordPress3\/#website","url":"http:\/\/soloreglasgolf.com\/WordPress3\/","name":"SoloReglasGolf","description":"Conversando sobre  Reglas de Golf","potentialAction":[{"@type":"SearchAction","target":{"@type":"EntryPoint","urlTemplate":"http:\/\/soloreglasgolf.com\/WordPress3\/?s={search_term_string}"},"query-input":"required name=search_term_string"}],"inLanguage":"es"}]}},"jetpack_sharing_enabled":true,"jetpack_shortlink":"https:\/\/wp.me\/P36cD2-bqz","_links":{"self":[{"href":"http:\/\/soloreglasgolf.com\/WordPress3\/wp-json\/wp\/v2\/pages\/43931","targetHints":{"allow":["GET"]}}],"collection":[{"href":"http:\/\/soloreglasgolf.com\/WordPress3\/wp-json\/wp\/v2\/pages"}],"about":[{"href":"http:\/\/soloreglasgolf.com\/WordPress3\/wp-json\/wp\/v2\/types\/page"}],"author":[{"embeddable":true,"href":"http:\/\/soloreglasgolf.com\/WordPress3\/wp-json\/wp\/v2\/users\/28"}],"replies":[{"embeddable":true,"href":"http:\/\/soloreglasgolf.com\/WordPress3\/wp-json\/wp\/v2\/comments?post=43931"}],"version-history":[{"count":5,"href":"http:\/\/soloreglasgolf.com\/WordPress3\/wp-json\/wp\/v2\/pages\/43931\/revisions"}],"predecessor-version":[{"id":43936,"href":"http:\/\/soloreglasgolf.com\/WordPress3\/wp-json\/wp\/v2\/pages\/43931\/revisions\/43936"}],"up":[{"embeddable":true,"href":"http:\/\/soloreglasgolf.com\/WordPress3\/wp-json\/wp\/v2\/pages\/13271"}],"wp:attachment":[{"href":"http:\/\/soloreglasgolf.com\/WordPress3\/wp-json\/wp\/v2\/media?parent=43931"}],"curies":[{"name":"wp","href":"https:\/\/api.w.org\/{rel}","templated":true}]}}