{"id":43922,"date":"2021-05-01T22:13:45","date_gmt":"2021-05-01T20:13:45","guid":{"rendered":"http:\/\/soloreglasgolf.com\/WordPress3\/?page_id=43922"},"modified":"2021-05-01T22:17:18","modified_gmt":"2021-05-01T20:17:18","slug":"5-5-practicando-durante-la-vuelta-o-mientras-el-juego-esta-interrumpido","status":"publish","type":"page","link":"http:\/\/soloreglasgolf.com\/WordPress3\/reglas-2019\/ii-jugando-vuelta-y-hoyo\/regla-05\/5-5-practicando-durante-la-vuelta-o-mientras-el-juego-esta-interrumpido\/","title":{"rendered":"5.5 Practicando Durante la Vuelta o Mientras el Juego Est\u00e1 Interrumpido"},"content":{"rendered":"<p><strong>5.5a Ning\u00fan Golpe de Pr\u00e1ctica Durante el Juego del Hoyo<\/strong><br \/>\nDurante el juego de un hoyo, un jugador no debe ejecutar un golpe de pr\u00e1ctica a ninguna bola dentro o fuera del campo.<\/p>\n<p>Los siguientes <strong>no son golpes de pr\u00e1ctica<\/strong>:<\/p>\n<ul>\n<li>Un swing de pr\u00e1ctica hecho sin intenci\u00f3n de golpear una bola.<\/li>\n<li>Golpear una bola devolvi\u00e9ndola a una zona de pr\u00e1ctica o a otro jugador, cuando se hace solo por cortes\u00eda.<\/li>\n<li>Los golpes ejecutados por un jugador acabando un hoyo, cuyo resultado ya est\u00e1 decidido.<\/li>\n<\/ul>\n<p><strong>5.5b Restricci\u00f3n sobre Golpes de Pr\u00e1ctica Entre Dos Hoyos<\/strong><br \/>\nEntre dos hoyos, un jugador no debe ejecutar un golpe de pr\u00e1ctica.<br \/>\n<strong>Excepci\u00f3n \u2013<\/strong> D\u00f3nde Puede Practicar el Jugador Golpes con el Putter o Chips: El jugador puede practicar golpes con el putter o chips en o cerca de:<\/p>\n<ul>\n<li>El green del hoyo que acaba de terminar y cualquier green de pr\u00e1ctica (ver Regla 13.1e), y<\/li>\n<li>El \u00e1rea de salida del siguiente hoyo.<\/li>\n<\/ul>\n<p>Pero, estos golpes de pr\u00e1ctica <strong>no deben hacerse desde un bunker<\/strong> y <strong>no deben demorar irrazonablemente el juego<\/strong> (ver Regla 5.6a).<\/p>\n<p>V\u00e9ase Procedimientos del Comit\u00e9, Secci\u00f3n 8; Regla Local Modelo I-2 (el Comit\u00e9 podr\u00e1 adoptar una Regla Local prohibiendo practicar golpes con el putter o chips en o cerca del green del hoyo que acaba de completar).<\/p>\n<p><strong>5.5c Pr\u00e1ctica Mientras el Juego Est\u00e1 Suspendido o Interrumpido por Otro Motivo<\/strong><br \/>\nMientras que el juego est\u00e1 suspendido o interrumpido por otro motivo bajo la Regla 5.7a, un jugador no debe ejecutar ning\u00fan golpe de pr\u00e1ctica, excepto:<\/p>\n<ul>\n<li>De acuerdo con lo permitido en la Regla 5.5b,<\/li>\n<li>En cualquier lugar fuera del campo, y<\/li>\n<li>En cualquier sitio del campo que permita el Comit\u00e9.<\/li>\n<\/ul>\n<p>Si un match se interrumpe por acuerdo de los jugadores y no se reanudar\u00e1 el mismo d\u00eda, los jugadores pueden practicar en el campo, sin restricciones, antes de reanudar el match.<\/p>\n<p>Penalizaci\u00f3n por Infringir la Regla 5.5: Penalizaci\u00f3n General.<br \/>\nSi la infracci\u00f3n se produce entre dos hoyos, la penalizaci\u00f3n se aplica en el siguiente hoyo.<\/p>\n<div class=\"g g-2\"><div class=\"g-single a-14\"><script type=\"text\/javascript\"><!--\r\ngoogle_ad_client = \"ca-pub-2363348512557029\";\r\n\/* Blog pagina-post *\/\r\ngoogle_ad_slot = \"1564877784\";\r\ngoogle_ad_width = 728;\r\ngoogle_ad_height = 90;\r\n\/\/-->\r\n<\/script>\r\n<script type=\"text\/javascript\"\r\nsrc=\"http:\/\/pagead2.googlesyndication.com\/pagead\/show_ads.js\">\r\n<\/script><\/div><\/div>\n","protected":false},"excerpt":{"rendered":"<p>5.5a Ning\u00fan Golpe de Pr\u00e1ctica Durante el Juego del Hoyo Durante el juego de un hoyo, un jugador no debe ejecutar un golpe de pr\u00e1ctica a ninguna bola dentro o fuera del campo. Los siguientes no son golpes de pr\u00e1ctica: Un swing de pr\u00e1ctica hecho sin intenci\u00f3n de golpear una bola. Golpear una bola devolvi\u00e9ndola <a href='http:\/\/soloreglasgolf.com\/WordPress3\/reglas-2019\/ii-jugando-vuelta-y-hoyo\/regla-05\/5-5-practicando-durante-la-vuelta-o-mientras-el-juego-esta-interrumpido\/' class='excerpt-more'>[Leer + &#8230;]<\/a><\/p>\n","protected":false},"author":28,"featured_media":0,"parent":13271,"menu_order":0,"comment_status":"closed","ping_status":"closed","template":"","meta":{"jetpack_post_was_ever_published":false,"footnotes":""},"class_list":["post-43922","page","type-page","status-publish","hentry","post-seq-1","post-parity-odd","meta-position-corners","fix"],"yoast_head":"<!-- This site is optimized with the Yoast SEO plugin v22.0 - https:\/\/yoast.com\/wordpress\/plugins\/seo\/ -->\n<title>5.5 Practicando Durante la Vuelta o Mientras el Juego Est\u00e1 Interrumpido - SoloReglasGolf<\/title>\n<meta name=\"robots\" content=\"index, follow, max-snippet:-1, max-image-preview:large, max-video-preview:-1\" \/>\n<link rel=\"canonical\" href=\"http:\/\/soloreglasgolf.com\/WordPress3\/reglas-2019\/ii-jugando-vuelta-y-hoyo\/regla-05\/5-5-practicando-durante-la-vuelta-o-mientras-el-juego-esta-interrumpido\/\" \/>\n<meta name=\"twitter:label1\" content=\"Tiempo de lectura\" \/>\n\t<meta name=\"twitter:data1\" content=\"2 minutos\" \/>\n<script type=\"application\/ld+json\" class=\"yoast-schema-graph\">{\"@context\":\"https:\/\/schema.org\",\"@graph\":[{\"@type\":\"WebPage\",\"@id\":\"http:\/\/soloreglasgolf.com\/WordPress3\/reglas-2019\/ii-jugando-vuelta-y-hoyo\/regla-05\/5-5-practicando-durante-la-vuelta-o-mientras-el-juego-esta-interrumpido\/\",\"url\":\"http:\/\/soloreglasgolf.com\/WordPress3\/reglas-2019\/ii-jugando-vuelta-y-hoyo\/regla-05\/5-5-practicando-durante-la-vuelta-o-mientras-el-juego-esta-interrumpido\/\",\"name\":\"5.5 Practicando Durante la Vuelta o Mientras el Juego Est\u00e1 Interrumpido - SoloReglasGolf\",\"isPartOf\":{\"@id\":\"http:\/\/soloreglasgolf.com\/WordPress3\/#website\"},\"datePublished\":\"2021-05-01T20:13:45+00:00\",\"dateModified\":\"2021-05-01T20:17:18+00:00\",\"breadcrumb\":{\"@id\":\"http:\/\/soloreglasgolf.com\/WordPress3\/reglas-2019\/ii-jugando-vuelta-y-hoyo\/regla-05\/5-5-practicando-durante-la-vuelta-o-mientras-el-juego-esta-interrumpido\/#breadcrumb\"},\"inLanguage\":\"es\",\"potentialAction\":[{\"@type\":\"ReadAction\",\"target\":[\"http:\/\/soloreglasgolf.com\/WordPress3\/reglas-2019\/ii-jugando-vuelta-y-hoyo\/regla-05\/5-5-practicando-durante-la-vuelta-o-mientras-el-juego-esta-interrumpido\/\"]}]},{\"@type\":\"BreadcrumbList\",\"@id\":\"http:\/\/soloreglasgolf.com\/WordPress3\/reglas-2019\/ii-jugando-vuelta-y-hoyo\/regla-05\/5-5-practicando-durante-la-vuelta-o-mientras-el-juego-esta-interrumpido\/#breadcrumb\",\"itemListElement\":[{\"@type\":\"ListItem\",\"position\":1,\"name\":\"Portada\",\"item\":\"http:\/\/soloreglasgolf.com\/WordPress3\/\"},{\"@type\":\"ListItem\",\"position\":2,\"name\":\"Reglas 2019\",\"item\":\"http:\/\/soloreglasgolf.com\/WordPress3\/reglas-2019\/\"},{\"@type\":\"ListItem\",\"position\":3,\"name\":\"II. Jugando Vuelta y Hoyo\",\"item\":\"http:\/\/soloreglasgolf.com\/WordPress3\/reglas-2019\/ii-jugando-vuelta-y-hoyo\/\"},{\"@type\":\"ListItem\",\"position\":4,\"name\":\"Regla 5 \u2013 Jugar la Vuelta\",\"item\":\"http:\/\/soloreglasgolf.com\/WordPress3\/reglas-2019\/ii-jugando-vuelta-y-hoyo\/regla-05\/\"},{\"@type\":\"ListItem\",\"position\":5,\"name\":\"5.5 Practicando Durante la Vuelta o Mientras el Juego Est\u00e1 Interrumpido\"}]},{\"@type\":\"WebSite\",\"@id\":\"http:\/\/soloreglasgolf.com\/WordPress3\/#website\",\"url\":\"http:\/\/soloreglasgolf.com\/WordPress3\/\",\"name\":\"SoloReglasGolf\",\"description\":\"Conversando sobre  Reglas de Golf\",\"potentialAction\":[{\"@type\":\"SearchAction\",\"target\":{\"@type\":\"EntryPoint\",\"urlTemplate\":\"http:\/\/soloreglasgolf.com\/WordPress3\/?s={search_term_string}\"},\"query-input\":\"required name=search_term_string\"}],\"inLanguage\":\"es\"}]}<\/script>\n<!-- \/ Yoast SEO plugin. -->","yoast_head_json":{"title":"5.5 Practicando Durante la Vuelta o Mientras el Juego Est\u00e1 Interrumpido - SoloReglasGolf","robots":{"index":"index","follow":"follow","max-snippet":"max-snippet:-1","max-image-preview":"max-image-preview:large","max-video-preview":"max-video-preview:-1"},"canonical":"http:\/\/soloreglasgolf.com\/WordPress3\/reglas-2019\/ii-jugando-vuelta-y-hoyo\/regla-05\/5-5-practicando-durante-la-vuelta-o-mientras-el-juego-esta-interrumpido\/","twitter_misc":{"Tiempo de lectura":"2 minutos"},"schema":{"@context":"https:\/\/schema.org","@graph":[{"@type":"WebPage","@id":"http:\/\/soloreglasgolf.com\/WordPress3\/reglas-2019\/ii-jugando-vuelta-y-hoyo\/regla-05\/5-5-practicando-durante-la-vuelta-o-mientras-el-juego-esta-interrumpido\/","url":"http:\/\/soloreglasgolf.com\/WordPress3\/reglas-2019\/ii-jugando-vuelta-y-hoyo\/regla-05\/5-5-practicando-durante-la-vuelta-o-mientras-el-juego-esta-interrumpido\/","name":"5.5 Practicando Durante la Vuelta o Mientras el Juego Est\u00e1 Interrumpido - SoloReglasGolf","isPartOf":{"@id":"http:\/\/soloreglasgolf.com\/WordPress3\/#website"},"datePublished":"2021-05-01T20:13:45+00:00","dateModified":"2021-05-01T20:17:18+00:00","breadcrumb":{"@id":"http:\/\/soloreglasgolf.com\/WordPress3\/reglas-2019\/ii-jugando-vuelta-y-hoyo\/regla-05\/5-5-practicando-durante-la-vuelta-o-mientras-el-juego-esta-interrumpido\/#breadcrumb"},"inLanguage":"es","potentialAction":[{"@type":"ReadAction","target":["http:\/\/soloreglasgolf.com\/WordPress3\/reglas-2019\/ii-jugando-vuelta-y-hoyo\/regla-05\/5-5-practicando-durante-la-vuelta-o-mientras-el-juego-esta-interrumpido\/"]}]},{"@type":"BreadcrumbList","@id":"http:\/\/soloreglasgolf.com\/WordPress3\/reglas-2019\/ii-jugando-vuelta-y-hoyo\/regla-05\/5-5-practicando-durante-la-vuelta-o-mientras-el-juego-esta-interrumpido\/#breadcrumb","itemListElement":[{"@type":"ListItem","position":1,"name":"Portada","item":"http:\/\/soloreglasgolf.com\/WordPress3\/"},{"@type":"ListItem","position":2,"name":"Reglas 2019","item":"http:\/\/soloreglasgolf.com\/WordPress3\/reglas-2019\/"},{"@type":"ListItem","position":3,"name":"II. Jugando Vuelta y Hoyo","item":"http:\/\/soloreglasgolf.com\/WordPress3\/reglas-2019\/ii-jugando-vuelta-y-hoyo\/"},{"@type":"ListItem","position":4,"name":"Regla 5 \u2013 Jugar la Vuelta","item":"http:\/\/soloreglasgolf.com\/WordPress3\/reglas-2019\/ii-jugando-vuelta-y-hoyo\/regla-05\/"},{"@type":"ListItem","position":5,"name":"5.5 Practicando Durante la Vuelta o Mientras el Juego Est\u00e1 Interrumpido"}]},{"@type":"WebSite","@id":"http:\/\/soloreglasgolf.com\/WordPress3\/#website","url":"http:\/\/soloreglasgolf.com\/WordPress3\/","name":"SoloReglasGolf","description":"Conversando sobre  Reglas de Golf","potentialAction":[{"@type":"SearchAction","target":{"@type":"EntryPoint","urlTemplate":"http:\/\/soloreglasgolf.com\/WordPress3\/?s={search_term_string}"},"query-input":"required name=search_term_string"}],"inLanguage":"es"}]}},"jetpack_sharing_enabled":true,"jetpack_shortlink":"https:\/\/wp.me\/P36cD2-bqq","_links":{"self":[{"href":"http:\/\/soloreglasgolf.com\/WordPress3\/wp-json\/wp\/v2\/pages\/43922","targetHints":{"allow":["GET"]}}],"collection":[{"href":"http:\/\/soloreglasgolf.com\/WordPress3\/wp-json\/wp\/v2\/pages"}],"about":[{"href":"http:\/\/soloreglasgolf.com\/WordPress3\/wp-json\/wp\/v2\/types\/page"}],"author":[{"embeddable":true,"href":"http:\/\/soloreglasgolf.com\/WordPress3\/wp-json\/wp\/v2\/users\/28"}],"replies":[{"embeddable":true,"href":"http:\/\/soloreglasgolf.com\/WordPress3\/wp-json\/wp\/v2\/comments?post=43922"}],"version-history":[{"count":4,"href":"http:\/\/soloreglasgolf.com\/WordPress3\/wp-json\/wp\/v2\/pages\/43922\/revisions"}],"predecessor-version":[{"id":43927,"href":"http:\/\/soloreglasgolf.com\/WordPress3\/wp-json\/wp\/v2\/pages\/43922\/revisions\/43927"}],"up":[{"embeddable":true,"href":"http:\/\/soloreglasgolf.com\/WordPress3\/wp-json\/wp\/v2\/pages\/13271"}],"wp:attachment":[{"href":"http:\/\/soloreglasgolf.com\/WordPress3\/wp-json\/wp\/v2\/media?parent=43922"}],"curies":[{"name":"wp","href":"https:\/\/api.w.org\/{rel}","templated":true}]}}