{"id":43919,"date":"2021-05-01T21:14:29","date_gmt":"2021-05-01T19:14:29","guid":{"rendered":"http:\/\/soloreglasgolf.com\/WordPress3\/?page_id=43919"},"modified":"2021-05-01T21:17:16","modified_gmt":"2021-05-01T19:17:16","slug":"5-4-jugando-en-grupos","status":"publish","type":"page","link":"http:\/\/soloreglasgolf.com\/WordPress3\/reglas-2019\/ii-jugando-vuelta-y-hoyo\/regla-05\/5-4-jugando-en-grupos\/","title":{"rendered":"5.4 Jugando en Grupos"},"content":{"rendered":"<p><strong>5.4a Match Play (Juego por Hoyos)<\/strong><br \/>\nDurante una vuelta, el jugador y el contrario deber\u00e1n jugar cada hoyo en el mismo grupo.<\/p>\n<p><strong>5.4b Stroke Play (Juego por Golpes)<\/strong><br \/>\nDurante una vuelta, el jugador debe permanecer en el grupo establecido por el Comit\u00e9, salvo que el Comit\u00e9 apruebe un cambio antes o despu\u00e9s de que se produzca.<\/p>\n<p>Penalizaci\u00f3n por Infringir la Regla 5.4: Descalificaci\u00f3n.<\/p>\n<p>&nbsp;<\/p>\n<div class=\"g g-2\"><div class=\"g-single a-18\"><script type=\"text\/javascript\"><!--\r\ngoogle_ad_client = \"ca-pub-2363348512557029\";\r\n\/* Blog pagina-post *\/\r\ngoogle_ad_slot = \"1564877784\";\r\ngoogle_ad_width = 728;\r\ngoogle_ad_height = 90;\r\n\/\/-->\r\n<\/script>\r\n<script type=\"text\/javascript\"\r\nsrc=\"http:\/\/pagead2.googlesyndication.com\/pagead\/show_ads.js\">\r\n<\/script><\/div><\/div>\n","protected":false},"excerpt":{"rendered":"<p>5.4a Match Play (Juego por Hoyos) Durante una vuelta, el jugador y el contrario deber\u00e1n jugar cada hoyo en el mismo grupo. 5.4b Stroke Play (Juego por Golpes) Durante una vuelta, el jugador debe permanecer en el grupo establecido por el Comit\u00e9, salvo que el Comit\u00e9 apruebe un cambio antes o despu\u00e9s de que se <a href='http:\/\/soloreglasgolf.com\/WordPress3\/reglas-2019\/ii-jugando-vuelta-y-hoyo\/regla-05\/5-4-jugando-en-grupos\/' class='excerpt-more'>[Leer + &#8230;]<\/a><\/p>\n","protected":false},"author":28,"featured_media":0,"parent":13271,"menu_order":0,"comment_status":"closed","ping_status":"closed","template":"","meta":{"jetpack_post_was_ever_published":false,"footnotes":""},"class_list":["post-43919","page","type-page","status-publish","hentry","post-seq-1","post-parity-odd","meta-position-corners","fix"],"yoast_head":"<!-- This site is optimized with the Yoast SEO plugin v22.0 - https:\/\/yoast.com\/wordpress\/plugins\/seo\/ -->\n<title>5.4 Jugando en Grupos - SoloReglasGolf<\/title>\n<meta name=\"robots\" content=\"index, follow, max-snippet:-1, max-image-preview:large, max-video-preview:-1\" \/>\n<link rel=\"canonical\" href=\"http:\/\/soloreglasgolf.com\/WordPress3\/reglas-2019\/ii-jugando-vuelta-y-hoyo\/regla-05\/5-4-jugando-en-grupos\/\" \/>\n<meta name=\"twitter:label1\" content=\"Tiempo de lectura\" \/>\n\t<meta name=\"twitter:data1\" content=\"1 minuto\" \/>\n<script type=\"application\/ld+json\" class=\"yoast-schema-graph\">{\"@context\":\"https:\/\/schema.org\",\"@graph\":[{\"@type\":\"WebPage\",\"@id\":\"http:\/\/soloreglasgolf.com\/WordPress3\/reglas-2019\/ii-jugando-vuelta-y-hoyo\/regla-05\/5-4-jugando-en-grupos\/\",\"url\":\"http:\/\/soloreglasgolf.com\/WordPress3\/reglas-2019\/ii-jugando-vuelta-y-hoyo\/regla-05\/5-4-jugando-en-grupos\/\",\"name\":\"5.4 Jugando en Grupos - SoloReglasGolf\",\"isPartOf\":{\"@id\":\"http:\/\/soloreglasgolf.com\/WordPress3\/#website\"},\"datePublished\":\"2021-05-01T19:14:29+00:00\",\"dateModified\":\"2021-05-01T19:17:16+00:00\",\"breadcrumb\":{\"@id\":\"http:\/\/soloreglasgolf.com\/WordPress3\/reglas-2019\/ii-jugando-vuelta-y-hoyo\/regla-05\/5-4-jugando-en-grupos\/#breadcrumb\"},\"inLanguage\":\"es\",\"potentialAction\":[{\"@type\":\"ReadAction\",\"target\":[\"http:\/\/soloreglasgolf.com\/WordPress3\/reglas-2019\/ii-jugando-vuelta-y-hoyo\/regla-05\/5-4-jugando-en-grupos\/\"]}]},{\"@type\":\"BreadcrumbList\",\"@id\":\"http:\/\/soloreglasgolf.com\/WordPress3\/reglas-2019\/ii-jugando-vuelta-y-hoyo\/regla-05\/5-4-jugando-en-grupos\/#breadcrumb\",\"itemListElement\":[{\"@type\":\"ListItem\",\"position\":1,\"name\":\"Portada\",\"item\":\"http:\/\/soloreglasgolf.com\/WordPress3\/\"},{\"@type\":\"ListItem\",\"position\":2,\"name\":\"Reglas 2019\",\"item\":\"http:\/\/soloreglasgolf.com\/WordPress3\/reglas-2019\/\"},{\"@type\":\"ListItem\",\"position\":3,\"name\":\"II. Jugando Vuelta y Hoyo\",\"item\":\"http:\/\/soloreglasgolf.com\/WordPress3\/reglas-2019\/ii-jugando-vuelta-y-hoyo\/\"},{\"@type\":\"ListItem\",\"position\":4,\"name\":\"Regla 5 \u2013 Jugar la Vuelta\",\"item\":\"http:\/\/soloreglasgolf.com\/WordPress3\/reglas-2019\/ii-jugando-vuelta-y-hoyo\/regla-05\/\"},{\"@type\":\"ListItem\",\"position\":5,\"name\":\"5.4 Jugando en Grupos\"}]},{\"@type\":\"WebSite\",\"@id\":\"http:\/\/soloreglasgolf.com\/WordPress3\/#website\",\"url\":\"http:\/\/soloreglasgolf.com\/WordPress3\/\",\"name\":\"SoloReglasGolf\",\"description\":\"Conversando sobre  Reglas de Golf\",\"potentialAction\":[{\"@type\":\"SearchAction\",\"target\":{\"@type\":\"EntryPoint\",\"urlTemplate\":\"http:\/\/soloreglasgolf.com\/WordPress3\/?s={search_term_string}\"},\"query-input\":\"required name=search_term_string\"}],\"inLanguage\":\"es\"}]}<\/script>\n<!-- \/ Yoast SEO plugin. -->","yoast_head_json":{"title":"5.4 Jugando en Grupos - SoloReglasGolf","robots":{"index":"index","follow":"follow","max-snippet":"max-snippet:-1","max-image-preview":"max-image-preview:large","max-video-preview":"max-video-preview:-1"},"canonical":"http:\/\/soloreglasgolf.com\/WordPress3\/reglas-2019\/ii-jugando-vuelta-y-hoyo\/regla-05\/5-4-jugando-en-grupos\/","twitter_misc":{"Tiempo de lectura":"1 minuto"},"schema":{"@context":"https:\/\/schema.org","@graph":[{"@type":"WebPage","@id":"http:\/\/soloreglasgolf.com\/WordPress3\/reglas-2019\/ii-jugando-vuelta-y-hoyo\/regla-05\/5-4-jugando-en-grupos\/","url":"http:\/\/soloreglasgolf.com\/WordPress3\/reglas-2019\/ii-jugando-vuelta-y-hoyo\/regla-05\/5-4-jugando-en-grupos\/","name":"5.4 Jugando en Grupos - SoloReglasGolf","isPartOf":{"@id":"http:\/\/soloreglasgolf.com\/WordPress3\/#website"},"datePublished":"2021-05-01T19:14:29+00:00","dateModified":"2021-05-01T19:17:16+00:00","breadcrumb":{"@id":"http:\/\/soloreglasgolf.com\/WordPress3\/reglas-2019\/ii-jugando-vuelta-y-hoyo\/regla-05\/5-4-jugando-en-grupos\/#breadcrumb"},"inLanguage":"es","potentialAction":[{"@type":"ReadAction","target":["http:\/\/soloreglasgolf.com\/WordPress3\/reglas-2019\/ii-jugando-vuelta-y-hoyo\/regla-05\/5-4-jugando-en-grupos\/"]}]},{"@type":"BreadcrumbList","@id":"http:\/\/soloreglasgolf.com\/WordPress3\/reglas-2019\/ii-jugando-vuelta-y-hoyo\/regla-05\/5-4-jugando-en-grupos\/#breadcrumb","itemListElement":[{"@type":"ListItem","position":1,"name":"Portada","item":"http:\/\/soloreglasgolf.com\/WordPress3\/"},{"@type":"ListItem","position":2,"name":"Reglas 2019","item":"http:\/\/soloreglasgolf.com\/WordPress3\/reglas-2019\/"},{"@type":"ListItem","position":3,"name":"II. Jugando Vuelta y Hoyo","item":"http:\/\/soloreglasgolf.com\/WordPress3\/reglas-2019\/ii-jugando-vuelta-y-hoyo\/"},{"@type":"ListItem","position":4,"name":"Regla 5 \u2013 Jugar la Vuelta","item":"http:\/\/soloreglasgolf.com\/WordPress3\/reglas-2019\/ii-jugando-vuelta-y-hoyo\/regla-05\/"},{"@type":"ListItem","position":5,"name":"5.4 Jugando en Grupos"}]},{"@type":"WebSite","@id":"http:\/\/soloreglasgolf.com\/WordPress3\/#website","url":"http:\/\/soloreglasgolf.com\/WordPress3\/","name":"SoloReglasGolf","description":"Conversando sobre  Reglas de Golf","potentialAction":[{"@type":"SearchAction","target":{"@type":"EntryPoint","urlTemplate":"http:\/\/soloreglasgolf.com\/WordPress3\/?s={search_term_string}"},"query-input":"required name=search_term_string"}],"inLanguage":"es"}]}},"jetpack_sharing_enabled":true,"jetpack_shortlink":"https:\/\/wp.me\/P36cD2-bqn","_links":{"self":[{"href":"http:\/\/soloreglasgolf.com\/WordPress3\/wp-json\/wp\/v2\/pages\/43919","targetHints":{"allow":["GET"]}}],"collection":[{"href":"http:\/\/soloreglasgolf.com\/WordPress3\/wp-json\/wp\/v2\/pages"}],"about":[{"href":"http:\/\/soloreglasgolf.com\/WordPress3\/wp-json\/wp\/v2\/types\/page"}],"author":[{"embeddable":true,"href":"http:\/\/soloreglasgolf.com\/WordPress3\/wp-json\/wp\/v2\/users\/28"}],"replies":[{"embeddable":true,"href":"http:\/\/soloreglasgolf.com\/WordPress3\/wp-json\/wp\/v2\/comments?post=43919"}],"version-history":[{"count":1,"href":"http:\/\/soloreglasgolf.com\/WordPress3\/wp-json\/wp\/v2\/pages\/43919\/revisions"}],"predecessor-version":[{"id":43920,"href":"http:\/\/soloreglasgolf.com\/WordPress3\/wp-json\/wp\/v2\/pages\/43919\/revisions\/43920"}],"up":[{"embeddable":true,"href":"http:\/\/soloreglasgolf.com\/WordPress3\/wp-json\/wp\/v2\/pages\/13271"}],"wp:attachment":[{"href":"http:\/\/soloreglasgolf.com\/WordPress3\/wp-json\/wp\/v2\/media?parent=43919"}],"curies":[{"name":"wp","href":"https:\/\/api.w.org\/{rel}","templated":true}]}}