{"id":43916,"date":"2021-05-01T21:10:16","date_gmt":"2021-05-01T19:10:16","guid":{"rendered":"http:\/\/soloreglasgolf.com\/WordPress3\/?page_id=43916"},"modified":"2021-05-01T21:16:40","modified_gmt":"2021-05-01T19:16:40","slug":"5-3-comenzando-y-terminando-una-vuelta","status":"publish","type":"page","link":"http:\/\/soloreglasgolf.com\/WordPress3\/reglas-2019\/ii-jugando-vuelta-y-hoyo\/regla-05\/5-3-comenzando-y-terminando-una-vuelta\/","title":{"rendered":"5.3 Comenzando y Terminando una Vuelta"},"content":{"rendered":"<p><strong>5.3a Cu\u00e1ndo Comenzar la Vuelta<\/strong><br \/>\nLa vuelta de un jugador comienza cuando ejecuta un golpe para iniciar su primer hoyo (ver Regla 6.1a).<br \/>\nEl jugador debe comenzar a (y no antes) su hora de salida:<\/p>\n<ul>\n<li>Esto significa que el jugador debe estar preparado para jugar a la hora y en el lugar de comienzo establecidos por el Comit\u00e9.<\/li>\n<li>Una hora de salida establecida por el Comit\u00e9 se trata como una hora exacta (por ejemplo, a las 9 am significa a las 9:00:00 am, no a cualquier otra hora hasta las 9:01 am).<\/li>\n<\/ul>\n<p>Si la hora de salida se retrasa por cualquier motivo (como por condiciones meteorol\u00f3gicas, juego lento de otros grupos o la necesidad de una decisi\u00f3n por parte de un \u00e1rbitro) no hay infracci\u00f3n a esta Regla si el jugador est\u00e1 presente y preparado para jugar cuando el grupo pueda salir.<\/p>\n<p>Penalizaci\u00f3n por Infringir la Regla 5.3a: <strong>Descalificaci\u00f3n<\/strong>, excepto en estos tres casos:<\/p>\n<ul>\n<li><strong>Excepci\u00f3n 1<\/strong> \u2013 El jugador Llega al Lugar de Comienzo, Preparado para Jugar, <strong>No M\u00e1s de Cinco Minutos Tarde<\/strong>: El jugador incurre en la <strong>penalizaci\u00f3n general<\/strong>, que se <strong>aplica en su primer hoyo<\/strong>.<\/li>\n<li><strong>Excepci\u00f3n 2<\/strong> \u2013 El Jugador <strong>Comienza No M\u00e1s de Cinco Minutos Antes de la Hora<\/strong>: El jugador incurre en la <strong>penalizaci\u00f3n general<\/strong>, que se <strong>aplica en su primer hoyo<\/strong>.<\/li>\n<li><strong>Excepci\u00f3n 3<\/strong> \u2013 El Comit\u00e9 Decide que Circunstancias Excepcionales Impidieron que el Jugador Comenzase a la Hora: No hay infracci\u00f3n de esta Regla y no hay penalizaci\u00f3n.<\/li>\n<\/ul>\n<p><strong>5.3b Cu\u00e1ndo Termina la Vuelta<\/strong><br \/>\nLa vuelta de un jugador finaliza:<\/p>\n<ul>\n<li>En match play (juego por hoyos), <strong>cuando se ha decidido el resultado<\/strong> del match bajo la Regla 3.2a(3) o (4).<\/li>\n<li>En stroke play (juego por golpes), cuando el jugador emboca en el \u00faltimo hoyo (incluyendo la correcci\u00f3n de un error, como bajo la Regla 6.1 o 14.7b).<\/li>\n<\/ul>\n<p>V\u00e9ase Reglas 21.1e, 21.2e, 21.3e y 23.3b (cu\u00e1ndo comienza y termina una vuelta en otras modalidades de stroke play (juego por golpes) y en Four-Ball).<\/p>\n<div class=\"g g-2\"><div class=\"g-single a-17\"><script type=\"text\/javascript\"><!--\r\ngoogle_ad_client = \"ca-pub-2363348512557029\";\r\n\/* Blog pagina-post *\/\r\ngoogle_ad_slot = \"1564877784\";\r\ngoogle_ad_width = 728;\r\ngoogle_ad_height = 90;\r\n\/\/-->\r\n<\/script>\r\n<script type=\"text\/javascript\"\r\nsrc=\"http:\/\/pagead2.googlesyndication.com\/pagead\/show_ads.js\">\r\n<\/script><\/div><\/div>\n","protected":false},"excerpt":{"rendered":"<p>5.3a Cu\u00e1ndo Comenzar la Vuelta La vuelta de un jugador comienza cuando ejecuta un golpe para iniciar su primer hoyo (ver Regla 6.1a). El jugador debe comenzar a (y no antes) su hora de salida: Esto significa que el jugador debe estar preparado para jugar a la hora y en el lugar de comienzo establecidos <a href='http:\/\/soloreglasgolf.com\/WordPress3\/reglas-2019\/ii-jugando-vuelta-y-hoyo\/regla-05\/5-3-comenzando-y-terminando-una-vuelta\/' class='excerpt-more'>[Leer + &#8230;]<\/a><\/p>\n","protected":false},"author":28,"featured_media":0,"parent":13271,"menu_order":0,"comment_status":"closed","ping_status":"closed","template":"","meta":{"jetpack_post_was_ever_published":false,"footnotes":""},"class_list":["post-43916","page","type-page","status-publish","hentry","post-seq-1","post-parity-odd","meta-position-corners","fix"],"yoast_head":"<!-- This site is optimized with the Yoast SEO plugin v22.0 - https:\/\/yoast.com\/wordpress\/plugins\/seo\/ -->\n<title>5.3 Comenzando y Terminando una Vuelta - SoloReglasGolf<\/title>\n<meta name=\"robots\" content=\"index, follow, max-snippet:-1, max-image-preview:large, max-video-preview:-1\" \/>\n<link rel=\"canonical\" href=\"https:\/\/soloreglasgolf.com\/WordPress3\/reglas-2019\/ii-jugando-vuelta-y-hoyo\/regla-05\/5-3-comenzando-y-terminando-una-vuelta\/\" \/>\n<meta name=\"twitter:label1\" content=\"Tiempo de lectura\" \/>\n\t<meta name=\"twitter:data1\" content=\"2 minutos\" \/>\n<script type=\"application\/ld+json\" class=\"yoast-schema-graph\">{\"@context\":\"https:\/\/schema.org\",\"@graph\":[{\"@type\":\"WebPage\",\"@id\":\"https:\/\/soloreglasgolf.com\/WordPress3\/reglas-2019\/ii-jugando-vuelta-y-hoyo\/regla-05\/5-3-comenzando-y-terminando-una-vuelta\/\",\"url\":\"https:\/\/soloreglasgolf.com\/WordPress3\/reglas-2019\/ii-jugando-vuelta-y-hoyo\/regla-05\/5-3-comenzando-y-terminando-una-vuelta\/\",\"name\":\"5.3 Comenzando y Terminando una Vuelta - SoloReglasGolf\",\"isPartOf\":{\"@id\":\"http:\/\/soloreglasgolf.com\/WordPress3\/#website\"},\"datePublished\":\"2021-05-01T19:10:16+00:00\",\"dateModified\":\"2021-05-01T19:16:40+00:00\",\"breadcrumb\":{\"@id\":\"https:\/\/soloreglasgolf.com\/WordPress3\/reglas-2019\/ii-jugando-vuelta-y-hoyo\/regla-05\/5-3-comenzando-y-terminando-una-vuelta\/#breadcrumb\"},\"inLanguage\":\"es\",\"potentialAction\":[{\"@type\":\"ReadAction\",\"target\":[\"https:\/\/soloreglasgolf.com\/WordPress3\/reglas-2019\/ii-jugando-vuelta-y-hoyo\/regla-05\/5-3-comenzando-y-terminando-una-vuelta\/\"]}]},{\"@type\":\"BreadcrumbList\",\"@id\":\"https:\/\/soloreglasgolf.com\/WordPress3\/reglas-2019\/ii-jugando-vuelta-y-hoyo\/regla-05\/5-3-comenzando-y-terminando-una-vuelta\/#breadcrumb\",\"itemListElement\":[{\"@type\":\"ListItem\",\"position\":1,\"name\":\"Portada\",\"item\":\"http:\/\/soloreglasgolf.com\/WordPress3\/\"},{\"@type\":\"ListItem\",\"position\":2,\"name\":\"Reglas 2019\",\"item\":\"http:\/\/soloreglasgolf.com\/WordPress3\/reglas-2019\/\"},{\"@type\":\"ListItem\",\"position\":3,\"name\":\"II. Jugando Vuelta y Hoyo\",\"item\":\"http:\/\/soloreglasgolf.com\/WordPress3\/reglas-2019\/ii-jugando-vuelta-y-hoyo\/\"},{\"@type\":\"ListItem\",\"position\":4,\"name\":\"Regla 5 \u2013 Jugar la Vuelta\",\"item\":\"http:\/\/soloreglasgolf.com\/WordPress3\/reglas-2019\/ii-jugando-vuelta-y-hoyo\/regla-05\/\"},{\"@type\":\"ListItem\",\"position\":5,\"name\":\"5.3 Comenzando y Terminando una Vuelta\"}]},{\"@type\":\"WebSite\",\"@id\":\"http:\/\/soloreglasgolf.com\/WordPress3\/#website\",\"url\":\"http:\/\/soloreglasgolf.com\/WordPress3\/\",\"name\":\"SoloReglasGolf\",\"description\":\"Conversando sobre  Reglas de Golf\",\"potentialAction\":[{\"@type\":\"SearchAction\",\"target\":{\"@type\":\"EntryPoint\",\"urlTemplate\":\"http:\/\/soloreglasgolf.com\/WordPress3\/?s={search_term_string}\"},\"query-input\":\"required name=search_term_string\"}],\"inLanguage\":\"es\"}]}<\/script>\n<!-- \/ Yoast SEO plugin. -->","yoast_head_json":{"title":"5.3 Comenzando y Terminando una Vuelta - SoloReglasGolf","robots":{"index":"index","follow":"follow","max-snippet":"max-snippet:-1","max-image-preview":"max-image-preview:large","max-video-preview":"max-video-preview:-1"},"canonical":"https:\/\/soloreglasgolf.com\/WordPress3\/reglas-2019\/ii-jugando-vuelta-y-hoyo\/regla-05\/5-3-comenzando-y-terminando-una-vuelta\/","twitter_misc":{"Tiempo de lectura":"2 minutos"},"schema":{"@context":"https:\/\/schema.org","@graph":[{"@type":"WebPage","@id":"https:\/\/soloreglasgolf.com\/WordPress3\/reglas-2019\/ii-jugando-vuelta-y-hoyo\/regla-05\/5-3-comenzando-y-terminando-una-vuelta\/","url":"https:\/\/soloreglasgolf.com\/WordPress3\/reglas-2019\/ii-jugando-vuelta-y-hoyo\/regla-05\/5-3-comenzando-y-terminando-una-vuelta\/","name":"5.3 Comenzando y Terminando una Vuelta - SoloReglasGolf","isPartOf":{"@id":"http:\/\/soloreglasgolf.com\/WordPress3\/#website"},"datePublished":"2021-05-01T19:10:16+00:00","dateModified":"2021-05-01T19:16:40+00:00","breadcrumb":{"@id":"https:\/\/soloreglasgolf.com\/WordPress3\/reglas-2019\/ii-jugando-vuelta-y-hoyo\/regla-05\/5-3-comenzando-y-terminando-una-vuelta\/#breadcrumb"},"inLanguage":"es","potentialAction":[{"@type":"ReadAction","target":["https:\/\/soloreglasgolf.com\/WordPress3\/reglas-2019\/ii-jugando-vuelta-y-hoyo\/regla-05\/5-3-comenzando-y-terminando-una-vuelta\/"]}]},{"@type":"BreadcrumbList","@id":"https:\/\/soloreglasgolf.com\/WordPress3\/reglas-2019\/ii-jugando-vuelta-y-hoyo\/regla-05\/5-3-comenzando-y-terminando-una-vuelta\/#breadcrumb","itemListElement":[{"@type":"ListItem","position":1,"name":"Portada","item":"http:\/\/soloreglasgolf.com\/WordPress3\/"},{"@type":"ListItem","position":2,"name":"Reglas 2019","item":"http:\/\/soloreglasgolf.com\/WordPress3\/reglas-2019\/"},{"@type":"ListItem","position":3,"name":"II. Jugando Vuelta y Hoyo","item":"http:\/\/soloreglasgolf.com\/WordPress3\/reglas-2019\/ii-jugando-vuelta-y-hoyo\/"},{"@type":"ListItem","position":4,"name":"Regla 5 \u2013 Jugar la Vuelta","item":"http:\/\/soloreglasgolf.com\/WordPress3\/reglas-2019\/ii-jugando-vuelta-y-hoyo\/regla-05\/"},{"@type":"ListItem","position":5,"name":"5.3 Comenzando y Terminando una Vuelta"}]},{"@type":"WebSite","@id":"http:\/\/soloreglasgolf.com\/WordPress3\/#website","url":"http:\/\/soloreglasgolf.com\/WordPress3\/","name":"SoloReglasGolf","description":"Conversando sobre  Reglas de Golf","potentialAction":[{"@type":"SearchAction","target":{"@type":"EntryPoint","urlTemplate":"http:\/\/soloreglasgolf.com\/WordPress3\/?s={search_term_string}"},"query-input":"required name=search_term_string"}],"inLanguage":"es"}]}},"jetpack_sharing_enabled":true,"jetpack_shortlink":"https:\/\/wp.me\/P36cD2-bqk","_links":{"self":[{"href":"http:\/\/soloreglasgolf.com\/WordPress3\/wp-json\/wp\/v2\/pages\/43916","targetHints":{"allow":["GET"]}}],"collection":[{"href":"http:\/\/soloreglasgolf.com\/WordPress3\/wp-json\/wp\/v2\/pages"}],"about":[{"href":"http:\/\/soloreglasgolf.com\/WordPress3\/wp-json\/wp\/v2\/types\/page"}],"author":[{"embeddable":true,"href":"http:\/\/soloreglasgolf.com\/WordPress3\/wp-json\/wp\/v2\/users\/28"}],"replies":[{"embeddable":true,"href":"http:\/\/soloreglasgolf.com\/WordPress3\/wp-json\/wp\/v2\/comments?post=43916"}],"version-history":[{"count":1,"href":"http:\/\/soloreglasgolf.com\/WordPress3\/wp-json\/wp\/v2\/pages\/43916\/revisions"}],"predecessor-version":[{"id":43917,"href":"http:\/\/soloreglasgolf.com\/WordPress3\/wp-json\/wp\/v2\/pages\/43916\/revisions\/43917"}],"up":[{"embeddable":true,"href":"http:\/\/soloreglasgolf.com\/WordPress3\/wp-json\/wp\/v2\/pages\/13271"}],"wp:attachment":[{"href":"http:\/\/soloreglasgolf.com\/WordPress3\/wp-json\/wp\/v2\/media?parent=43916"}],"curies":[{"name":"wp","href":"https:\/\/api.w.org\/{rel}","templated":true}]}}