{"id":43909,"date":"2021-05-01T20:55:18","date_gmt":"2021-05-01T18:55:18","guid":{"rendered":"http:\/\/soloreglasgolf.com\/WordPress3\/?page_id=43909"},"modified":"2021-05-01T21:16:07","modified_gmt":"2021-05-01T19:16:07","slug":"5-2-practicando-en-el-campo-antes-o-entre-vueltas","status":"publish","type":"page","link":"http:\/\/soloreglasgolf.com\/WordPress3\/reglas-2019\/ii-jugando-vuelta-y-hoyo\/regla-05\/5-2-practicando-en-el-campo-antes-o-entre-vueltas\/","title":{"rendered":"5.2 Practicando en el Campo Antes o Entre Vueltas"},"content":{"rendered":"<p>A efectos de esta Regla:<\/p>\n<ul>\n<li>\u201cPracticando en el campo\u201d significa <strong>jugar una bola<\/strong> o <strong>probar la superficie del green<\/strong> de cualquier hoyo haciendo rodar una bola o frotando la superficie, y<\/li>\n<li>Las limitaciones de practicar en el campo antes o entre vueltas se aplican solo al jugador, no a su caddie.<\/li>\n<\/ul>\n<p><strong>5.2a Match Play (Juego por Hoyos)<\/strong><br \/>\nUn jugador <strong>puede practicar en el campo antes de una vuelta o entre vueltas<\/strong> de una competici\u00f3n match play (juego por hoyos).<\/p>\n<p><strong>5.2b Stroke Play (Juego por Golpes)<\/strong><br \/>\nEn el d\u00eda de una competici\u00f3n stroke play (juego por golpes):<\/p>\n<ul>\n<li>Un jugador <strong>no debe practicar en el campo antes de una vuelta<\/strong>, excepto que puede practicar <strong>golpes con el putter o chips en o cerca de su primer \u00e1rea de salida<\/strong> y practicar en cualquier \u00e1rea de pr\u00e1ctica.<\/li>\n<li>Un jugador puede practicar en el campo despu\u00e9s de terminar de jugar su vuelta final de ese d\u00eda.<\/li>\n<\/ul>\n<p>V\u00e9ase Procedimientos del Comit\u00e9, Secci\u00f3n 8; Regla Local Modelo I-1 (en cualquier modalidad de juego, el Comit\u00e9 puede adoptar una Regla Local prohibiendo, restringiendo o permitiendo la pr\u00e1ctica en el campo antes de o entre vueltas).<\/p>\n<p>Penalizaci\u00f3n por Infringir la Regla 5.2:<br \/>\n\u2022\u2022 Penalizaci\u00f3n por la primera infracci\u00f3n: Penalizaci\u00f3n General (aplicada al primer hoyo del jugador).<br \/>\n\u2022\u2022 Penalizaci\u00f3n para la segunda infracci\u00f3n: Descalificaci\u00f3n.<\/p>\n<p>&nbsp;<\/p>\n<div class=\"g g-2\"><div class=\"g-single a-18\"><script type=\"text\/javascript\"><!--\r\ngoogle_ad_client = \"ca-pub-2363348512557029\";\r\n\/* Blog pagina-post *\/\r\ngoogle_ad_slot = \"1564877784\";\r\ngoogle_ad_width = 728;\r\ngoogle_ad_height = 90;\r\n\/\/-->\r\n<\/script>\r\n<script type=\"text\/javascript\"\r\nsrc=\"http:\/\/pagead2.googlesyndication.com\/pagead\/show_ads.js\">\r\n<\/script><\/div><\/div>\n","protected":false},"excerpt":{"rendered":"<p>A efectos de esta Regla: \u201cPracticando en el campo\u201d significa jugar una bola o probar la superficie del green de cualquier hoyo haciendo rodar una bola o frotando la superficie, y Las limitaciones de practicar en el campo antes o entre vueltas se aplican solo al jugador, no a su caddie. 5.2a Match Play (Juego <a href='http:\/\/soloreglasgolf.com\/WordPress3\/reglas-2019\/ii-jugando-vuelta-y-hoyo\/regla-05\/5-2-practicando-en-el-campo-antes-o-entre-vueltas\/' class='excerpt-more'>[Leer + &#8230;]<\/a><\/p>\n","protected":false},"author":28,"featured_media":0,"parent":13271,"menu_order":0,"comment_status":"closed","ping_status":"closed","template":"","meta":{"jetpack_post_was_ever_published":false,"footnotes":""},"class_list":["post-43909","page","type-page","status-publish","hentry","post-seq-1","post-parity-odd","meta-position-corners","fix"],"yoast_head":"<!-- This site is optimized with the Yoast SEO plugin v22.0 - https:\/\/yoast.com\/wordpress\/plugins\/seo\/ -->\n<title>5.2 Practicando en el Campo Antes o Entre Vueltas - SoloReglasGolf<\/title>\n<meta name=\"robots\" content=\"index, follow, max-snippet:-1, max-image-preview:large, max-video-preview:-1\" \/>\n<link rel=\"canonical\" href=\"http:\/\/soloreglasgolf.com\/WordPress3\/reglas-2019\/ii-jugando-vuelta-y-hoyo\/regla-05\/5-2-practicando-en-el-campo-antes-o-entre-vueltas\/\" \/>\n<meta name=\"twitter:label1\" content=\"Tiempo de lectura\" \/>\n\t<meta name=\"twitter:data1\" content=\"1 minuto\" \/>\n<script type=\"application\/ld+json\" class=\"yoast-schema-graph\">{\"@context\":\"https:\/\/schema.org\",\"@graph\":[{\"@type\":\"WebPage\",\"@id\":\"http:\/\/soloreglasgolf.com\/WordPress3\/reglas-2019\/ii-jugando-vuelta-y-hoyo\/regla-05\/5-2-practicando-en-el-campo-antes-o-entre-vueltas\/\",\"url\":\"http:\/\/soloreglasgolf.com\/WordPress3\/reglas-2019\/ii-jugando-vuelta-y-hoyo\/regla-05\/5-2-practicando-en-el-campo-antes-o-entre-vueltas\/\",\"name\":\"5.2 Practicando en el Campo Antes o Entre Vueltas - SoloReglasGolf\",\"isPartOf\":{\"@id\":\"http:\/\/soloreglasgolf.com\/WordPress3\/#website\"},\"datePublished\":\"2021-05-01T18:55:18+00:00\",\"dateModified\":\"2021-05-01T19:16:07+00:00\",\"breadcrumb\":{\"@id\":\"http:\/\/soloreglasgolf.com\/WordPress3\/reglas-2019\/ii-jugando-vuelta-y-hoyo\/regla-05\/5-2-practicando-en-el-campo-antes-o-entre-vueltas\/#breadcrumb\"},\"inLanguage\":\"es\",\"potentialAction\":[{\"@type\":\"ReadAction\",\"target\":[\"http:\/\/soloreglasgolf.com\/WordPress3\/reglas-2019\/ii-jugando-vuelta-y-hoyo\/regla-05\/5-2-practicando-en-el-campo-antes-o-entre-vueltas\/\"]}]},{\"@type\":\"BreadcrumbList\",\"@id\":\"http:\/\/soloreglasgolf.com\/WordPress3\/reglas-2019\/ii-jugando-vuelta-y-hoyo\/regla-05\/5-2-practicando-en-el-campo-antes-o-entre-vueltas\/#breadcrumb\",\"itemListElement\":[{\"@type\":\"ListItem\",\"position\":1,\"name\":\"Portada\",\"item\":\"http:\/\/soloreglasgolf.com\/WordPress3\/\"},{\"@type\":\"ListItem\",\"position\":2,\"name\":\"Reglas 2019\",\"item\":\"http:\/\/soloreglasgolf.com\/WordPress3\/reglas-2019\/\"},{\"@type\":\"ListItem\",\"position\":3,\"name\":\"II. Jugando Vuelta y Hoyo\",\"item\":\"http:\/\/soloreglasgolf.com\/WordPress3\/reglas-2019\/ii-jugando-vuelta-y-hoyo\/\"},{\"@type\":\"ListItem\",\"position\":4,\"name\":\"Regla 5 \u2013 Jugar la Vuelta\",\"item\":\"http:\/\/soloreglasgolf.com\/WordPress3\/reglas-2019\/ii-jugando-vuelta-y-hoyo\/regla-05\/\"},{\"@type\":\"ListItem\",\"position\":5,\"name\":\"5.2 Practicando en el Campo Antes o Entre Vueltas\"}]},{\"@type\":\"WebSite\",\"@id\":\"http:\/\/soloreglasgolf.com\/WordPress3\/#website\",\"url\":\"http:\/\/soloreglasgolf.com\/WordPress3\/\",\"name\":\"SoloReglasGolf\",\"description\":\"Conversando sobre  Reglas de Golf\",\"potentialAction\":[{\"@type\":\"SearchAction\",\"target\":{\"@type\":\"EntryPoint\",\"urlTemplate\":\"http:\/\/soloreglasgolf.com\/WordPress3\/?s={search_term_string}\"},\"query-input\":\"required name=search_term_string\"}],\"inLanguage\":\"es\"}]}<\/script>\n<!-- \/ Yoast SEO plugin. -->","yoast_head_json":{"title":"5.2 Practicando en el Campo Antes o Entre Vueltas - SoloReglasGolf","robots":{"index":"index","follow":"follow","max-snippet":"max-snippet:-1","max-image-preview":"max-image-preview:large","max-video-preview":"max-video-preview:-1"},"canonical":"http:\/\/soloreglasgolf.com\/WordPress3\/reglas-2019\/ii-jugando-vuelta-y-hoyo\/regla-05\/5-2-practicando-en-el-campo-antes-o-entre-vueltas\/","twitter_misc":{"Tiempo de lectura":"1 minuto"},"schema":{"@context":"https:\/\/schema.org","@graph":[{"@type":"WebPage","@id":"http:\/\/soloreglasgolf.com\/WordPress3\/reglas-2019\/ii-jugando-vuelta-y-hoyo\/regla-05\/5-2-practicando-en-el-campo-antes-o-entre-vueltas\/","url":"http:\/\/soloreglasgolf.com\/WordPress3\/reglas-2019\/ii-jugando-vuelta-y-hoyo\/regla-05\/5-2-practicando-en-el-campo-antes-o-entre-vueltas\/","name":"5.2 Practicando en el Campo Antes o Entre Vueltas - SoloReglasGolf","isPartOf":{"@id":"http:\/\/soloreglasgolf.com\/WordPress3\/#website"},"datePublished":"2021-05-01T18:55:18+00:00","dateModified":"2021-05-01T19:16:07+00:00","breadcrumb":{"@id":"http:\/\/soloreglasgolf.com\/WordPress3\/reglas-2019\/ii-jugando-vuelta-y-hoyo\/regla-05\/5-2-practicando-en-el-campo-antes-o-entre-vueltas\/#breadcrumb"},"inLanguage":"es","potentialAction":[{"@type":"ReadAction","target":["http:\/\/soloreglasgolf.com\/WordPress3\/reglas-2019\/ii-jugando-vuelta-y-hoyo\/regla-05\/5-2-practicando-en-el-campo-antes-o-entre-vueltas\/"]}]},{"@type":"BreadcrumbList","@id":"http:\/\/soloreglasgolf.com\/WordPress3\/reglas-2019\/ii-jugando-vuelta-y-hoyo\/regla-05\/5-2-practicando-en-el-campo-antes-o-entre-vueltas\/#breadcrumb","itemListElement":[{"@type":"ListItem","position":1,"name":"Portada","item":"http:\/\/soloreglasgolf.com\/WordPress3\/"},{"@type":"ListItem","position":2,"name":"Reglas 2019","item":"http:\/\/soloreglasgolf.com\/WordPress3\/reglas-2019\/"},{"@type":"ListItem","position":3,"name":"II. Jugando Vuelta y Hoyo","item":"http:\/\/soloreglasgolf.com\/WordPress3\/reglas-2019\/ii-jugando-vuelta-y-hoyo\/"},{"@type":"ListItem","position":4,"name":"Regla 5 \u2013 Jugar la Vuelta","item":"http:\/\/soloreglasgolf.com\/WordPress3\/reglas-2019\/ii-jugando-vuelta-y-hoyo\/regla-05\/"},{"@type":"ListItem","position":5,"name":"5.2 Practicando en el Campo Antes o Entre Vueltas"}]},{"@type":"WebSite","@id":"http:\/\/soloreglasgolf.com\/WordPress3\/#website","url":"http:\/\/soloreglasgolf.com\/WordPress3\/","name":"SoloReglasGolf","description":"Conversando sobre  Reglas de Golf","potentialAction":[{"@type":"SearchAction","target":{"@type":"EntryPoint","urlTemplate":"http:\/\/soloreglasgolf.com\/WordPress3\/?s={search_term_string}"},"query-input":"required name=search_term_string"}],"inLanguage":"es"}]}},"jetpack_sharing_enabled":true,"jetpack_shortlink":"https:\/\/wp.me\/P36cD2-bqd","_links":{"self":[{"href":"http:\/\/soloreglasgolf.com\/WordPress3\/wp-json\/wp\/v2\/pages\/43909","targetHints":{"allow":["GET"]}}],"collection":[{"href":"http:\/\/soloreglasgolf.com\/WordPress3\/wp-json\/wp\/v2\/pages"}],"about":[{"href":"http:\/\/soloreglasgolf.com\/WordPress3\/wp-json\/wp\/v2\/types\/page"}],"author":[{"embeddable":true,"href":"http:\/\/soloreglasgolf.com\/WordPress3\/wp-json\/wp\/v2\/users\/28"}],"replies":[{"embeddable":true,"href":"http:\/\/soloreglasgolf.com\/WordPress3\/wp-json\/wp\/v2\/comments?post=43909"}],"version-history":[{"count":5,"href":"http:\/\/soloreglasgolf.com\/WordPress3\/wp-json\/wp\/v2\/pages\/43909\/revisions"}],"predecessor-version":[{"id":43915,"href":"http:\/\/soloreglasgolf.com\/WordPress3\/wp-json\/wp\/v2\/pages\/43909\/revisions\/43915"}],"up":[{"embeddable":true,"href":"http:\/\/soloreglasgolf.com\/WordPress3\/wp-json\/wp\/v2\/pages\/13271"}],"wp:attachment":[{"href":"http:\/\/soloreglasgolf.com\/WordPress3\/wp-json\/wp\/v2\/media?parent=43909"}],"curies":[{"name":"wp","href":"https:\/\/api.w.org\/{rel}","templated":true}]}}