{"id":43777,"date":"2021-04-29T20:56:14","date_gmt":"2021-04-29T18:56:14","guid":{"rendered":"http:\/\/soloreglasgolf.com\/WordPress3\/?page_id=43777"},"modified":"2021-04-29T20:56:14","modified_gmt":"2021-04-29T18:56:14","slug":"18-3c-jugando-bola-provisional-hasta-que-se-convierta-en-la-bola-en-juego-o-se-abandone","status":"publish","type":"page","link":"http:\/\/soloreglasgolf.com\/WordPress3\/reglas-2019\/regla-18\/18-3c-jugando-bola-provisional-hasta-que-se-convierta-en-la-bola-en-juego-o-se-abandone\/","title":{"rendered":"18.3c Jugando Bola Provisional Hasta Que se Convierta en la Bola en Juego o Se Abandone"},"content":{"rendered":"<p>(1) Jugando la Bola Provisional M\u00e1s de Una Vez. El jugador <strong>puede continuar jugando la bola provisional<\/strong> sin que pierda su condici\u00f3n, siempre que la bola provisional <strong>se juegue desde un punto en el campo que est\u00e9 a la misma distancia o m\u00e1s lejos del hoyo que el sitio donde se estima que est\u00e1 la bola original.<\/strong><br \/>\nEsto es cierto incluso si la bola provisional se juega varias veces.<\/p>\n<p>Pero <strong>deja de ser una bola provisional<\/strong> cuando se convierte en la <a href=\"http:\/\/soloreglasgolf.com\/WordPress3\/definiciones-2019-2022\/bola-en-juego\/\">bola en juego<\/a> bajo (2) o se abandona bajo (3) y, por lo tanto, pasa a ser una <a href=\"http:\/\/soloreglasgolf.com\/WordPress3\/definiciones-2019-2022\/bola-equivocada\/\">bola equivocada<\/a>.<\/p>\n<p>(2) Cu\u00e1ndo la Bola Provisional se Convierte en Bola en Juego. La bola provisional se convierte en la bola en juego, bajo penalizaci\u00f3n de golpe y distancia, en cualquiera de estos dos casos:<\/p>\n<ul>\n<li>Cuando la Bola Original Est\u00e1 <a href=\"http:\/\/soloreglasgolf.com\/WordPress3\/definiciones-2019-2022\/bola-perdida\/\">Perdida<\/a> en Cualquier Parte del Campo, Excepto en un \u00c1rea de Penalizaci\u00f3n, o Est\u00e1 Fuera de L\u00edmites. La bola original deja de estar en juego (incluso si se encuentra en el campo una vez finalizado el tiempo de b\u00fasqueda de tres minutos) y ahora es una bola equivocada, que no debe jugarse (ver Regla 6.3c).<\/li>\n<li>Cuando se Juega la Bola Provisional desde un Punto en el Campo M\u00e1s Cercano al Hoyo Que el sitio Donde se Estima Est\u00e1 la Bola Original. La bola original deja de estar en juego (incluso si se encuentra en el campo antes de trascurrir el tiempo de b\u00fasqueda de tres minutos o se encuentra m\u00e1s cerca del hoyo de lo que se hab\u00eda estimado) y ahora es una bola equivocada, que no debe<br \/>\njugarse (ver Regla 6.3c).<\/li>\n<\/ul>\n<p>Si el jugador juega una bola provisional hacia la misma zona que la bola original<br \/>\ny no puede identificar qu\u00e9 bola es cu\u00e1l:<\/p>\n<ul>\n<li>Si solo se encuentra una de las bolas en el campo, esa bola se trata como la bola provisional, que est\u00e1 ahora en juego.<\/li>\n<li>Si se encuentran ambas bolas en el campo, el jugador debe elegir una de ellas, la cual se considera como la bola provisional, que ahora est\u00e1 en juego, y la otra bola se trata como perdida y no debe ser jugada.<\/li>\n<\/ul>\n<p>Excepci\u00f3n \u2013 El Jugador Puede Sustituir la Bola Original Bajo Otra Regla Cuando es Conocido o Virtualmente Cierto lo Que Ocurri\u00f3 con la Bola: El jugador tiene una opci\u00f3n adicional cuando su bola no se ha encontrado, pero es conocido o virtualmente cierto que la bola:<\/p>\n<ul>\n<li>Qued\u00f3 en reposo dentro del campo y fue movida por una influencia externa<br \/>\n(ver Regla 9.6),<\/li>\n<li>Qued\u00f3 en reposo dentro del campo en o sobre una obstrucci\u00f3n movible (ver<br \/>\nRegla 15.2b) o una condici\u00f3n anormal del campo (ver Regla 16.1e), o<\/li>\n<li>Fue deliberadamente desviada o detenida por una persona (ver Regla 11.2c).<\/li>\n<\/ul>\n<p>Cuando una estas Reglas se aplica, el jugador puede:<\/p>\n<ul>\n<li>Sustituir su bola por otra bola bajo esa Regla, o<\/li>\n<li>Considerar la bola provisional como la bola en juego bajo la penalizaci\u00f3n de<br \/>\ngolpe y distancia.<\/li>\n<\/ul>\n<p><strong>(3) Cu\u00e1ndo Hay Que Abandonar la Bola Provisional.<\/strong> Cuando una bola provisional a\u00fan no se ha convertido en la bola en juego, debe abandonarse en cualquiera de estos dos casos:<\/p>\n<ul>\n<li>Cuando la Bola Original Se Encuentra en el Campo Fuera de un \u00c1rea de Penalizaci\u00f3n y Antes de Finalizar los Tres Minutos de Tiempo de B\u00fasqueda. El jugador debe jugar la bola original como reposa.<\/li>\n<li>Cuando la Bola Original se Encuentra en \u00c1rea de Penalizaci\u00f3n o Es Conocido o Virtualmente Cierto que Est\u00e1 en Ella. El jugador debe jugar la bola original como reposa o aliviarse con penalizaci\u00f3n, bajo la Regla 17.1d.<\/li>\n<\/ul>\n<p>En cualquier caso:<\/p>\n<ul>\n<li>El jugador no debe ejecutar m\u00e1s golpes con la bola provisional, que es ahora una bola equivocada (ver Regla 6.3c), y<\/li>\n<li>Todos los golpes con la bola provisional antes de abandonarla (incluyendo golpes ejecutados y cualquier golpe de penalizaci\u00f3n \u00fanicamente ocurridos al jugar esa bola) <strong>no cuentan<\/strong>.<\/li>\n<\/ul>\n<p>Penalizaci\u00f3n por Jugar una Bola Desde Lugar Equivocado Infringiendo la Regla 18.3:<br \/>\nPenalizaci\u00f3n General bajo la Regla 14.7a.<\/p>\n<div class=\"g g-2\"><div class=\"g-single a-18\"><script type=\"text\/javascript\"><!--\r\ngoogle_ad_client = \"ca-pub-2363348512557029\";\r\n\/* Blog pagina-post *\/\r\ngoogle_ad_slot = \"1564877784\";\r\ngoogle_ad_width = 728;\r\ngoogle_ad_height = 90;\r\n\/\/-->\r\n<\/script>\r\n<script type=\"text\/javascript\"\r\nsrc=\"http:\/\/pagead2.googlesyndication.com\/pagead\/show_ads.js\">\r\n<\/script><\/div><\/div>\n","protected":false},"excerpt":{"rendered":"<p>(1) Jugando la Bola Provisional M\u00e1s de Una Vez. El jugador puede continuar jugando la bola provisional sin que pierda su condici\u00f3n, siempre que la bola provisional se juegue desde un punto en el campo que est\u00e9 a la misma distancia o m\u00e1s lejos del hoyo que el sitio donde se estima que est\u00e1 la <a href='http:\/\/soloreglasgolf.com\/WordPress3\/reglas-2019\/regla-18\/18-3c-jugando-bola-provisional-hasta-que-se-convierta-en-la-bola-en-juego-o-se-abandone\/' class='excerpt-more'>[Leer + &#8230;]<\/a><\/p>\n","protected":false},"author":28,"featured_media":0,"parent":13296,"menu_order":0,"comment_status":"closed","ping_status":"closed","template":"","meta":{"jetpack_post_was_ever_published":false,"footnotes":""},"class_list":["post-43777","page","type-page","status-publish","hentry","post-seq-1","post-parity-odd","meta-position-corners","fix"],"yoast_head":"<!-- This site is optimized with the Yoast SEO plugin v22.0 - https:\/\/yoast.com\/wordpress\/plugins\/seo\/ -->\n<title>18.3c Jugando Bola Provisional Hasta Que se Convierta en la Bola en Juego o Se Abandone - SoloReglasGolf<\/title>\n<meta name=\"robots\" content=\"index, follow, max-snippet:-1, max-image-preview:large, max-video-preview:-1\" \/>\n<link rel=\"canonical\" href=\"http:\/\/soloreglasgolf.com\/WordPress3\/reglas-2019\/regla-18\/18-3c-jugando-bola-provisional-hasta-que-se-convierta-en-la-bola-en-juego-o-se-abandone\/\" \/>\n<meta name=\"twitter:label1\" content=\"Tiempo de lectura\" \/>\n\t<meta name=\"twitter:data1\" content=\"3 minutos\" \/>\n<script type=\"application\/ld+json\" class=\"yoast-schema-graph\">{\"@context\":\"https:\/\/schema.org\",\"@graph\":[{\"@type\":\"WebPage\",\"@id\":\"http:\/\/soloreglasgolf.com\/WordPress3\/reglas-2019\/regla-18\/18-3c-jugando-bola-provisional-hasta-que-se-convierta-en-la-bola-en-juego-o-se-abandone\/\",\"url\":\"http:\/\/soloreglasgolf.com\/WordPress3\/reglas-2019\/regla-18\/18-3c-jugando-bola-provisional-hasta-que-se-convierta-en-la-bola-en-juego-o-se-abandone\/\",\"name\":\"18.3c Jugando Bola Provisional Hasta Que se Convierta en la Bola en Juego o Se Abandone - SoloReglasGolf\",\"isPartOf\":{\"@id\":\"http:\/\/soloreglasgolf.com\/WordPress3\/#website\"},\"datePublished\":\"2021-04-29T18:56:14+00:00\",\"dateModified\":\"2021-04-29T18:56:14+00:00\",\"breadcrumb\":{\"@id\":\"http:\/\/soloreglasgolf.com\/WordPress3\/reglas-2019\/regla-18\/18-3c-jugando-bola-provisional-hasta-que-se-convierta-en-la-bola-en-juego-o-se-abandone\/#breadcrumb\"},\"inLanguage\":\"es\",\"potentialAction\":[{\"@type\":\"ReadAction\",\"target\":[\"http:\/\/soloreglasgolf.com\/WordPress3\/reglas-2019\/regla-18\/18-3c-jugando-bola-provisional-hasta-que-se-convierta-en-la-bola-en-juego-o-se-abandone\/\"]}]},{\"@type\":\"BreadcrumbList\",\"@id\":\"http:\/\/soloreglasgolf.com\/WordPress3\/reglas-2019\/regla-18\/18-3c-jugando-bola-provisional-hasta-que-se-convierta-en-la-bola-en-juego-o-se-abandone\/#breadcrumb\",\"itemListElement\":[{\"@type\":\"ListItem\",\"position\":1,\"name\":\"Portada\",\"item\":\"http:\/\/soloreglasgolf.com\/WordPress3\/\"},{\"@type\":\"ListItem\",\"position\":2,\"name\":\"Reglas 2019\",\"item\":\"http:\/\/soloreglasgolf.com\/WordPress3\/reglas-2019\/\"},{\"@type\":\"ListItem\",\"position\":3,\"name\":\"Regla 18 \u2013 Alivio por Golpe y Distancia, Bola Perdida o Fuera de L\u00edmites: Bola Provisional\",\"item\":\"http:\/\/soloreglasgolf.com\/WordPress3\/reglas-2019\/regla-18\/\"},{\"@type\":\"ListItem\",\"position\":4,\"name\":\"18.3c Jugando Bola Provisional Hasta Que se Convierta en la Bola en Juego o Se Abandone\"}]},{\"@type\":\"WebSite\",\"@id\":\"http:\/\/soloreglasgolf.com\/WordPress3\/#website\",\"url\":\"http:\/\/soloreglasgolf.com\/WordPress3\/\",\"name\":\"SoloReglasGolf\",\"description\":\"Conversando sobre  Reglas de Golf\",\"potentialAction\":[{\"@type\":\"SearchAction\",\"target\":{\"@type\":\"EntryPoint\",\"urlTemplate\":\"http:\/\/soloreglasgolf.com\/WordPress3\/?s={search_term_string}\"},\"query-input\":\"required name=search_term_string\"}],\"inLanguage\":\"es\"}]}<\/script>\n<!-- \/ Yoast SEO plugin. -->","yoast_head_json":{"title":"18.3c Jugando Bola Provisional Hasta Que se Convierta en la Bola en Juego o Se Abandone - SoloReglasGolf","robots":{"index":"index","follow":"follow","max-snippet":"max-snippet:-1","max-image-preview":"max-image-preview:large","max-video-preview":"max-video-preview:-1"},"canonical":"http:\/\/soloreglasgolf.com\/WordPress3\/reglas-2019\/regla-18\/18-3c-jugando-bola-provisional-hasta-que-se-convierta-en-la-bola-en-juego-o-se-abandone\/","twitter_misc":{"Tiempo de lectura":"3 minutos"},"schema":{"@context":"https:\/\/schema.org","@graph":[{"@type":"WebPage","@id":"http:\/\/soloreglasgolf.com\/WordPress3\/reglas-2019\/regla-18\/18-3c-jugando-bola-provisional-hasta-que-se-convierta-en-la-bola-en-juego-o-se-abandone\/","url":"http:\/\/soloreglasgolf.com\/WordPress3\/reglas-2019\/regla-18\/18-3c-jugando-bola-provisional-hasta-que-se-convierta-en-la-bola-en-juego-o-se-abandone\/","name":"18.3c Jugando Bola Provisional Hasta Que se Convierta en la Bola en Juego o Se Abandone - SoloReglasGolf","isPartOf":{"@id":"http:\/\/soloreglasgolf.com\/WordPress3\/#website"},"datePublished":"2021-04-29T18:56:14+00:00","dateModified":"2021-04-29T18:56:14+00:00","breadcrumb":{"@id":"http:\/\/soloreglasgolf.com\/WordPress3\/reglas-2019\/regla-18\/18-3c-jugando-bola-provisional-hasta-que-se-convierta-en-la-bola-en-juego-o-se-abandone\/#breadcrumb"},"inLanguage":"es","potentialAction":[{"@type":"ReadAction","target":["http:\/\/soloreglasgolf.com\/WordPress3\/reglas-2019\/regla-18\/18-3c-jugando-bola-provisional-hasta-que-se-convierta-en-la-bola-en-juego-o-se-abandone\/"]}]},{"@type":"BreadcrumbList","@id":"http:\/\/soloreglasgolf.com\/WordPress3\/reglas-2019\/regla-18\/18-3c-jugando-bola-provisional-hasta-que-se-convierta-en-la-bola-en-juego-o-se-abandone\/#breadcrumb","itemListElement":[{"@type":"ListItem","position":1,"name":"Portada","item":"http:\/\/soloreglasgolf.com\/WordPress3\/"},{"@type":"ListItem","position":2,"name":"Reglas 2019","item":"http:\/\/soloreglasgolf.com\/WordPress3\/reglas-2019\/"},{"@type":"ListItem","position":3,"name":"Regla 18 \u2013 Alivio por Golpe y Distancia, Bola Perdida o Fuera de L\u00edmites: Bola Provisional","item":"http:\/\/soloreglasgolf.com\/WordPress3\/reglas-2019\/regla-18\/"},{"@type":"ListItem","position":4,"name":"18.3c Jugando Bola Provisional Hasta Que se Convierta en la Bola en Juego o Se Abandone"}]},{"@type":"WebSite","@id":"http:\/\/soloreglasgolf.com\/WordPress3\/#website","url":"http:\/\/soloreglasgolf.com\/WordPress3\/","name":"SoloReglasGolf","description":"Conversando sobre  Reglas de Golf","potentialAction":[{"@type":"SearchAction","target":{"@type":"EntryPoint","urlTemplate":"http:\/\/soloreglasgolf.com\/WordPress3\/?s={search_term_string}"},"query-input":"required name=search_term_string"}],"inLanguage":"es"}]}},"jetpack_sharing_enabled":true,"jetpack_shortlink":"https:\/\/wp.me\/P36cD2-bo5","_links":{"self":[{"href":"http:\/\/soloreglasgolf.com\/WordPress3\/wp-json\/wp\/v2\/pages\/43777","targetHints":{"allow":["GET"]}}],"collection":[{"href":"http:\/\/soloreglasgolf.com\/WordPress3\/wp-json\/wp\/v2\/pages"}],"about":[{"href":"http:\/\/soloreglasgolf.com\/WordPress3\/wp-json\/wp\/v2\/types\/page"}],"author":[{"embeddable":true,"href":"http:\/\/soloreglasgolf.com\/WordPress3\/wp-json\/wp\/v2\/users\/28"}],"replies":[{"embeddable":true,"href":"http:\/\/soloreglasgolf.com\/WordPress3\/wp-json\/wp\/v2\/comments?post=43777"}],"version-history":[{"count":7,"href":"http:\/\/soloreglasgolf.com\/WordPress3\/wp-json\/wp\/v2\/pages\/43777\/revisions"}],"predecessor-version":[{"id":43784,"href":"http:\/\/soloreglasgolf.com\/WordPress3\/wp-json\/wp\/v2\/pages\/43777\/revisions\/43784"}],"up":[{"embeddable":true,"href":"http:\/\/soloreglasgolf.com\/WordPress3\/wp-json\/wp\/v2\/pages\/13296"}],"wp:attachment":[{"href":"http:\/\/soloreglasgolf.com\/WordPress3\/wp-json\/wp\/v2\/media?parent=43777"}],"curies":[{"name":"wp","href":"https:\/\/api.w.org\/{rel}","templated":true}]}}