{"id":43759,"date":"2021-04-29T20:28:10","date_gmt":"2021-04-29T18:28:10","guid":{"rendered":"http:\/\/soloreglasgolf.com\/WordPress3\/?page_id=43759"},"modified":"2021-04-29T20:28:29","modified_gmt":"2021-04-29T18:28:29","slug":"18-2a-cuando-una-bola-esta-perdida-o-fuera-de-limites","status":"publish","type":"page","link":"http:\/\/soloreglasgolf.com\/WordPress3\/reglas-2019\/regla-18\/18-2a-cuando-una-bola-esta-perdida-o-fuera-de-limites\/","title":{"rendered":"18.2a Cu\u00e1ndo una Bola Est\u00e1 Perdida o Fuera de L\u00edmites"},"content":{"rendered":"<p>(1) <strong>Cu\u00e1ndo Una Bola Est\u00e1 Perdida<\/strong>. Una bola est\u00e1 perdida si <strong>no se encuentra dentro de los tres minutos despu\u00e9s de que el jugador o su caddie comienzan a buscarla<\/strong>.<br \/>\nSi se encuentra una bola dentro de ese tiempo, pero <strong>no es seguro que sea la bola del jugador<\/strong>:<\/p>\n<ul>\n<li>El jugador debe intentar identificarla r\u00e1pidamente (ver Regla 7.2) y tiene permitido un margen de tiempo razonable para hacerlo, incluso si esto ocurre despu\u00e9s de trascurridos los tres minutos de tiempo de b\u00fasqueda.<\/li>\n<li>Esto incluye un tiempo razonable para llegar a donde se encuentra la bola, si el jugador no est\u00e1 all\u00ed.<br \/>\nSi el jugador no identifica su bola dentro de ese tiempo razonable, la bola est\u00e1 perdida.<\/li>\n<\/ul>\n<p>(2) <strong>Cu\u00e1ndo Est\u00e1 Una Bola Fuera de L\u00edmites.<\/strong> Una bola <strong>en reposo<\/strong> est\u00e1 fuera de l\u00edmites solo cuando <strong>toda ella est\u00e1 fuera de los l\u00edmites del campo.<\/strong><br \/>\nUna bola est\u00e1 <strong>dentro de l\u00edmites<\/strong> cuando <strong>cualquier parte de ella<\/strong>:<\/p>\n<ul>\n<li>Reposa en o toca el suelo o cualquier otra cosa (como un objeto natural o artificial) dentro de los l\u00edmites, o<\/li>\n<li>Est\u00e1 por encima de los l\u00edmites o cualquier otra parte del campo. Un <strong>jugador puede colocarse fuera de l\u00edmites para jugar una bola que est\u00e1 dentro del campo<\/strong>.<\/li>\n<\/ul>\n<p><a href=\"http:\/\/soloreglasgolf.com\/WordPress3\/wp-content\/uploads\/2021\/04\/Bola-fuera-limites.jpg\"><img loading=\"lazy\" decoding=\"async\" class=\"alignnone size-medium wp-image-43745\" src=\"http:\/\/soloreglasgolf.com\/WordPress3\/wp-content\/uploads\/2021\/04\/Bola-fuera-limites-300x188.jpg\" alt=\"\" width=\"300\" height=\"188\" srcset=\"http:\/\/soloreglasgolf.com\/WordPress3\/wp-content\/uploads\/2021\/04\/Bola-fuera-limites-300x188.jpg 300w, http:\/\/soloreglasgolf.com\/WordPress3\/wp-content\/uploads\/2021\/04\/Bola-fuera-limites-768x480.jpg 768w, http:\/\/soloreglasgolf.com\/WordPress3\/wp-content\/uploads\/2021\/04\/Bola-fuera-limites-175x109.jpg 175w, http:\/\/soloreglasgolf.com\/WordPress3\/wp-content\/uploads\/2021\/04\/Bola-fuera-limites-336x210.jpg 336w, http:\/\/soloreglasgolf.com\/WordPress3\/wp-content\/uploads\/2021\/04\/Bola-fuera-limites-200x125.jpg 200w, http:\/\/soloreglasgolf.com\/WordPress3\/wp-content\/uploads\/2021\/04\/Bola-fuera-limites.jpg 1024w\" sizes=\"auto, (max-width: 300px) 100vw, 300px\" \/><\/a><\/p>\n","protected":false},"excerpt":{"rendered":"<p>(1) Cu\u00e1ndo Una Bola Est\u00e1 Perdida. Una bola est\u00e1 perdida si no se encuentra dentro de los tres minutos despu\u00e9s de que el jugador o su caddie comienzan a buscarla. Si se encuentra una bola dentro de ese tiempo, pero no es seguro que sea la bola del jugador: El jugador debe intentar identificarla r\u00e1pidamente <a href='http:\/\/soloreglasgolf.com\/WordPress3\/reglas-2019\/regla-18\/18-2a-cuando-una-bola-esta-perdida-o-fuera-de-limites\/' class='excerpt-more'>[Leer + &#8230;]<\/a><\/p>\n","protected":false},"author":28,"featured_media":0,"parent":13296,"menu_order":0,"comment_status":"closed","ping_status":"closed","template":"","meta":{"jetpack_post_was_ever_published":false,"footnotes":""},"class_list":["post-43759","page","type-page","status-publish","hentry","post-seq-1","post-parity-odd","meta-position-corners","fix"],"yoast_head":"<!-- This site is optimized with the Yoast SEO plugin v22.0 - https:\/\/yoast.com\/wordpress\/plugins\/seo\/ -->\n<title>18.2a Cu\u00e1ndo una Bola Est\u00e1 Perdida o Fuera de L\u00edmites - SoloReglasGolf<\/title>\n<meta name=\"robots\" content=\"index, follow, max-snippet:-1, max-image-preview:large, max-video-preview:-1\" \/>\n<link rel=\"canonical\" href=\"https:\/\/soloreglasgolf.com\/WordPress3\/reglas-2019\/regla-18\/18-2a-cuando-una-bola-esta-perdida-o-fuera-de-limites\/\" \/>\n<meta name=\"twitter:label1\" content=\"Tiempo de lectura\" \/>\n\t<meta name=\"twitter:data1\" content=\"1 minuto\" \/>\n<script type=\"application\/ld+json\" class=\"yoast-schema-graph\">{\"@context\":\"https:\/\/schema.org\",\"@graph\":[{\"@type\":\"WebPage\",\"@id\":\"https:\/\/soloreglasgolf.com\/WordPress3\/reglas-2019\/regla-18\/18-2a-cuando-una-bola-esta-perdida-o-fuera-de-limites\/\",\"url\":\"https:\/\/soloreglasgolf.com\/WordPress3\/reglas-2019\/regla-18\/18-2a-cuando-una-bola-esta-perdida-o-fuera-de-limites\/\",\"name\":\"18.2a Cu\u00e1ndo una Bola Est\u00e1 Perdida o Fuera de L\u00edmites - SoloReglasGolf\",\"isPartOf\":{\"@id\":\"http:\/\/soloreglasgolf.com\/WordPress3\/#website\"},\"datePublished\":\"2021-04-29T18:28:10+00:00\",\"dateModified\":\"2021-04-29T18:28:29+00:00\",\"breadcrumb\":{\"@id\":\"https:\/\/soloreglasgolf.com\/WordPress3\/reglas-2019\/regla-18\/18-2a-cuando-una-bola-esta-perdida-o-fuera-de-limites\/#breadcrumb\"},\"inLanguage\":\"es\",\"potentialAction\":[{\"@type\":\"ReadAction\",\"target\":[\"https:\/\/soloreglasgolf.com\/WordPress3\/reglas-2019\/regla-18\/18-2a-cuando-una-bola-esta-perdida-o-fuera-de-limites\/\"]}]},{\"@type\":\"BreadcrumbList\",\"@id\":\"https:\/\/soloreglasgolf.com\/WordPress3\/reglas-2019\/regla-18\/18-2a-cuando-una-bola-esta-perdida-o-fuera-de-limites\/#breadcrumb\",\"itemListElement\":[{\"@type\":\"ListItem\",\"position\":1,\"name\":\"Portada\",\"item\":\"http:\/\/soloreglasgolf.com\/WordPress3\/\"},{\"@type\":\"ListItem\",\"position\":2,\"name\":\"Reglas 2019\",\"item\":\"http:\/\/soloreglasgolf.com\/WordPress3\/reglas-2019\/\"},{\"@type\":\"ListItem\",\"position\":3,\"name\":\"Regla 18 \u2013 Alivio por Golpe y Distancia, Bola Perdida o Fuera de L\u00edmites: Bola Provisional\",\"item\":\"https:\/\/soloreglasgolf.com\/WordPress3\/reglas-2019\/regla-18\/\"},{\"@type\":\"ListItem\",\"position\":4,\"name\":\"18.2a Cu\u00e1ndo una Bola Est\u00e1 Perdida o Fuera de L\u00edmites\"}]},{\"@type\":\"WebSite\",\"@id\":\"http:\/\/soloreglasgolf.com\/WordPress3\/#website\",\"url\":\"http:\/\/soloreglasgolf.com\/WordPress3\/\",\"name\":\"SoloReglasGolf\",\"description\":\"Conversando sobre  Reglas de Golf\",\"potentialAction\":[{\"@type\":\"SearchAction\",\"target\":{\"@type\":\"EntryPoint\",\"urlTemplate\":\"http:\/\/soloreglasgolf.com\/WordPress3\/?s={search_term_string}\"},\"query-input\":\"required name=search_term_string\"}],\"inLanguage\":\"es\"}]}<\/script>\n<!-- \/ Yoast SEO plugin. -->","yoast_head_json":{"title":"18.2a Cu\u00e1ndo una Bola Est\u00e1 Perdida o Fuera de L\u00edmites - SoloReglasGolf","robots":{"index":"index","follow":"follow","max-snippet":"max-snippet:-1","max-image-preview":"max-image-preview:large","max-video-preview":"max-video-preview:-1"},"canonical":"https:\/\/soloreglasgolf.com\/WordPress3\/reglas-2019\/regla-18\/18-2a-cuando-una-bola-esta-perdida-o-fuera-de-limites\/","twitter_misc":{"Tiempo de lectura":"1 minuto"},"schema":{"@context":"https:\/\/schema.org","@graph":[{"@type":"WebPage","@id":"https:\/\/soloreglasgolf.com\/WordPress3\/reglas-2019\/regla-18\/18-2a-cuando-una-bola-esta-perdida-o-fuera-de-limites\/","url":"https:\/\/soloreglasgolf.com\/WordPress3\/reglas-2019\/regla-18\/18-2a-cuando-una-bola-esta-perdida-o-fuera-de-limites\/","name":"18.2a Cu\u00e1ndo una Bola Est\u00e1 Perdida o Fuera de L\u00edmites - SoloReglasGolf","isPartOf":{"@id":"http:\/\/soloreglasgolf.com\/WordPress3\/#website"},"datePublished":"2021-04-29T18:28:10+00:00","dateModified":"2021-04-29T18:28:29+00:00","breadcrumb":{"@id":"https:\/\/soloreglasgolf.com\/WordPress3\/reglas-2019\/regla-18\/18-2a-cuando-una-bola-esta-perdida-o-fuera-de-limites\/#breadcrumb"},"inLanguage":"es","potentialAction":[{"@type":"ReadAction","target":["https:\/\/soloreglasgolf.com\/WordPress3\/reglas-2019\/regla-18\/18-2a-cuando-una-bola-esta-perdida-o-fuera-de-limites\/"]}]},{"@type":"BreadcrumbList","@id":"https:\/\/soloreglasgolf.com\/WordPress3\/reglas-2019\/regla-18\/18-2a-cuando-una-bola-esta-perdida-o-fuera-de-limites\/#breadcrumb","itemListElement":[{"@type":"ListItem","position":1,"name":"Portada","item":"http:\/\/soloreglasgolf.com\/WordPress3\/"},{"@type":"ListItem","position":2,"name":"Reglas 2019","item":"http:\/\/soloreglasgolf.com\/WordPress3\/reglas-2019\/"},{"@type":"ListItem","position":3,"name":"Regla 18 \u2013 Alivio por Golpe y Distancia, Bola Perdida o Fuera de L\u00edmites: Bola Provisional","item":"https:\/\/soloreglasgolf.com\/WordPress3\/reglas-2019\/regla-18\/"},{"@type":"ListItem","position":4,"name":"18.2a Cu\u00e1ndo una Bola Est\u00e1 Perdida o Fuera de L\u00edmites"}]},{"@type":"WebSite","@id":"http:\/\/soloreglasgolf.com\/WordPress3\/#website","url":"http:\/\/soloreglasgolf.com\/WordPress3\/","name":"SoloReglasGolf","description":"Conversando sobre  Reglas de Golf","potentialAction":[{"@type":"SearchAction","target":{"@type":"EntryPoint","urlTemplate":"http:\/\/soloreglasgolf.com\/WordPress3\/?s={search_term_string}"},"query-input":"required name=search_term_string"}],"inLanguage":"es"}]}},"jetpack_sharing_enabled":true,"jetpack_shortlink":"https:\/\/wp.me\/P36cD2-bnN","_links":{"self":[{"href":"http:\/\/soloreglasgolf.com\/WordPress3\/wp-json\/wp\/v2\/pages\/43759","targetHints":{"allow":["GET"]}}],"collection":[{"href":"http:\/\/soloreglasgolf.com\/WordPress3\/wp-json\/wp\/v2\/pages"}],"about":[{"href":"http:\/\/soloreglasgolf.com\/WordPress3\/wp-json\/wp\/v2\/types\/page"}],"author":[{"embeddable":true,"href":"http:\/\/soloreglasgolf.com\/WordPress3\/wp-json\/wp\/v2\/users\/28"}],"replies":[{"embeddable":true,"href":"http:\/\/soloreglasgolf.com\/WordPress3\/wp-json\/wp\/v2\/comments?post=43759"}],"version-history":[{"count":4,"href":"http:\/\/soloreglasgolf.com\/WordPress3\/wp-json\/wp\/v2\/pages\/43759\/revisions"}],"predecessor-version":[{"id":43763,"href":"http:\/\/soloreglasgolf.com\/WordPress3\/wp-json\/wp\/v2\/pages\/43759\/revisions\/43763"}],"up":[{"embeddable":true,"href":"http:\/\/soloreglasgolf.com\/WordPress3\/wp-json\/wp\/v2\/pages\/13296"}],"wp:attachment":[{"href":"http:\/\/soloreglasgolf.com\/WordPress3\/wp-json\/wp\/v2\/media?parent=43759"}],"curies":[{"name":"wp","href":"https:\/\/api.w.org\/{rel}","templated":true}]}}