{"id":43679,"date":"2021-04-25T17:20:01","date_gmt":"2021-04-25T15:20:01","guid":{"rendered":"http:\/\/soloreglasgolf.com\/WordPress3\/?page_id=43679"},"modified":"2021-04-25T17:23:58","modified_gmt":"2021-04-25T15:23:58","slug":"23-6-orden-de-juego-del-bando","status":"publish","type":"page","link":"http:\/\/soloreglasgolf.com\/WordPress3\/reglas-2019\/regla-23\/23-6-orden-de-juego-del-bando\/","title":{"rendered":"23.6 Orden de Juego del Bando"},"content":{"rendered":"<p>Los <strong>compa\u00f1eros pueden jugar en el orden que el bando considere mejor<\/strong>.<\/p>\n<p>Esto significa que cuando es el turno de un jugador bajo la Regla 6.4a (match play (juego por hoyos)) o 6.4b (stroke play (juego por golpes)), puede jugar el jugador o su compa\u00f1ero.<\/p>\n<p>Excepci\u00f3n &#8211; Continuando el Juego del Hoyo <strong>Despu\u00e9s de Conceder Golpe<\/strong> en el Juego por Hoyos:<br \/>\n&#8211; Un jugador <strong>no debe continuar el juego de un hoyo cuando su siguiente golpe ha sido concedido<\/strong>, si <strong>esto ayudase al compa\u00f1ero<\/strong>.<br \/>\n&#8211; Si el jugador lo hace, cuenta su resultado para el hoyo, sin penalizaci\u00f3n, pero <strong>el resultado del compa\u00f1ero en ese hoyo no cuenta para el bando.<\/strong><\/p>\n<div class=\"g g-2\"><div class=\"g-single a-17\"><script type=\"text\/javascript\"><!--\r\ngoogle_ad_client = \"ca-pub-2363348512557029\";\r\n\/* Blog pagina-post *\/\r\ngoogle_ad_slot = \"1564877784\";\r\ngoogle_ad_width = 728;\r\ngoogle_ad_height = 90;\r\n\/\/-->\r\n<\/script>\r\n<script type=\"text\/javascript\"\r\nsrc=\"http:\/\/pagead2.googlesyndication.com\/pagead\/show_ads.js\">\r\n<\/script><\/div><\/div>\n","protected":false},"excerpt":{"rendered":"<p>Los compa\u00f1eros pueden jugar en el orden que el bando considere mejor. Esto significa que cuando es el turno de un jugador bajo la Regla 6.4a (match play (juego por hoyos)) o 6.4b (stroke play (juego por golpes)), puede jugar el jugador o su compa\u00f1ero. Excepci\u00f3n &#8211; Continuando el Juego del Hoyo Despu\u00e9s de Conceder <a href='http:\/\/soloreglasgolf.com\/WordPress3\/reglas-2019\/regla-23\/23-6-orden-de-juego-del-bando\/' class='excerpt-more'>[Leer + &#8230;]<\/a><\/p>\n","protected":false},"author":28,"featured_media":0,"parent":13306,"menu_order":0,"comment_status":"closed","ping_status":"closed","template":"","meta":{"jetpack_post_was_ever_published":false,"footnotes":""},"class_list":["post-43679","page","type-page","status-publish","hentry","post-seq-1","post-parity-odd","meta-position-corners","fix"],"yoast_head":"<!-- This site is optimized with the Yoast SEO plugin v22.0 - https:\/\/yoast.com\/wordpress\/plugins\/seo\/ -->\n<title>23.6 Orden de Juego del Bando - SoloReglasGolf<\/title>\n<meta name=\"robots\" content=\"index, follow, max-snippet:-1, max-image-preview:large, max-video-preview:-1\" \/>\n<link rel=\"canonical\" href=\"http:\/\/soloreglasgolf.com\/WordPress3\/reglas-2019\/regla-23\/23-6-orden-de-juego-del-bando\/\" \/>\n<meta name=\"twitter:label1\" content=\"Tiempo de lectura\" \/>\n\t<meta name=\"twitter:data1\" content=\"1 minuto\" \/>\n<script type=\"application\/ld+json\" class=\"yoast-schema-graph\">{\"@context\":\"https:\/\/schema.org\",\"@graph\":[{\"@type\":\"WebPage\",\"@id\":\"http:\/\/soloreglasgolf.com\/WordPress3\/reglas-2019\/regla-23\/23-6-orden-de-juego-del-bando\/\",\"url\":\"http:\/\/soloreglasgolf.com\/WordPress3\/reglas-2019\/regla-23\/23-6-orden-de-juego-del-bando\/\",\"name\":\"23.6 Orden de Juego del Bando - SoloReglasGolf\",\"isPartOf\":{\"@id\":\"http:\/\/soloreglasgolf.com\/WordPress3\/#website\"},\"datePublished\":\"2021-04-25T15:20:01+00:00\",\"dateModified\":\"2021-04-25T15:23:58+00:00\",\"breadcrumb\":{\"@id\":\"http:\/\/soloreglasgolf.com\/WordPress3\/reglas-2019\/regla-23\/23-6-orden-de-juego-del-bando\/#breadcrumb\"},\"inLanguage\":\"es\",\"potentialAction\":[{\"@type\":\"ReadAction\",\"target\":[\"http:\/\/soloreglasgolf.com\/WordPress3\/reglas-2019\/regla-23\/23-6-orden-de-juego-del-bando\/\"]}]},{\"@type\":\"BreadcrumbList\",\"@id\":\"http:\/\/soloreglasgolf.com\/WordPress3\/reglas-2019\/regla-23\/23-6-orden-de-juego-del-bando\/#breadcrumb\",\"itemListElement\":[{\"@type\":\"ListItem\",\"position\":1,\"name\":\"Portada\",\"item\":\"http:\/\/soloreglasgolf.com\/WordPress3\/\"},{\"@type\":\"ListItem\",\"position\":2,\"name\":\"Reglas 2019\",\"item\":\"https:\/\/soloreglasgolf.com\/WordPress3\/reglas-2019\/\"},{\"@type\":\"ListItem\",\"position\":3,\"name\":\"Regla 23 \u2013 Cuatro Bolas y Mejor Bola\",\"item\":\"http:\/\/soloreglasgolf.com\/WordPress3\/reglas-2019\/regla-23\/\"},{\"@type\":\"ListItem\",\"position\":4,\"name\":\"23.6 Orden de Juego del Bando\"}]},{\"@type\":\"WebSite\",\"@id\":\"http:\/\/soloreglasgolf.com\/WordPress3\/#website\",\"url\":\"http:\/\/soloreglasgolf.com\/WordPress3\/\",\"name\":\"SoloReglasGolf\",\"description\":\"Conversando sobre  Reglas de Golf\",\"potentialAction\":[{\"@type\":\"SearchAction\",\"target\":{\"@type\":\"EntryPoint\",\"urlTemplate\":\"http:\/\/soloreglasgolf.com\/WordPress3\/?s={search_term_string}\"},\"query-input\":\"required name=search_term_string\"}],\"inLanguage\":\"es\"}]}<\/script>\n<!-- \/ Yoast SEO plugin. -->","yoast_head_json":{"title":"23.6 Orden de Juego del Bando - SoloReglasGolf","robots":{"index":"index","follow":"follow","max-snippet":"max-snippet:-1","max-image-preview":"max-image-preview:large","max-video-preview":"max-video-preview:-1"},"canonical":"http:\/\/soloreglasgolf.com\/WordPress3\/reglas-2019\/regla-23\/23-6-orden-de-juego-del-bando\/","twitter_misc":{"Tiempo de lectura":"1 minuto"},"schema":{"@context":"https:\/\/schema.org","@graph":[{"@type":"WebPage","@id":"http:\/\/soloreglasgolf.com\/WordPress3\/reglas-2019\/regla-23\/23-6-orden-de-juego-del-bando\/","url":"http:\/\/soloreglasgolf.com\/WordPress3\/reglas-2019\/regla-23\/23-6-orden-de-juego-del-bando\/","name":"23.6 Orden de Juego del Bando - SoloReglasGolf","isPartOf":{"@id":"http:\/\/soloreglasgolf.com\/WordPress3\/#website"},"datePublished":"2021-04-25T15:20:01+00:00","dateModified":"2021-04-25T15:23:58+00:00","breadcrumb":{"@id":"http:\/\/soloreglasgolf.com\/WordPress3\/reglas-2019\/regla-23\/23-6-orden-de-juego-del-bando\/#breadcrumb"},"inLanguage":"es","potentialAction":[{"@type":"ReadAction","target":["http:\/\/soloreglasgolf.com\/WordPress3\/reglas-2019\/regla-23\/23-6-orden-de-juego-del-bando\/"]}]},{"@type":"BreadcrumbList","@id":"http:\/\/soloreglasgolf.com\/WordPress3\/reglas-2019\/regla-23\/23-6-orden-de-juego-del-bando\/#breadcrumb","itemListElement":[{"@type":"ListItem","position":1,"name":"Portada","item":"http:\/\/soloreglasgolf.com\/WordPress3\/"},{"@type":"ListItem","position":2,"name":"Reglas 2019","item":"https:\/\/soloreglasgolf.com\/WordPress3\/reglas-2019\/"},{"@type":"ListItem","position":3,"name":"Regla 23 \u2013 Cuatro Bolas y Mejor Bola","item":"http:\/\/soloreglasgolf.com\/WordPress3\/reglas-2019\/regla-23\/"},{"@type":"ListItem","position":4,"name":"23.6 Orden de Juego del Bando"}]},{"@type":"WebSite","@id":"http:\/\/soloreglasgolf.com\/WordPress3\/#website","url":"http:\/\/soloreglasgolf.com\/WordPress3\/","name":"SoloReglasGolf","description":"Conversando sobre  Reglas de Golf","potentialAction":[{"@type":"SearchAction","target":{"@type":"EntryPoint","urlTemplate":"http:\/\/soloreglasgolf.com\/WordPress3\/?s={search_term_string}"},"query-input":"required name=search_term_string"}],"inLanguage":"es"}]}},"jetpack_sharing_enabled":true,"jetpack_shortlink":"https:\/\/wp.me\/P36cD2-bmv","_links":{"self":[{"href":"http:\/\/soloreglasgolf.com\/WordPress3\/wp-json\/wp\/v2\/pages\/43679","targetHints":{"allow":["GET"]}}],"collection":[{"href":"http:\/\/soloreglasgolf.com\/WordPress3\/wp-json\/wp\/v2\/pages"}],"about":[{"href":"http:\/\/soloreglasgolf.com\/WordPress3\/wp-json\/wp\/v2\/types\/page"}],"author":[{"embeddable":true,"href":"http:\/\/soloreglasgolf.com\/WordPress3\/wp-json\/wp\/v2\/users\/28"}],"replies":[{"embeddable":true,"href":"http:\/\/soloreglasgolf.com\/WordPress3\/wp-json\/wp\/v2\/comments?post=43679"}],"version-history":[{"count":2,"href":"http:\/\/soloreglasgolf.com\/WordPress3\/wp-json\/wp\/v2\/pages\/43679\/revisions"}],"predecessor-version":[{"id":43682,"href":"http:\/\/soloreglasgolf.com\/WordPress3\/wp-json\/wp\/v2\/pages\/43679\/revisions\/43682"}],"up":[{"embeddable":true,"href":"http:\/\/soloreglasgolf.com\/WordPress3\/wp-json\/wp\/v2\/pages\/13306"}],"wp:attachment":[{"href":"http:\/\/soloreglasgolf.com\/WordPress3\/wp-json\/wp\/v2\/media?parent=43679"}],"curies":[{"name":"wp","href":"https:\/\/api.w.org\/{rel}","templated":true}]}}