{"id":43466,"date":"2021-04-24T22:54:36","date_gmt":"2021-04-24T20:54:36","guid":{"rendered":"http:\/\/soloreglasgolf.com\/WordPress3\/?page_id=43466"},"modified":"2021-04-24T22:54:36","modified_gmt":"2021-04-24T20:54:36","slug":"3-2b-concesiones","status":"publish","type":"page","link":"http:\/\/soloreglasgolf.com\/WordPress3\/reglas-2019\/i_fundamentos_juego\/regla-03\/3-2b-concesiones\/","title":{"rendered":"3.2b Concesiones"},"content":{"rendered":"<p>(1) El Jugador Puede Conceder un Golpe, Hoyo o Match. Un jugador puede conceder el siguiente golpe de su contrario, un hoyo o el match:<\/p>\n<p>\u2022\u2022 Concediendo el Siguiente Golpe. Se permite en cualquier momento antes de que el contrario efect\u00fae el siguiente golpe.<br \/>\n\u00bb\u00bb El contrario ha terminado entonces el hoyo con un resultado que incluye ese golpe concedido y cualquiera puede retirar la bola.<br \/>\n\u00bb\u00bb Una concesi\u00f3n hecha mientras la bola del contrario est\u00e1 todav\u00eda en movimiento tras el golpe anterior, se aplica al siguiente golpe del contrario , a menos que la bola acabe embocada (en cuyo caso, la concesi\u00f3n no tiene trascendencia).<br \/>\n\u00bb\u00bb El jugador puede conceder el siguiente golpe del contrario desviando o parando la bola del contrario en movimiento, solo si se hace espec\u00edficamente para conceder el siguiente golpe y cuando no haya ninguna posibilidad razonable de que la bola pueda terminar embocada.<\/p>\n<p>\u2022\u2022 Concediendo un Hoyo. Se permite en cualquier momento antes de que el hoyo est\u00e9 completado (ver Regla 6.5), incluso antes de que los jugadores comiencen el hoyo.<\/p>\n<p>\u2022\u2022 Concediendo el Match: Se permite en cualquier momento antes de que el resultado del match est\u00e9 decidido (ver Reglas 3.2a (3) y (4)), incluso antes de que los jugadores comiencen el match.<\/p>\n<p><strong>(2) C\u00f3mo se Hacen las Concesiones.<\/strong> Una concesi\u00f3n est\u00e1 hecha solo cuando se comunica claramente:<br \/>\n\u2022\u2022 Esto se puede hacer verbalmente o con una acci\u00f3n que muestre claramente la intenci\u00f3n del jugador de conceder el golpe, el hoyo o el match (como haciendo un gesto obvio de concesi\u00f3n).<br \/>\n\u2022\u2022 Si el contrario levanta su bola infringiendo una Regla debido a un razonable malentendido de que la declaraci\u00f3n o acci\u00f3n del jugador fue una concesi\u00f3n del siguiente golpe o del hoyo o del match, no hay penalizaci\u00f3n y la bola debe ser repuesta en su punto de reposo original (el cual si no es conocido debe ser estimado) (ver Regla 14.2).<\/p>\n<p><strong>Una concesi\u00f3n es final y no puede ser rechazada o retirada.<\/strong><\/p>\n<div class=\"g g-2\"><div class=\"g-single a-17\"><script type=\"text\/javascript\"><!--\r\ngoogle_ad_client = \"ca-pub-2363348512557029\";\r\n\/* Blog pagina-post *\/\r\ngoogle_ad_slot = \"1564877784\";\r\ngoogle_ad_width = 728;\r\ngoogle_ad_height = 90;\r\n\/\/-->\r\n<\/script>\r\n<script type=\"text\/javascript\"\r\nsrc=\"http:\/\/pagead2.googlesyndication.com\/pagead\/show_ads.js\">\r\n<\/script><\/div><\/div>\n","protected":false},"excerpt":{"rendered":"<p>(1) El Jugador Puede Conceder un Golpe, Hoyo o Match. Un jugador puede conceder el siguiente golpe de su contrario, un hoyo o el match: \u2022\u2022 Concediendo el Siguiente Golpe. Se permite en cualquier momento antes de que el contrario efect\u00fae el siguiente golpe. \u00bb\u00bb El contrario ha terminado entonces el hoyo con un resultado <a href='http:\/\/soloreglasgolf.com\/WordPress3\/reglas-2019\/i_fundamentos_juego\/regla-03\/3-2b-concesiones\/' class='excerpt-more'>[Leer + &#8230;]<\/a><\/p>\n","protected":false},"author":28,"featured_media":0,"parent":13267,"menu_order":0,"comment_status":"closed","ping_status":"closed","template":"","meta":{"jetpack_post_was_ever_published":false,"footnotes":""},"class_list":["post-43466","page","type-page","status-publish","hentry","post-seq-1","post-parity-odd","meta-position-corners","fix"],"yoast_head":"<!-- This site is optimized with the Yoast SEO plugin v22.0 - https:\/\/yoast.com\/wordpress\/plugins\/seo\/ -->\n<title>3.2b Concesiones - SoloReglasGolf<\/title>\n<meta name=\"robots\" content=\"index, follow, max-snippet:-1, max-image-preview:large, max-video-preview:-1\" \/>\n<link rel=\"canonical\" href=\"http:\/\/soloreglasgolf.com\/WordPress3\/reglas-2019\/i_fundamentos_juego\/regla-03\/3-2b-concesiones\/\" \/>\n<meta name=\"twitter:label1\" content=\"Tiempo de lectura\" \/>\n\t<meta name=\"twitter:data1\" content=\"2 minutos\" \/>\n<script type=\"application\/ld+json\" class=\"yoast-schema-graph\">{\"@context\":\"https:\/\/schema.org\",\"@graph\":[{\"@type\":\"WebPage\",\"@id\":\"http:\/\/soloreglasgolf.com\/WordPress3\/reglas-2019\/i_fundamentos_juego\/regla-03\/3-2b-concesiones\/\",\"url\":\"http:\/\/soloreglasgolf.com\/WordPress3\/reglas-2019\/i_fundamentos_juego\/regla-03\/3-2b-concesiones\/\",\"name\":\"3.2b Concesiones - SoloReglasGolf\",\"isPartOf\":{\"@id\":\"http:\/\/soloreglasgolf.com\/WordPress3\/#website\"},\"datePublished\":\"2021-04-24T20:54:36+00:00\",\"dateModified\":\"2021-04-24T20:54:36+00:00\",\"breadcrumb\":{\"@id\":\"http:\/\/soloreglasgolf.com\/WordPress3\/reglas-2019\/i_fundamentos_juego\/regla-03\/3-2b-concesiones\/#breadcrumb\"},\"inLanguage\":\"es\",\"potentialAction\":[{\"@type\":\"ReadAction\",\"target\":[\"http:\/\/soloreglasgolf.com\/WordPress3\/reglas-2019\/i_fundamentos_juego\/regla-03\/3-2b-concesiones\/\"]}]},{\"@type\":\"BreadcrumbList\",\"@id\":\"http:\/\/soloreglasgolf.com\/WordPress3\/reglas-2019\/i_fundamentos_juego\/regla-03\/3-2b-concesiones\/#breadcrumb\",\"itemListElement\":[{\"@type\":\"ListItem\",\"position\":1,\"name\":\"Portada\",\"item\":\"http:\/\/soloreglasgolf.com\/WordPress3\/\"},{\"@type\":\"ListItem\",\"position\":2,\"name\":\"Reglas 2019\",\"item\":\"https:\/\/soloreglasgolf.com\/WordPress3\/reglas-2019\/\"},{\"@type\":\"ListItem\",\"position\":3,\"name\":\"I. Fundamentos del Juego (Reglas 1-4)\",\"item\":\"http:\/\/soloreglasgolf.com\/WordPress3\/reglas-2019\/i_fundamentos_juego\/\"},{\"@type\":\"ListItem\",\"position\":4,\"name\":\"Regla 3 \u2013 La Competici\u00f3n\",\"item\":\"https:\/\/soloreglasgolf.com\/WordPress3\/reglas-2019\/i_fundamentos_juego\/regla-03\/\"},{\"@type\":\"ListItem\",\"position\":5,\"name\":\"3.2b Concesiones\"}]},{\"@type\":\"WebSite\",\"@id\":\"http:\/\/soloreglasgolf.com\/WordPress3\/#website\",\"url\":\"http:\/\/soloreglasgolf.com\/WordPress3\/\",\"name\":\"SoloReglasGolf\",\"description\":\"Conversando sobre  Reglas de Golf\",\"potentialAction\":[{\"@type\":\"SearchAction\",\"target\":{\"@type\":\"EntryPoint\",\"urlTemplate\":\"http:\/\/soloreglasgolf.com\/WordPress3\/?s={search_term_string}\"},\"query-input\":\"required name=search_term_string\"}],\"inLanguage\":\"es\"}]}<\/script>\n<!-- \/ Yoast SEO plugin. -->","yoast_head_json":{"title":"3.2b Concesiones - SoloReglasGolf","robots":{"index":"index","follow":"follow","max-snippet":"max-snippet:-1","max-image-preview":"max-image-preview:large","max-video-preview":"max-video-preview:-1"},"canonical":"http:\/\/soloreglasgolf.com\/WordPress3\/reglas-2019\/i_fundamentos_juego\/regla-03\/3-2b-concesiones\/","twitter_misc":{"Tiempo de lectura":"2 minutos"},"schema":{"@context":"https:\/\/schema.org","@graph":[{"@type":"WebPage","@id":"http:\/\/soloreglasgolf.com\/WordPress3\/reglas-2019\/i_fundamentos_juego\/regla-03\/3-2b-concesiones\/","url":"http:\/\/soloreglasgolf.com\/WordPress3\/reglas-2019\/i_fundamentos_juego\/regla-03\/3-2b-concesiones\/","name":"3.2b Concesiones - SoloReglasGolf","isPartOf":{"@id":"http:\/\/soloreglasgolf.com\/WordPress3\/#website"},"datePublished":"2021-04-24T20:54:36+00:00","dateModified":"2021-04-24T20:54:36+00:00","breadcrumb":{"@id":"http:\/\/soloreglasgolf.com\/WordPress3\/reglas-2019\/i_fundamentos_juego\/regla-03\/3-2b-concesiones\/#breadcrumb"},"inLanguage":"es","potentialAction":[{"@type":"ReadAction","target":["http:\/\/soloreglasgolf.com\/WordPress3\/reglas-2019\/i_fundamentos_juego\/regla-03\/3-2b-concesiones\/"]}]},{"@type":"BreadcrumbList","@id":"http:\/\/soloreglasgolf.com\/WordPress3\/reglas-2019\/i_fundamentos_juego\/regla-03\/3-2b-concesiones\/#breadcrumb","itemListElement":[{"@type":"ListItem","position":1,"name":"Portada","item":"http:\/\/soloreglasgolf.com\/WordPress3\/"},{"@type":"ListItem","position":2,"name":"Reglas 2019","item":"https:\/\/soloreglasgolf.com\/WordPress3\/reglas-2019\/"},{"@type":"ListItem","position":3,"name":"I. Fundamentos del Juego (Reglas 1-4)","item":"http:\/\/soloreglasgolf.com\/WordPress3\/reglas-2019\/i_fundamentos_juego\/"},{"@type":"ListItem","position":4,"name":"Regla 3 \u2013 La Competici\u00f3n","item":"https:\/\/soloreglasgolf.com\/WordPress3\/reglas-2019\/i_fundamentos_juego\/regla-03\/"},{"@type":"ListItem","position":5,"name":"3.2b Concesiones"}]},{"@type":"WebSite","@id":"http:\/\/soloreglasgolf.com\/WordPress3\/#website","url":"http:\/\/soloreglasgolf.com\/WordPress3\/","name":"SoloReglasGolf","description":"Conversando sobre  Reglas de Golf","potentialAction":[{"@type":"SearchAction","target":{"@type":"EntryPoint","urlTemplate":"http:\/\/soloreglasgolf.com\/WordPress3\/?s={search_term_string}"},"query-input":"required name=search_term_string"}],"inLanguage":"es"}]}},"jetpack_sharing_enabled":true,"jetpack_shortlink":"https:\/\/wp.me\/P36cD2-bj4","_links":{"self":[{"href":"http:\/\/soloreglasgolf.com\/WordPress3\/wp-json\/wp\/v2\/pages\/43466","targetHints":{"allow":["GET"]}}],"collection":[{"href":"http:\/\/soloreglasgolf.com\/WordPress3\/wp-json\/wp\/v2\/pages"}],"about":[{"href":"http:\/\/soloreglasgolf.com\/WordPress3\/wp-json\/wp\/v2\/types\/page"}],"author":[{"embeddable":true,"href":"http:\/\/soloreglasgolf.com\/WordPress3\/wp-json\/wp\/v2\/users\/28"}],"replies":[{"embeddable":true,"href":"http:\/\/soloreglasgolf.com\/WordPress3\/wp-json\/wp\/v2\/comments?post=43466"}],"version-history":[{"count":2,"href":"http:\/\/soloreglasgolf.com\/WordPress3\/wp-json\/wp\/v2\/pages\/43466\/revisions"}],"predecessor-version":[{"id":43468,"href":"http:\/\/soloreglasgolf.com\/WordPress3\/wp-json\/wp\/v2\/pages\/43466\/revisions\/43468"}],"up":[{"embeddable":true,"href":"http:\/\/soloreglasgolf.com\/WordPress3\/wp-json\/wp\/v2\/pages\/13267"}],"wp:attachment":[{"href":"http:\/\/soloreglasgolf.com\/WordPress3\/wp-json\/wp\/v2\/media?parent=43466"}],"curies":[{"name":"wp","href":"https:\/\/api.w.org\/{rel}","templated":true}]}}