{"id":4277,"date":"2012-09-03T23:40:29","date_gmt":"2012-09-03T21:40:29","guid":{"rendered":"http:\/\/soloreglasgolf.com\/WordPress3\/?page_id=4277"},"modified":"2021-05-03T18:56:08","modified_gmt":"2021-05-03T16:56:08","slug":"desempate-campeonatos-por-golpes","status":"publish","type":"page","link":"http:\/\/soloreglasgolf.com\/WordPress3\/libro-verde\/desempate-campeonatos-por-golpes\/","title":{"rendered":"Desempate Campeonatos por Golpes (Stroke-Play)"},"content":{"rendered":"<p><strong>Libro Verde Capitulo II 6.9.a<\/strong><\/p>\n<p><strong>Desempate en campeonatos por Golpes (stroke play).<\/strong><\/p>\n<p>En caso de empate para el primer puesto de uno o varios jugadores en un <a title=\"Campeonato\" href=\"http:\/\/soloreglasgolf.com\/WordPress3\/campeonato\/\"><span style=\"text-decoration: underline;\">campeonato<\/span><\/a>, se proceder\u00e1 a desempatar por el sistema de <strong>\u00abmuerte s\u00fabita\u00bb<\/strong> para lo cual los jugadores empatados<strong> jugar\u00e1n hoyo por hoyo los precisos hasta deshacer el empate bajo la Modalidad en que fue jugado el campeonato<\/strong>.<\/p>\n<p>El Comit\u00e9 de Competici\u00f3n podr\u00e1 establecer previamente al inicio de la \u00faltima vuelta de la prueba el <strong>orden de los hoyos que se jugar\u00e1n para el desempate<\/strong>, caso de no haberlo hecho, se seguir\u00e1 el orden normal de la vuelta estipulada.<\/p>\n<p>En los <strong>restantes puestos<\/strong>, los jugadores con la misma puntuaci\u00f3n se clasificar\u00e1n exaequo.<br \/>\nEn caso de que exista trofeo para estos puestos, se desempatar\u00e1 por el Sistema General de Desempates en \u201cpruebas\u201d scratch salvo que el reglamento de la prueba establezca otra cosa.<\/p>\n<div class=\"g g-2\"><div class=\"g-single a-16\"><script type=\"text\/javascript\"><!--\r\ngoogle_ad_client = \"ca-pub-2363348512557029\";\r\n\/* Blog pagina-post *\/\r\ngoogle_ad_slot = \"1564877784\";\r\ngoogle_ad_width = 728;\r\ngoogle_ad_height = 90;\r\n\/\/-->\r\n<\/script>\r\n<script type=\"text\/javascript\"\r\nsrc=\"http:\/\/pagead2.googlesyndication.com\/pagead\/show_ads.js\">\r\n<\/script><\/div><\/div>\n","protected":false},"excerpt":{"rendered":"<p>Libro Verde Capitulo II 6.9.a Desempate en campeonatos por Golpes (stroke play). En caso de empate para el primer puesto de uno o varios jugadores en un campeonato, se proceder\u00e1 a desempatar por el sistema de \u00abmuerte s\u00fabita\u00bb para lo cual los jugadores empatados jugar\u00e1n hoyo por hoyo los precisos hasta deshacer el empate bajo <a href='http:\/\/soloreglasgolf.com\/WordPress3\/libro-verde\/desempate-campeonatos-por-golpes\/' class='excerpt-more'>[Leer + &#8230;]<\/a><\/p>\n","protected":false},"author":28,"featured_media":0,"parent":5606,"menu_order":0,"comment_status":"open","ping_status":"open","template":"","meta":{"jetpack_post_was_ever_published":false,"footnotes":""},"class_list":["post-4277","page","type-page","status-publish","hentry","post-seq-1","post-parity-odd","meta-position-corners","fix"],"yoast_head":"<!-- This site is optimized with the Yoast SEO plugin v22.0 - https:\/\/yoast.com\/wordpress\/plugins\/seo\/ -->\n<title>Desempate Campeonatos por Golpes (Stroke-Play) - SoloReglasGolf<\/title>\n<meta name=\"robots\" content=\"index, follow, max-snippet:-1, max-image-preview:large, max-video-preview:-1\" \/>\n<link rel=\"canonical\" href=\"http:\/\/soloreglasgolf.com\/WordPress3\/libro-verde\/desempate-campeonatos-por-golpes\/\" \/>\n<meta name=\"twitter:label1\" content=\"Tiempo de lectura\" \/>\n\t<meta name=\"twitter:data1\" content=\"1 minuto\" \/>\n<script type=\"application\/ld+json\" class=\"yoast-schema-graph\">{\"@context\":\"https:\/\/schema.org\",\"@graph\":[{\"@type\":\"WebPage\",\"@id\":\"http:\/\/soloreglasgolf.com\/WordPress3\/libro-verde\/desempate-campeonatos-por-golpes\/\",\"url\":\"http:\/\/soloreglasgolf.com\/WordPress3\/libro-verde\/desempate-campeonatos-por-golpes\/\",\"name\":\"Desempate Campeonatos por Golpes (Stroke-Play) - SoloReglasGolf\",\"isPartOf\":{\"@id\":\"http:\/\/soloreglasgolf.com\/WordPress3\/#website\"},\"datePublished\":\"2012-09-03T21:40:29+00:00\",\"dateModified\":\"2021-05-03T16:56:08+00:00\",\"breadcrumb\":{\"@id\":\"http:\/\/soloreglasgolf.com\/WordPress3\/libro-verde\/desempate-campeonatos-por-golpes\/#breadcrumb\"},\"inLanguage\":\"es\",\"potentialAction\":[{\"@type\":\"ReadAction\",\"target\":[\"http:\/\/soloreglasgolf.com\/WordPress3\/libro-verde\/desempate-campeonatos-por-golpes\/\"]}]},{\"@type\":\"BreadcrumbList\",\"@id\":\"http:\/\/soloreglasgolf.com\/WordPress3\/libro-verde\/desempate-campeonatos-por-golpes\/#breadcrumb\",\"itemListElement\":[{\"@type\":\"ListItem\",\"position\":1,\"name\":\"Portada\",\"item\":\"http:\/\/soloreglasgolf.com\/WordPress3\/\"},{\"@type\":\"ListItem\",\"position\":2,\"name\":\"Libro Verde\",\"item\":\"http:\/\/soloreglasgolf.com\/WordPress3\/libro-verde\/\"},{\"@type\":\"ListItem\",\"position\":3,\"name\":\"Desempate Campeonatos por Golpes (Stroke-Play)\"}]},{\"@type\":\"WebSite\",\"@id\":\"http:\/\/soloreglasgolf.com\/WordPress3\/#website\",\"url\":\"http:\/\/soloreglasgolf.com\/WordPress3\/\",\"name\":\"SoloReglasGolf\",\"description\":\"Conversando sobre  Reglas de Golf\",\"potentialAction\":[{\"@type\":\"SearchAction\",\"target\":{\"@type\":\"EntryPoint\",\"urlTemplate\":\"http:\/\/soloreglasgolf.com\/WordPress3\/?s={search_term_string}\"},\"query-input\":\"required name=search_term_string\"}],\"inLanguage\":\"es\"}]}<\/script>\n<!-- \/ Yoast SEO plugin. -->","yoast_head_json":{"title":"Desempate Campeonatos por Golpes (Stroke-Play) - SoloReglasGolf","robots":{"index":"index","follow":"follow","max-snippet":"max-snippet:-1","max-image-preview":"max-image-preview:large","max-video-preview":"max-video-preview:-1"},"canonical":"http:\/\/soloreglasgolf.com\/WordPress3\/libro-verde\/desempate-campeonatos-por-golpes\/","twitter_misc":{"Tiempo de lectura":"1 minuto"},"schema":{"@context":"https:\/\/schema.org","@graph":[{"@type":"WebPage","@id":"http:\/\/soloreglasgolf.com\/WordPress3\/libro-verde\/desempate-campeonatos-por-golpes\/","url":"http:\/\/soloreglasgolf.com\/WordPress3\/libro-verde\/desempate-campeonatos-por-golpes\/","name":"Desempate Campeonatos por Golpes (Stroke-Play) - SoloReglasGolf","isPartOf":{"@id":"http:\/\/soloreglasgolf.com\/WordPress3\/#website"},"datePublished":"2012-09-03T21:40:29+00:00","dateModified":"2021-05-03T16:56:08+00:00","breadcrumb":{"@id":"http:\/\/soloreglasgolf.com\/WordPress3\/libro-verde\/desempate-campeonatos-por-golpes\/#breadcrumb"},"inLanguage":"es","potentialAction":[{"@type":"ReadAction","target":["http:\/\/soloreglasgolf.com\/WordPress3\/libro-verde\/desempate-campeonatos-por-golpes\/"]}]},{"@type":"BreadcrumbList","@id":"http:\/\/soloreglasgolf.com\/WordPress3\/libro-verde\/desempate-campeonatos-por-golpes\/#breadcrumb","itemListElement":[{"@type":"ListItem","position":1,"name":"Portada","item":"http:\/\/soloreglasgolf.com\/WordPress3\/"},{"@type":"ListItem","position":2,"name":"Libro Verde","item":"http:\/\/soloreglasgolf.com\/WordPress3\/libro-verde\/"},{"@type":"ListItem","position":3,"name":"Desempate Campeonatos por Golpes (Stroke-Play)"}]},{"@type":"WebSite","@id":"http:\/\/soloreglasgolf.com\/WordPress3\/#website","url":"http:\/\/soloreglasgolf.com\/WordPress3\/","name":"SoloReglasGolf","description":"Conversando sobre  Reglas de Golf","potentialAction":[{"@type":"SearchAction","target":{"@type":"EntryPoint","urlTemplate":"http:\/\/soloreglasgolf.com\/WordPress3\/?s={search_term_string}"},"query-input":"required name=search_term_string"}],"inLanguage":"es"}]}},"jetpack_sharing_enabled":true,"jetpack_shortlink":"https:\/\/wp.me\/P36cD2-16Z","_links":{"self":[{"href":"http:\/\/soloreglasgolf.com\/WordPress3\/wp-json\/wp\/v2\/pages\/4277","targetHints":{"allow":["GET"]}}],"collection":[{"href":"http:\/\/soloreglasgolf.com\/WordPress3\/wp-json\/wp\/v2\/pages"}],"about":[{"href":"http:\/\/soloreglasgolf.com\/WordPress3\/wp-json\/wp\/v2\/types\/page"}],"author":[{"embeddable":true,"href":"http:\/\/soloreglasgolf.com\/WordPress3\/wp-json\/wp\/v2\/users\/28"}],"replies":[{"embeddable":true,"href":"http:\/\/soloreglasgolf.com\/WordPress3\/wp-json\/wp\/v2\/comments?post=4277"}],"version-history":[{"count":3,"href":"http:\/\/soloreglasgolf.com\/WordPress3\/wp-json\/wp\/v2\/pages\/4277\/revisions"}],"predecessor-version":[{"id":43942,"href":"http:\/\/soloreglasgolf.com\/WordPress3\/wp-json\/wp\/v2\/pages\/4277\/revisions\/43942"}],"up":[{"embeddable":true,"href":"http:\/\/soloreglasgolf.com\/WordPress3\/wp-json\/wp\/v2\/pages\/5606"}],"wp:attachment":[{"href":"http:\/\/soloreglasgolf.com\/WordPress3\/wp-json\/wp\/v2\/media?parent=4277"}],"curies":[{"name":"wp","href":"https:\/\/api.w.org\/{rel}","templated":true}]}}