{"id":3211,"date":"2012-04-21T16:53:38","date_gmt":"2012-04-21T14:53:38","guid":{"rendered":"http:\/\/soloreglasgolf.com\/WordPress3\/?page_id=3211"},"modified":"2013-10-30T18:14:57","modified_gmt":"2013-10-30T17:14:57","slug":"prueba-semivalida-o-solo-bajada","status":"publish","type":"page","link":"http:\/\/soloreglasgolf.com\/WordPress3\/libro-verde\/prueba-semivalida-o-solo-bajada\/","title":{"rendered":"ASC: modificaci\u00f3n handicap en pruebas suspendidas."},"content":{"rendered":"<p>Cuando una competici\u00f3n\u00a0(torneo, campeonato) \u00a0se <strong>suspende<\/strong> el <strong>Sistema de Handicap EGA<\/strong> establece en su ap\u00e9ndice D <strong>Ajuste Stableford de la Competici\u00f3n (ASC):<\/strong><\/p>\n<p>\u00ab<strong>12.<\/strong> Cuando una competici\u00f3n se ha <strong>suspendido <\/strong>por cualquier motivo, las <strong>bajadas de handicap<\/strong> se basar\u00e1n en<strong> los resultados Stableford sin ajuste<\/strong>. <strong>No habr\u00e1 subidas de handicap<\/strong>.\u00bb<\/p>\n<div class=\"g g-2\"><div class=\"g-single a-15\"><script type=\"text\/javascript\"><!--\r\ngoogle_ad_client = \"ca-pub-2363348512557029\";\r\n\/* Blog pagina-post *\/\r\ngoogle_ad_slot = \"1564877784\";\r\ngoogle_ad_width = 728;\r\ngoogle_ad_height = 90;\r\n\/\/-->\r\n<\/script>\r\n<script type=\"text\/javascript\"\r\nsrc=\"http:\/\/pagead2.googlesyndication.com\/pagead\/show_ads.js\">\r\n<\/script><\/div><\/div>\n","protected":false},"excerpt":{"rendered":"<p>Cuando una competici\u00f3n\u00a0(torneo, campeonato) \u00a0se suspende el Sistema de Handicap EGA establece en su ap\u00e9ndice D Ajuste Stableford de la Competici\u00f3n (ASC): \u00ab12. Cuando una competici\u00f3n se ha suspendido por cualquier motivo, las bajadas de handicap se basar\u00e1n en los resultados Stableford sin ajuste. No habr\u00e1 subidas de handicap.\u00bb<\/p>\n","protected":false},"author":28,"featured_media":0,"parent":5606,"menu_order":0,"comment_status":"open","ping_status":"open","template":"","meta":{"jetpack_post_was_ever_published":false,"footnotes":""},"class_list":["post-3211","page","type-page","status-publish","hentry","post-seq-1","post-parity-odd","meta-position-corners","fix"],"yoast_head":"<!-- This site is optimized with the Yoast SEO plugin v22.0 - https:\/\/yoast.com\/wordpress\/plugins\/seo\/ -->\n<title>ASC: modificaci\u00f3n handicap en pruebas suspendidas. - SoloReglasGolf<\/title>\n<meta name=\"description\" content=\"Sistema Handicap EGA: bajadas de handicap en prueba suspendida o con ASC Solo Bajadas (S\/B)\" \/>\n<meta name=\"robots\" content=\"index, follow, max-snippet:-1, max-image-preview:large, max-video-preview:-1\" \/>\n<link rel=\"canonical\" href=\"http:\/\/soloreglasgolf.com\/WordPress3\/libro-verde\/prueba-semivalida-o-solo-bajada\/\" \/>\n<script type=\"application\/ld+json\" class=\"yoast-schema-graph\">{\"@context\":\"https:\/\/schema.org\",\"@graph\":[{\"@type\":\"WebPage\",\"@id\":\"http:\/\/soloreglasgolf.com\/WordPress3\/libro-verde\/prueba-semivalida-o-solo-bajada\/\",\"url\":\"http:\/\/soloreglasgolf.com\/WordPress3\/libro-verde\/prueba-semivalida-o-solo-bajada\/\",\"name\":\"ASC: modificaci\u00f3n handicap en pruebas suspendidas. - SoloReglasGolf\",\"isPartOf\":{\"@id\":\"http:\/\/soloreglasgolf.com\/WordPress3\/#website\"},\"datePublished\":\"2012-04-21T14:53:38+00:00\",\"dateModified\":\"2013-10-30T17:14:57+00:00\",\"description\":\"Sistema Handicap EGA: bajadas de handicap en prueba suspendida o con ASC Solo Bajadas (S\/B)\",\"breadcrumb\":{\"@id\":\"http:\/\/soloreglasgolf.com\/WordPress3\/libro-verde\/prueba-semivalida-o-solo-bajada\/#breadcrumb\"},\"inLanguage\":\"es\",\"potentialAction\":[{\"@type\":\"ReadAction\",\"target\":[\"http:\/\/soloreglasgolf.com\/WordPress3\/libro-verde\/prueba-semivalida-o-solo-bajada\/\"]}]},{\"@type\":\"BreadcrumbList\",\"@id\":\"http:\/\/soloreglasgolf.com\/WordPress3\/libro-verde\/prueba-semivalida-o-solo-bajada\/#breadcrumb\",\"itemListElement\":[{\"@type\":\"ListItem\",\"position\":1,\"name\":\"Portada\",\"item\":\"http:\/\/soloreglasgolf.com\/WordPress3\/\"},{\"@type\":\"ListItem\",\"position\":2,\"name\":\"Libro Verde\",\"item\":\"http:\/\/soloreglasgolf.com\/WordPress3\/libro-verde\/\"},{\"@type\":\"ListItem\",\"position\":3,\"name\":\"ASC: modificaci\u00f3n handicap en pruebas suspendidas.\"}]},{\"@type\":\"WebSite\",\"@id\":\"http:\/\/soloreglasgolf.com\/WordPress3\/#website\",\"url\":\"http:\/\/soloreglasgolf.com\/WordPress3\/\",\"name\":\"SoloReglasGolf\",\"description\":\"Conversando sobre  Reglas de Golf\",\"potentialAction\":[{\"@type\":\"SearchAction\",\"target\":{\"@type\":\"EntryPoint\",\"urlTemplate\":\"http:\/\/soloreglasgolf.com\/WordPress3\/?s={search_term_string}\"},\"query-input\":\"required name=search_term_string\"}],\"inLanguage\":\"es\"}]}<\/script>\n<!-- \/ Yoast SEO plugin. -->","yoast_head_json":{"title":"ASC: modificaci\u00f3n handicap en pruebas suspendidas. - SoloReglasGolf","description":"Sistema Handicap EGA: bajadas de handicap en prueba suspendida o con ASC Solo Bajadas (S\/B)","robots":{"index":"index","follow":"follow","max-snippet":"max-snippet:-1","max-image-preview":"max-image-preview:large","max-video-preview":"max-video-preview:-1"},"canonical":"http:\/\/soloreglasgolf.com\/WordPress3\/libro-verde\/prueba-semivalida-o-solo-bajada\/","schema":{"@context":"https:\/\/schema.org","@graph":[{"@type":"WebPage","@id":"http:\/\/soloreglasgolf.com\/WordPress3\/libro-verde\/prueba-semivalida-o-solo-bajada\/","url":"http:\/\/soloreglasgolf.com\/WordPress3\/libro-verde\/prueba-semivalida-o-solo-bajada\/","name":"ASC: modificaci\u00f3n handicap en pruebas suspendidas. - SoloReglasGolf","isPartOf":{"@id":"http:\/\/soloreglasgolf.com\/WordPress3\/#website"},"datePublished":"2012-04-21T14:53:38+00:00","dateModified":"2013-10-30T17:14:57+00:00","description":"Sistema Handicap EGA: bajadas de handicap en prueba suspendida o con ASC Solo Bajadas (S\/B)","breadcrumb":{"@id":"http:\/\/soloreglasgolf.com\/WordPress3\/libro-verde\/prueba-semivalida-o-solo-bajada\/#breadcrumb"},"inLanguage":"es","potentialAction":[{"@type":"ReadAction","target":["http:\/\/soloreglasgolf.com\/WordPress3\/libro-verde\/prueba-semivalida-o-solo-bajada\/"]}]},{"@type":"BreadcrumbList","@id":"http:\/\/soloreglasgolf.com\/WordPress3\/libro-verde\/prueba-semivalida-o-solo-bajada\/#breadcrumb","itemListElement":[{"@type":"ListItem","position":1,"name":"Portada","item":"http:\/\/soloreglasgolf.com\/WordPress3\/"},{"@type":"ListItem","position":2,"name":"Libro Verde","item":"http:\/\/soloreglasgolf.com\/WordPress3\/libro-verde\/"},{"@type":"ListItem","position":3,"name":"ASC: modificaci\u00f3n handicap en pruebas suspendidas."}]},{"@type":"WebSite","@id":"http:\/\/soloreglasgolf.com\/WordPress3\/#website","url":"http:\/\/soloreglasgolf.com\/WordPress3\/","name":"SoloReglasGolf","description":"Conversando sobre  Reglas de Golf","potentialAction":[{"@type":"SearchAction","target":{"@type":"EntryPoint","urlTemplate":"http:\/\/soloreglasgolf.com\/WordPress3\/?s={search_term_string}"},"query-input":"required name=search_term_string"}],"inLanguage":"es"}]}},"jetpack_sharing_enabled":true,"jetpack_shortlink":"https:\/\/wp.me\/P36cD2-PN","_links":{"self":[{"href":"http:\/\/soloreglasgolf.com\/WordPress3\/wp-json\/wp\/v2\/pages\/3211","targetHints":{"allow":["GET"]}}],"collection":[{"href":"http:\/\/soloreglasgolf.com\/WordPress3\/wp-json\/wp\/v2\/pages"}],"about":[{"href":"http:\/\/soloreglasgolf.com\/WordPress3\/wp-json\/wp\/v2\/types\/page"}],"author":[{"embeddable":true,"href":"http:\/\/soloreglasgolf.com\/WordPress3\/wp-json\/wp\/v2\/users\/28"}],"replies":[{"embeddable":true,"href":"http:\/\/soloreglasgolf.com\/WordPress3\/wp-json\/wp\/v2\/comments?post=3211"}],"version-history":[{"count":0,"href":"http:\/\/soloreglasgolf.com\/WordPress3\/wp-json\/wp\/v2\/pages\/3211\/revisions"}],"up":[{"embeddable":true,"href":"http:\/\/soloreglasgolf.com\/WordPress3\/wp-json\/wp\/v2\/pages\/5606"}],"wp:attachment":[{"href":"http:\/\/soloreglasgolf.com\/WordPress3\/wp-json\/wp\/v2\/media?parent=3211"}],"curies":[{"name":"wp","href":"https:\/\/api.w.org\/{rel}","templated":true}]}}