{"id":2930,"date":"2012-03-30T19:08:57","date_gmt":"2012-03-30T17:08:57","guid":{"rendered":"http:\/\/soloreglasgolf.com\/WordPress3\/?page_id=2930"},"modified":"2014-04-02T20:21:54","modified_gmt":"2014-04-02T18:21:54","slug":"reglas-de-etiqueta-comportamiento-en-el-campo","status":"publish","type":"page","link":"http:\/\/soloreglasgolf.com\/WordPress3\/reglas-de-etiqueta-comportamiento-en-el-campo\/","title":{"rendered":"Reglas de Etiqueta. Comportamiento en el Campo."},"content":{"rendered":"<p><strong>Introducci\u00f3n.<\/strong><\/p>\n<p>Esta secci\u00f3n proporciona directrices sobre la manera en que deber\u00eda jugarse el juego del golf. Si se siguen estas directrices, <span style=\"text-decoration: underline;\">todos los jugadores obtendr\u00e1n del juego el m\u00e1ximo disfrute<\/span>. El principio fundamental es que en el campo, deber\u00eda <span style=\"text-decoration: underline;\">mostrarse respeto a los dem\u00e1s en cualquier momento<\/span>.<\/p>\n<p style=\"text-align: center;\"><em><strong>\u00bfConoces las Reglas de Etiqueta? Prueba con este <a title=\"Reglas Etiqueta (10p)\" href=\"http:\/\/soloreglasgolf.com\/WordPress3\/test-reglas-golf\/reglas-etiqueta-10p\/\">TEST<\/a>.<\/strong><\/em><\/p>\n<p align=\"left\"><strong>El Esp\u00edritu del Juego.<\/strong><\/p>\n<p>El golf se juega, la mayor parte de las veces, <span style=\"text-decoration: underline;\">sin la supervisi\u00f3n de un \u00e1rbitro<\/span> o de un juez. El <span style=\"text-decoration: underline;\">golf se basa en la integridad del individuo para mostrar respeto a los dem\u00e1s jugadores y en respetar las Reglas<\/span>. Todos los jugadores deber\u00edan comportarse disciplinadamente, <span style=\"text-decoration: underline;\">demostrando cortes\u00eda y deportividad en todo momento, independientemente de lo competitivos que puedan ser<\/span>. Este es el esp\u00edritu del juego del golf.<\/p>\n<p align=\"left\"><strong>Seguridad<\/strong><\/p>\n<p align=\"left\">Los jugadores deber\u00edan asegurarse de que nadie est\u00e1 situado cerca o en una posici\u00f3n que pueda ser golpeado por el palo, la bola o cualquier piedra, guijarros, ramitas o algo similar cuando ejecutan un golpe o un swing de pr\u00e1cticas.<\/p>\n<p align=\"left\">Los jugadores no deber\u00edan jugar hasta que los jugadores que les preceden est\u00e9n fuera de su alcance.<\/p>\n<p align=\"left\">Los jugadores deber\u00edan tambi\u00e9n avisar a los cuidadores del campo, que est\u00e9n pr\u00f3ximos o delante de ellos, cuando est\u00e1n a punto de jugar un golpe que pueda ponerlos en peligro.<\/p>\n<p align=\"left\">Si un jugador juega una bola en una direcci\u00f3n donde hay peligro de golpear a alguien, deber\u00eda inmediatamente dar un grito de aviso. La palabra tradicional de aviso en esta situaci\u00f3n es \u201c\u00a1bola!\u201d (\u00a1Fore!).<\/p>\n<p align=\"left\"><strong>Consideraci\u00f3n para Otros Jugadores<\/strong><\/p>\n<p>No Perturbar o Distraer.<\/p>\n<p>Los jugadores deber\u00edan siempre mostrar consideraci\u00f3n a otros jugadores en el campo y no deber\u00edan perturbar su juego movi\u00e9ndose, hablando o haciendo ruido innecesariamente.<\/p>\n<p align=\"left\">Los jugadores deber\u00edan asegurarse de que cualquier aparato electr\u00f3nico llevado dentro del campo no distrae a otros jugadores.<\/p>\n<p align=\"left\">En el lugar de salida un jugador no deber\u00eda colocar su bola hasta que sea su turno de juego.<\/p>\n<p align=\"left\">Los jugadores no deber\u00edan situarse cerca o directamente detr\u00e1s de la bola, o directamente detr\u00e1s del agujero, cuando un jugador est\u00e1 a punto de jugar.<\/p>\n<p align=\"left\"><strong>En el Green.<\/strong><\/p>\n<p>En el green, los jugadores <span style=\"text-decoration: underline;\">no deber\u00edan situarse en la l\u00ednea de putt de otro jugador<\/span> o, cuando dicho jugador est\u00e1 ejecutando un golpe, <span style=\"text-decoration: underline;\">hacer sombra<\/span> sobre su l\u00ednea de putt.<\/p>\n<p align=\"left\">Los jugadores deber\u00edan permanecer en o cerca del green hasta que todos los dem\u00e1s jugadores del grupo hayan acabado el hoyo.<\/p>\n<p align=\"left\"><strong>Anotar los Resultados.<\/strong><\/p>\n<p align=\"left\">En el Juego por Golpes (Stroke Play), un jugador que est\u00e1 actuando de marcador deber\u00eda, si es necesario, en el camino hacia el siguiente lugar de salida comprobar el resultado con el jugador al que marca y anotarlo.<\/p>\n<p align=\"left\"><strong>Ritmo de Juego<\/strong><\/p>\n<p align=\"left\">Jugar a Buen Ritmo y Mantenerlo.<\/p>\n<p align=\"left\">Los jugadores deber\u00edan jugar a buen ritmo. El Comit\u00e9 puede establecer directrices sobre el ritmo de juego que todos los jugadores deber\u00edan seguir.<\/p>\n<p align=\"left\">Es responsabilidad de un grupo mantener su posici\u00f3n con respecto al grupo que le antecede, si este pierde un hoyo entero y est\u00e1 retrasando al grupo que le sigue, deber\u00eda invitarle a pasar, cualquiera que sea el n\u00famero de jugadores en este grupo.<\/p>\n<p align=\"left\">Aunque un grupo no haya perdido un hoyo, pero es evidente que el grupo que va detr\u00e1s puede jugar m\u00e1s r\u00e1pido deber\u00edan invitarles a pasar.<\/p>\n<p align=\"left\">Estar Preparado para Jugar.<\/p>\n<p align=\"left\">Los jugadores deber\u00edan estar dispuestos para jugar tan pronto como sea su turno de juego. Cuando est\u00e1n jugando en o cerca del green, deber\u00edan dejar sus bolsas o sus carros en una posici\u00f3n tal que les permita salir r\u00e1pidamente del green y en direcci\u00f3n al siguiente lugar de salida. Cuando se ha terminado el juego de un hoyo, los jugadores deber\u00edan abandonar el green inmediatamente.<\/p>\n<p align=\"left\"><strong>Bola Perdida.<\/strong><\/p>\n<p align=\"left\">Si un jugador cree que su bola puede estar perdida fuera de un obst\u00e1culo de agua o est\u00e1 fuera de l\u00edmites, para ahorrar tiempo, deber\u00eda jugar una bola provisional.<\/p>\n<p align=\"left\">Los jugadores que est\u00e1n buscando una bola deber\u00edan indicar a los jugadores del grupo que les sigue que les pasen tan pronto como se den cuenta de que la bola no se encontrar\u00e1 f\u00e1cilmente. No deber\u00edan esperar a hacerlo a que transcurran los cinco minutos de b\u00fasqueda.<\/p>\n<p align=\"left\">Despu\u00e9s de permitir al grupo que les sigue que les adelanten, no deber\u00edan continuar el juego hasta que el grupo haya pasado y est\u00e9 fuera de su alcance.<\/p>\n<p align=\"left\"><strong>Prioridad en el Campo.<\/strong><\/p>\n<p align=\"left\">Salvo que el Comit\u00e9 lo determine de otra manera, la prioridad en el campo est\u00e1 determinada por el ritmo de juego de un grupo. Cualquier grupo que est\u00e1 jugando una vuelta completa tiene derecho a pasar a un grupo que juega una vuelta m\u00e1s corta. El t\u00e9rmino grupo incluye a un jugador que est\u00e1 jugando solo.<\/p>\n<p align=\"left\"><strong>Cuidado del Campo.<\/strong><\/p>\n<p align=\"left\"><strong>Bunkers.<\/strong><\/p>\n<p align=\"left\">Antes de abandonar un bunker, los jugadores deber\u00edan arreglar y alisar todos los agujeros y pisadas que han hecho ellos y cualquier otro pr\u00f3ximo hecho por otros. Si hay alg\u00fan rastrillo razonablemente pr\u00f3ximo al bunker deber\u00eda usarse para ese fin.<\/p>\n<p align=\"left\"><strong>Reparaci\u00f3n de Chuletas, Marcas de Bola y Da\u00f1os Hechos por Zapatos.<\/strong><\/p>\n<p align=\"left\">Los jugadores deber\u00edan reparar cuidadosamente las chuletas hechas por ellos mismos y cualquier otro da\u00f1o hecho al green por el<\/p>\n<p><span style=\"font-family: SegoeUI;\"><em><span style=\"font-family: SegoeUI-Italic;\">impacto <\/span><\/em><span style=\"font-family: SegoeUI;\">de una bola (est\u00e9 o no hecho por el <\/span><\/span>mismo jugador). A la terminaci\u00f3n del hoyo por todos los jugadores del grupo, los da\u00f1os<\/p>\n<p align=\"left\">causados al green por los zapatos de golf deber\u00edan ser reparados.<\/p>\n<p align=\"left\">Prevenci\u00f3n de Da\u00f1o Innecesario.<\/p>\n<p align=\"left\">Los jugadores deber\u00edan evitar causar da\u00f1o al campo por arrancar chuletas al realizar swings de pr\u00e1ctica o por golpear la cabeza de un palo contra el suelo, sea por enfado o por cualquier otra raz\u00f3n.<\/p>\n<p align=\"left\">Los jugadores deber\u00edan asegurarse de que no se produce da\u00f1o al green al apoyar las bolsas o colocar la bandera.<\/p>\n<p align=\"left\">Con el fin de evitar da\u00f1os al agujero, los jugadores y caddies no deber\u00edan situarse demasiado cerca del agujero, y deber\u00edan actuar con cuidado durante el manejo de la bandera y al sacar una bola del agujero. No deber\u00eda usarse la cabeza de un palo para sacar una bola del agujero.<\/p>\n<p align=\"left\">Los jugadores no deber\u00edan apoyarse sobre sus palos cuando est\u00e1n sobre el green, particularmente al sacar la bola del agujero.<\/p>\n<p align=\"left\">La bandera deber\u00eda ser repuesta correctamente en el agujero antes de que los jugadores abandonen el green.<\/p>\n<p align=\"left\">La Informaci\u00f3n Local regulando el movimiento de los carros de golf deber\u00eda ser estrictamente observada.<\/p>\n<p align=\"left\">Conclusi\u00f3n; Penalidades por Infracci\u00f3n.<\/p>\n<p align=\"left\">Si los jugadores siguen las directrices de esta secci\u00f3n, har\u00e1n el juego m\u00e1s agradable para todos.<\/p>\n<p align=\"left\">Si un jugador hace caso omiso sistem\u00e1ticamente de estas directrices durante una vuelta o durante un periodo de tiempo en detrimento de otros, se recomienda que el Comit\u00e9 considere tomar una acci\u00f3n disciplinaria apropiada contra el jugador infractor. Tal acci\u00f3n puede, por ejemplo, incluir la prohibici\u00f3n durante un tiempo limitado de jugar en el campo o en un cierto n\u00famero de competiciones. Esto se considera justificado como forma de proteger los intereses de la mayor\u00eda de los golfistas que desean jugar de acuerdo con estas directrices.<\/p>\n<p align=\"left\">En el caso de una grave infracci\u00f3n de la etiqueta, el Comit\u00e9 puede descalificar a un jugador bajo la Regla 33-7.<\/p>\n<p style=\"text-align: center;\" align=\"left\"><em><strong>\u00bfConoces las Reglas de Etiqueta? Prueba con este <a title=\"Reglas Etiqueta (10p)\" href=\"http:\/\/soloreglasgolf.com\/WordPress3\/test-reglas-golf\/reglas-etiqueta-10p\/\">TEST<\/a>.<\/strong><\/em><\/p>\n<p align=\"left\"><div class=\"g g-2\"><div class=\"g-single a-18\"><script type=\"text\/javascript\"><!--\r\ngoogle_ad_client = \"ca-pub-2363348512557029\";\r\n\/* Blog pagina-post *\/\r\ngoogle_ad_slot = \"1564877784\";\r\ngoogle_ad_width = 728;\r\ngoogle_ad_height = 90;\r\n\/\/-->\r\n<\/script>\r\n<script type=\"text\/javascript\"\r\nsrc=\"http:\/\/pagead2.googlesyndication.com\/pagead\/show_ads.js\">\r\n<\/script><\/div><\/div><\/p>\n","protected":false},"excerpt":{"rendered":"<p>Introducci\u00f3n. Esta secci\u00f3n proporciona directrices sobre la manera en que deber\u00eda jugarse el juego del golf. Si se siguen estas directrices, todos los jugadores obtendr\u00e1n del juego el m\u00e1ximo disfrute. El principio fundamental es que en el campo, deber\u00eda mostrarse respeto a los dem\u00e1s en cualquier momento. \u00bfConoces las Reglas de Etiqueta? Prueba con este <a href='http:\/\/soloreglasgolf.com\/WordPress3\/reglas-de-etiqueta-comportamiento-en-el-campo\/' class='excerpt-more'>[Leer + &#8230;]<\/a><\/p>\n","protected":false},"author":28,"featured_media":0,"parent":0,"menu_order":0,"comment_status":"closed","ping_status":"closed","template":"","meta":{"jetpack_post_was_ever_published":false,"footnotes":""},"class_list":["post-2930","page","type-page","status-publish","hentry","post-seq-1","post-parity-odd","meta-position-corners","fix"],"yoast_head":"<!-- This site is optimized with the Yoast SEO plugin v22.0 - https:\/\/yoast.com\/wordpress\/plugins\/seo\/ -->\n<title>Reglas de Etiqueta. Comportamiento en el Campo. - SoloReglasGolf<\/title>\n<meta name=\"robots\" content=\"index, follow, max-snippet:-1, max-image-preview:large, max-video-preview:-1\" \/>\n<link rel=\"canonical\" href=\"http:\/\/soloreglasgolf.com\/WordPress3\/reglas-de-etiqueta-comportamiento-en-el-campo\/\" \/>\n<meta name=\"twitter:label1\" content=\"Tiempo de lectura\" \/>\n\t<meta name=\"twitter:data1\" content=\"6 minutos\" \/>\n<script type=\"application\/ld+json\" class=\"yoast-schema-graph\">{\"@context\":\"https:\/\/schema.org\",\"@graph\":[{\"@type\":\"WebPage\",\"@id\":\"http:\/\/soloreglasgolf.com\/WordPress3\/reglas-de-etiqueta-comportamiento-en-el-campo\/\",\"url\":\"http:\/\/soloreglasgolf.com\/WordPress3\/reglas-de-etiqueta-comportamiento-en-el-campo\/\",\"name\":\"Reglas de Etiqueta. Comportamiento en el Campo. - SoloReglasGolf\",\"isPartOf\":{\"@id\":\"http:\/\/soloreglasgolf.com\/WordPress3\/#website\"},\"datePublished\":\"2012-03-30T17:08:57+00:00\",\"dateModified\":\"2014-04-02T18:21:54+00:00\",\"breadcrumb\":{\"@id\":\"http:\/\/soloreglasgolf.com\/WordPress3\/reglas-de-etiqueta-comportamiento-en-el-campo\/#breadcrumb\"},\"inLanguage\":\"es\",\"potentialAction\":[{\"@type\":\"ReadAction\",\"target\":[\"http:\/\/soloreglasgolf.com\/WordPress3\/reglas-de-etiqueta-comportamiento-en-el-campo\/\"]}]},{\"@type\":\"BreadcrumbList\",\"@id\":\"http:\/\/soloreglasgolf.com\/WordPress3\/reglas-de-etiqueta-comportamiento-en-el-campo\/#breadcrumb\",\"itemListElement\":[{\"@type\":\"ListItem\",\"position\":1,\"name\":\"Portada\",\"item\":\"http:\/\/soloreglasgolf.com\/WordPress3\/\"},{\"@type\":\"ListItem\",\"position\":2,\"name\":\"Reglas de Etiqueta. Comportamiento en el Campo.\"}]},{\"@type\":\"WebSite\",\"@id\":\"http:\/\/soloreglasgolf.com\/WordPress3\/#website\",\"url\":\"http:\/\/soloreglasgolf.com\/WordPress3\/\",\"name\":\"SoloReglasGolf\",\"description\":\"Conversando sobre  Reglas de Golf\",\"potentialAction\":[{\"@type\":\"SearchAction\",\"target\":{\"@type\":\"EntryPoint\",\"urlTemplate\":\"http:\/\/soloreglasgolf.com\/WordPress3\/?s={search_term_string}\"},\"query-input\":\"required name=search_term_string\"}],\"inLanguage\":\"es\"}]}<\/script>\n<!-- \/ Yoast SEO plugin. -->","yoast_head_json":{"title":"Reglas de Etiqueta. Comportamiento en el Campo. - SoloReglasGolf","robots":{"index":"index","follow":"follow","max-snippet":"max-snippet:-1","max-image-preview":"max-image-preview:large","max-video-preview":"max-video-preview:-1"},"canonical":"http:\/\/soloreglasgolf.com\/WordPress3\/reglas-de-etiqueta-comportamiento-en-el-campo\/","twitter_misc":{"Tiempo de lectura":"6 minutos"},"schema":{"@context":"https:\/\/schema.org","@graph":[{"@type":"WebPage","@id":"http:\/\/soloreglasgolf.com\/WordPress3\/reglas-de-etiqueta-comportamiento-en-el-campo\/","url":"http:\/\/soloreglasgolf.com\/WordPress3\/reglas-de-etiqueta-comportamiento-en-el-campo\/","name":"Reglas de Etiqueta. Comportamiento en el Campo. - SoloReglasGolf","isPartOf":{"@id":"http:\/\/soloreglasgolf.com\/WordPress3\/#website"},"datePublished":"2012-03-30T17:08:57+00:00","dateModified":"2014-04-02T18:21:54+00:00","breadcrumb":{"@id":"http:\/\/soloreglasgolf.com\/WordPress3\/reglas-de-etiqueta-comportamiento-en-el-campo\/#breadcrumb"},"inLanguage":"es","potentialAction":[{"@type":"ReadAction","target":["http:\/\/soloreglasgolf.com\/WordPress3\/reglas-de-etiqueta-comportamiento-en-el-campo\/"]}]},{"@type":"BreadcrumbList","@id":"http:\/\/soloreglasgolf.com\/WordPress3\/reglas-de-etiqueta-comportamiento-en-el-campo\/#breadcrumb","itemListElement":[{"@type":"ListItem","position":1,"name":"Portada","item":"http:\/\/soloreglasgolf.com\/WordPress3\/"},{"@type":"ListItem","position":2,"name":"Reglas de Etiqueta. Comportamiento en el Campo."}]},{"@type":"WebSite","@id":"http:\/\/soloreglasgolf.com\/WordPress3\/#website","url":"http:\/\/soloreglasgolf.com\/WordPress3\/","name":"SoloReglasGolf","description":"Conversando sobre  Reglas de Golf","potentialAction":[{"@type":"SearchAction","target":{"@type":"EntryPoint","urlTemplate":"http:\/\/soloreglasgolf.com\/WordPress3\/?s={search_term_string}"},"query-input":"required name=search_term_string"}],"inLanguage":"es"}]}},"jetpack_sharing_enabled":true,"jetpack_shortlink":"https:\/\/wp.me\/P36cD2-Lg","_links":{"self":[{"href":"http:\/\/soloreglasgolf.com\/WordPress3\/wp-json\/wp\/v2\/pages\/2930","targetHints":{"allow":["GET"]}}],"collection":[{"href":"http:\/\/soloreglasgolf.com\/WordPress3\/wp-json\/wp\/v2\/pages"}],"about":[{"href":"http:\/\/soloreglasgolf.com\/WordPress3\/wp-json\/wp\/v2\/types\/page"}],"author":[{"embeddable":true,"href":"http:\/\/soloreglasgolf.com\/WordPress3\/wp-json\/wp\/v2\/users\/28"}],"replies":[{"embeddable":true,"href":"http:\/\/soloreglasgolf.com\/WordPress3\/wp-json\/wp\/v2\/comments?post=2930"}],"version-history":[{"count":0,"href":"http:\/\/soloreglasgolf.com\/WordPress3\/wp-json\/wp\/v2\/pages\/2930\/revisions"}],"wp:attachment":[{"href":"http:\/\/soloreglasgolf.com\/WordPress3\/wp-json\/wp\/v2\/media?parent=2930"}],"curies":[{"name":"wp","href":"https:\/\/api.w.org\/{rel}","templated":true}]}}