{"id":2728,"date":"2012-03-21T23:20:08","date_gmt":"2012-03-21T22:20:08","guid":{"rendered":"http:\/\/soloreglasgolf.com\/WordPress3\/?page_id=2728"},"modified":"2012-11-06T22:11:52","modified_gmt":"2012-11-06T21:11:52","slug":"asc-ajuste-stableford-de-la-competicion","status":"publish","type":"page","link":"http:\/\/soloreglasgolf.com\/WordPress3\/libro-verde\/asc-ajuste-stableford-de-la-competicion\/","title":{"rendered":"ASC: Ajuste Stableford de la Competici\u00f3n"},"content":{"rendered":"<p dir=\"ltr\" align=\"justify\"><a href=\"http:\/\/soloreglasgolf.com\/WordPress3\/wp-content\/uploads\/2012\/11\/ASC.jpg\"><img loading=\"lazy\" decoding=\"async\" class=\"alignright  wp-image-5428\" title=\"ASC ajuste stableford competicion\" src=\"http:\/\/soloreglasgolf.com\/WordPress3\/wp-content\/uploads\/2012\/11\/ASC-300x300.jpg\" alt=\"ASC ajuste stableford competicion\" width=\"210\" height=\"210\" srcset=\"http:\/\/soloreglasgolf.com\/WordPress3\/wp-content\/uploads\/2012\/11\/ASC-300x300.jpg 300w, http:\/\/soloreglasgolf.com\/WordPress3\/wp-content\/uploads\/2012\/11\/ASC-150x150.jpg 150w, http:\/\/soloreglasgolf.com\/WordPress3\/wp-content\/uploads\/2012\/11\/ASC-200x200.jpg 200w, http:\/\/soloreglasgolf.com\/WordPress3\/wp-content\/uploads\/2012\/11\/ASC-210x210.jpg 210w, http:\/\/soloreglasgolf.com\/WordPress3\/wp-content\/uploads\/2012\/11\/ASC-96x96.jpg 96w, http:\/\/soloreglasgolf.com\/WordPress3\/wp-content\/uploads\/2012\/11\/ASC-24x24.jpg 24w, http:\/\/soloreglasgolf.com\/WordPress3\/wp-content\/uploads\/2012\/11\/ASC-36x36.jpg 36w, http:\/\/soloreglasgolf.com\/WordPress3\/wp-content\/uploads\/2012\/11\/ASC-48x48.jpg 48w, http:\/\/soloreglasgolf.com\/WordPress3\/wp-content\/uploads\/2012\/11\/ASC-64x64.jpg 64w, http:\/\/soloreglasgolf.com\/WordPress3\/wp-content\/uploads\/2012\/11\/ASC.jpg 336w\" sizes=\"auto, (max-width: 210px) 100vw, 210px\" \/><\/a>El ajuste \u00abStableford de la Competici\u00f3n\u00bb es un <strong>factor de ajuste<\/strong> que se aplica al<strong> resultado Stableford del jugador<\/strong> despu\u00e9s de cada vuelta de una Competici\u00f3n V\u00e1lida individual o Copa Canada de acuerdo con el apartado 20.6.<\/p>\n<p dir=\"ltr\" align=\"justify\">El sistema de valoraci\u00f3n de campos de la USGA dice: \u00abEl <a title=\"Valor del Campo\" href=\"http:\/\/soloreglasgolf.com\/WordPress3\/valor-del-campo\/\"><span style=\"text-decoration: underline;\"><strong>Valor de Campo<\/strong><\/span><\/a> USGA y el <a title=\"Valor Slope\" href=\"http:\/\/soloreglasgolf.com\/WordPress3\/valor-slope\/\"><span style=\"text-decoration: underline;\"><strong>Valor Slope<\/strong><\/span><\/a> USGA deben reflejar las <strong>condiciones que son normales para la(s) \u00e9poca(s) del a\u00f1o en que se juegan m\u00e1s vueltas<\/strong>.\u00bb<\/p>\n<p dir=\"ltr\" align=\"justify\">No obstante, <strong>a menudo se juegan vueltas cuando las condiciones climatol\u00f3gicas o las del campo <\/strong><strong>no son las normales<\/strong>, pero que afectan directamente al handicap dentro del Sistema de Handicaps EGA. El c\u00e1lculo del ASC se ha desarrollado para establecer que deber\u00eda hacerse un <strong>ajuste para compensar cuando las condiciones se desv\u00edan<\/strong> tanto que no es aplicable la \u00abvaloraci\u00f3n en condiciones normales.\u00bb<\/p>\n<p dir=\"ltr\" align=\"justify\">En el c\u00e1lculo del ASC se <strong>comparan los resultados del conjunto de jugadores con los resultados previstos calculados para los mismos en condiciones normales<\/strong>. Si la variaci\u00f3n supera unos l\u00edmites establecidos se aplica un ajuste al resultado Stableford de todos los jugadores en funci\u00f3n de la variaci\u00f3n.<\/p>\n<p dir=\"ltr\" align=\"justify\">El <strong>resultado previsto<\/strong> var\u00eda de acuerdo con la <strong>proporci\u00f3n de jugadores de cada Categor\u00eda de Handicap<\/strong> en el torneo. Cuando las condiciones se desv\u00edan de lo \u00abnormal\u00bb el ASC puede ajustar los resultados Stableford <strong>al alza<\/strong> <strong>(+1, +2 \u00f3 +3)<\/strong> o a la <strong>baja (-1)<\/strong>, y si las <strong>condiciones son extremas<\/strong> puede que la vuelta <strong>s\u00f3lo sirva para bajar de handicap<\/strong> y no para subir.<\/p>\n<p dir=\"ltr\" align=\"justify\">Al igual que en las dos ediciones anteriores del Sistema de Handicaps EGA, la aplicaci\u00f3n del ASC es opcional. No obstante, la introducci\u00f3n del CSS en Gran Breta\u00f1a e Irlanda y del ASC en algunos pa\u00edses del continente ha tenido tanto \u00e9xito que no se puede hacer caso omiso a los resultados positivos en los Handicaps.<\/p>\n<p dir=\"ltr\" align=\"justify\"><strong>La EGA recomienda que las Asociaciones Nacionales adopten el ASC a partir del 1 de enero de 2007.<\/strong><\/p>\n","protected":false},"excerpt":{"rendered":"<p>El ajuste \u00abStableford de la Competici\u00f3n\u00bb es un factor de ajuste que se aplica al resultado Stableford del jugador despu\u00e9s de cada vuelta de una Competici\u00f3n V\u00e1lida individual o Copa Canada de acuerdo con el apartado 20.6. El sistema de valoraci\u00f3n de campos de la USGA dice: \u00abEl Valor de Campo USGA y el Valor <a href='http:\/\/soloreglasgolf.com\/WordPress3\/libro-verde\/asc-ajuste-stableford-de-la-competicion\/' class='excerpt-more'>[Leer + &#8230;]<\/a><\/p>\n","protected":false},"author":28,"featured_media":5428,"parent":5606,"menu_order":0,"comment_status":"open","ping_status":"open","template":"","meta":{"jetpack_post_was_ever_published":false,"footnotes":""},"class_list":["post-2728","page","type-page","status-publish","has-post-thumbnail","hentry","post-seq-1","post-parity-odd","meta-position-corners","fix"],"yoast_head":"<!-- This site is optimized with the Yoast SEO plugin v22.0 - https:\/\/yoast.com\/wordpress\/plugins\/seo\/ -->\n<title>ASC: Ajuste Stableford de la Competici\u00f3n - SoloReglasGolf<\/title>\n<meta name=\"description\" content=\"Conoce como funciona el ASC (Ajuste Stableford Competicion), un factor que modifica las bajadas y subidas de handicap.\" \/>\n<meta name=\"robots\" content=\"index, follow, max-snippet:-1, max-image-preview:large, max-video-preview:-1\" \/>\n<link rel=\"canonical\" href=\"https:\/\/soloreglasgolf.com\/WordPress3\/libro-verde\/asc-ajuste-stableford-de-la-competicion\/\" \/>\n<meta name=\"twitter:label1\" content=\"Tiempo de lectura\" \/>\n\t<meta name=\"twitter:data1\" content=\"2 minutos\" \/>\n<script type=\"application\/ld+json\" class=\"yoast-schema-graph\">{\"@context\":\"https:\/\/schema.org\",\"@graph\":[{\"@type\":\"WebPage\",\"@id\":\"https:\/\/soloreglasgolf.com\/WordPress3\/libro-verde\/asc-ajuste-stableford-de-la-competicion\/\",\"url\":\"https:\/\/soloreglasgolf.com\/WordPress3\/libro-verde\/asc-ajuste-stableford-de-la-competicion\/\",\"name\":\"ASC: Ajuste Stableford de la Competici\u00f3n - SoloReglasGolf\",\"isPartOf\":{\"@id\":\"http:\/\/soloreglasgolf.com\/WordPress3\/#website\"},\"datePublished\":\"2012-03-21T22:20:08+00:00\",\"dateModified\":\"2012-11-06T21:11:52+00:00\",\"description\":\"Conoce como funciona el ASC (Ajuste Stableford Competicion), un factor que modifica las bajadas y subidas de handicap.\",\"breadcrumb\":{\"@id\":\"https:\/\/soloreglasgolf.com\/WordPress3\/libro-verde\/asc-ajuste-stableford-de-la-competicion\/#breadcrumb\"},\"inLanguage\":\"es\",\"potentialAction\":[{\"@type\":\"ReadAction\",\"target\":[\"https:\/\/soloreglasgolf.com\/WordPress3\/libro-verde\/asc-ajuste-stableford-de-la-competicion\/\"]}]},{\"@type\":\"BreadcrumbList\",\"@id\":\"https:\/\/soloreglasgolf.com\/WordPress3\/libro-verde\/asc-ajuste-stableford-de-la-competicion\/#breadcrumb\",\"itemListElement\":[{\"@type\":\"ListItem\",\"position\":1,\"name\":\"Portada\",\"item\":\"http:\/\/soloreglasgolf.com\/WordPress3\/\"},{\"@type\":\"ListItem\",\"position\":2,\"name\":\"Libro Verde\",\"item\":\"http:\/\/soloreglasgolf.com\/WordPress3\/libro-verde\/\"},{\"@type\":\"ListItem\",\"position\":3,\"name\":\"ASC: Ajuste Stableford de la Competici\u00f3n\"}]},{\"@type\":\"WebSite\",\"@id\":\"http:\/\/soloreglasgolf.com\/WordPress3\/#website\",\"url\":\"http:\/\/soloreglasgolf.com\/WordPress3\/\",\"name\":\"SoloReglasGolf\",\"description\":\"Conversando sobre  Reglas de Golf\",\"potentialAction\":[{\"@type\":\"SearchAction\",\"target\":{\"@type\":\"EntryPoint\",\"urlTemplate\":\"http:\/\/soloreglasgolf.com\/WordPress3\/?s={search_term_string}\"},\"query-input\":\"required name=search_term_string\"}],\"inLanguage\":\"es\"}]}<\/script>\n<!-- \/ Yoast SEO plugin. -->","yoast_head_json":{"title":"ASC: Ajuste Stableford de la Competici\u00f3n - SoloReglasGolf","description":"Conoce como funciona el ASC (Ajuste Stableford Competicion), un factor que modifica las bajadas y subidas de handicap.","robots":{"index":"index","follow":"follow","max-snippet":"max-snippet:-1","max-image-preview":"max-image-preview:large","max-video-preview":"max-video-preview:-1"},"canonical":"https:\/\/soloreglasgolf.com\/WordPress3\/libro-verde\/asc-ajuste-stableford-de-la-competicion\/","twitter_misc":{"Tiempo de lectura":"2 minutos"},"schema":{"@context":"https:\/\/schema.org","@graph":[{"@type":"WebPage","@id":"https:\/\/soloreglasgolf.com\/WordPress3\/libro-verde\/asc-ajuste-stableford-de-la-competicion\/","url":"https:\/\/soloreglasgolf.com\/WordPress3\/libro-verde\/asc-ajuste-stableford-de-la-competicion\/","name":"ASC: Ajuste Stableford de la Competici\u00f3n - SoloReglasGolf","isPartOf":{"@id":"http:\/\/soloreglasgolf.com\/WordPress3\/#website"},"datePublished":"2012-03-21T22:20:08+00:00","dateModified":"2012-11-06T21:11:52+00:00","description":"Conoce como funciona el ASC (Ajuste Stableford Competicion), un factor que modifica las bajadas y subidas de handicap.","breadcrumb":{"@id":"https:\/\/soloreglasgolf.com\/WordPress3\/libro-verde\/asc-ajuste-stableford-de-la-competicion\/#breadcrumb"},"inLanguage":"es","potentialAction":[{"@type":"ReadAction","target":["https:\/\/soloreglasgolf.com\/WordPress3\/libro-verde\/asc-ajuste-stableford-de-la-competicion\/"]}]},{"@type":"BreadcrumbList","@id":"https:\/\/soloreglasgolf.com\/WordPress3\/libro-verde\/asc-ajuste-stableford-de-la-competicion\/#breadcrumb","itemListElement":[{"@type":"ListItem","position":1,"name":"Portada","item":"http:\/\/soloreglasgolf.com\/WordPress3\/"},{"@type":"ListItem","position":2,"name":"Libro Verde","item":"http:\/\/soloreglasgolf.com\/WordPress3\/libro-verde\/"},{"@type":"ListItem","position":3,"name":"ASC: Ajuste Stableford de la Competici\u00f3n"}]},{"@type":"WebSite","@id":"http:\/\/soloreglasgolf.com\/WordPress3\/#website","url":"http:\/\/soloreglasgolf.com\/WordPress3\/","name":"SoloReglasGolf","description":"Conversando sobre  Reglas de Golf","potentialAction":[{"@type":"SearchAction","target":{"@type":"EntryPoint","urlTemplate":"http:\/\/soloreglasgolf.com\/WordPress3\/?s={search_term_string}"},"query-input":"required name=search_term_string"}],"inLanguage":"es"}]}},"jetpack_sharing_enabled":true,"jetpack_shortlink":"https:\/\/wp.me\/P36cD2-I0","_links":{"self":[{"href":"http:\/\/soloreglasgolf.com\/WordPress3\/wp-json\/wp\/v2\/pages\/2728","targetHints":{"allow":["GET"]}}],"collection":[{"href":"http:\/\/soloreglasgolf.com\/WordPress3\/wp-json\/wp\/v2\/pages"}],"about":[{"href":"http:\/\/soloreglasgolf.com\/WordPress3\/wp-json\/wp\/v2\/types\/page"}],"author":[{"embeddable":true,"href":"http:\/\/soloreglasgolf.com\/WordPress3\/wp-json\/wp\/v2\/users\/28"}],"replies":[{"embeddable":true,"href":"http:\/\/soloreglasgolf.com\/WordPress3\/wp-json\/wp\/v2\/comments?post=2728"}],"version-history":[{"count":0,"href":"http:\/\/soloreglasgolf.com\/WordPress3\/wp-json\/wp\/v2\/pages\/2728\/revisions"}],"up":[{"embeddable":true,"href":"http:\/\/soloreglasgolf.com\/WordPress3\/wp-json\/wp\/v2\/pages\/5606"}],"wp:featuredmedia":[{"embeddable":true,"href":"http:\/\/soloreglasgolf.com\/WordPress3\/wp-json\/wp\/v2\/media\/5428"}],"wp:attachment":[{"href":"http:\/\/soloreglasgolf.com\/WordPress3\/wp-json\/wp\/v2\/media?parent=2728"}],"curies":[{"name":"wp","href":"https:\/\/api.w.org\/{rel}","templated":true}]}}