{"id":2586,"date":"2012-03-17T20:53:24","date_gmt":"2012-03-17T19:53:24","guid":{"rendered":"http:\/\/soloreglasgolf.com\/WordPress3\/?page_id=2586"},"modified":"2013-03-21T13:09:16","modified_gmt":"2013-03-21T12:09:16","slug":"desempate-en-pruebas-scratch","status":"publish","type":"page","link":"http:\/\/soloreglasgolf.com\/WordPress3\/libro-verde\/desempate-en-pruebas-scratch\/","title":{"rendered":"Desempate en Juego por Golpes Scratch"},"content":{"rendered":"<div>\n<p><span style=\"text-decoration: underline;\"><strong>Libro Verde Cap\u00edtulo II. 6.9<\/strong><\/span><\/p>\n<p>En caso de empate entre dos o m\u00e1s jugadores o equipos en <a title=\"Resultado Scratch\" href=\"http:\/\/soloreglasgolf.com\/WordPress3\/resultado-scratch\/\"><span style=\"text-decoration: underline;\"><strong>pruebas scratch<\/strong><\/span><\/a>, se resolver\u00e1 a favor del jugador o equipo que tenga en la prueba el <strong><a title=\"Handicap Juego EGA (HJE)\" href=\"http:\/\/soloreglasgolf.com\/WordPress3\/handicap-juego-ega-hje\/\"><span style=\"text-decoration: underline;\">handicap de juego<\/span><\/a> m\u00e1s alto<\/strong>.<\/p>\n<p>Si el <strong>h\u00e1ndicap de los interesados es igual<\/strong>, se recurrir\u00e1 a la formula de los <strong>9, 12, 15, 16 y 17 \u00faltimos hoyos<\/strong>, caso de que la prueba haya sido jugada a <strong>18 hoyos<\/strong>. Si la prueba fuera a <strong>36 hoyos<\/strong>, se tendr\u00e1n en cuenta los 1<strong>8, 27, 30, 33, 34 y 35 \u00faltimos hoyos<\/strong>; si a <strong>54 hoyos<\/strong>, los 27, 36, 45, 48, 51, 52 y 53 \u00faltimos hoyos y si es a <strong>72 hoyos<\/strong>, los 36, 54, 63, 66, 69, 70 y 71 \u00faltimos hoyos.<\/p>\n<p>Por \u00faltimo, si se juegan solo <strong>9 hoyos<\/strong>, como en el caso de los Benjamines, se tendr\u00e1n en cuenta los 3, 6, 7 y 8 \u00faltimos hoyos, si es a dos vueltas de 9 hoyos, o sea 18 hoyos se tendr\u00e1n en cuenta los 9, 12, 15, 16 y 17 \u00faltimos, si es a tres vueltas, o sea 27 hoyos, los 18, 21, 24, 25 y 26 \u00faltimos y si es a cuatro vueltas, o sea 36 hoyos, los 18, 27, 30, 33, 34 y 35 \u00faltimos hoyos.<\/p>\n<p>En todos los casos <strong>se comparar\u00e1 cada hoyo bajo la f\u00f3rmula en que se jug\u00f3 la prueba<\/strong>, golpes brutos en Juego por Golpes (stroke play) y puntos obtenidos sin tener en cuenta el h\u00e1ndicap, en Stableford y Contra par.<\/p>\n<p align=\"justify\">Si a pesar de todo <strong>persistiera el empate<\/strong>, se resolver\u00e1 por <strong>sorteo<\/strong>.<\/p>\n<p>Los <strong>\u00faltimos hoyos<\/strong> a que se refieren los p\u00e1rrafos anteriores <strong>ser\u00e1n siempre los \u00faltimos del campo<\/strong>, independientemente de que por tener que salir unos participantes por un tee y otros por otro, para algunos sean los primeros que han jugado.<\/p>\n<p>&nbsp;<\/p>\n<div class=\"g g-2\"><div class=\"g-single a-16\"><script type=\"text\/javascript\"><!--\r\ngoogle_ad_client = \"ca-pub-2363348512557029\";\r\n\/* Blog pagina-post *\/\r\ngoogle_ad_slot = \"1564877784\";\r\ngoogle_ad_width = 728;\r\ngoogle_ad_height = 90;\r\n\/\/-->\r\n<\/script>\r\n<script type=\"text\/javascript\"\r\nsrc=\"http:\/\/pagead2.googlesyndication.com\/pagead\/show_ads.js\">\r\n<\/script><\/div><\/div>\n<\/div>\n","protected":false},"excerpt":{"rendered":"<p>Libro Verde Cap\u00edtulo II. 6.9 En caso de empate entre dos o m\u00e1s jugadores o equipos en pruebas scratch, se resolver\u00e1 a favor del jugador o equipo que tenga en la prueba el handicap de juego m\u00e1s alto. Si el h\u00e1ndicap de los interesados es igual, se recurrir\u00e1 a la formula de los 9, 12, <a href='http:\/\/soloreglasgolf.com\/WordPress3\/libro-verde\/desempate-en-pruebas-scratch\/' class='excerpt-more'>[Leer + &#8230;]<\/a><\/p>\n","protected":false},"author":28,"featured_media":0,"parent":5606,"menu_order":0,"comment_status":"open","ping_status":"open","template":"","meta":{"jetpack_post_was_ever_published":false,"footnotes":""},"class_list":["post-2586","page","type-page","status-publish","hentry","post-seq-1","post-parity-odd","meta-position-corners","fix"],"yoast_head":"<!-- This site is optimized with the Yoast SEO plugin v22.0 - https:\/\/yoast.com\/wordpress\/plugins\/seo\/ -->\n<title>Desempate en Juego por Golpes Scratch - SoloReglasGolf<\/title>\n<meta name=\"description\" content=\"desempate golf pruebas competiciones torneos scratch resolucion empate desempates medal-play stroke-play juego por golpes\" \/>\n<meta name=\"robots\" content=\"index, follow, max-snippet:-1, max-image-preview:large, max-video-preview:-1\" \/>\n<link rel=\"canonical\" href=\"http:\/\/soloreglasgolf.com\/WordPress3\/libro-verde\/desempate-en-pruebas-scratch\/\" \/>\n<meta name=\"twitter:label1\" content=\"Tiempo de lectura\" \/>\n\t<meta name=\"twitter:data1\" content=\"1 minuto\" \/>\n<script type=\"application\/ld+json\" class=\"yoast-schema-graph\">{\"@context\":\"https:\/\/schema.org\",\"@graph\":[{\"@type\":\"WebPage\",\"@id\":\"http:\/\/soloreglasgolf.com\/WordPress3\/libro-verde\/desempate-en-pruebas-scratch\/\",\"url\":\"http:\/\/soloreglasgolf.com\/WordPress3\/libro-verde\/desempate-en-pruebas-scratch\/\",\"name\":\"Desempate en Juego por Golpes Scratch - SoloReglasGolf\",\"isPartOf\":{\"@id\":\"http:\/\/soloreglasgolf.com\/WordPress3\/#website\"},\"datePublished\":\"2012-03-17T19:53:24+00:00\",\"dateModified\":\"2013-03-21T12:09:16+00:00\",\"description\":\"desempate golf pruebas competiciones torneos scratch resolucion empate desempates medal-play stroke-play juego por golpes\",\"breadcrumb\":{\"@id\":\"http:\/\/soloreglasgolf.com\/WordPress3\/libro-verde\/desempate-en-pruebas-scratch\/#breadcrumb\"},\"inLanguage\":\"es\",\"potentialAction\":[{\"@type\":\"ReadAction\",\"target\":[\"http:\/\/soloreglasgolf.com\/WordPress3\/libro-verde\/desempate-en-pruebas-scratch\/\"]}]},{\"@type\":\"BreadcrumbList\",\"@id\":\"http:\/\/soloreglasgolf.com\/WordPress3\/libro-verde\/desempate-en-pruebas-scratch\/#breadcrumb\",\"itemListElement\":[{\"@type\":\"ListItem\",\"position\":1,\"name\":\"Portada\",\"item\":\"http:\/\/soloreglasgolf.com\/WordPress3\/\"},{\"@type\":\"ListItem\",\"position\":2,\"name\":\"Libro Verde\",\"item\":\"http:\/\/soloreglasgolf.com\/WordPress3\/libro-verde\/\"},{\"@type\":\"ListItem\",\"position\":3,\"name\":\"Desempate en Juego por Golpes Scratch\"}]},{\"@type\":\"WebSite\",\"@id\":\"http:\/\/soloreglasgolf.com\/WordPress3\/#website\",\"url\":\"http:\/\/soloreglasgolf.com\/WordPress3\/\",\"name\":\"SoloReglasGolf\",\"description\":\"Conversando sobre  Reglas de Golf\",\"potentialAction\":[{\"@type\":\"SearchAction\",\"target\":{\"@type\":\"EntryPoint\",\"urlTemplate\":\"http:\/\/soloreglasgolf.com\/WordPress3\/?s={search_term_string}\"},\"query-input\":\"required name=search_term_string\"}],\"inLanguage\":\"es\"}]}<\/script>\n<!-- \/ Yoast SEO plugin. -->","yoast_head_json":{"title":"Desempate en Juego por Golpes Scratch - SoloReglasGolf","description":"desempate golf pruebas competiciones torneos scratch resolucion empate desempates medal-play stroke-play juego por golpes","robots":{"index":"index","follow":"follow","max-snippet":"max-snippet:-1","max-image-preview":"max-image-preview:large","max-video-preview":"max-video-preview:-1"},"canonical":"http:\/\/soloreglasgolf.com\/WordPress3\/libro-verde\/desempate-en-pruebas-scratch\/","twitter_misc":{"Tiempo de lectura":"1 minuto"},"schema":{"@context":"https:\/\/schema.org","@graph":[{"@type":"WebPage","@id":"http:\/\/soloreglasgolf.com\/WordPress3\/libro-verde\/desempate-en-pruebas-scratch\/","url":"http:\/\/soloreglasgolf.com\/WordPress3\/libro-verde\/desempate-en-pruebas-scratch\/","name":"Desempate en Juego por Golpes Scratch - SoloReglasGolf","isPartOf":{"@id":"http:\/\/soloreglasgolf.com\/WordPress3\/#website"},"datePublished":"2012-03-17T19:53:24+00:00","dateModified":"2013-03-21T12:09:16+00:00","description":"desempate golf pruebas competiciones torneos scratch resolucion empate desempates medal-play stroke-play juego por golpes","breadcrumb":{"@id":"http:\/\/soloreglasgolf.com\/WordPress3\/libro-verde\/desempate-en-pruebas-scratch\/#breadcrumb"},"inLanguage":"es","potentialAction":[{"@type":"ReadAction","target":["http:\/\/soloreglasgolf.com\/WordPress3\/libro-verde\/desempate-en-pruebas-scratch\/"]}]},{"@type":"BreadcrumbList","@id":"http:\/\/soloreglasgolf.com\/WordPress3\/libro-verde\/desempate-en-pruebas-scratch\/#breadcrumb","itemListElement":[{"@type":"ListItem","position":1,"name":"Portada","item":"http:\/\/soloreglasgolf.com\/WordPress3\/"},{"@type":"ListItem","position":2,"name":"Libro Verde","item":"http:\/\/soloreglasgolf.com\/WordPress3\/libro-verde\/"},{"@type":"ListItem","position":3,"name":"Desempate en Juego por Golpes Scratch"}]},{"@type":"WebSite","@id":"http:\/\/soloreglasgolf.com\/WordPress3\/#website","url":"http:\/\/soloreglasgolf.com\/WordPress3\/","name":"SoloReglasGolf","description":"Conversando sobre  Reglas de Golf","potentialAction":[{"@type":"SearchAction","target":{"@type":"EntryPoint","urlTemplate":"http:\/\/soloreglasgolf.com\/WordPress3\/?s={search_term_string}"},"query-input":"required name=search_term_string"}],"inLanguage":"es"}]}},"jetpack_sharing_enabled":true,"jetpack_shortlink":"https:\/\/wp.me\/P36cD2-FI","_links":{"self":[{"href":"http:\/\/soloreglasgolf.com\/WordPress3\/wp-json\/wp\/v2\/pages\/2586","targetHints":{"allow":["GET"]}}],"collection":[{"href":"http:\/\/soloreglasgolf.com\/WordPress3\/wp-json\/wp\/v2\/pages"}],"about":[{"href":"http:\/\/soloreglasgolf.com\/WordPress3\/wp-json\/wp\/v2\/types\/page"}],"author":[{"embeddable":true,"href":"http:\/\/soloreglasgolf.com\/WordPress3\/wp-json\/wp\/v2\/users\/28"}],"replies":[{"embeddable":true,"href":"http:\/\/soloreglasgolf.com\/WordPress3\/wp-json\/wp\/v2\/comments?post=2586"}],"version-history":[{"count":0,"href":"http:\/\/soloreglasgolf.com\/WordPress3\/wp-json\/wp\/v2\/pages\/2586\/revisions"}],"up":[{"embeddable":true,"href":"http:\/\/soloreglasgolf.com\/WordPress3\/wp-json\/wp\/v2\/pages\/5606"}],"wp:attachment":[{"href":"http:\/\/soloreglasgolf.com\/WordPress3\/wp-json\/wp\/v2\/media?parent=2586"}],"curies":[{"name":"wp","href":"https:\/\/api.w.org\/{rel}","templated":true}]}}