{"id":2584,"date":"2012-03-17T20:48:27","date_gmt":"2012-03-17T19:48:27","guid":{"rendered":"http:\/\/soloreglasgolf.com\/WordPress3\/?page_id=2584"},"modified":"2013-03-21T13:08:21","modified_gmt":"2013-03-21T12:08:21","slug":"resolucion-empate-en-juego-por-golpes-handicap","status":"publish","type":"page","link":"http:\/\/soloreglasgolf.com\/WordPress3\/libro-verde\/resolucion-empate-en-juego-por-golpes-handicap\/","title":{"rendered":"Desempate en Juego por Golpes Handicap"},"content":{"rendered":"<p>En caso de empate entre dos o m\u00e1s jugadores o Equipos en una <strong>prueba h\u00e1ndicap<\/strong>, se resolver\u00e1 a favor del jugador o Equipo que tenga en la prueba el <strong><a title=\"Handicap Juego EGA (HJE)\" href=\"http:\/\/soloreglasgolf.com\/WordPress3\/handicap-juego-ega-hje\/\"><span style=\"text-decoration: underline;\">h\u00e1ndicap de juego<\/span><\/a> m\u00e1s bajo<\/strong>.<\/p>\n<p>Caso de <strong>persistir el empate<\/strong> ser\u00e1 v\u00e1lido lo expresado para el <a title=\"Desempate en Juego por Golpes Scratch\" href=\"http:\/\/soloreglasgolf.com\/WordPress3\/desempate-en-pruebas-scratch\/\"><span style=\"text-decoration: underline;\"><strong>desempate en pruebas scratch<\/strong><\/span><\/a>, bien entendido que los grupos de hoyos (9, 12, 15 etc.) deber\u00e1n compararse bajo la misma F\u00f3rmula de C\u00e1lculo con la que se jug\u00f3 la prueba, o sea, se comparar\u00e1n los Golpes Netos en juego por Golpes (stroke play) y los Puntos en Stableford y Contra par.<\/p>\n<div class=\"g g-2\"><div class=\"g-single a-18\"><script type=\"text\/javascript\"><!--\r\ngoogle_ad_client = \"ca-pub-2363348512557029\";\r\n\/* Blog pagina-post *\/\r\ngoogle_ad_slot = \"1564877784\";\r\ngoogle_ad_width = 728;\r\ngoogle_ad_height = 90;\r\n\/\/-->\r\n<\/script>\r\n<script type=\"text\/javascript\"\r\nsrc=\"http:\/\/pagead2.googlesyndication.com\/pagead\/show_ads.js\">\r\n<\/script><\/div><\/div>\n","protected":false},"excerpt":{"rendered":"<p>En caso de empate entre dos o m\u00e1s jugadores o Equipos en una prueba h\u00e1ndicap, se resolver\u00e1 a favor del jugador o Equipo que tenga en la prueba el h\u00e1ndicap de juego m\u00e1s bajo. Caso de persistir el empate ser\u00e1 v\u00e1lido lo expresado para el desempate en pruebas scratch, bien entendido que los grupos de <a href='http:\/\/soloreglasgolf.com\/WordPress3\/libro-verde\/resolucion-empate-en-juego-por-golpes-handicap\/' class='excerpt-more'>[Leer + &#8230;]<\/a><\/p>\n","protected":false},"author":28,"featured_media":0,"parent":5606,"menu_order":0,"comment_status":"open","ping_status":"open","template":"","meta":{"jetpack_post_was_ever_published":false,"footnotes":""},"class_list":["post-2584","page","type-page","status-publish","hentry","post-seq-1","post-parity-odd","meta-position-corners","fix"],"yoast_head":"<!-- This site is optimized with the Yoast SEO plugin v22.0 - https:\/\/yoast.com\/wordpress\/plugins\/seo\/ -->\n<title>Desempate en Juego por Golpes handicap - SoloReglasGolf<\/title>\n<meta name=\"description\" content=\"desempate empate golf juego golpes stroke-play stableford\" \/>\n<meta name=\"robots\" content=\"index, follow, max-snippet:-1, max-image-preview:large, max-video-preview:-1\" \/>\n<link rel=\"canonical\" href=\"http:\/\/soloreglasgolf.com\/WordPress3\/libro-verde\/resolucion-empate-en-juego-por-golpes-handicap\/\" \/>\n<meta name=\"twitter:label1\" content=\"Tiempo de lectura\" \/>\n\t<meta name=\"twitter:data1\" content=\"1 minuto\" \/>\n<script type=\"application\/ld+json\" class=\"yoast-schema-graph\">{\"@context\":\"https:\/\/schema.org\",\"@graph\":[{\"@type\":\"WebPage\",\"@id\":\"http:\/\/soloreglasgolf.com\/WordPress3\/libro-verde\/resolucion-empate-en-juego-por-golpes-handicap\/\",\"url\":\"http:\/\/soloreglasgolf.com\/WordPress3\/libro-verde\/resolucion-empate-en-juego-por-golpes-handicap\/\",\"name\":\"Desempate en Juego por Golpes handicap - SoloReglasGolf\",\"isPartOf\":{\"@id\":\"http:\/\/soloreglasgolf.com\/WordPress3\/#website\"},\"datePublished\":\"2012-03-17T19:48:27+00:00\",\"dateModified\":\"2013-03-21T12:08:21+00:00\",\"description\":\"desempate empate golf juego golpes stroke-play stableford\",\"breadcrumb\":{\"@id\":\"http:\/\/soloreglasgolf.com\/WordPress3\/libro-verde\/resolucion-empate-en-juego-por-golpes-handicap\/#breadcrumb\"},\"inLanguage\":\"es\",\"potentialAction\":[{\"@type\":\"ReadAction\",\"target\":[\"http:\/\/soloreglasgolf.com\/WordPress3\/libro-verde\/resolucion-empate-en-juego-por-golpes-handicap\/\"]}]},{\"@type\":\"BreadcrumbList\",\"@id\":\"http:\/\/soloreglasgolf.com\/WordPress3\/libro-verde\/resolucion-empate-en-juego-por-golpes-handicap\/#breadcrumb\",\"itemListElement\":[{\"@type\":\"ListItem\",\"position\":1,\"name\":\"Portada\",\"item\":\"http:\/\/soloreglasgolf.com\/WordPress3\/\"},{\"@type\":\"ListItem\",\"position\":2,\"name\":\"Libro Verde\",\"item\":\"http:\/\/soloreglasgolf.com\/WordPress3\/libro-verde\/\"},{\"@type\":\"ListItem\",\"position\":3,\"name\":\"Desempate en Juego por Golpes Handicap\"}]},{\"@type\":\"WebSite\",\"@id\":\"http:\/\/soloreglasgolf.com\/WordPress3\/#website\",\"url\":\"http:\/\/soloreglasgolf.com\/WordPress3\/\",\"name\":\"SoloReglasGolf\",\"description\":\"Conversando sobre  Reglas de Golf\",\"potentialAction\":[{\"@type\":\"SearchAction\",\"target\":{\"@type\":\"EntryPoint\",\"urlTemplate\":\"http:\/\/soloreglasgolf.com\/WordPress3\/?s={search_term_string}\"},\"query-input\":\"required name=search_term_string\"}],\"inLanguage\":\"es\"}]}<\/script>\n<!-- \/ Yoast SEO plugin. -->","yoast_head_json":{"title":"Desempate en Juego por Golpes handicap - SoloReglasGolf","description":"desempate empate golf juego golpes stroke-play stableford","robots":{"index":"index","follow":"follow","max-snippet":"max-snippet:-1","max-image-preview":"max-image-preview:large","max-video-preview":"max-video-preview:-1"},"canonical":"http:\/\/soloreglasgolf.com\/WordPress3\/libro-verde\/resolucion-empate-en-juego-por-golpes-handicap\/","twitter_misc":{"Tiempo de lectura":"1 minuto"},"schema":{"@context":"https:\/\/schema.org","@graph":[{"@type":"WebPage","@id":"http:\/\/soloreglasgolf.com\/WordPress3\/libro-verde\/resolucion-empate-en-juego-por-golpes-handicap\/","url":"http:\/\/soloreglasgolf.com\/WordPress3\/libro-verde\/resolucion-empate-en-juego-por-golpes-handicap\/","name":"Desempate en Juego por Golpes handicap - SoloReglasGolf","isPartOf":{"@id":"http:\/\/soloreglasgolf.com\/WordPress3\/#website"},"datePublished":"2012-03-17T19:48:27+00:00","dateModified":"2013-03-21T12:08:21+00:00","description":"desempate empate golf juego golpes stroke-play stableford","breadcrumb":{"@id":"http:\/\/soloreglasgolf.com\/WordPress3\/libro-verde\/resolucion-empate-en-juego-por-golpes-handicap\/#breadcrumb"},"inLanguage":"es","potentialAction":[{"@type":"ReadAction","target":["http:\/\/soloreglasgolf.com\/WordPress3\/libro-verde\/resolucion-empate-en-juego-por-golpes-handicap\/"]}]},{"@type":"BreadcrumbList","@id":"http:\/\/soloreglasgolf.com\/WordPress3\/libro-verde\/resolucion-empate-en-juego-por-golpes-handicap\/#breadcrumb","itemListElement":[{"@type":"ListItem","position":1,"name":"Portada","item":"http:\/\/soloreglasgolf.com\/WordPress3\/"},{"@type":"ListItem","position":2,"name":"Libro Verde","item":"http:\/\/soloreglasgolf.com\/WordPress3\/libro-verde\/"},{"@type":"ListItem","position":3,"name":"Desempate en Juego por Golpes Handicap"}]},{"@type":"WebSite","@id":"http:\/\/soloreglasgolf.com\/WordPress3\/#website","url":"http:\/\/soloreglasgolf.com\/WordPress3\/","name":"SoloReglasGolf","description":"Conversando sobre  Reglas de Golf","potentialAction":[{"@type":"SearchAction","target":{"@type":"EntryPoint","urlTemplate":"http:\/\/soloreglasgolf.com\/WordPress3\/?s={search_term_string}"},"query-input":"required name=search_term_string"}],"inLanguage":"es"}]}},"jetpack_sharing_enabled":true,"jetpack_shortlink":"https:\/\/wp.me\/P36cD2-FG","_links":{"self":[{"href":"http:\/\/soloreglasgolf.com\/WordPress3\/wp-json\/wp\/v2\/pages\/2584","targetHints":{"allow":["GET"]}}],"collection":[{"href":"http:\/\/soloreglasgolf.com\/WordPress3\/wp-json\/wp\/v2\/pages"}],"about":[{"href":"http:\/\/soloreglasgolf.com\/WordPress3\/wp-json\/wp\/v2\/types\/page"}],"author":[{"embeddable":true,"href":"http:\/\/soloreglasgolf.com\/WordPress3\/wp-json\/wp\/v2\/users\/28"}],"replies":[{"embeddable":true,"href":"http:\/\/soloreglasgolf.com\/WordPress3\/wp-json\/wp\/v2\/comments?post=2584"}],"version-history":[{"count":0,"href":"http:\/\/soloreglasgolf.com\/WordPress3\/wp-json\/wp\/v2\/pages\/2584\/revisions"}],"up":[{"embeddable":true,"href":"http:\/\/soloreglasgolf.com\/WordPress3\/wp-json\/wp\/v2\/pages\/5606"}],"wp:attachment":[{"href":"http:\/\/soloreglasgolf.com\/WordPress3\/wp-json\/wp\/v2\/media?parent=2584"}],"curies":[{"name":"wp","href":"https:\/\/api.w.org\/{rel}","templated":true}]}}