{"id":2220,"date":"2012-02-21T23:04:07","date_gmt":"2012-02-21T22:04:07","guid":{"rendered":"http:\/\/soloreglasgolf.com\/WordPress3\/?page_id=2220"},"modified":"2013-06-30T18:23:34","modified_gmt":"2013-06-30T16:23:34","slug":"comite-prueba","status":"publish","type":"page","link":"http:\/\/soloreglasgolf.com\/WordPress3\/libro-verde\/comite-prueba\/","title":{"rendered":"Comit\u00e9 de la Prueba"},"content":{"rendered":"<p><span style=\"text-decoration: underline;\">P<\/span><span style=\"text-decoration: underline;\">ara una prueba determinada<\/span> podr\u00e1 crearse un Comit\u00e9 <span style=\"text-decoration: underline;\">que suplir\u00e1 al Comit\u00e9 de Competici\u00f3n del Club<\/span>, y que se denominar\u00e1 <strong>Comit\u00e9 de la Prueba.<\/strong><\/p>\n<p>Lo formar\u00e1n las siguientes personas:<br \/>\na) con <span style=\"text-decoration: underline;\">car\u00e1cter obligatorio<\/span><br \/>\n&#8211; uno o varios miembros del Comit\u00e9(s) del club(s) en que se celebre la prueba.<br \/>\nb) con <span style=\"text-decoration: underline;\">car\u00e1cter facultativo<\/span><br \/>\n&#8211; un representante de la firma o persona patrocinadora<br \/>\n&#8211; un representante del Comit\u00e9 Organizador<br \/>\n&#8211; cualquier miembro de la Federaci\u00f3n competente designado para ello.<\/p>\n<div class=\"g g-2\"><div class=\"g-single a-19\"><script type=\"text\/javascript\"><!--\r\ngoogle_ad_client = \"ca-pub-2363348512557029\";\r\n\/* Blog pagina-post *\/\r\ngoogle_ad_slot = \"1564877784\";\r\ngoogle_ad_width = 728;\r\ngoogle_ad_height = 90;\r\n\/\/-->\r\n<\/script>\r\n<script type=\"text\/javascript\"\r\nsrc=\"http:\/\/pagead2.googlesyndication.com\/pagead\/show_ads.js\">\r\n<\/script><\/div><\/div>\n","protected":false},"excerpt":{"rendered":"<p>Para una prueba determinada podr\u00e1 crearse un Comit\u00e9 que suplir\u00e1 al Comit\u00e9 de Competici\u00f3n del Club, y que se denominar\u00e1 Comit\u00e9 de la Prueba. Lo formar\u00e1n las siguientes personas: a) con car\u00e1cter obligatorio &#8211; uno o varios miembros del Comit\u00e9(s) del club(s) en que se celebre la prueba. b) con car\u00e1cter facultativo &#8211; un representante <a href='http:\/\/soloreglasgolf.com\/WordPress3\/libro-verde\/comite-prueba\/' class='excerpt-more'>[Leer + &#8230;]<\/a><\/p>\n","protected":false},"author":28,"featured_media":0,"parent":5606,"menu_order":0,"comment_status":"open","ping_status":"open","template":"","meta":{"jetpack_post_was_ever_published":false,"footnotes":""},"class_list":["post-2220","page","type-page","status-publish","hentry","post-seq-1","post-parity-odd","meta-position-corners","fix"],"yoast_head":"<!-- This site is optimized with the Yoast SEO plugin v22.0 - https:\/\/yoast.com\/wordpress\/plugins\/seo\/ -->\n<title>Comit\u00e9 de la Prueba<\/title>\n<meta name=\"description\" content=\"Composici\u00f3n y funciones del Comite de la Prueba en una competici\u00f3n de Golf.\" \/>\n<meta name=\"robots\" content=\"index, follow, max-snippet:-1, max-image-preview:large, max-video-preview:-1\" \/>\n<link rel=\"canonical\" href=\"http:\/\/soloreglasgolf.com\/WordPress3\/libro-verde\/comite-prueba\/\" \/>\n<script type=\"application\/ld+json\" class=\"yoast-schema-graph\">{\"@context\":\"https:\/\/schema.org\",\"@graph\":[{\"@type\":\"WebPage\",\"@id\":\"http:\/\/soloreglasgolf.com\/WordPress3\/libro-verde\/comite-prueba\/\",\"url\":\"http:\/\/soloreglasgolf.com\/WordPress3\/libro-verde\/comite-prueba\/\",\"name\":\"Comit\u00e9 de la Prueba\",\"isPartOf\":{\"@id\":\"http:\/\/soloreglasgolf.com\/WordPress3\/#website\"},\"datePublished\":\"2012-02-21T22:04:07+00:00\",\"dateModified\":\"2013-06-30T16:23:34+00:00\",\"description\":\"Composici\u00f3n y funciones del Comite de la Prueba en una competici\u00f3n de Golf.\",\"breadcrumb\":{\"@id\":\"http:\/\/soloreglasgolf.com\/WordPress3\/libro-verde\/comite-prueba\/#breadcrumb\"},\"inLanguage\":\"es\",\"potentialAction\":[{\"@type\":\"ReadAction\",\"target\":[\"http:\/\/soloreglasgolf.com\/WordPress3\/libro-verde\/comite-prueba\/\"]}]},{\"@type\":\"BreadcrumbList\",\"@id\":\"http:\/\/soloreglasgolf.com\/WordPress3\/libro-verde\/comite-prueba\/#breadcrumb\",\"itemListElement\":[{\"@type\":\"ListItem\",\"position\":1,\"name\":\"Portada\",\"item\":\"http:\/\/soloreglasgolf.com\/WordPress3\/\"},{\"@type\":\"ListItem\",\"position\":2,\"name\":\"Libro Verde\",\"item\":\"http:\/\/soloreglasgolf.com\/WordPress3\/libro-verde\/\"},{\"@type\":\"ListItem\",\"position\":3,\"name\":\"Comit\u00e9 de la Prueba\"}]},{\"@type\":\"WebSite\",\"@id\":\"http:\/\/soloreglasgolf.com\/WordPress3\/#website\",\"url\":\"http:\/\/soloreglasgolf.com\/WordPress3\/\",\"name\":\"SoloReglasGolf\",\"description\":\"Conversando sobre  Reglas de Golf\",\"potentialAction\":[{\"@type\":\"SearchAction\",\"target\":{\"@type\":\"EntryPoint\",\"urlTemplate\":\"http:\/\/soloreglasgolf.com\/WordPress3\/?s={search_term_string}\"},\"query-input\":\"required name=search_term_string\"}],\"inLanguage\":\"es\"}]}<\/script>\n<!-- \/ Yoast SEO plugin. -->","yoast_head_json":{"title":"Comit\u00e9 de la Prueba","description":"Composici\u00f3n y funciones del Comite de la Prueba en una competici\u00f3n de Golf.","robots":{"index":"index","follow":"follow","max-snippet":"max-snippet:-1","max-image-preview":"max-image-preview:large","max-video-preview":"max-video-preview:-1"},"canonical":"http:\/\/soloreglasgolf.com\/WordPress3\/libro-verde\/comite-prueba\/","schema":{"@context":"https:\/\/schema.org","@graph":[{"@type":"WebPage","@id":"http:\/\/soloreglasgolf.com\/WordPress3\/libro-verde\/comite-prueba\/","url":"http:\/\/soloreglasgolf.com\/WordPress3\/libro-verde\/comite-prueba\/","name":"Comit\u00e9 de la Prueba","isPartOf":{"@id":"http:\/\/soloreglasgolf.com\/WordPress3\/#website"},"datePublished":"2012-02-21T22:04:07+00:00","dateModified":"2013-06-30T16:23:34+00:00","description":"Composici\u00f3n y funciones del Comite de la Prueba en una competici\u00f3n de Golf.","breadcrumb":{"@id":"http:\/\/soloreglasgolf.com\/WordPress3\/libro-verde\/comite-prueba\/#breadcrumb"},"inLanguage":"es","potentialAction":[{"@type":"ReadAction","target":["http:\/\/soloreglasgolf.com\/WordPress3\/libro-verde\/comite-prueba\/"]}]},{"@type":"BreadcrumbList","@id":"http:\/\/soloreglasgolf.com\/WordPress3\/libro-verde\/comite-prueba\/#breadcrumb","itemListElement":[{"@type":"ListItem","position":1,"name":"Portada","item":"http:\/\/soloreglasgolf.com\/WordPress3\/"},{"@type":"ListItem","position":2,"name":"Libro Verde","item":"http:\/\/soloreglasgolf.com\/WordPress3\/libro-verde\/"},{"@type":"ListItem","position":3,"name":"Comit\u00e9 de la Prueba"}]},{"@type":"WebSite","@id":"http:\/\/soloreglasgolf.com\/WordPress3\/#website","url":"http:\/\/soloreglasgolf.com\/WordPress3\/","name":"SoloReglasGolf","description":"Conversando sobre  Reglas de Golf","potentialAction":[{"@type":"SearchAction","target":{"@type":"EntryPoint","urlTemplate":"http:\/\/soloreglasgolf.com\/WordPress3\/?s={search_term_string}"},"query-input":"required name=search_term_string"}],"inLanguage":"es"}]}},"jetpack_sharing_enabled":true,"jetpack_shortlink":"https:\/\/wp.me\/P36cD2-zO","_links":{"self":[{"href":"http:\/\/soloreglasgolf.com\/WordPress3\/wp-json\/wp\/v2\/pages\/2220","targetHints":{"allow":["GET"]}}],"collection":[{"href":"http:\/\/soloreglasgolf.com\/WordPress3\/wp-json\/wp\/v2\/pages"}],"about":[{"href":"http:\/\/soloreglasgolf.com\/WordPress3\/wp-json\/wp\/v2\/types\/page"}],"author":[{"embeddable":true,"href":"http:\/\/soloreglasgolf.com\/WordPress3\/wp-json\/wp\/v2\/users\/28"}],"replies":[{"embeddable":true,"href":"http:\/\/soloreglasgolf.com\/WordPress3\/wp-json\/wp\/v2\/comments?post=2220"}],"version-history":[{"count":0,"href":"http:\/\/soloreglasgolf.com\/WordPress3\/wp-json\/wp\/v2\/pages\/2220\/revisions"}],"up":[{"embeddable":true,"href":"http:\/\/soloreglasgolf.com\/WordPress3\/wp-json\/wp\/v2\/pages\/5606"}],"wp:attachment":[{"href":"http:\/\/soloreglasgolf.com\/WordPress3\/wp-json\/wp\/v2\/media?parent=2220"}],"curies":[{"name":"wp","href":"https:\/\/api.w.org\/{rel}","templated":true}]}}