{"id":14514,"date":"2019-01-06T17:08:46","date_gmt":"2019-01-06T16:08:46","guid":{"rendered":"http:\/\/soloreglasgolf.com\/WordPress3\/?page_id=14514"},"modified":"2019-01-06T17:29:23","modified_gmt":"2019-01-06T16:29:23","slug":"14-3-dropando-la-bola-en-un-area-de-alivio","status":"publish","type":"page","link":"http:\/\/soloreglasgolf.com\/WordPress3\/reglas-2019\/v-levantando-y-volviendo-a-poner-una-bola-en-juego\/regla-14\/14-3-dropando-la-bola-en-un-area-de-alivio\/","title":{"rendered":"14.3 Dropando la Bola en un \u00c1rea de Alivio"},"content":{"rendered":"<p>Esta Regla se aplica cuando un jugador tiene que dropar una bola al tomar alivio bajo una\u00a0Regla, incluyendo cuando el jugador debe completar el tomar alivio colocando una bola bajo\u00a0la Reglas 14.3c (2).<\/p>\n<p>Si un jugador mejora el \u00e1rea de alivio antes o cuando dropa una bola, ver Regla 8.1.<\/p>\n<p><strong>a. Se Puede Usar la Bola Original u Otra Bola<\/strong><br \/>\nEl jugador puede usar la bola original u otra bola.\u00a0Esto significa que el jugador puede utilizar cualquier bola cada vez que dropa o coloca una\u00a0bola bajo esta Regla.<\/p>\n<p><strong>b. La Bola Debe Droparse Correctamente<\/strong><br \/>\nEl jugador debe dropar una bola correctamente, lo que significa que debe cumplir estas\u00a0tres condiciones:<\/p>\n<p><strong>(1)<\/strong> <strong>El Jugador Debe Dropar La Bola<\/strong>. La bola debe ser dropada \u00fanicamente por el jugador.\u00a0Ni el caddie del jugador ni nadie m\u00e1s puede hacerlo.<\/p>\n<p><strong>(2)<\/strong> La Bola Debe Droparse Directamente desde la Altura de la Rodilla Sin Tocar al Jugador\u00a0o al Equipamiento. El jugador <strong>debe dejar caer la bola desde una ubicaci\u00f3n situada a la\u00a0altura de la rodilla<\/strong> para que la bola:<br \/>\n\u2022 Caiga directamente, sin que el jugador la lance, la haga girar o rodar o usando\u00a0cualquier otro movimiento que pueda afectar d\u00f3nde la bola quede en reposo,\u00a0y<br \/>\n\u2022 <strong>No toque ninguna parte del cuerpo o equipamiento<\/strong> del jugador <strong>antes de\u00a0golpear el terreno<\/strong>.<\/p>\n<p>\u201cAltura de la Rodilla\u201d significa la altura de la rodilla del jugador cuando est\u00e1 en pie.<\/p>\n<p><strong>(3)<\/strong> La Bola Debe Ser Dropada en el <a href=\"http:\/\/soloreglasgolf.com\/WordPress3\/definiciones-2019-2022\/area-de-alivio\/\">\u00c1rea de Alivio<\/a>. La bola debe ser dropada en el \u00e1rea de\u00a0alivio. El jugador puede permanecer dentro o fuera del \u00e1rea de alivio cuando drope la\u00a0bola.<\/p>\n<p>Si una <strong>bola es dropada de una manera incorrecta<\/strong> o incumple uno o m\u00e1s de estos tres\u00a0requerimientos:<br \/>\n\u2022 El jugador <strong>debe dropar una bola de nuevo correctamente<\/strong>, y <strong>no hay un n\u00famero\u00a0m\u00e1ximo de veces<\/strong> en los que el jugador debe hacerlo.<br \/>\n\u2022 Una <strong>bola dropada incorrectamente no cuenta como uno de los dos dropajes\u00a0requeridos<\/strong> antes de que una bola deba ser colocada bajo la Regla 14.3c (2).<\/p>\n<p>Si el jugador no dropa de nuevo y en su lugar e<strong>jecuta un golpe a la bola desde donde\u00a0qued\u00f3 en reposo despu\u00e9s de ser dropada de una manera incorrecta<\/strong>:<br \/>\n\u2022 Si la bola fue<strong> jugada desde el \u00e1rea de alivio<\/strong>, el jugador incurre en <strong>un golpe de\u00a0penalizaci\u00f3n<\/strong> (<strong>pero no ha jugado desde un lugar equivocado<\/strong> bajo la Regla\u00a014.7a).<br \/>\n\u2022 Pero si la bola fue <strong>jugada desde fuera del \u00e1rea de alivio<\/strong>, o despu\u00e9s fue\u00a0colocada cuando deb\u00eda ser dropada (no importa desde donde fue jugada), el\u00a0jugador incurre en la <strong>penalizaci\u00f3n general<\/strong>.<\/p>\n<p><strong>c. Bola Dropada Correctamente Debe Quedar en Reposo en el \u00c1rea de Alivio<\/strong><br \/>\nEsta Regla se aplica solo cuando una bola es dropada correctamente bajo la Regla 14.3b\u00a0(1) El jugador Ha Tomado Alivio Cuando la Bola Dropada Correctamente Queda en\u00a0Reposo en el \u00c1rea de Alivio. La bola debe quedar en reposo en el \u00e1rea de alivio.<\/p>\n<p><strong>No importa si la bola, despu\u00e9s de tocar el suelo, toca cualquier persona, equipamiento\u00a0u otra influencia externa antes de quedar en reposo<\/strong>:<br \/>\n\u2022 Si la <strong>bola queda en reposo en el \u00e1rea de alivio<\/strong>, el jugador ha terminado de\u00a0tomar alivio y debe jugar la bola como reposa.<br \/>\n\u2022 Si la <strong>bola queda en reposo fuera del \u00e1rea de alivio<\/strong>, el jugador debe seguir los\u00a0procedimientos contenidos en la Regla 14.3c (2).<\/p>\n<p>En cualquier caso, <strong>no hay penalizaci\u00f3n para ning\u00fan jugador si una bola dropada\u00a0correctamente golpea de forma accidental cualquier persona, equipamiento u otra\u00a0influencia externa<\/strong> antes de quedar en reposo.<\/p>\n<p><strong>Excepci\u00f3n<\/strong> \u2013 Cuando la Bola Dropada Correctamente es Deliberadamente Desviada o\u00a0Detenida por Cualquier Persona: Para saber qu\u00e9 hacer cuando una bola dropada es\u00a0deliberadamente desviada o detenida por cualquier persona antes de quedar en\u00a0reposo, ver Regla 14.3d.<\/p>\n<p>(2) Qu\u00e9 Hacer si la <strong>Bola Dropada Correctamente Queda en Reposo Fuera del \u00c1rea de\u00a0Alivio<\/strong>. Si la bola queda en reposo fuera del \u00e1rea de alivio, el jugador <strong>debe dropar una\u00a0bola correctamente una segunda vez.<\/strong><br \/>\nSi esa bola tambi\u00e9n queda en reposo fuera del \u00e1rea de alivio, el jugador debe terminar\u00a0de tomar alivio colocando una bola cumpliendo los procedimientos de reponer una\u00a0bola contenidos en las Reglas 14.2b (2) y 14.2e:<br \/>\n\u2022 El jugador <strong>debe colocar una bola en el punto donde la bola dropada por\u00a0segunda vez toc\u00f3 por primera vez el terreno<\/strong>.<br \/>\n\u2022 Si al colocarla no permanece en reposo en ese punto, el jugador debe volver a\u00a0colocarla en ese punto una segunda vez.<br \/>\n\u2022 Si al colocarla una segunda vez tampoco permanece en ese punto, el jugador\u00a0debe colocar una bola en el punto m\u00e1s cercano donde la bola quede en\u00a0reposo, sujeto a los limites contenidos en la Regla 14.2e.<\/p>\n<p><strong>d. Qu\u00e9 Hacer si la Bola Dropada Correctamente es Deliberadamente Desviada o Detenida\u00a0<\/strong><strong>por una Persona<\/strong><br \/>\nA efectos de esta Regla, una bola dropada es \u201cdeliberadamente desviada o detenida\u201d\u00a0cuando:<br \/>\n\u2022 Una persona, deliberadamente, toca la bola en movimiento despu\u00e9s de tocar\u00a0el terreno, o<br \/>\n\u2022 La bola en movimiento golpea cualquier equipamiento u otro objeto o\u00a0cualquier persona (como el caddie del jugador) que un jugador haya\u00a0posicionado de forma deliberada en una localizaci\u00f3n espec\u00edfica para que dicho\u00a0equipamiento, objeto o persona pueda desviar o detener la bola en<br \/>\nmovimiento.<\/p>\n<p>Cuando una <strong>bola dropada correctamente es deliberadamente desviada o detenida<\/strong> por\u00a0cualquier persona (tanto si la bola est\u00e1 dentro del \u00e1rea de alivio o fuera del \u00e1rea de\u00a0alivio) antes de quedar en reposo:<br \/>\n\u2022 El jugador <strong>debe dropar una bola de nuevo<\/strong>, usando los procedimientos de la\u00a0Regla 14.3b (que indica que la bola que fue deliberadamente desviada o\u00a0detenida no cuenta como uno de los dos dropajes requeridos antes de que una\u00a0bola sea colocada bajo la Regla 14.3c (2)).<br \/>\n\u2022 Si la bola fue deliberadamente desviada o detenida por <strong>cualquier jugador o su\u00a0caddie<\/strong>, ese jugador <strong>incurre en la penalizaci\u00f3n general.<\/strong><\/p>\n<p><strong>Excepci\u00f3n<\/strong> \u2013 Cuando No Hay Posibilidad Razonable de que la Bola Quede en Reposo\u00a0en el \u00c1rea de Alivio: Si una bola dropada correctamente es deliberadamente\u00a0desviada o detenida (tanto si la bola est\u00e1 dentro del \u00e1rea de alivio o fuera del \u00e1rea de\u00a0alivio) cuando no hay posibilidad razonable de que la bola quede en reposo en el\u00a0\u00e1rea de alivio:<br \/>\n\u2022 No hay penalizaci\u00f3n para ning\u00fan jugador, y<br \/>\n\u2022 La bola dropada se considera como si hubiese quedado en reposo fuera del\u00a0\u00e1rea de alivio y cuenta como uno de los dos dropajes requeridos antes de que\u00a0una bola sea colocada bajo la Regla 14.3c (2)).<br \/>\nPenalizaci\u00f3n por Jugar una Bola desde Lugar Equivocado o Jugar un Bola que fue\u00a0Colocada en Lugar de Dropada Infringiendo la Regla 14.3: Penalizaci\u00f3n General bajo\u00a0la Regla 14.7a.<\/p>\n<p>Si m\u00faltiples infracciones a la Regla resultan de un solo acto o actos relacionados, ver\u00a0Regla 1.3c (4).<br \/>\nV\u00e9ase Regla 22.2 (en Foursomes, cualquier compa\u00f1ero puede actuar para el bando y la<br \/>\nacci\u00f3n del compa\u00f1ero se trata como la acci\u00f3n del jugador); 23.5 (en Four-Ball, cada\u00a0compa\u00f1ero puede actuar para el bando y la acci\u00f3n del compa\u00f1ero con respecto a la bola\u00a0o equipamiento del jugador se trata como acci\u00f3n del jugador).<\/p>\n<div class=\"g g-2\"><div class=\"g-single a-14\"><script type=\"text\/javascript\"><!--\r\ngoogle_ad_client = \"ca-pub-2363348512557029\";\r\n\/* Blog pagina-post *\/\r\ngoogle_ad_slot = \"1564877784\";\r\ngoogle_ad_width = 728;\r\ngoogle_ad_height = 90;\r\n\/\/-->\r\n<\/script>\r\n<script type=\"text\/javascript\"\r\nsrc=\"http:\/\/pagead2.googlesyndication.com\/pagead\/show_ads.js\">\r\n<\/script><\/div><\/div>\n","protected":false},"excerpt":{"rendered":"<p>Esta Regla se aplica cuando un jugador tiene que dropar una bola al tomar alivio bajo una\u00a0Regla, incluyendo cuando el jugador debe completar el tomar alivio colocando una bola bajo\u00a0la Reglas 14.3c (2). Si un jugador mejora el \u00e1rea de alivio antes o cuando dropa una bola, ver Regla 8.1. a. Se Puede Usar la <a href='http:\/\/soloreglasgolf.com\/WordPress3\/reglas-2019\/v-levantando-y-volviendo-a-poner-una-bola-en-juego\/regla-14\/14-3-dropando-la-bola-en-un-area-de-alivio\/' class='excerpt-more'>[Leer + &#8230;]<\/a><\/p>\n","protected":false},"author":28,"featured_media":0,"parent":13290,"menu_order":0,"comment_status":"closed","ping_status":"closed","template":"","meta":{"jetpack_post_was_ever_published":false,"footnotes":""},"class_list":["post-14514","page","type-page","status-publish","hentry","post-seq-1","post-parity-odd","meta-position-corners","fix"],"yoast_head":"<!-- This site is optimized with the Yoast SEO plugin v22.0 - https:\/\/yoast.com\/wordpress\/plugins\/seo\/ -->\n<title>14.3 Dropando la Bola en un \u00c1rea de Alivio - SoloReglasGolf<\/title>\n<meta name=\"robots\" content=\"index, follow, max-snippet:-1, max-image-preview:large, max-video-preview:-1\" \/>\n<link rel=\"canonical\" href=\"http:\/\/soloreglasgolf.com\/WordPress3\/reglas-2019\/v-levantando-y-volviendo-a-poner-una-bola-en-juego\/regla-14\/14-3-dropando-la-bola-en-un-area-de-alivio\/\" \/>\n<meta name=\"twitter:label1\" content=\"Tiempo de lectura\" \/>\n\t<meta name=\"twitter:data1\" content=\"6 minutos\" \/>\n<script type=\"application\/ld+json\" class=\"yoast-schema-graph\">{\"@context\":\"https:\/\/schema.org\",\"@graph\":[{\"@type\":\"WebPage\",\"@id\":\"http:\/\/soloreglasgolf.com\/WordPress3\/reglas-2019\/v-levantando-y-volviendo-a-poner-una-bola-en-juego\/regla-14\/14-3-dropando-la-bola-en-un-area-de-alivio\/\",\"url\":\"http:\/\/soloreglasgolf.com\/WordPress3\/reglas-2019\/v-levantando-y-volviendo-a-poner-una-bola-en-juego\/regla-14\/14-3-dropando-la-bola-en-un-area-de-alivio\/\",\"name\":\"14.3 Dropando la Bola en un \u00c1rea de Alivio - SoloReglasGolf\",\"isPartOf\":{\"@id\":\"http:\/\/soloreglasgolf.com\/WordPress3\/#website\"},\"datePublished\":\"2019-01-06T16:08:46+00:00\",\"dateModified\":\"2019-01-06T16:29:23+00:00\",\"breadcrumb\":{\"@id\":\"http:\/\/soloreglasgolf.com\/WordPress3\/reglas-2019\/v-levantando-y-volviendo-a-poner-una-bola-en-juego\/regla-14\/14-3-dropando-la-bola-en-un-area-de-alivio\/#breadcrumb\"},\"inLanguage\":\"es\",\"potentialAction\":[{\"@type\":\"ReadAction\",\"target\":[\"http:\/\/soloreglasgolf.com\/WordPress3\/reglas-2019\/v-levantando-y-volviendo-a-poner-una-bola-en-juego\/regla-14\/14-3-dropando-la-bola-en-un-area-de-alivio\/\"]}]},{\"@type\":\"BreadcrumbList\",\"@id\":\"http:\/\/soloreglasgolf.com\/WordPress3\/reglas-2019\/v-levantando-y-volviendo-a-poner-una-bola-en-juego\/regla-14\/14-3-dropando-la-bola-en-un-area-de-alivio\/#breadcrumb\",\"itemListElement\":[{\"@type\":\"ListItem\",\"position\":1,\"name\":\"Portada\",\"item\":\"http:\/\/soloreglasgolf.com\/WordPress3\/\"},{\"@type\":\"ListItem\",\"position\":2,\"name\":\"Reglas 2019\",\"item\":\"http:\/\/soloreglasgolf.com\/WordPress3\/reglas-2019\/\"},{\"@type\":\"ListItem\",\"position\":3,\"name\":\"V. Levantando y Volviendo a Poner una Bola en Juego\",\"item\":\"https:\/\/soloreglasgolf.com\/WordPress3\/reglas-2019\/v-levantando-y-volviendo-a-poner-una-bola-en-juego\/\"},{\"@type\":\"ListItem\",\"position\":4,\"name\":\"Regla 14 \u2013 Procedimientos para la Bola: Marcar, Levantar y Limpiar, Reponer en el Punto, Dropar en \u00c1rea de Alivio, Jugar de Lugar Equivocado\",\"item\":\"https:\/\/soloreglasgolf.com\/WordPress3\/reglas-2019\/v-levantando-y-volviendo-a-poner-una-bola-en-juego\/regla-14\/\"},{\"@type\":\"ListItem\",\"position\":5,\"name\":\"14.3 Dropando la Bola en un \u00c1rea de Alivio\"}]},{\"@type\":\"WebSite\",\"@id\":\"http:\/\/soloreglasgolf.com\/WordPress3\/#website\",\"url\":\"http:\/\/soloreglasgolf.com\/WordPress3\/\",\"name\":\"SoloReglasGolf\",\"description\":\"Conversando sobre  Reglas de Golf\",\"potentialAction\":[{\"@type\":\"SearchAction\",\"target\":{\"@type\":\"EntryPoint\",\"urlTemplate\":\"http:\/\/soloreglasgolf.com\/WordPress3\/?s={search_term_string}\"},\"query-input\":\"required name=search_term_string\"}],\"inLanguage\":\"es\"}]}<\/script>\n<!-- \/ Yoast SEO plugin. -->","yoast_head_json":{"title":"14.3 Dropando la Bola en un \u00c1rea de Alivio - SoloReglasGolf","robots":{"index":"index","follow":"follow","max-snippet":"max-snippet:-1","max-image-preview":"max-image-preview:large","max-video-preview":"max-video-preview:-1"},"canonical":"http:\/\/soloreglasgolf.com\/WordPress3\/reglas-2019\/v-levantando-y-volviendo-a-poner-una-bola-en-juego\/regla-14\/14-3-dropando-la-bola-en-un-area-de-alivio\/","twitter_misc":{"Tiempo de lectura":"6 minutos"},"schema":{"@context":"https:\/\/schema.org","@graph":[{"@type":"WebPage","@id":"http:\/\/soloreglasgolf.com\/WordPress3\/reglas-2019\/v-levantando-y-volviendo-a-poner-una-bola-en-juego\/regla-14\/14-3-dropando-la-bola-en-un-area-de-alivio\/","url":"http:\/\/soloreglasgolf.com\/WordPress3\/reglas-2019\/v-levantando-y-volviendo-a-poner-una-bola-en-juego\/regla-14\/14-3-dropando-la-bola-en-un-area-de-alivio\/","name":"14.3 Dropando la Bola en un \u00c1rea de Alivio - SoloReglasGolf","isPartOf":{"@id":"http:\/\/soloreglasgolf.com\/WordPress3\/#website"},"datePublished":"2019-01-06T16:08:46+00:00","dateModified":"2019-01-06T16:29:23+00:00","breadcrumb":{"@id":"http:\/\/soloreglasgolf.com\/WordPress3\/reglas-2019\/v-levantando-y-volviendo-a-poner-una-bola-en-juego\/regla-14\/14-3-dropando-la-bola-en-un-area-de-alivio\/#breadcrumb"},"inLanguage":"es","potentialAction":[{"@type":"ReadAction","target":["http:\/\/soloreglasgolf.com\/WordPress3\/reglas-2019\/v-levantando-y-volviendo-a-poner-una-bola-en-juego\/regla-14\/14-3-dropando-la-bola-en-un-area-de-alivio\/"]}]},{"@type":"BreadcrumbList","@id":"http:\/\/soloreglasgolf.com\/WordPress3\/reglas-2019\/v-levantando-y-volviendo-a-poner-una-bola-en-juego\/regla-14\/14-3-dropando-la-bola-en-un-area-de-alivio\/#breadcrumb","itemListElement":[{"@type":"ListItem","position":1,"name":"Portada","item":"http:\/\/soloreglasgolf.com\/WordPress3\/"},{"@type":"ListItem","position":2,"name":"Reglas 2019","item":"http:\/\/soloreglasgolf.com\/WordPress3\/reglas-2019\/"},{"@type":"ListItem","position":3,"name":"V. Levantando y Volviendo a Poner una Bola en Juego","item":"https:\/\/soloreglasgolf.com\/WordPress3\/reglas-2019\/v-levantando-y-volviendo-a-poner-una-bola-en-juego\/"},{"@type":"ListItem","position":4,"name":"Regla 14 \u2013 Procedimientos para la Bola: Marcar, Levantar y Limpiar, Reponer en el Punto, Dropar en \u00c1rea de Alivio, Jugar de Lugar Equivocado","item":"https:\/\/soloreglasgolf.com\/WordPress3\/reglas-2019\/v-levantando-y-volviendo-a-poner-una-bola-en-juego\/regla-14\/"},{"@type":"ListItem","position":5,"name":"14.3 Dropando la Bola en un \u00c1rea de Alivio"}]},{"@type":"WebSite","@id":"http:\/\/soloreglasgolf.com\/WordPress3\/#website","url":"http:\/\/soloreglasgolf.com\/WordPress3\/","name":"SoloReglasGolf","description":"Conversando sobre  Reglas de Golf","potentialAction":[{"@type":"SearchAction","target":{"@type":"EntryPoint","urlTemplate":"http:\/\/soloreglasgolf.com\/WordPress3\/?s={search_term_string}"},"query-input":"required name=search_term_string"}],"inLanguage":"es"}]}},"jetpack_sharing_enabled":true,"jetpack_shortlink":"https:\/\/wp.me\/P36cD2-3M6","_links":{"self":[{"href":"http:\/\/soloreglasgolf.com\/WordPress3\/wp-json\/wp\/v2\/pages\/14514","targetHints":{"allow":["GET"]}}],"collection":[{"href":"http:\/\/soloreglasgolf.com\/WordPress3\/wp-json\/wp\/v2\/pages"}],"about":[{"href":"http:\/\/soloreglasgolf.com\/WordPress3\/wp-json\/wp\/v2\/types\/page"}],"author":[{"embeddable":true,"href":"http:\/\/soloreglasgolf.com\/WordPress3\/wp-json\/wp\/v2\/users\/28"}],"replies":[{"embeddable":true,"href":"http:\/\/soloreglasgolf.com\/WordPress3\/wp-json\/wp\/v2\/comments?post=14514"}],"version-history":[{"count":10,"href":"http:\/\/soloreglasgolf.com\/WordPress3\/wp-json\/wp\/v2\/pages\/14514\/revisions"}],"predecessor-version":[{"id":14524,"href":"http:\/\/soloreglasgolf.com\/WordPress3\/wp-json\/wp\/v2\/pages\/14514\/revisions\/14524"}],"up":[{"embeddable":true,"href":"http:\/\/soloreglasgolf.com\/WordPress3\/wp-json\/wp\/v2\/pages\/13290"}],"wp:attachment":[{"href":"http:\/\/soloreglasgolf.com\/WordPress3\/wp-json\/wp\/v2\/media?parent=14514"}],"curies":[{"name":"wp","href":"https:\/\/api.w.org\/{rel}","templated":true}]}}