{"id":14248,"date":"2018-11-26T17:07:11","date_gmt":"2018-11-26T16:07:11","guid":{"rendered":"http:\/\/soloreglasgolf.com\/WordPress3\/?page_id=14248"},"modified":"2018-11-26T17:17:16","modified_gmt":"2018-11-26T16:17:16","slug":"20-1-c-cuestiones-sobre-las-reglas-en-stroke-play-juego-por-golpes","status":"publish","type":"page","link":"http:\/\/soloreglasgolf.com\/WordPress3\/reglas-2019\/regla-20\/20-1-c-cuestiones-sobre-las-reglas-en-stroke-play-juego-por-golpes\/","title":{"rendered":"20.1.c. Cuestiones Sobre las Reglas en Stroke Play (Juego por Golpes)"},"content":{"rendered":"<p><strong>(1)<\/strong> No Tienen Derecho a Decidir Cuestiones sobre Reglas por Acuerdo. Si un \u00e1rbitro o el\u00a0Comit\u00e9 no est\u00e1 disponible en un tiempo razonable para ayudar sobre una cuesti\u00f3n de\u00a0Reglas:<br \/>\n\u2022 Se anima a los jugadores a <strong>ayudarse mutuamente en la aplicaci\u00f3n de las Reglas<\/strong>,\u00a0pero <strong>no les est\u00e1 permitido tomar una decisi\u00f3n sobre una duda de Reglas por\u00a0acuerdo<\/strong> y cualquier soluci\u00f3n que los jugadores puedan alcanzar, no es obligatoria\u00a0para ning\u00fan jugador, un \u00e1rbitro o el Comit\u00e9.<\/p>\n<p>\u2022 Un <strong>jugador deber\u00eda consultar cualquier duda sobre las Reglas con el <a href=\"http:\/\/soloreglasgolf.com\/WordPress3\/definiciones-2019-2022\/comite\/\">Comit\u00e9<\/a><\/strong>, <strong>antes\u00a0de entregar su tarjeta<\/strong> de resultados.<\/p>\n<p><strong>(2)<\/strong> Los <strong>Jugadores Deber\u00edan Proteger al Resto de Jugadores en la Competici\u00f3n<\/strong>: Para\u00a0proteger los intereses del resto de los jugadores:<\/p>\n<p>\u2022 Si un jugador sabe o cree que otro jugador ha infringido o podr\u00eda haber infringido las Reglas y el otro jugador no lo admite o lo ignora, el jugador deber\u00eda informar al jugador, a su marcador, a un \u00e1rbitro o al Comit\u00e9.<\/p>\n<p>\u2022 Esto debe hacerse de forma r\u00e1pida, tras ser conocedor de los hechos y antes de\u00a0que el otro jugador entregue su tarjeta de resultados, salvo que no sea posible\u00a0hacerlo as\u00ed.\u00a0Si el jugador no lo hace, el Comit\u00e9 puede descalificar al jugador seg\u00fan la Regla 1.2a si\u00a0se considera que es una falta de conducta grave, contraria al esp\u00edritu del juego.<\/p>\n<p><strong>(3)<\/strong> <strong>Jugando Dos Bolas Cuando Hay Dudas Sobre C\u00f3mo Proceder<\/strong>. Un jugador que tiene\u00a0dudas sobre c\u00f3mo proceder durante el juego de un hoyo, puede completarlo con dos\u00a0bolas, sin penalizaci\u00f3n:<\/p>\n<p>\u2022 El jugador debe decidir jugar dos bolas cuando surge la duda y antes de ejecutar\u00a0un golpe.<\/p>\n<p>\u2022 Deber\u00eda <strong>elegir cu\u00e1l de las dos bolas quiere que cuente si las Reglas permiten el\u00a0procedimiento<\/strong> utilizado con ella, anunciando la elecci\u00f3n a su marcador o a otro\u00a0jugador antes de jugar un golpe.<\/p>\n<p>\u2022 Si <strong>no la elige a tiempo<\/strong>, se considera que, por defecto, la <strong>primera bola jugada es la\u00a0bola elegida<\/strong>.<\/p>\n<p>\u2022 Deber\u00e1 <strong>informar de los hechos al Comit\u00e9<\/strong> <strong>antes de entregar la tarjeta de\u00a0resultados<\/strong>, incluso si tiene el mismo resultado con las dos bolas. Si no lo hace, el\u00a0jugador est\u00e1 descalificado.<\/p>\n<p>\u2022 Si el jugador ejecuta un golpe antes de decidir jugar una segunda bola:<br \/>\n\u00d8 Esta Regla no se aplica y el resultado que cuenta es el obtenido con la bola\u00a0jugada por el jugador antes de decidir jugar una segunda bola.<br \/>\n\u00d8 Pero, el jugador no tiene penalizaci\u00f3n por jugar la segunda bola.\u00a0Una segunda bola jugada bajo esta Regla, no es lo mismo que una bola provisional\u00a0bajo la Regla 18.3.<\/p>\n<p><strong>(4)<\/strong> Decisi\u00f3n del Comit\u00e9 sobre el Resultado para el Hoyo. Cuando un jugador juega dos\u00a0bolas seg\u00fan (3), el Comit\u00e9 decidir\u00e1 el resultado para el hoyo, de la siguiente forma:<\/p>\n<p>\u2022 El resultado con la bola elegida (por el jugador o por defecto) cuenta si las Reglas\u00a0permiten el procedimiento utilizado para ella.<\/p>\n<p>\u2022 Si las Reglas no permiten el procedimiento utilizado para esa bola, cuenta el\u00a0resultado obtenido con la otra bola, si las Reglas permiten el procedimiento\u00a0utilizado para ella.<\/p>\n<p>\u2022 Si las <strong>Reglas no permiten los procedimientos utilizados para las dos bolas<\/strong>, cuenta\u00a0el resultado obtenido con la <strong>bola elegida<\/strong> (por el jugador o por defecto), <strong>salvo que\u00a0hubiese una grave infracci\u00f3n al jugar esa bola desde un lugar equivocado<\/strong>, en cuyo\u00a0caso cuenta el resultado con la otra bola.<\/p>\n<p>\u2022 Si existe una grave infracci\u00f3n al jugar las dos bolas desde lugar equivocado, el\u00a0jugador est\u00e1 descalificado.<\/p>\n<p>\u2022 Todos los golpes con la bola que no cuenta (incluyendo golpes ejecutados y\u00a0cualquier golpe de penalizaci\u00f3n \u00fanicamente incurrido por jugar esa bola) no\u00a0cuentan en el resultado del jugador para el hoyo.<\/p>\n<p>\u201cLas Reglas permiten el procedimiento utilizado\u201d significa que: (a) la bola original se jug\u00f3\u00a0donde reposaba y estaba permitido el juego desde all\u00ed, o (b) la bola que se jug\u00f3 se puso\u00a0en juego bajo un procedimiento permitido, de la forma correcta y en el lugar correcto,\u00a0bajo las Reglas.<\/p>\n<p>&nbsp;<\/p>\n<div class=\"g g-2\"><div class=\"g-single a-18\"><script type=\"text\/javascript\"><!--\r\ngoogle_ad_client = \"ca-pub-2363348512557029\";\r\n\/* Blog pagina-post *\/\r\ngoogle_ad_slot = \"1564877784\";\r\ngoogle_ad_width = 728;\r\ngoogle_ad_height = 90;\r\n\/\/-->\r\n<\/script>\r\n<script type=\"text\/javascript\"\r\nsrc=\"http:\/\/pagead2.googlesyndication.com\/pagead\/show_ads.js\">\r\n<\/script><\/div><\/div>\n","protected":false},"excerpt":{"rendered":"<p>(1) No Tienen Derecho a Decidir Cuestiones sobre Reglas por Acuerdo. Si un \u00e1rbitro o el\u00a0Comit\u00e9 no est\u00e1 disponible en un tiempo razonable para ayudar sobre una cuesti\u00f3n de\u00a0Reglas: \u2022 Se anima a los jugadores a ayudarse mutuamente en la aplicaci\u00f3n de las Reglas,\u00a0pero no les est\u00e1 permitido tomar una decisi\u00f3n sobre una duda de <a href='http:\/\/soloreglasgolf.com\/WordPress3\/reglas-2019\/regla-20\/20-1-c-cuestiones-sobre-las-reglas-en-stroke-play-juego-por-golpes\/' class='excerpt-more'>[Leer + &#8230;]<\/a><\/p>\n","protected":false},"author":28,"featured_media":0,"parent":13300,"menu_order":0,"comment_status":"closed","ping_status":"closed","template":"","meta":{"jetpack_post_was_ever_published":false,"footnotes":""},"class_list":["post-14248","page","type-page","status-publish","hentry","post-seq-1","post-parity-odd","meta-position-corners","fix"],"yoast_head":"<!-- This site is optimized with the Yoast SEO plugin v22.0 - https:\/\/yoast.com\/wordpress\/plugins\/seo\/ -->\n<title>20.1.c. Cuestiones Sobre las Reglas en Stroke Play (Juego por Golpes) - SoloReglasGolf<\/title>\n<meta name=\"robots\" content=\"index, follow, max-snippet:-1, max-image-preview:large, max-video-preview:-1\" \/>\n<link rel=\"canonical\" href=\"http:\/\/soloreglasgolf.com\/WordPress3\/reglas-2019\/regla-20\/20-1-c-cuestiones-sobre-las-reglas-en-stroke-play-juego-por-golpes\/\" \/>\n<meta name=\"twitter:label1\" content=\"Tiempo de lectura\" \/>\n\t<meta name=\"twitter:data1\" content=\"3 minutos\" \/>\n<script type=\"application\/ld+json\" class=\"yoast-schema-graph\">{\"@context\":\"https:\/\/schema.org\",\"@graph\":[{\"@type\":\"WebPage\",\"@id\":\"http:\/\/soloreglasgolf.com\/WordPress3\/reglas-2019\/regla-20\/20-1-c-cuestiones-sobre-las-reglas-en-stroke-play-juego-por-golpes\/\",\"url\":\"http:\/\/soloreglasgolf.com\/WordPress3\/reglas-2019\/regla-20\/20-1-c-cuestiones-sobre-las-reglas-en-stroke-play-juego-por-golpes\/\",\"name\":\"20.1.c. Cuestiones Sobre las Reglas en Stroke Play (Juego por Golpes) - SoloReglasGolf\",\"isPartOf\":{\"@id\":\"http:\/\/soloreglasgolf.com\/WordPress3\/#website\"},\"datePublished\":\"2018-11-26T16:07:11+00:00\",\"dateModified\":\"2018-11-26T16:17:16+00:00\",\"breadcrumb\":{\"@id\":\"http:\/\/soloreglasgolf.com\/WordPress3\/reglas-2019\/regla-20\/20-1-c-cuestiones-sobre-las-reglas-en-stroke-play-juego-por-golpes\/#breadcrumb\"},\"inLanguage\":\"es\",\"potentialAction\":[{\"@type\":\"ReadAction\",\"target\":[\"http:\/\/soloreglasgolf.com\/WordPress3\/reglas-2019\/regla-20\/20-1-c-cuestiones-sobre-las-reglas-en-stroke-play-juego-por-golpes\/\"]}]},{\"@type\":\"BreadcrumbList\",\"@id\":\"http:\/\/soloreglasgolf.com\/WordPress3\/reglas-2019\/regla-20\/20-1-c-cuestiones-sobre-las-reglas-en-stroke-play-juego-por-golpes\/#breadcrumb\",\"itemListElement\":[{\"@type\":\"ListItem\",\"position\":1,\"name\":\"Portada\",\"item\":\"http:\/\/soloreglasgolf.com\/WordPress3\/\"},{\"@type\":\"ListItem\",\"position\":2,\"name\":\"Reglas 2019\",\"item\":\"http:\/\/soloreglasgolf.com\/WordPress3\/reglas-2019\/\"},{\"@type\":\"ListItem\",\"position\":3,\"name\":\"Regla 20 \u2013 Resoluci\u00f3n de Dudas Sobre las Reglas Durante la Vuelta: Decisiones de \u00c1rbitros y del Comit\u00e9\",\"item\":\"http:\/\/soloreglasgolf.com\/WordPress3\/reglas-2019\/regla-20\/\"},{\"@type\":\"ListItem\",\"position\":4,\"name\":\"20.1.c. Cuestiones Sobre las Reglas en Stroke Play (Juego por Golpes)\"}]},{\"@type\":\"WebSite\",\"@id\":\"http:\/\/soloreglasgolf.com\/WordPress3\/#website\",\"url\":\"http:\/\/soloreglasgolf.com\/WordPress3\/\",\"name\":\"SoloReglasGolf\",\"description\":\"Conversando sobre  Reglas de Golf\",\"potentialAction\":[{\"@type\":\"SearchAction\",\"target\":{\"@type\":\"EntryPoint\",\"urlTemplate\":\"http:\/\/soloreglasgolf.com\/WordPress3\/?s={search_term_string}\"},\"query-input\":\"required name=search_term_string\"}],\"inLanguage\":\"es\"}]}<\/script>\n<!-- \/ Yoast SEO plugin. -->","yoast_head_json":{"title":"20.1.c. Cuestiones Sobre las Reglas en Stroke Play (Juego por Golpes) - SoloReglasGolf","robots":{"index":"index","follow":"follow","max-snippet":"max-snippet:-1","max-image-preview":"max-image-preview:large","max-video-preview":"max-video-preview:-1"},"canonical":"http:\/\/soloreglasgolf.com\/WordPress3\/reglas-2019\/regla-20\/20-1-c-cuestiones-sobre-las-reglas-en-stroke-play-juego-por-golpes\/","twitter_misc":{"Tiempo de lectura":"3 minutos"},"schema":{"@context":"https:\/\/schema.org","@graph":[{"@type":"WebPage","@id":"http:\/\/soloreglasgolf.com\/WordPress3\/reglas-2019\/regla-20\/20-1-c-cuestiones-sobre-las-reglas-en-stroke-play-juego-por-golpes\/","url":"http:\/\/soloreglasgolf.com\/WordPress3\/reglas-2019\/regla-20\/20-1-c-cuestiones-sobre-las-reglas-en-stroke-play-juego-por-golpes\/","name":"20.1.c. Cuestiones Sobre las Reglas en Stroke Play (Juego por Golpes) - SoloReglasGolf","isPartOf":{"@id":"http:\/\/soloreglasgolf.com\/WordPress3\/#website"},"datePublished":"2018-11-26T16:07:11+00:00","dateModified":"2018-11-26T16:17:16+00:00","breadcrumb":{"@id":"http:\/\/soloreglasgolf.com\/WordPress3\/reglas-2019\/regla-20\/20-1-c-cuestiones-sobre-las-reglas-en-stroke-play-juego-por-golpes\/#breadcrumb"},"inLanguage":"es","potentialAction":[{"@type":"ReadAction","target":["http:\/\/soloreglasgolf.com\/WordPress3\/reglas-2019\/regla-20\/20-1-c-cuestiones-sobre-las-reglas-en-stroke-play-juego-por-golpes\/"]}]},{"@type":"BreadcrumbList","@id":"http:\/\/soloreglasgolf.com\/WordPress3\/reglas-2019\/regla-20\/20-1-c-cuestiones-sobre-las-reglas-en-stroke-play-juego-por-golpes\/#breadcrumb","itemListElement":[{"@type":"ListItem","position":1,"name":"Portada","item":"http:\/\/soloreglasgolf.com\/WordPress3\/"},{"@type":"ListItem","position":2,"name":"Reglas 2019","item":"http:\/\/soloreglasgolf.com\/WordPress3\/reglas-2019\/"},{"@type":"ListItem","position":3,"name":"Regla 20 \u2013 Resoluci\u00f3n de Dudas Sobre las Reglas Durante la Vuelta: Decisiones de \u00c1rbitros y del Comit\u00e9","item":"http:\/\/soloreglasgolf.com\/WordPress3\/reglas-2019\/regla-20\/"},{"@type":"ListItem","position":4,"name":"20.1.c. Cuestiones Sobre las Reglas en Stroke Play (Juego por Golpes)"}]},{"@type":"WebSite","@id":"http:\/\/soloreglasgolf.com\/WordPress3\/#website","url":"http:\/\/soloreglasgolf.com\/WordPress3\/","name":"SoloReglasGolf","description":"Conversando sobre  Reglas de Golf","potentialAction":[{"@type":"SearchAction","target":{"@type":"EntryPoint","urlTemplate":"http:\/\/soloreglasgolf.com\/WordPress3\/?s={search_term_string}"},"query-input":"required name=search_term_string"}],"inLanguage":"es"}]}},"jetpack_sharing_enabled":true,"jetpack_shortlink":"https:\/\/wp.me\/P36cD2-3HO","_links":{"self":[{"href":"http:\/\/soloreglasgolf.com\/WordPress3\/wp-json\/wp\/v2\/pages\/14248","targetHints":{"allow":["GET"]}}],"collection":[{"href":"http:\/\/soloreglasgolf.com\/WordPress3\/wp-json\/wp\/v2\/pages"}],"about":[{"href":"http:\/\/soloreglasgolf.com\/WordPress3\/wp-json\/wp\/v2\/types\/page"}],"author":[{"embeddable":true,"href":"http:\/\/soloreglasgolf.com\/WordPress3\/wp-json\/wp\/v2\/users\/28"}],"replies":[{"embeddable":true,"href":"http:\/\/soloreglasgolf.com\/WordPress3\/wp-json\/wp\/v2\/comments?post=14248"}],"version-history":[{"count":9,"href":"http:\/\/soloreglasgolf.com\/WordPress3\/wp-json\/wp\/v2\/pages\/14248\/revisions"}],"predecessor-version":[{"id":14259,"href":"http:\/\/soloreglasgolf.com\/WordPress3\/wp-json\/wp\/v2\/pages\/14248\/revisions\/14259"}],"up":[{"embeddable":true,"href":"http:\/\/soloreglasgolf.com\/WordPress3\/wp-json\/wp\/v2\/pages\/13300"}],"wp:attachment":[{"href":"http:\/\/soloreglasgolf.com\/WordPress3\/wp-json\/wp\/v2\/media?parent=14248"}],"curies":[{"name":"wp","href":"https:\/\/api.w.org\/{rel}","templated":true}]}}