{"id":14231,"date":"2018-11-25T19:11:11","date_gmt":"2018-11-25T18:11:11","guid":{"rendered":"http:\/\/soloreglasgolf.com\/WordPress3\/?page_id=14231"},"modified":"2018-11-25T19:13:21","modified_gmt":"2018-11-25T18:13:21","slug":"1-3a-significado-de-reglas-condiciones-de-la-competicion","status":"publish","type":"page","link":"http:\/\/soloreglasgolf.com\/WordPress3\/reglas-2019\/i_fundamentos_juego\/regla-01\/1-3a-significado-de-reglas-condiciones-de-la-competicion\/","title":{"rendered":"1.3a. Significado de \u201cReglas\u201d; Condiciones de la Competici\u00f3n"},"content":{"rendered":"<p>Las \u201cReglas\u201d significan:<br \/>\n\u2022 Las <strong>Reglas 1 a 24<\/strong> y las <strong>Definiciones<\/strong> incluidas en estas Reglas de Golf, y<br \/>\n\u2022 Cualquier \u201c<strong>Regla Local<\/strong>\u201d que adopte el Comit\u00e9 para la competici\u00f3n o el\u00a0campo.<\/p>\n<p>Los jugadores son tambi\u00e9n responsables de cumplir con todas las \u201c<strong>Condiciones de la\u00a0Competici\u00f3n<\/strong>\u201d adoptadas por el Comit\u00e9 (tales como requisitos de inscripci\u00f3n,\u00a0modalidad y fechas de juego, n\u00famero de vueltas a jugar y el n\u00famero y orden de los\u00a0hoyos durante una vuelta).<\/p>\n<p>V\u00e9ase Procedimientos del Comit\u00e9, Secci\u00f3n 5C y Secci\u00f3n 8 (Reglas Locales y conjunto\u00a0completo de las Reglas Locales Modelo autorizadas); Secci\u00f3n 5A (Condiciones de la\u00a0Competici\u00f3n).<\/p>\n<p>&nbsp;<\/p>\n<div class=\"g g-2\"><div class=\"g-single a-15\"><script type=\"text\/javascript\"><!--\r\ngoogle_ad_client = \"ca-pub-2363348512557029\";\r\n\/* Blog pagina-post *\/\r\ngoogle_ad_slot = \"1564877784\";\r\ngoogle_ad_width = 728;\r\ngoogle_ad_height = 90;\r\n\/\/-->\r\n<\/script>\r\n<script type=\"text\/javascript\"\r\nsrc=\"http:\/\/pagead2.googlesyndication.com\/pagead\/show_ads.js\">\r\n<\/script><\/div><\/div>\n","protected":false},"excerpt":{"rendered":"<p>Las \u201cReglas\u201d significan: \u2022 Las Reglas 1 a 24 y las Definiciones incluidas en estas Reglas de Golf, y \u2022 Cualquier \u201cRegla Local\u201d que adopte el Comit\u00e9 para la competici\u00f3n o el\u00a0campo. Los jugadores son tambi\u00e9n responsables de cumplir con todas las \u201cCondiciones de la\u00a0Competici\u00f3n\u201d adoptadas por el Comit\u00e9 (tales como requisitos de inscripci\u00f3n,\u00a0modalidad y <a href='http:\/\/soloreglasgolf.com\/WordPress3\/reglas-2019\/i_fundamentos_juego\/regla-01\/1-3a-significado-de-reglas-condiciones-de-la-competicion\/' class='excerpt-more'>[Leer + &#8230;]<\/a><\/p>\n","protected":false},"author":28,"featured_media":0,"parent":13263,"menu_order":0,"comment_status":"closed","ping_status":"closed","template":"","meta":{"jetpack_post_was_ever_published":false,"footnotes":""},"class_list":["post-14231","page","type-page","status-publish","hentry","post-seq-1","post-parity-odd","meta-position-corners","fix"],"yoast_head":"<!-- This site is optimized with the Yoast SEO plugin v22.0 - https:\/\/yoast.com\/wordpress\/plugins\/seo\/ -->\n<title>1.3a. Significado de \u201cReglas\u201d; Condiciones de la Competici\u00f3n - SoloReglasGolf<\/title>\n<meta name=\"robots\" content=\"index, follow, max-snippet:-1, max-image-preview:large, max-video-preview:-1\" \/>\n<link rel=\"canonical\" href=\"http:\/\/soloreglasgolf.com\/WordPress3\/reglas-2019\/i_fundamentos_juego\/regla-01\/1-3a-significado-de-reglas-condiciones-de-la-competicion\/\" \/>\n<meta name=\"twitter:label1\" content=\"Tiempo de lectura\" \/>\n\t<meta name=\"twitter:data1\" content=\"1 minuto\" \/>\n<script type=\"application\/ld+json\" class=\"yoast-schema-graph\">{\"@context\":\"https:\/\/schema.org\",\"@graph\":[{\"@type\":\"WebPage\",\"@id\":\"http:\/\/soloreglasgolf.com\/WordPress3\/reglas-2019\/i_fundamentos_juego\/regla-01\/1-3a-significado-de-reglas-condiciones-de-la-competicion\/\",\"url\":\"http:\/\/soloreglasgolf.com\/WordPress3\/reglas-2019\/i_fundamentos_juego\/regla-01\/1-3a-significado-de-reglas-condiciones-de-la-competicion\/\",\"name\":\"1.3a. Significado de \u201cReglas\u201d; Condiciones de la Competici\u00f3n - SoloReglasGolf\",\"isPartOf\":{\"@id\":\"http:\/\/soloreglasgolf.com\/WordPress3\/#website\"},\"datePublished\":\"2018-11-25T18:11:11+00:00\",\"dateModified\":\"2018-11-25T18:13:21+00:00\",\"breadcrumb\":{\"@id\":\"http:\/\/soloreglasgolf.com\/WordPress3\/reglas-2019\/i_fundamentos_juego\/regla-01\/1-3a-significado-de-reglas-condiciones-de-la-competicion\/#breadcrumb\"},\"inLanguage\":\"es\",\"potentialAction\":[{\"@type\":\"ReadAction\",\"target\":[\"http:\/\/soloreglasgolf.com\/WordPress3\/reglas-2019\/i_fundamentos_juego\/regla-01\/1-3a-significado-de-reglas-condiciones-de-la-competicion\/\"]}]},{\"@type\":\"BreadcrumbList\",\"@id\":\"http:\/\/soloreglasgolf.com\/WordPress3\/reglas-2019\/i_fundamentos_juego\/regla-01\/1-3a-significado-de-reglas-condiciones-de-la-competicion\/#breadcrumb\",\"itemListElement\":[{\"@type\":\"ListItem\",\"position\":1,\"name\":\"Portada\",\"item\":\"http:\/\/soloreglasgolf.com\/WordPress3\/\"},{\"@type\":\"ListItem\",\"position\":2,\"name\":\"Reglas 2019\",\"item\":\"http:\/\/soloreglasgolf.com\/WordPress3\/reglas-2019\/\"},{\"@type\":\"ListItem\",\"position\":3,\"name\":\"I. Fundamentos del Juego (Reglas 1-4)\",\"item\":\"https:\/\/soloreglasgolf.com\/WordPress3\/reglas-2019\/i_fundamentos_juego\/\"},{\"@type\":\"ListItem\",\"position\":4,\"name\":\"Regla 1 \u2013 El Juego, la Conducta del Jugador y las Reglas\",\"item\":\"http:\/\/soloreglasgolf.com\/WordPress3\/reglas-2019\/i_fundamentos_juego\/regla-01\/\"},{\"@type\":\"ListItem\",\"position\":5,\"name\":\"1.3a. Significado de \u201cReglas\u201d; Condiciones de la Competici\u00f3n\"}]},{\"@type\":\"WebSite\",\"@id\":\"http:\/\/soloreglasgolf.com\/WordPress3\/#website\",\"url\":\"http:\/\/soloreglasgolf.com\/WordPress3\/\",\"name\":\"SoloReglasGolf\",\"description\":\"Conversando sobre  Reglas de Golf\",\"potentialAction\":[{\"@type\":\"SearchAction\",\"target\":{\"@type\":\"EntryPoint\",\"urlTemplate\":\"http:\/\/soloreglasgolf.com\/WordPress3\/?s={search_term_string}\"},\"query-input\":\"required name=search_term_string\"}],\"inLanguage\":\"es\"}]}<\/script>\n<!-- \/ Yoast SEO plugin. -->","yoast_head_json":{"title":"1.3a. Significado de \u201cReglas\u201d; Condiciones de la Competici\u00f3n - SoloReglasGolf","robots":{"index":"index","follow":"follow","max-snippet":"max-snippet:-1","max-image-preview":"max-image-preview:large","max-video-preview":"max-video-preview:-1"},"canonical":"http:\/\/soloreglasgolf.com\/WordPress3\/reglas-2019\/i_fundamentos_juego\/regla-01\/1-3a-significado-de-reglas-condiciones-de-la-competicion\/","twitter_misc":{"Tiempo de lectura":"1 minuto"},"schema":{"@context":"https:\/\/schema.org","@graph":[{"@type":"WebPage","@id":"http:\/\/soloreglasgolf.com\/WordPress3\/reglas-2019\/i_fundamentos_juego\/regla-01\/1-3a-significado-de-reglas-condiciones-de-la-competicion\/","url":"http:\/\/soloreglasgolf.com\/WordPress3\/reglas-2019\/i_fundamentos_juego\/regla-01\/1-3a-significado-de-reglas-condiciones-de-la-competicion\/","name":"1.3a. Significado de \u201cReglas\u201d; Condiciones de la Competici\u00f3n - SoloReglasGolf","isPartOf":{"@id":"http:\/\/soloreglasgolf.com\/WordPress3\/#website"},"datePublished":"2018-11-25T18:11:11+00:00","dateModified":"2018-11-25T18:13:21+00:00","breadcrumb":{"@id":"http:\/\/soloreglasgolf.com\/WordPress3\/reglas-2019\/i_fundamentos_juego\/regla-01\/1-3a-significado-de-reglas-condiciones-de-la-competicion\/#breadcrumb"},"inLanguage":"es","potentialAction":[{"@type":"ReadAction","target":["http:\/\/soloreglasgolf.com\/WordPress3\/reglas-2019\/i_fundamentos_juego\/regla-01\/1-3a-significado-de-reglas-condiciones-de-la-competicion\/"]}]},{"@type":"BreadcrumbList","@id":"http:\/\/soloreglasgolf.com\/WordPress3\/reglas-2019\/i_fundamentos_juego\/regla-01\/1-3a-significado-de-reglas-condiciones-de-la-competicion\/#breadcrumb","itemListElement":[{"@type":"ListItem","position":1,"name":"Portada","item":"http:\/\/soloreglasgolf.com\/WordPress3\/"},{"@type":"ListItem","position":2,"name":"Reglas 2019","item":"http:\/\/soloreglasgolf.com\/WordPress3\/reglas-2019\/"},{"@type":"ListItem","position":3,"name":"I. Fundamentos del Juego (Reglas 1-4)","item":"https:\/\/soloreglasgolf.com\/WordPress3\/reglas-2019\/i_fundamentos_juego\/"},{"@type":"ListItem","position":4,"name":"Regla 1 \u2013 El Juego, la Conducta del Jugador y las Reglas","item":"http:\/\/soloreglasgolf.com\/WordPress3\/reglas-2019\/i_fundamentos_juego\/regla-01\/"},{"@type":"ListItem","position":5,"name":"1.3a. Significado de \u201cReglas\u201d; Condiciones de la Competici\u00f3n"}]},{"@type":"WebSite","@id":"http:\/\/soloreglasgolf.com\/WordPress3\/#website","url":"http:\/\/soloreglasgolf.com\/WordPress3\/","name":"SoloReglasGolf","description":"Conversando sobre  Reglas de Golf","potentialAction":[{"@type":"SearchAction","target":{"@type":"EntryPoint","urlTemplate":"http:\/\/soloreglasgolf.com\/WordPress3\/?s={search_term_string}"},"query-input":"required name=search_term_string"}],"inLanguage":"es"}]}},"jetpack_sharing_enabled":true,"jetpack_shortlink":"https:\/\/wp.me\/P36cD2-3Hx","_links":{"self":[{"href":"http:\/\/soloreglasgolf.com\/WordPress3\/wp-json\/wp\/v2\/pages\/14231","targetHints":{"allow":["GET"]}}],"collection":[{"href":"http:\/\/soloreglasgolf.com\/WordPress3\/wp-json\/wp\/v2\/pages"}],"about":[{"href":"http:\/\/soloreglasgolf.com\/WordPress3\/wp-json\/wp\/v2\/types\/page"}],"author":[{"embeddable":true,"href":"http:\/\/soloreglasgolf.com\/WordPress3\/wp-json\/wp\/v2\/users\/28"}],"replies":[{"embeddable":true,"href":"http:\/\/soloreglasgolf.com\/WordPress3\/wp-json\/wp\/v2\/comments?post=14231"}],"version-history":[{"count":3,"href":"http:\/\/soloreglasgolf.com\/WordPress3\/wp-json\/wp\/v2\/pages\/14231\/revisions"}],"predecessor-version":[{"id":14234,"href":"http:\/\/soloreglasgolf.com\/WordPress3\/wp-json\/wp\/v2\/pages\/14231\/revisions\/14234"}],"up":[{"embeddable":true,"href":"http:\/\/soloreglasgolf.com\/WordPress3\/wp-json\/wp\/v2\/pages\/13263"}],"wp:attachment":[{"href":"http:\/\/soloreglasgolf.com\/WordPress3\/wp-json\/wp\/v2\/media?parent=14231"}],"curies":[{"name":"wp","href":"https:\/\/api.w.org\/{rel}","templated":true}]}}