{"id":14095,"date":"2018-11-15T22:37:33","date_gmt":"2018-11-15T21:37:33","guid":{"rendered":"http:\/\/soloreglasgolf.com\/WordPress3\/?page_id=14095"},"modified":"2021-04-24T21:06:34","modified_gmt":"2021-04-24T19:06:34","slug":"9-4-bola-levantada-o-movida-por-el-jugador","status":"publish","type":"page","link":"http:\/\/soloreglasgolf.com\/WordPress3\/reglas-2019\/iii-jugando-la-bola\/regla-09\/9-4-bola-levantada-o-movida-por-el-jugador\/","title":{"rendered":"9.4 Bola Levantada o Movida por el Jugador"},"content":{"rendered":"<p>Esta Regla <strong>solo se aplica cuando es conocido o virtualmente cierto que el jugador<\/strong>\u00a0(incluyendo su caddie) levant\u00f3 su bola en reposo o <strong>caus\u00f3 su movimiento<\/strong>.<\/p>\n<p><strong>a. Cu\u00e1ndo una Bola Levantada o Movida Tiene que Reponerse<\/strong><br \/>\nSi el jugador levanta su bola en reposo o causa que se mueva, la bola ha de reponerse en\u00a0el punto de reposo original (el cual si no es conocido debe ser estimado) (ver Regla 4.2),\u00a0excepto:<br \/>\n\u2022 Cuando el jugador levanta la bola bajo una Regla para aliviarse o para reponer la\u00a0bola en otro punto (ver Reglas 14.2d y 14.2e), o<br \/>\n\u2022 Cuando la bola se mueve despu\u00e9s que el jugador ha iniciado el golpe o el\u00a0backswing (subida del palo) para un golpe y el golpe se completa (Regla 9.1b)<\/p>\n<p><strong>b. Penalizaci\u00f3n por Levantar o Tocar la Bola de Forma Deliberada o Causar que se Mueva<\/strong><br \/>\nSi el jugador <strong>levanta o deliberadamente toca su bola en reposo<\/strong> o <strong>causa que se mueva<\/strong>, el\u00a0jugador incurre en <strong>un golpe de penalizaci\u00f3n<\/strong>.<br \/>\nPero, hay cuatro excepciones:<\/p>\n<p><strong>Excepci\u00f3n 1<\/strong> &#8211; Jugador Puede Levantar o Mover la Bola: No hay penalizaci\u00f3n cuando el\u00a0jugador levanta la bola o causa que se mueva bajo una Regla que:<br \/>\n\u2022 Permite levantar la bola y reponerla en su punto de reposo original,<br \/>\n\u2022 Requiere que una bola movida se reponga en su punto de reposo original, o<br \/>\n\u2022 Requiere o permite al jugador dropar o colocar una bola de nuevo o jugar una\u00a0bola desde un lugar diferente.<\/p>\n<p><strong>Excepci\u00f3n 2<\/strong> &#8211; Movimiento Accidental Antes de Que la Bola sea Encontrada: No hay\u00a0penalizaci\u00f3n cuando el jugador accidentalmente causa que se mueva la bola mientras\u00a0est\u00e1 intentando encontrarla o identificarla (ver Regla 7.4)<\/p>\n<p><strong>Excepci\u00f3n 3<\/strong> &#8211; Movimiento Accidental en el Green: <strong>No hay penalizaci\u00f3n cuando el jugador<\/strong><br \/>\n<strong>accidentalmente causa que se mueva la bola en el green<\/strong> (ver Regla 13.1d), <strong>sin importar\u00a0c\u00f3mo sucede.<\/strong><\/p>\n<p><strong>Excepci\u00f3n 4<\/strong> &#8211; Movimiento Accidental en Cualquier Lugar Excepto en el Green al Aplicar\u00a0una Regla: No hay penalizaci\u00f3n cuando el jugador accidentalmente causa que se mueva\u00a0la bola en cualquier lugar excepto en el green, si est\u00e1 realizando acciones razonables para:<br \/>\n\u2022 Marcar el punto de reposo o levantar o reponer la bola, cuando est\u00e1 permitido\u00a0(ver Reglas 14.1 y 14.2)<br \/>\n\u2022 Quitar una obstrucci\u00f3n movible (ver Regla 15.2),<br \/>\n\u2022 Restaurar las condiciones empeoradas, cuando est\u00e1 permitido (ver Regla 8.1d),<br \/>\n\u2022 Tomar alivio bajo una Regla, incluso para determinar si el alivio est\u00e1 permitido\u00a0bajo una Regla (como haciendo un swing con un palo para comprobar si hay\u00a0interferencia de alguna condici\u00f3n) o d\u00f3nde tomar alivio (como determinar el\u00a0punto m\u00e1s cercano de alivio completo), o<br \/>\n\u2022 Medir de acuerdo con una Regla (como para decidir el orden de juego de\u00a0acuerdo con la Regla 6.4).<\/p>\n<p>Penalizaci\u00f3n por Jugar una Bola Incorrectamente Sustituta o Jugar una Bola desde\u00a0Lugar Equivocado infringiendo la Regla 9.4: Penalizaci\u00f3n General bajo la Regla 6.3b\u00a0o 14.7a.<\/p>\n<p>Si m\u00faltiples infracciones resultan de un solo acto o actos relacionados, ver Regla 1.3c.<\/p>\n<div class=\"g g-2\"><div class=\"g-single a-15\"><script type=\"text\/javascript\"><!--\r\ngoogle_ad_client = \"ca-pub-2363348512557029\";\r\n\/* Blog pagina-post *\/\r\ngoogle_ad_slot = \"1564877784\";\r\ngoogle_ad_width = 728;\r\ngoogle_ad_height = 90;\r\n\/\/-->\r\n<\/script>\r\n<script type=\"text\/javascript\"\r\nsrc=\"http:\/\/pagead2.googlesyndication.com\/pagead\/show_ads.js\">\r\n<\/script><\/div><\/div>\n","protected":false},"excerpt":{"rendered":"<p>Esta Regla solo se aplica cuando es conocido o virtualmente cierto que el jugador\u00a0(incluyendo su caddie) levant\u00f3 su bola en reposo o caus\u00f3 su movimiento. a. Cu\u00e1ndo una Bola Levantada o Movida Tiene que Reponerse Si el jugador levanta su bola en reposo o causa que se mueva, la bola ha de reponerse en\u00a0el punto <a href='http:\/\/soloreglasgolf.com\/WordPress3\/reglas-2019\/iii-jugando-la-bola\/regla-09\/9-4-bola-levantada-o-movida-por-el-jugador\/' class='excerpt-more'>[Leer + &#8230;]<\/a><\/p>\n","protected":false},"author":28,"featured_media":0,"parent":13280,"menu_order":0,"comment_status":"closed","ping_status":"closed","template":"","meta":{"jetpack_post_was_ever_published":false,"footnotes":""},"class_list":["post-14095","page","type-page","status-publish","hentry","post-seq-1","post-parity-odd","meta-position-corners","fix"],"yoast_head":"<!-- This site is optimized with the Yoast SEO plugin v22.0 - https:\/\/yoast.com\/wordpress\/plugins\/seo\/ -->\n<title>9.4 Bola Levantada o Movida por el Jugador - SoloReglasGolf<\/title>\n<meta name=\"robots\" content=\"index, follow, max-snippet:-1, max-image-preview:large, max-video-preview:-1\" \/>\n<link rel=\"canonical\" href=\"http:\/\/soloreglasgolf.com\/WordPress3\/reglas-2019\/iii-jugando-la-bola\/regla-09\/9-4-bola-levantada-o-movida-por-el-jugador\/\" \/>\n<meta name=\"twitter:label1\" content=\"Tiempo de lectura\" \/>\n\t<meta name=\"twitter:data1\" content=\"3 minutos\" \/>\n<script type=\"application\/ld+json\" class=\"yoast-schema-graph\">{\"@context\":\"https:\/\/schema.org\",\"@graph\":[{\"@type\":\"WebPage\",\"@id\":\"http:\/\/soloreglasgolf.com\/WordPress3\/reglas-2019\/iii-jugando-la-bola\/regla-09\/9-4-bola-levantada-o-movida-por-el-jugador\/\",\"url\":\"http:\/\/soloreglasgolf.com\/WordPress3\/reglas-2019\/iii-jugando-la-bola\/regla-09\/9-4-bola-levantada-o-movida-por-el-jugador\/\",\"name\":\"9.4 Bola Levantada o Movida por el Jugador - SoloReglasGolf\",\"isPartOf\":{\"@id\":\"http:\/\/soloreglasgolf.com\/WordPress3\/#website\"},\"datePublished\":\"2018-11-15T21:37:33+00:00\",\"dateModified\":\"2021-04-24T19:06:34+00:00\",\"breadcrumb\":{\"@id\":\"http:\/\/soloreglasgolf.com\/WordPress3\/reglas-2019\/iii-jugando-la-bola\/regla-09\/9-4-bola-levantada-o-movida-por-el-jugador\/#breadcrumb\"},\"inLanguage\":\"es\",\"potentialAction\":[{\"@type\":\"ReadAction\",\"target\":[\"http:\/\/soloreglasgolf.com\/WordPress3\/reglas-2019\/iii-jugando-la-bola\/regla-09\/9-4-bola-levantada-o-movida-por-el-jugador\/\"]}]},{\"@type\":\"BreadcrumbList\",\"@id\":\"http:\/\/soloreglasgolf.com\/WordPress3\/reglas-2019\/iii-jugando-la-bola\/regla-09\/9-4-bola-levantada-o-movida-por-el-jugador\/#breadcrumb\",\"itemListElement\":[{\"@type\":\"ListItem\",\"position\":1,\"name\":\"Portada\",\"item\":\"http:\/\/soloreglasgolf.com\/WordPress3\/\"},{\"@type\":\"ListItem\",\"position\":2,\"name\":\"Reglas 2019\",\"item\":\"http:\/\/soloreglasgolf.com\/WordPress3\/reglas-2019\/\"},{\"@type\":\"ListItem\",\"position\":3,\"name\":\"III. Jugando la Bola\",\"item\":\"http:\/\/soloreglasgolf.com\/WordPress3\/reglas-2019\/iii-jugando-la-bola\/\"},{\"@type\":\"ListItem\",\"position\":4,\"name\":\"Regla 9 \u2013 La Bola se Juega como Reposa; Bola en Reposo Levantada o Movida\",\"item\":\"http:\/\/soloreglasgolf.com\/WordPress3\/reglas-2019\/iii-jugando-la-bola\/regla-09\/\"},{\"@type\":\"ListItem\",\"position\":5,\"name\":\"9.4 Bola Levantada o Movida por el Jugador\"}]},{\"@type\":\"WebSite\",\"@id\":\"http:\/\/soloreglasgolf.com\/WordPress3\/#website\",\"url\":\"http:\/\/soloreglasgolf.com\/WordPress3\/\",\"name\":\"SoloReglasGolf\",\"description\":\"Conversando sobre  Reglas de Golf\",\"potentialAction\":[{\"@type\":\"SearchAction\",\"target\":{\"@type\":\"EntryPoint\",\"urlTemplate\":\"http:\/\/soloreglasgolf.com\/WordPress3\/?s={search_term_string}\"},\"query-input\":\"required name=search_term_string\"}],\"inLanguage\":\"es\"}]}<\/script>\n<!-- \/ Yoast SEO plugin. -->","yoast_head_json":{"title":"9.4 Bola Levantada o Movida por el Jugador - SoloReglasGolf","robots":{"index":"index","follow":"follow","max-snippet":"max-snippet:-1","max-image-preview":"max-image-preview:large","max-video-preview":"max-video-preview:-1"},"canonical":"http:\/\/soloreglasgolf.com\/WordPress3\/reglas-2019\/iii-jugando-la-bola\/regla-09\/9-4-bola-levantada-o-movida-por-el-jugador\/","twitter_misc":{"Tiempo de lectura":"3 minutos"},"schema":{"@context":"https:\/\/schema.org","@graph":[{"@type":"WebPage","@id":"http:\/\/soloreglasgolf.com\/WordPress3\/reglas-2019\/iii-jugando-la-bola\/regla-09\/9-4-bola-levantada-o-movida-por-el-jugador\/","url":"http:\/\/soloreglasgolf.com\/WordPress3\/reglas-2019\/iii-jugando-la-bola\/regla-09\/9-4-bola-levantada-o-movida-por-el-jugador\/","name":"9.4 Bola Levantada o Movida por el Jugador - SoloReglasGolf","isPartOf":{"@id":"http:\/\/soloreglasgolf.com\/WordPress3\/#website"},"datePublished":"2018-11-15T21:37:33+00:00","dateModified":"2021-04-24T19:06:34+00:00","breadcrumb":{"@id":"http:\/\/soloreglasgolf.com\/WordPress3\/reglas-2019\/iii-jugando-la-bola\/regla-09\/9-4-bola-levantada-o-movida-por-el-jugador\/#breadcrumb"},"inLanguage":"es","potentialAction":[{"@type":"ReadAction","target":["http:\/\/soloreglasgolf.com\/WordPress3\/reglas-2019\/iii-jugando-la-bola\/regla-09\/9-4-bola-levantada-o-movida-por-el-jugador\/"]}]},{"@type":"BreadcrumbList","@id":"http:\/\/soloreglasgolf.com\/WordPress3\/reglas-2019\/iii-jugando-la-bola\/regla-09\/9-4-bola-levantada-o-movida-por-el-jugador\/#breadcrumb","itemListElement":[{"@type":"ListItem","position":1,"name":"Portada","item":"http:\/\/soloreglasgolf.com\/WordPress3\/"},{"@type":"ListItem","position":2,"name":"Reglas 2019","item":"http:\/\/soloreglasgolf.com\/WordPress3\/reglas-2019\/"},{"@type":"ListItem","position":3,"name":"III. Jugando la Bola","item":"http:\/\/soloreglasgolf.com\/WordPress3\/reglas-2019\/iii-jugando-la-bola\/"},{"@type":"ListItem","position":4,"name":"Regla 9 \u2013 La Bola se Juega como Reposa; Bola en Reposo Levantada o Movida","item":"http:\/\/soloreglasgolf.com\/WordPress3\/reglas-2019\/iii-jugando-la-bola\/regla-09\/"},{"@type":"ListItem","position":5,"name":"9.4 Bola Levantada o Movida por el Jugador"}]},{"@type":"WebSite","@id":"http:\/\/soloreglasgolf.com\/WordPress3\/#website","url":"http:\/\/soloreglasgolf.com\/WordPress3\/","name":"SoloReglasGolf","description":"Conversando sobre  Reglas de Golf","potentialAction":[{"@type":"SearchAction","target":{"@type":"EntryPoint","urlTemplate":"http:\/\/soloreglasgolf.com\/WordPress3\/?s={search_term_string}"},"query-input":"required name=search_term_string"}],"inLanguage":"es"}]}},"jetpack_sharing_enabled":true,"jetpack_shortlink":"https:\/\/wp.me\/P36cD2-3Fl","_links":{"self":[{"href":"http:\/\/soloreglasgolf.com\/WordPress3\/wp-json\/wp\/v2\/pages\/14095","targetHints":{"allow":["GET"]}}],"collection":[{"href":"http:\/\/soloreglasgolf.com\/WordPress3\/wp-json\/wp\/v2\/pages"}],"about":[{"href":"http:\/\/soloreglasgolf.com\/WordPress3\/wp-json\/wp\/v2\/types\/page"}],"author":[{"embeddable":true,"href":"http:\/\/soloreglasgolf.com\/WordPress3\/wp-json\/wp\/v2\/users\/28"}],"replies":[{"embeddable":true,"href":"http:\/\/soloreglasgolf.com\/WordPress3\/wp-json\/wp\/v2\/comments?post=14095"}],"version-history":[{"count":10,"href":"http:\/\/soloreglasgolf.com\/WordPress3\/wp-json\/wp\/v2\/pages\/14095\/revisions"}],"predecessor-version":[{"id":43384,"href":"http:\/\/soloreglasgolf.com\/WordPress3\/wp-json\/wp\/v2\/pages\/14095\/revisions\/43384"}],"up":[{"embeddable":true,"href":"http:\/\/soloreglasgolf.com\/WordPress3\/wp-json\/wp\/v2\/pages\/13280"}],"wp:attachment":[{"href":"http:\/\/soloreglasgolf.com\/WordPress3\/wp-json\/wp\/v2\/media?parent=14095"}],"curies":[{"name":"wp","href":"https:\/\/api.w.org\/{rel}","templated":true}]}}