{"id":13904,"date":"2018-04-10T20:11:21","date_gmt":"2018-04-10T18:11:21","guid":{"rendered":"http:\/\/soloreglasgolf.com\/WordPress3\/?page_id=13904"},"modified":"2019-01-10T19:23:54","modified_gmt":"2019-01-10T18:23:54","slug":"6-1-comenzando-el-juego-de-un-hoyo","status":"publish","type":"page","link":"http:\/\/soloreglasgolf.com\/WordPress3\/reglas-2019\/ii-jugando-vuelta-y-hoyo\/regla-06\/6-1-comenzando-el-juego-de-un-hoyo\/","title":{"rendered":"6.1 Comenzando el Juego de un Hoyo"},"content":{"rendered":"<p><strong>a. Cu\u00e1ndo Comienza el Hoyo<\/strong><br \/>\nUn jugador ha comenzado un hoyo <strong>cuando ejecuta<\/strong> un <a href=\"http:\/\/soloreglasgolf.com\/WordPress3\/definiciones-2019-2022\/golpe\/\">golpe<\/a> para iniciar el hoyo.<br \/>\nEl hoyo ha comenzado incluso si el golpe se realiz\u00f3 desde fuera del \u00e1rea de salida (ver Regla 6.1b) o fue cancelado bajo una Regla.<\/p>\n<p><strong>b. La Bola Debe ser Jugada desde Dentro del \u00c1rea de Salida<\/strong><br \/>\nUn jugador debe comenzar cada hoyo jugando una bola desde cualquier lugar del \u00e1rea de salida, bajo la Regla 6.2b.<br \/>\nSi un jugador, al comenzar un hoyo, juega una bola desde fuera del \u00e1rea de salida (incluyendo desde unas marcas de un lugar de salida diferente en el mismo hoyo o un hoyo diferente):<br \/>\n(1) Match Play (Juego por Hoyos). No hay penalizaci\u00f3n, pero el contrario puede cancelar el golpe:<br \/>\n\uf0b7 Esto tiene que hacerse inmediatamente, antes de que ning\u00fan jugador ejecute otro golpe. Cuando el contrario cancela el golpe, no puede retirar la cancelaci\u00f3n.<br \/>\n\uf0b7 Si el contrario cancela el golpe, el jugador deber\u00e1 jugar una bola desde dentro del \u00e1rea de salida y a\u00fan sigue siendo su turno de juego.<br \/>\n\uf0b7 Si el contrario no cancela el golpe, el golpe cuenta, la bola est\u00e1 en juego y debe jugarse como reposa.<br \/>\n(2) Stroke Play (Juego por Golpes). El jugador incurre en la penalizaci\u00f3n general (dos golpes de penalizaci\u00f3n) y debe corregir el error jugando una bola desde dentro del \u00e1rea de salida.<br \/>\n\uf0b7 La bola jugada desde fuera del \u00e1rea de salida no est\u00e1 en juego.<br \/>\n\uf0b7 Ese golpe y cualquier otro golpe jugado en el hoyo antes de corregir el error (incluyendo los golpes efectuados y cualquier golpe de penalizaci\u00f3n \u00fanicamente al jugar esa bola) no cuentan.<br \/>\n\uf0b7 Si el jugador no corrige el error antes de efectuar un golpe para comenzar otro hoyo o, para el caso del hoyo final de la vuelta, antes de entregar la tarjeta de resultados, est\u00e1 descalificado.<\/p>\n<div class=\"g g-2\"><div class=\"g-single a-16\"><script type=\"text\/javascript\"><!--\r\ngoogle_ad_client = \"ca-pub-2363348512557029\";\r\n\/* Blog pagina-post *\/\r\ngoogle_ad_slot = \"1564877784\";\r\ngoogle_ad_width = 728;\r\ngoogle_ad_height = 90;\r\n\/\/-->\r\n<\/script>\r\n<script type=\"text\/javascript\"\r\nsrc=\"http:\/\/pagead2.googlesyndication.com\/pagead\/show_ads.js\">\r\n<\/script><\/div><\/div>\n","protected":false},"excerpt":{"rendered":"<p>a. Cu\u00e1ndo Comienza el Hoyo Un jugador ha comenzado un hoyo cuando ejecuta un golpe para iniciar el hoyo. El hoyo ha comenzado incluso si el golpe se realiz\u00f3 desde fuera del \u00e1rea de salida (ver Regla 6.1b) o fue cancelado bajo una Regla. b. La Bola Debe ser Jugada desde Dentro del \u00c1rea de <a href='http:\/\/soloreglasgolf.com\/WordPress3\/reglas-2019\/ii-jugando-vuelta-y-hoyo\/regla-06\/6-1-comenzando-el-juego-de-un-hoyo\/' class='excerpt-more'>[Leer + &#8230;]<\/a><\/p>\n","protected":false},"author":28,"featured_media":0,"parent":13273,"menu_order":0,"comment_status":"closed","ping_status":"closed","template":"","meta":{"jetpack_post_was_ever_published":false,"footnotes":""},"class_list":["post-13904","page","type-page","status-publish","hentry","post-seq-1","post-parity-odd","meta-position-corners","fix"],"yoast_head":"<!-- This site is optimized with the Yoast SEO plugin v22.0 - https:\/\/yoast.com\/wordpress\/plugins\/seo\/ -->\n<title>6.1 Comenzando el Juego de un Hoyo - SoloReglasGolf<\/title>\n<meta name=\"robots\" content=\"index, follow, max-snippet:-1, max-image-preview:large, max-video-preview:-1\" \/>\n<link rel=\"canonical\" href=\"http:\/\/soloreglasgolf.com\/WordPress3\/reglas-2019\/ii-jugando-vuelta-y-hoyo\/regla-06\/6-1-comenzando-el-juego-de-un-hoyo\/\" \/>\n<meta name=\"twitter:label1\" content=\"Tiempo de lectura\" \/>\n\t<meta name=\"twitter:data1\" content=\"2 minutos\" \/>\n<script type=\"application\/ld+json\" class=\"yoast-schema-graph\">{\"@context\":\"https:\/\/schema.org\",\"@graph\":[{\"@type\":\"WebPage\",\"@id\":\"http:\/\/soloreglasgolf.com\/WordPress3\/reglas-2019\/ii-jugando-vuelta-y-hoyo\/regla-06\/6-1-comenzando-el-juego-de-un-hoyo\/\",\"url\":\"http:\/\/soloreglasgolf.com\/WordPress3\/reglas-2019\/ii-jugando-vuelta-y-hoyo\/regla-06\/6-1-comenzando-el-juego-de-un-hoyo\/\",\"name\":\"6.1 Comenzando el Juego de un Hoyo - SoloReglasGolf\",\"isPartOf\":{\"@id\":\"http:\/\/soloreglasgolf.com\/WordPress3\/#website\"},\"datePublished\":\"2018-04-10T18:11:21+00:00\",\"dateModified\":\"2019-01-10T18:23:54+00:00\",\"breadcrumb\":{\"@id\":\"http:\/\/soloreglasgolf.com\/WordPress3\/reglas-2019\/ii-jugando-vuelta-y-hoyo\/regla-06\/6-1-comenzando-el-juego-de-un-hoyo\/#breadcrumb\"},\"inLanguage\":\"es\",\"potentialAction\":[{\"@type\":\"ReadAction\",\"target\":[\"http:\/\/soloreglasgolf.com\/WordPress3\/reglas-2019\/ii-jugando-vuelta-y-hoyo\/regla-06\/6-1-comenzando-el-juego-de-un-hoyo\/\"]}]},{\"@type\":\"BreadcrumbList\",\"@id\":\"http:\/\/soloreglasgolf.com\/WordPress3\/reglas-2019\/ii-jugando-vuelta-y-hoyo\/regla-06\/6-1-comenzando-el-juego-de-un-hoyo\/#breadcrumb\",\"itemListElement\":[{\"@type\":\"ListItem\",\"position\":1,\"name\":\"Portada\",\"item\":\"http:\/\/soloreglasgolf.com\/WordPress3\/\"},{\"@type\":\"ListItem\",\"position\":2,\"name\":\"Reglas 2019\",\"item\":\"http:\/\/soloreglasgolf.com\/WordPress3\/reglas-2019\/\"},{\"@type\":\"ListItem\",\"position\":3,\"name\":\"II. Jugando Vuelta y Hoyo\",\"item\":\"http:\/\/soloreglasgolf.com\/WordPress3\/reglas-2019\/ii-jugando-vuelta-y-hoyo\/\"},{\"@type\":\"ListItem\",\"position\":4,\"name\":\"Regla 6 \u2013 Jugar un Hoyo\",\"item\":\"http:\/\/soloreglasgolf.com\/WordPress3\/reglas-2019\/ii-jugando-vuelta-y-hoyo\/regla-06\/\"},{\"@type\":\"ListItem\",\"position\":5,\"name\":\"6.1 Comenzando el Juego de un Hoyo\"}]},{\"@type\":\"WebSite\",\"@id\":\"http:\/\/soloreglasgolf.com\/WordPress3\/#website\",\"url\":\"http:\/\/soloreglasgolf.com\/WordPress3\/\",\"name\":\"SoloReglasGolf\",\"description\":\"Conversando sobre  Reglas de Golf\",\"potentialAction\":[{\"@type\":\"SearchAction\",\"target\":{\"@type\":\"EntryPoint\",\"urlTemplate\":\"http:\/\/soloreglasgolf.com\/WordPress3\/?s={search_term_string}\"},\"query-input\":\"required name=search_term_string\"}],\"inLanguage\":\"es\"}]}<\/script>\n<!-- \/ Yoast SEO plugin. -->","yoast_head_json":{"title":"6.1 Comenzando el Juego de un Hoyo - SoloReglasGolf","robots":{"index":"index","follow":"follow","max-snippet":"max-snippet:-1","max-image-preview":"max-image-preview:large","max-video-preview":"max-video-preview:-1"},"canonical":"http:\/\/soloreglasgolf.com\/WordPress3\/reglas-2019\/ii-jugando-vuelta-y-hoyo\/regla-06\/6-1-comenzando-el-juego-de-un-hoyo\/","twitter_misc":{"Tiempo de lectura":"2 minutos"},"schema":{"@context":"https:\/\/schema.org","@graph":[{"@type":"WebPage","@id":"http:\/\/soloreglasgolf.com\/WordPress3\/reglas-2019\/ii-jugando-vuelta-y-hoyo\/regla-06\/6-1-comenzando-el-juego-de-un-hoyo\/","url":"http:\/\/soloreglasgolf.com\/WordPress3\/reglas-2019\/ii-jugando-vuelta-y-hoyo\/regla-06\/6-1-comenzando-el-juego-de-un-hoyo\/","name":"6.1 Comenzando el Juego de un Hoyo - SoloReglasGolf","isPartOf":{"@id":"http:\/\/soloreglasgolf.com\/WordPress3\/#website"},"datePublished":"2018-04-10T18:11:21+00:00","dateModified":"2019-01-10T18:23:54+00:00","breadcrumb":{"@id":"http:\/\/soloreglasgolf.com\/WordPress3\/reglas-2019\/ii-jugando-vuelta-y-hoyo\/regla-06\/6-1-comenzando-el-juego-de-un-hoyo\/#breadcrumb"},"inLanguage":"es","potentialAction":[{"@type":"ReadAction","target":["http:\/\/soloreglasgolf.com\/WordPress3\/reglas-2019\/ii-jugando-vuelta-y-hoyo\/regla-06\/6-1-comenzando-el-juego-de-un-hoyo\/"]}]},{"@type":"BreadcrumbList","@id":"http:\/\/soloreglasgolf.com\/WordPress3\/reglas-2019\/ii-jugando-vuelta-y-hoyo\/regla-06\/6-1-comenzando-el-juego-de-un-hoyo\/#breadcrumb","itemListElement":[{"@type":"ListItem","position":1,"name":"Portada","item":"http:\/\/soloreglasgolf.com\/WordPress3\/"},{"@type":"ListItem","position":2,"name":"Reglas 2019","item":"http:\/\/soloreglasgolf.com\/WordPress3\/reglas-2019\/"},{"@type":"ListItem","position":3,"name":"II. Jugando Vuelta y Hoyo","item":"http:\/\/soloreglasgolf.com\/WordPress3\/reglas-2019\/ii-jugando-vuelta-y-hoyo\/"},{"@type":"ListItem","position":4,"name":"Regla 6 \u2013 Jugar un Hoyo","item":"http:\/\/soloreglasgolf.com\/WordPress3\/reglas-2019\/ii-jugando-vuelta-y-hoyo\/regla-06\/"},{"@type":"ListItem","position":5,"name":"6.1 Comenzando el Juego de un Hoyo"}]},{"@type":"WebSite","@id":"http:\/\/soloreglasgolf.com\/WordPress3\/#website","url":"http:\/\/soloreglasgolf.com\/WordPress3\/","name":"SoloReglasGolf","description":"Conversando sobre  Reglas de Golf","potentialAction":[{"@type":"SearchAction","target":{"@type":"EntryPoint","urlTemplate":"http:\/\/soloreglasgolf.com\/WordPress3\/?s={search_term_string}"},"query-input":"required name=search_term_string"}],"inLanguage":"es"}]}},"jetpack_sharing_enabled":true,"jetpack_shortlink":"https:\/\/wp.me\/P36cD2-3Cg","_links":{"self":[{"href":"http:\/\/soloreglasgolf.com\/WordPress3\/wp-json\/wp\/v2\/pages\/13904","targetHints":{"allow":["GET"]}}],"collection":[{"href":"http:\/\/soloreglasgolf.com\/WordPress3\/wp-json\/wp\/v2\/pages"}],"about":[{"href":"http:\/\/soloreglasgolf.com\/WordPress3\/wp-json\/wp\/v2\/types\/page"}],"author":[{"embeddable":true,"href":"http:\/\/soloreglasgolf.com\/WordPress3\/wp-json\/wp\/v2\/users\/28"}],"replies":[{"embeddable":true,"href":"http:\/\/soloreglasgolf.com\/WordPress3\/wp-json\/wp\/v2\/comments?post=13904"}],"version-history":[{"count":3,"href":"http:\/\/soloreglasgolf.com\/WordPress3\/wp-json\/wp\/v2\/pages\/13904\/revisions"}],"predecessor-version":[{"id":14554,"href":"http:\/\/soloreglasgolf.com\/WordPress3\/wp-json\/wp\/v2\/pages\/13904\/revisions\/14554"}],"up":[{"embeddable":true,"href":"http:\/\/soloreglasgolf.com\/WordPress3\/wp-json\/wp\/v2\/pages\/13273"}],"wp:attachment":[{"href":"http:\/\/soloreglasgolf.com\/WordPress3\/wp-json\/wp\/v2\/media?parent=13904"}],"curies":[{"name":"wp","href":"https:\/\/api.w.org\/{rel}","templated":true}]}}