{"id":13900,"date":"2018-04-10T20:09:57","date_gmt":"2018-04-10T18:09:57","guid":{"rendered":"http:\/\/soloreglasgolf.com\/WordPress3\/?page_id=13900"},"modified":"2021-05-05T17:17:17","modified_gmt":"2021-05-05T15:17:17","slug":"6-2-jugando-una-bola-desde-el-area-de-salida","status":"publish","type":"page","link":"http:\/\/soloreglasgolf.com\/WordPress3\/reglas-2019\/ii-jugando-vuelta-y-hoyo\/regla-06\/6-2-jugando-una-bola-desde-el-area-de-salida\/","title":{"rendered":"6.2 Jugando una Bola desde el \u00c1rea de Salida"},"content":{"rendered":"<p><strong>a. Cu\u00e1ndo se Aplican las Reglas del \u00c1rea de Salida<\/strong><br \/>\nLas Reglas del \u00e1rea de salida contenidas en la Regla 6.2b se aplican siempre que un jugador est\u00e1 obligado o puede jugar una bola desde el \u00e1rea de salida. Esto incluye cuando:<\/p>\n<ul>\n<li>el jugador est\u00e1 comenzando el juego del hoyo (ver Regla 6.1),<\/li>\n<li>el jugador volver\u00e1 a jugar desde el \u00e1rea de salida bajo una Regla (ver Regla 14.6), o<\/li>\n<li>la bola est\u00e1 en juego en el \u00e1rea de salida despu\u00e9s de un golpe o despu\u00e9s de que el jugador ha tomado alivio.<\/li>\n<\/ul>\n<p>Esta Regla se aplica solo al \u00e1rea de salida desde la que el jugador debe jugar para comenzar el hoyo que est\u00e1 jugando, no a otros lugares de salida en el campo (ya sea en el mismo hoyo o en un hoyo diferente).<\/p>\n<p><strong>b. Reglas del \u00c1rea de Salida<\/strong><br \/>\n<strong>(1) Cu\u00e1ndo la Bola Est\u00e1 en el \u00c1rea de Salida.<\/strong><\/p>\n<ul>\n<li>Una bola se encuentra en el \u00e1rea de salida cuando cualquier parte de la misma la toca o se encuentra por encima de cualquier parte del \u00e1rea de salida.<\/li>\n<li>\u00a0El jugador puede colocarse fuera del \u00e1rea de salida para ejecutar el golpe a una bola que se encuentra en el \u00e1rea de salida.<\/li>\n<\/ul>\n<p><strong>(2) La Bola Puede Acomodarse o Jugarse desde el Terreno.<\/strong> La bola debe de jugarse desde:<\/p>\n<ul>\n<li>Un tee colocado en o sobre el terreno, o<\/li>\n<li>\u00a0El terreno directamente.<\/li>\n<\/ul>\n<p>A efectos de esta Regla, el \u201cterreno\u201d incluye arena u otros materiales naturales colocados en el suelo para poner encima el tee o la bola.<br \/>\nEl jugador no deber\u00e1 ejecutar un golpe a una bola en un tee no conforme o acomodada de forma no permitida por esta Regla.<\/p>\n<p>Penalizaci\u00f3n por Infringir la Regla 6.2b (2):<br \/>\n\uf0b7 Para la primera infracci\u00f3n en un solo acto o actos relacionados: Penalizaci\u00f3n General<br \/>\n\uf0b7 Para la segunda infracci\u00f3n no relacionada con la primera infracci\u00f3n: Descalificaci\u00f3n<\/p>\n<p><strong>(3) Se Pueden Mejorar Ciertas Condiciones dentro del \u00c1rea de Salida<\/strong>. Antes de ejecutar un golpe, el jugador podr\u00e1 ejecutar estas acciones en el \u00e1rea de salida para mejorar ciertas condiciones que afectan al golpe (ver Regla 8.1b (8)):<br \/>\n\uf0b7 Alterar la superficie del terreno dentro del \u00e1rea de salida (como hacer una depresi\u00f3n con un palo o pie).<br \/>\n\uf0b7 Mover, doblar o romper c\u00e9sped u otros objetos naturales que est\u00e1n fijos o en crecimiento dentro del \u00e1rea de salida, o<br \/>\n\uf0b7 Quitar o presionar arena o tierra en el \u00e1rea de salida, y<br \/>\n\uf0b7 Quitar roc\u00edo, escarcha o agua del \u00e1rea de salida.<br \/>\nPero el jugador incurre en la penalizaci\u00f3n general si lleva a cabo cualquier otra acci\u00f3n para mejorar las condiciones que afectan al golpe infringiendo la Regla 8.1a.<\/p>\n<div class=\"g g-2\"><div class=\"g-single a-18\"><script type=\"text\/javascript\"><!--\r\ngoogle_ad_client = \"ca-pub-2363348512557029\";\r\n\/* Blog pagina-post *\/\r\ngoogle_ad_slot = \"1564877784\";\r\ngoogle_ad_width = 728;\r\ngoogle_ad_height = 90;\r\n\/\/-->\r\n<\/script>\r\n<script type=\"text\/javascript\"\r\nsrc=\"http:\/\/pagead2.googlesyndication.com\/pagead\/show_ads.js\">\r\n<\/script><\/div><\/div>\n<p><strong>(4) Restricciones a Mover las Marcas de Salida Cuando se Juega desde el \u00c1rea de Salida.<\/strong><br \/>\n\uf0b7 La ubicaci\u00f3n de las marcas de salida son colocadas por el Comit\u00e9 para definir cada \u00e1rea de salida y deber\u00edan permanecer en la misma ubicaci\u00f3n para todos los jugadores que van a jugar desde esa \u00e1rea de salida.<br \/>\n\uf0b7 Si el jugador mejora las condiciones que afectan al golpe, moviendo cualquier marca de salida antes de jugar desde el \u00e1rea de salida, incurre en la penalizaci\u00f3n general por infringir la Regla 8.1a (1).<br \/>\nEn el resto de las situaciones, las marcas de salida son consideradas obstrucciones movibles que pueden ser movidas seg\u00fan lo permitido en la Regla 15.2.<\/p>\n<p><strong>(5) La Bola No Est\u00e1 En Juego Hasta que Se Ejecute Un Golpe<\/strong>. Si la bola est\u00e1 acomodada sobre un tee o en el suelo al comenzar un hoyo o cuando se juega de nuevo desde el \u00e1rea de salida bajo una Regla:<br \/>\n\uf0b7 No est\u00e1 en juego hasta que el jugador ejecute un golpe, y<br \/>\n\uf0b7 Se puede levantar o mover sin penalizaci\u00f3n antes de ejecutar el golpe.<br \/>\nSi la bola acomodada se cae del tee o el jugador la derriba antes de ejecutar un golpe, se puede volver a acomodar en cualquier parte del \u00e1rea de salida sin penalizaci\u00f3n.<br \/>\nPero si el jugador ejecuta un golpe a esa bola mientras est\u00e1 cayendo o despu\u00e9s de haber ca\u00eddo, no hay penalizaci\u00f3n, el golpe cuenta y la bola est\u00e1 en juego.<\/p>\n<p><strong>(6) Cuando la Bola en Juego Reposa en el \u00c1rea de Salida.<\/strong> Si la bola del jugador est\u00e1 en juego dentro del \u00e1rea de salida despu\u00e9s de un golpe (por ejemplo, despu\u00e9s de fallar un golpe a una bola acomodada) o despu\u00e9s de tomar alivio, el jugador puede:<br \/>\n\uf0b7 Levantar o mover la bola sin penalizaci\u00f3n (ver Regla 9.4b, Excepci\u00f3n 1), y<br \/>\n\uf0b7 Jugar esa u otra bola desde cualquier lugar del \u00e1rea de salida, desde un tee o desde el terreno seg\u00fan lo contemplado en el apartado (2), incluyendo jugar la bola como reposa.<\/p>\n<div class=\"g g-2\"><div class=\"g-single a-14\"><script type=\"text\/javascript\"><!--\r\ngoogle_ad_client = \"ca-pub-2363348512557029\";\r\n\/* Blog pagina-post *\/\r\ngoogle_ad_slot = \"1564877784\";\r\ngoogle_ad_width = 728;\r\ngoogle_ad_height = 90;\r\n\/\/-->\r\n<\/script>\r\n<script type=\"text\/javascript\"\r\nsrc=\"http:\/\/pagead2.googlesyndication.com\/pagead\/show_ads.js\">\r\n<\/script><\/div><\/div>\n","protected":false},"excerpt":{"rendered":"<p>a. Cu\u00e1ndo se Aplican las Reglas del \u00c1rea de Salida Las Reglas del \u00e1rea de salida contenidas en la Regla 6.2b se aplican siempre que un jugador est\u00e1 obligado o puede jugar una bola desde el \u00e1rea de salida. Esto incluye cuando: el jugador est\u00e1 comenzando el juego del hoyo (ver Regla 6.1), el jugador <a href='http:\/\/soloreglasgolf.com\/WordPress3\/reglas-2019\/ii-jugando-vuelta-y-hoyo\/regla-06\/6-2-jugando-una-bola-desde-el-area-de-salida\/' class='excerpt-more'>[Leer + &#8230;]<\/a><\/p>\n","protected":false},"author":28,"featured_media":0,"parent":13273,"menu_order":0,"comment_status":"closed","ping_status":"closed","template":"","meta":{"jetpack_post_was_ever_published":false,"footnotes":""},"class_list":["post-13900","page","type-page","status-publish","hentry","post-seq-1","post-parity-odd","meta-position-corners","fix"],"yoast_head":"<!-- This site is optimized with the Yoast SEO plugin v22.0 - https:\/\/yoast.com\/wordpress\/plugins\/seo\/ -->\n<title>6.2 Jugando una Bola desde el \u00c1rea de Salida - SoloReglasGolf<\/title>\n<meta name=\"robots\" content=\"index, follow, max-snippet:-1, max-image-preview:large, max-video-preview:-1\" \/>\n<link rel=\"canonical\" href=\"http:\/\/soloreglasgolf.com\/WordPress3\/reglas-2019\/ii-jugando-vuelta-y-hoyo\/regla-06\/6-2-jugando-una-bola-desde-el-area-de-salida\/\" \/>\n<meta name=\"twitter:label1\" content=\"Tiempo de lectura\" \/>\n\t<meta name=\"twitter:data1\" content=\"4 minutos\" \/>\n<script type=\"application\/ld+json\" class=\"yoast-schema-graph\">{\"@context\":\"https:\/\/schema.org\",\"@graph\":[{\"@type\":\"WebPage\",\"@id\":\"http:\/\/soloreglasgolf.com\/WordPress3\/reglas-2019\/ii-jugando-vuelta-y-hoyo\/regla-06\/6-2-jugando-una-bola-desde-el-area-de-salida\/\",\"url\":\"http:\/\/soloreglasgolf.com\/WordPress3\/reglas-2019\/ii-jugando-vuelta-y-hoyo\/regla-06\/6-2-jugando-una-bola-desde-el-area-de-salida\/\",\"name\":\"6.2 Jugando una Bola desde el \u00c1rea de Salida - SoloReglasGolf\",\"isPartOf\":{\"@id\":\"http:\/\/soloreglasgolf.com\/WordPress3\/#website\"},\"datePublished\":\"2018-04-10T18:09:57+00:00\",\"dateModified\":\"2021-05-05T15:17:17+00:00\",\"breadcrumb\":{\"@id\":\"http:\/\/soloreglasgolf.com\/WordPress3\/reglas-2019\/ii-jugando-vuelta-y-hoyo\/regla-06\/6-2-jugando-una-bola-desde-el-area-de-salida\/#breadcrumb\"},\"inLanguage\":\"es\",\"potentialAction\":[{\"@type\":\"ReadAction\",\"target\":[\"http:\/\/soloreglasgolf.com\/WordPress3\/reglas-2019\/ii-jugando-vuelta-y-hoyo\/regla-06\/6-2-jugando-una-bola-desde-el-area-de-salida\/\"]}]},{\"@type\":\"BreadcrumbList\",\"@id\":\"http:\/\/soloreglasgolf.com\/WordPress3\/reglas-2019\/ii-jugando-vuelta-y-hoyo\/regla-06\/6-2-jugando-una-bola-desde-el-area-de-salida\/#breadcrumb\",\"itemListElement\":[{\"@type\":\"ListItem\",\"position\":1,\"name\":\"Portada\",\"item\":\"http:\/\/soloreglasgolf.com\/WordPress3\/\"},{\"@type\":\"ListItem\",\"position\":2,\"name\":\"Reglas 2019\",\"item\":\"http:\/\/soloreglasgolf.com\/WordPress3\/reglas-2019\/\"},{\"@type\":\"ListItem\",\"position\":3,\"name\":\"II. Jugando Vuelta y Hoyo\",\"item\":\"http:\/\/soloreglasgolf.com\/WordPress3\/reglas-2019\/ii-jugando-vuelta-y-hoyo\/\"},{\"@type\":\"ListItem\",\"position\":4,\"name\":\"Regla 6 \u2013 Jugar un Hoyo\",\"item\":\"http:\/\/soloreglasgolf.com\/WordPress3\/reglas-2019\/ii-jugando-vuelta-y-hoyo\/regla-06\/\"},{\"@type\":\"ListItem\",\"position\":5,\"name\":\"6.2 Jugando una Bola desde el \u00c1rea de Salida\"}]},{\"@type\":\"WebSite\",\"@id\":\"http:\/\/soloreglasgolf.com\/WordPress3\/#website\",\"url\":\"http:\/\/soloreglasgolf.com\/WordPress3\/\",\"name\":\"SoloReglasGolf\",\"description\":\"Conversando sobre  Reglas de Golf\",\"potentialAction\":[{\"@type\":\"SearchAction\",\"target\":{\"@type\":\"EntryPoint\",\"urlTemplate\":\"http:\/\/soloreglasgolf.com\/WordPress3\/?s={search_term_string}\"},\"query-input\":\"required name=search_term_string\"}],\"inLanguage\":\"es\"}]}<\/script>\n<!-- \/ Yoast SEO plugin. -->","yoast_head_json":{"title":"6.2 Jugando una Bola desde el \u00c1rea de Salida - SoloReglasGolf","robots":{"index":"index","follow":"follow","max-snippet":"max-snippet:-1","max-image-preview":"max-image-preview:large","max-video-preview":"max-video-preview:-1"},"canonical":"http:\/\/soloreglasgolf.com\/WordPress3\/reglas-2019\/ii-jugando-vuelta-y-hoyo\/regla-06\/6-2-jugando-una-bola-desde-el-area-de-salida\/","twitter_misc":{"Tiempo de lectura":"4 minutos"},"schema":{"@context":"https:\/\/schema.org","@graph":[{"@type":"WebPage","@id":"http:\/\/soloreglasgolf.com\/WordPress3\/reglas-2019\/ii-jugando-vuelta-y-hoyo\/regla-06\/6-2-jugando-una-bola-desde-el-area-de-salida\/","url":"http:\/\/soloreglasgolf.com\/WordPress3\/reglas-2019\/ii-jugando-vuelta-y-hoyo\/regla-06\/6-2-jugando-una-bola-desde-el-area-de-salida\/","name":"6.2 Jugando una Bola desde el \u00c1rea de Salida - SoloReglasGolf","isPartOf":{"@id":"http:\/\/soloreglasgolf.com\/WordPress3\/#website"},"datePublished":"2018-04-10T18:09:57+00:00","dateModified":"2021-05-05T15:17:17+00:00","breadcrumb":{"@id":"http:\/\/soloreglasgolf.com\/WordPress3\/reglas-2019\/ii-jugando-vuelta-y-hoyo\/regla-06\/6-2-jugando-una-bola-desde-el-area-de-salida\/#breadcrumb"},"inLanguage":"es","potentialAction":[{"@type":"ReadAction","target":["http:\/\/soloreglasgolf.com\/WordPress3\/reglas-2019\/ii-jugando-vuelta-y-hoyo\/regla-06\/6-2-jugando-una-bola-desde-el-area-de-salida\/"]}]},{"@type":"BreadcrumbList","@id":"http:\/\/soloreglasgolf.com\/WordPress3\/reglas-2019\/ii-jugando-vuelta-y-hoyo\/regla-06\/6-2-jugando-una-bola-desde-el-area-de-salida\/#breadcrumb","itemListElement":[{"@type":"ListItem","position":1,"name":"Portada","item":"http:\/\/soloreglasgolf.com\/WordPress3\/"},{"@type":"ListItem","position":2,"name":"Reglas 2019","item":"http:\/\/soloreglasgolf.com\/WordPress3\/reglas-2019\/"},{"@type":"ListItem","position":3,"name":"II. Jugando Vuelta y Hoyo","item":"http:\/\/soloreglasgolf.com\/WordPress3\/reglas-2019\/ii-jugando-vuelta-y-hoyo\/"},{"@type":"ListItem","position":4,"name":"Regla 6 \u2013 Jugar un Hoyo","item":"http:\/\/soloreglasgolf.com\/WordPress3\/reglas-2019\/ii-jugando-vuelta-y-hoyo\/regla-06\/"},{"@type":"ListItem","position":5,"name":"6.2 Jugando una Bola desde el \u00c1rea de Salida"}]},{"@type":"WebSite","@id":"http:\/\/soloreglasgolf.com\/WordPress3\/#website","url":"http:\/\/soloreglasgolf.com\/WordPress3\/","name":"SoloReglasGolf","description":"Conversando sobre  Reglas de Golf","potentialAction":[{"@type":"SearchAction","target":{"@type":"EntryPoint","urlTemplate":"http:\/\/soloreglasgolf.com\/WordPress3\/?s={search_term_string}"},"query-input":"required name=search_term_string"}],"inLanguage":"es"}]}},"jetpack_sharing_enabled":true,"jetpack_shortlink":"https:\/\/wp.me\/P36cD2-3Cc","_links":{"self":[{"href":"http:\/\/soloreglasgolf.com\/WordPress3\/wp-json\/wp\/v2\/pages\/13900","targetHints":{"allow":["GET"]}}],"collection":[{"href":"http:\/\/soloreglasgolf.com\/WordPress3\/wp-json\/wp\/v2\/pages"}],"about":[{"href":"http:\/\/soloreglasgolf.com\/WordPress3\/wp-json\/wp\/v2\/types\/page"}],"author":[{"embeddable":true,"href":"http:\/\/soloreglasgolf.com\/WordPress3\/wp-json\/wp\/v2\/users\/28"}],"replies":[{"embeddable":true,"href":"http:\/\/soloreglasgolf.com\/WordPress3\/wp-json\/wp\/v2\/comments?post=13900"}],"version-history":[{"count":7,"href":"http:\/\/soloreglasgolf.com\/WordPress3\/wp-json\/wp\/v2\/pages\/13900\/revisions"}],"predecessor-version":[{"id":44013,"href":"http:\/\/soloreglasgolf.com\/WordPress3\/wp-json\/wp\/v2\/pages\/13900\/revisions\/44013"}],"up":[{"embeddable":true,"href":"http:\/\/soloreglasgolf.com\/WordPress3\/wp-json\/wp\/v2\/pages\/13273"}],"wp:attachment":[{"href":"http:\/\/soloreglasgolf.com\/WordPress3\/wp-json\/wp\/v2\/media?parent=13900"}],"curies":[{"name":"wp","href":"https:\/\/api.w.org\/{rel}","templated":true}]}}