{"id":13895,"date":"2018-04-10T20:06:26","date_gmt":"2018-04-10T18:06:26","guid":{"rendered":"http:\/\/soloreglasgolf.com\/WordPress3\/?page_id=13895"},"modified":"2021-04-29T22:09:19","modified_gmt":"2021-04-29T20:09:19","slug":"bola-usada-juego-hoyo","status":"publish","type":"page","link":"http:\/\/soloreglasgolf.com\/WordPress3\/reglas-2019\/ii-jugando-vuelta-y-hoyo\/regla-06\/bola-usada-juego-hoyo\/","title":{"rendered":"6.3 Bola Usada en el Juego del Hoyo"},"content":{"rendered":"<p>Prop\u00f3sito: Un hoyo se juega con una serie de golpes desde el \u00e1rea de salida hasta el green y hacia adentro del hoyo. Despu\u00e9s de comenzar el hoyo, el jugador tiene que completarlo normalmente con la misma bola. El jugador incurre en penalizaci\u00f3n por jugar una bola equivocada o una bola sustituta cuando la sustituci\u00f3n no est\u00e1 permitida por las Reglas.<\/p>\n<p><strong>a. Embocando con la Misma Bola Jugada desde el \u00c1rea de Salida<\/strong><br \/>\nUn jugador puede jugar cualquier bola conforme al comenzar el hoyo desde el \u00e1rea de salida y puede cambiarla entre dos hoyos.<br \/>\nEl jugador debe embocar con la misma bola jugada desde el \u00e1rea de salida, excepto cuando:<br \/>\n\uf0b7 La bola se pierde o va a reposar fuera de l\u00edmites, o<br \/>\n\uf0b7 El jugador sustituye la bola (est\u00e9 permitida o no la sustituci\u00f3n).<br \/>\nEl jugador deber\u00eda poner una marca que identifique la bola con la que va a jugar (ver la Regla 7.2).<br \/>\nb. Sustituci\u00f3n de la Bola Durante el Juego del Hoyo<br \/>\n(1) Cu\u00e1ndo un Jugador tiene Permitido o Prohibido Sustituir su Bola en Juego. Ciertas Reglas permiten al jugador cambiar la bola que est\u00e1 usando para jugar un hoyo por una bola sustituta que se convierte en la bola en juego, otras Reglas no lo permiten:<br \/>\n\uf0b7 Cuando toma alivio bajo una Regla, incluyendo cuando dropa una bola o coloca una bola (como cuando una bola no permanecer\u00e1 en el \u00e1rea de alivio o cuando se alivia en el green), el jugador puede usar la bola original u otra bola (Regla 14.3a).<br \/>\n\uf0b7 Cuando se juega desde donde se ejecut\u00f3 el golpe anterior, el jugador puede usar la bola original u otra bola (Regla 14.6), y<br \/>\n\uf0b7 Cuando se repone una bola en un punto, el jugador no est\u00e1 autorizado a sustituir la bola y debe usar la original, con ciertas excepciones (Regla 14.2a).<\/p>\n<p>(2) La Bola Sustituta se Convierte en la Bola en Juego. Cuando un jugador sustituye la bola en juego por otra bola (ver Regla 14.4):<br \/>\n\uf0b7 La bola original deja de estar en juego, incluso si reposa en el campo.<br \/>\n\uf0b7 Esto es cierto, incluso si el jugador:<br \/>\n\uf0d8 Sustituy\u00f3 la bola original cuando no estaba permitido por las Reglas (sea conocedor o no el jugador de que estaba sustituyendo la bola original), o<br \/>\n\uf0d8 Repuso, drop\u00f3 o coloc\u00f3 la bola sustituta: (1) en un lugar equivocado, (2) de manera incorrecta o (3) al usar un procedimiento equivocado.<br \/>\n\uf0b7 Para ver como corregir cualquier error antes de jugar la bola sustituta, ver Regla 14.5.<br \/>\nSi la bola original no se ha encontrado y el jugador ha puesto otra bola en juego al tomar alivio por golpe y distancia (ver Reglas 17.1d, 18.1, 18.2b y 19.2a) o seg\u00fan lo permitido por una Regla que se aplica cuando es conocido o virtualmente cierto lo que le ocurri\u00f3 a la bola (ver Reglas 6.3c, 9.6, 11.2c, 15.2b, 16.1e y 17.1c):<br \/>\n\uf0b7 El jugador debe continuar jugando con la bola sustituta, y<br \/>\n\uf0b7 El jugador no debe jugar la bola original, incluso si se encuentra en el campo antes de los tres minutos permitidos para su b\u00fasqueda (ver Regla 18.2a (1)).<\/p>\n<p>(3) Ejecutando un Golpe a Una Bola Incorrectamente Sustituta. Si un jugador ejecuta un golpe a una bola incorrectamente sustituta:<br \/>\n\uf0b7 El jugador incurre en la penalizaci\u00f3n general.<br \/>\n\uf0b7 En stroke play (Juego por golpes) el jugador debe jugar el hoyo con la bola incorrectamente sustituta.<br \/>\nSi existen m\u00faltiples infracciones como resultado de un solo acto o actos relacionados, ver Regla 1.3c (4).<\/p>\n<p><strong>c. Bola Equivocada<\/strong><br \/>\n(1) Ejecutando un Golpe a una Bola Equivocada. Un jugador no debe ejecutar un golpe a una bola equivocada.<br \/>\nExcepci\u00f3n \u2013 Bola Movi\u00e9ndose en el Agua: No hay penalizaci\u00f3n si un jugador ejecuta un golpe a una bola equivocada que est\u00e1 movi\u00e9ndose en el agua, dentro de un \u00e1rea de penalizaci\u00f3n o agua temporal:<br \/>\n\u2022 El golpe no cuenta, y<br \/>\n\u2022 El jugador debe corregir el error de acuerdo con las Reglas, jugando la bola correcta desde su punto de reposo original o tomando alivio bajo las Reglas.<br \/>\nPenalizaci\u00f3n por Jugar Bola Equivocada Infringiendo la Regla 6.3c (1): Penalizaci\u00f3n General.<br \/>\nEn match play (juego por hoyos):<br \/>\n\u2022 Si el jugador y el contrario juegan cada uno la bola del otro durante un hoyo, el primero que haya jugado la bola equivocada incurre en la penalizaci\u00f3n general (p\u00e9rdida del hoyo).<br \/>\n\u2022 Si no se sabe qu\u00e9 bola equivocada se jug\u00f3 primero, no hay penalizaci\u00f3n y el hoyo se completa con las bolas intercambiadas.<br \/>\nEn stroke play (juego por golpes), el jugador debe corregir el error continuando con la bola original, jug\u00e1ndola como reposa o tomando alivio bajo las Reglas:<br \/>\n\uf0b7 El golpe jugado con la bola equivocada y cualquier otro efectuado antes de que el error sea corregido (incluyendo los golpes efectuados y cualquier golpe de penalizaci\u00f3n cometido s\u00f3lo por jugar esa bola) no cuentan.<br \/>\n\uf0b7 Si el jugador no corrige el error antes de efectuar un golpe para comenzar otro hoyo o si se trata del \u00faltimo hoyo de la vuelta, antes de entregar su tarjeta de resultados, el jugador est\u00e1 descalificado.<br \/>\n(2) C\u00f3mo Proceder Cuando la Bola del Jugador Fue Jugada por Otro Jugador como Bola Equivocada. Si es conocido o virtualmente cierto que la bola del jugador fue jugada por otro jugador como bola equivocada, el jugador debe reponer la bola original u otra bola en su punto de reposo original (si no se conoce se estima) (ver Regla 14.2).<br \/>\nEsto se aplica, se haya encontrado o no la bola original.<\/p>\n<p><strong>d. Cu\u00e1ndo Un Jugador Puede Jugar M\u00e1s de Una Bola a la Vez<\/strong><br \/>\nUn jugador puede jugar m\u00e1s de una bola a la vez en un hoyo s\u00f3lo cuando:<br \/>\n\uf0b7 Juega una bola provisional (que se convertir\u00e1 en bola en juego o ser\u00e1 abandonada, como se contempla en la Regla 18.3c) o<br \/>\n\uf0b7 Juega dos bolas en stroke play (juego por golpes) para corregir una posible grave infracci\u00f3n, al haber jugado desde lugar equivocado (ver Regla 14.7b) o cuando no est\u00e1 seguro sobre el procedimiento a seguir (ver Regla 20.1c (3)).<\/p>\n<p>&nbsp;<\/p>\n<div class=\"g g-2\"><div class=\"g-single a-19\"><script type=\"text\/javascript\"><!--\r\ngoogle_ad_client = \"ca-pub-2363348512557029\";\r\n\/* Blog pagina-post *\/\r\ngoogle_ad_slot = \"1564877784\";\r\ngoogle_ad_width = 728;\r\ngoogle_ad_height = 90;\r\n\/\/-->\r\n<\/script>\r\n<script type=\"text\/javascript\"\r\nsrc=\"http:\/\/pagead2.googlesyndication.com\/pagead\/show_ads.js\">\r\n<\/script><\/div><\/div>\n","protected":false},"excerpt":{"rendered":"<p>Prop\u00f3sito: Un hoyo se juega con una serie de golpes desde el \u00e1rea de salida hasta el green y hacia adentro del hoyo. Despu\u00e9s de comenzar el hoyo, el jugador tiene que completarlo normalmente con la misma bola. El jugador incurre en penalizaci\u00f3n por jugar una bola equivocada o una bola sustituta cuando la sustituci\u00f3n <a href='http:\/\/soloreglasgolf.com\/WordPress3\/reglas-2019\/ii-jugando-vuelta-y-hoyo\/regla-06\/bola-usada-juego-hoyo\/' class='excerpt-more'>[Leer + &#8230;]<\/a><\/p>\n","protected":false},"author":28,"featured_media":0,"parent":13273,"menu_order":0,"comment_status":"closed","ping_status":"closed","template":"","meta":{"jetpack_post_was_ever_published":false,"footnotes":""},"class_list":["post-13895","page","type-page","status-publish","hentry","post-seq-1","post-parity-odd","meta-position-corners","fix"],"yoast_head":"<!-- This site is optimized with the Yoast SEO plugin v22.0 - https:\/\/yoast.com\/wordpress\/plugins\/seo\/ -->\n<title>6.3 Bola Usada en el Juego del Hoyo - SoloReglasGolf<\/title>\n<meta name=\"robots\" content=\"index, follow, max-snippet:-1, max-image-preview:large, max-video-preview:-1\" \/>\n<link rel=\"canonical\" href=\"http:\/\/soloreglasgolf.com\/WordPress3\/reglas-2019\/ii-jugando-vuelta-y-hoyo\/regla-06\/bola-usada-juego-hoyo\/\" \/>\n<meta name=\"twitter:label1\" content=\"Tiempo de lectura\" \/>\n\t<meta name=\"twitter:data1\" content=\"5 minutos\" \/>\n<script type=\"application\/ld+json\" class=\"yoast-schema-graph\">{\"@context\":\"https:\/\/schema.org\",\"@graph\":[{\"@type\":\"WebPage\",\"@id\":\"http:\/\/soloreglasgolf.com\/WordPress3\/reglas-2019\/ii-jugando-vuelta-y-hoyo\/regla-06\/bola-usada-juego-hoyo\/\",\"url\":\"http:\/\/soloreglasgolf.com\/WordPress3\/reglas-2019\/ii-jugando-vuelta-y-hoyo\/regla-06\/bola-usada-juego-hoyo\/\",\"name\":\"6.3 Bola Usada en el Juego del Hoyo - SoloReglasGolf\",\"isPartOf\":{\"@id\":\"http:\/\/soloreglasgolf.com\/WordPress3\/#website\"},\"datePublished\":\"2018-04-10T18:06:26+00:00\",\"dateModified\":\"2021-04-29T20:09:19+00:00\",\"breadcrumb\":{\"@id\":\"http:\/\/soloreglasgolf.com\/WordPress3\/reglas-2019\/ii-jugando-vuelta-y-hoyo\/regla-06\/bola-usada-juego-hoyo\/#breadcrumb\"},\"inLanguage\":\"es\",\"potentialAction\":[{\"@type\":\"ReadAction\",\"target\":[\"http:\/\/soloreglasgolf.com\/WordPress3\/reglas-2019\/ii-jugando-vuelta-y-hoyo\/regla-06\/bola-usada-juego-hoyo\/\"]}]},{\"@type\":\"BreadcrumbList\",\"@id\":\"http:\/\/soloreglasgolf.com\/WordPress3\/reglas-2019\/ii-jugando-vuelta-y-hoyo\/regla-06\/bola-usada-juego-hoyo\/#breadcrumb\",\"itemListElement\":[{\"@type\":\"ListItem\",\"position\":1,\"name\":\"Portada\",\"item\":\"http:\/\/soloreglasgolf.com\/WordPress3\/\"},{\"@type\":\"ListItem\",\"position\":2,\"name\":\"Reglas 2019\",\"item\":\"http:\/\/soloreglasgolf.com\/WordPress3\/reglas-2019\/\"},{\"@type\":\"ListItem\",\"position\":3,\"name\":\"II. Jugando Vuelta y Hoyo\",\"item\":\"http:\/\/soloreglasgolf.com\/WordPress3\/reglas-2019\/ii-jugando-vuelta-y-hoyo\/\"},{\"@type\":\"ListItem\",\"position\":4,\"name\":\"Regla 6 \u2013 Jugar un Hoyo\",\"item\":\"http:\/\/soloreglasgolf.com\/WordPress3\/reglas-2019\/ii-jugando-vuelta-y-hoyo\/regla-06\/\"},{\"@type\":\"ListItem\",\"position\":5,\"name\":\"6.3 Bola Usada en el Juego del Hoyo\"}]},{\"@type\":\"WebSite\",\"@id\":\"http:\/\/soloreglasgolf.com\/WordPress3\/#website\",\"url\":\"http:\/\/soloreglasgolf.com\/WordPress3\/\",\"name\":\"SoloReglasGolf\",\"description\":\"Conversando sobre  Reglas de Golf\",\"potentialAction\":[{\"@type\":\"SearchAction\",\"target\":{\"@type\":\"EntryPoint\",\"urlTemplate\":\"http:\/\/soloreglasgolf.com\/WordPress3\/?s={search_term_string}\"},\"query-input\":\"required name=search_term_string\"}],\"inLanguage\":\"es\"}]}<\/script>\n<!-- \/ Yoast SEO plugin. -->","yoast_head_json":{"title":"6.3 Bola Usada en el Juego del Hoyo - SoloReglasGolf","robots":{"index":"index","follow":"follow","max-snippet":"max-snippet:-1","max-image-preview":"max-image-preview:large","max-video-preview":"max-video-preview:-1"},"canonical":"http:\/\/soloreglasgolf.com\/WordPress3\/reglas-2019\/ii-jugando-vuelta-y-hoyo\/regla-06\/bola-usada-juego-hoyo\/","twitter_misc":{"Tiempo de lectura":"5 minutos"},"schema":{"@context":"https:\/\/schema.org","@graph":[{"@type":"WebPage","@id":"http:\/\/soloreglasgolf.com\/WordPress3\/reglas-2019\/ii-jugando-vuelta-y-hoyo\/regla-06\/bola-usada-juego-hoyo\/","url":"http:\/\/soloreglasgolf.com\/WordPress3\/reglas-2019\/ii-jugando-vuelta-y-hoyo\/regla-06\/bola-usada-juego-hoyo\/","name":"6.3 Bola Usada en el Juego del Hoyo - SoloReglasGolf","isPartOf":{"@id":"http:\/\/soloreglasgolf.com\/WordPress3\/#website"},"datePublished":"2018-04-10T18:06:26+00:00","dateModified":"2021-04-29T20:09:19+00:00","breadcrumb":{"@id":"http:\/\/soloreglasgolf.com\/WordPress3\/reglas-2019\/ii-jugando-vuelta-y-hoyo\/regla-06\/bola-usada-juego-hoyo\/#breadcrumb"},"inLanguage":"es","potentialAction":[{"@type":"ReadAction","target":["http:\/\/soloreglasgolf.com\/WordPress3\/reglas-2019\/ii-jugando-vuelta-y-hoyo\/regla-06\/bola-usada-juego-hoyo\/"]}]},{"@type":"BreadcrumbList","@id":"http:\/\/soloreglasgolf.com\/WordPress3\/reglas-2019\/ii-jugando-vuelta-y-hoyo\/regla-06\/bola-usada-juego-hoyo\/#breadcrumb","itemListElement":[{"@type":"ListItem","position":1,"name":"Portada","item":"http:\/\/soloreglasgolf.com\/WordPress3\/"},{"@type":"ListItem","position":2,"name":"Reglas 2019","item":"http:\/\/soloreglasgolf.com\/WordPress3\/reglas-2019\/"},{"@type":"ListItem","position":3,"name":"II. Jugando Vuelta y Hoyo","item":"http:\/\/soloreglasgolf.com\/WordPress3\/reglas-2019\/ii-jugando-vuelta-y-hoyo\/"},{"@type":"ListItem","position":4,"name":"Regla 6 \u2013 Jugar un Hoyo","item":"http:\/\/soloreglasgolf.com\/WordPress3\/reglas-2019\/ii-jugando-vuelta-y-hoyo\/regla-06\/"},{"@type":"ListItem","position":5,"name":"6.3 Bola Usada en el Juego del Hoyo"}]},{"@type":"WebSite","@id":"http:\/\/soloreglasgolf.com\/WordPress3\/#website","url":"http:\/\/soloreglasgolf.com\/WordPress3\/","name":"SoloReglasGolf","description":"Conversando sobre  Reglas de Golf","potentialAction":[{"@type":"SearchAction","target":{"@type":"EntryPoint","urlTemplate":"http:\/\/soloreglasgolf.com\/WordPress3\/?s={search_term_string}"},"query-input":"required name=search_term_string"}],"inLanguage":"es"}]}},"jetpack_sharing_enabled":true,"jetpack_shortlink":"https:\/\/wp.me\/P36cD2-3C7","_links":{"self":[{"href":"http:\/\/soloreglasgolf.com\/WordPress3\/wp-json\/wp\/v2\/pages\/13895","targetHints":{"allow":["GET"]}}],"collection":[{"href":"http:\/\/soloreglasgolf.com\/WordPress3\/wp-json\/wp\/v2\/pages"}],"about":[{"href":"http:\/\/soloreglasgolf.com\/WordPress3\/wp-json\/wp\/v2\/types\/page"}],"author":[{"embeddable":true,"href":"http:\/\/soloreglasgolf.com\/WordPress3\/wp-json\/wp\/v2\/users\/28"}],"replies":[{"embeddable":true,"href":"http:\/\/soloreglasgolf.com\/WordPress3\/wp-json\/wp\/v2\/comments?post=13895"}],"version-history":[{"count":3,"href":"http:\/\/soloreglasgolf.com\/WordPress3\/wp-json\/wp\/v2\/pages\/13895\/revisions"}],"predecessor-version":[{"id":43787,"href":"http:\/\/soloreglasgolf.com\/WordPress3\/wp-json\/wp\/v2\/pages\/13895\/revisions\/43787"}],"up":[{"embeddable":true,"href":"http:\/\/soloreglasgolf.com\/WordPress3\/wp-json\/wp\/v2\/pages\/13273"}],"wp:attachment":[{"href":"http:\/\/soloreglasgolf.com\/WordPress3\/wp-json\/wp\/v2\/media?parent=13895"}],"curies":[{"name":"wp","href":"https:\/\/api.w.org\/{rel}","templated":true}]}}