{"id":13892,"date":"2018-04-10T20:02:59","date_gmt":"2018-04-10T18:02:59","guid":{"rendered":"http:\/\/soloreglasgolf.com\/WordPress3\/?page_id=13892"},"modified":"2021-05-04T00:18:00","modified_gmt":"2021-05-03T22:18:00","slug":"6-4-orden-de-juego-durante-el-juego-del-hoyo","status":"publish","type":"page","link":"http:\/\/soloreglasgolf.com\/WordPress3\/reglas-2019\/ii-jugando-vuelta-y-hoyo\/regla-06\/6-4-orden-de-juego-durante-el-juego-del-hoyo\/","title":{"rendered":"6.4 Orden de Juego Durante el Juego del Hoyo"},"content":{"rendered":"<p><strong>Prop\u00f3sito:<\/strong> La Regla 6.4 describe el orden de juego durante todo el hoyo. El orden de juego desde el \u00e1rea de salida depende de qui\u00e9n tiene el honor y, despu\u00e9s de eso, se basa en quien tiene la bola m\u00e1s lejos del hoyo.<\/p>\n<ul>\n<li>\u00a0En match play (juego por hoyos) el orden de juego es fundamental; <strong>si un jugador juega fuera de turno, su contrario puede cancelar el golpe y obligar al jugador a jugar de nuevo<\/strong>.<\/li>\n<li>En stroke play (juego por golpes), no hay penalizaci\u00f3n por jugar fuera de turno y s<strong>e recomienda a los jugadores a jugar el \u201cready golf\u201d o \u201clistos para jugar\u201d &#8211; es decir jugar fuera de turno, de una manera segura y responsable.<\/strong><\/li>\n<\/ul>\n<p><strong>a. Match Play (Juego por Hoyos)<\/strong><\/p>\n<p>(1) Orden de Juego. El jugador y el contrario deber\u00e1n jugar en este orden:<\/p>\n<ul>\n<li>Comenzando el primer hoyo. En el primer hoyo, el honor se decide por el horario de salidas establecido por el Comit\u00e9 o, si no hay horario establecido, por acuerdo o usando un m\u00e9todo aleatorio (como lanzando una moneda).<\/li>\n<li>Comenzando Otros Hoyos.\n<ul>\n<li>El jugador que gana un hoyo tiene el honor en la siguiente \u00e1rea de salida.<\/li>\n<li>Si el hoyo se ha empatado, el jugador que ten\u00eda el honor lo mantiene.<\/li>\n<li>Si un jugador solicita una decisi\u00f3n dentro de los m\u00e1rgenes de tiempo (ver Regla 20.1b), que a\u00fan no ha sido resuelta por el Comit\u00e9 y que podr\u00eda afectar a qui\u00e9n tiene el honor en el siguiente hoyo, el honor se decide por acuerdo o usando un m\u00e9todo aleatorio.<\/li>\n<\/ul>\n<\/li>\n<li>\u00a0Despu\u00e9s de que Ambos Jugadores Hayan Comenzado el Hoyo:\n<ul>\n<li>La <strong>bola que m\u00e1s lejos<\/strong> est\u00e9 del hoyo se juega primero.<\/li>\n<li>Si las bolas est\u00e1n equidistantes o no se conocen sus distancias al hoyo, se decide por acuerdo o usando un m\u00e9todo aleatorio.<\/li>\n<\/ul>\n<\/li>\n<\/ul>\n<p>(2) <strong>El Contrario Puede Cancelar el Golpe del Jugador por Jugar Fuera de Turno:<\/strong> Si el jugador juega cuando era el turno del contrario, no hay penalizaci\u00f3n, pero el contrario puede cancelar el golpe.<\/p>\n<ul>\n<li>Esto ha de hacerse inmediatamente y antes de que ninguno de los dos jugadores juegue otro golpe. Cuando el contrario cancela el golpe, la <strong>cancelaci\u00f3n no puede ser retirada<\/strong>.<\/li>\n<li>Si el contrario cancela el golpe, el jugador deber\u00e1, cuando sea su turno, jugar una bola desde donde se ejecut\u00f3 ese golpe (ver Regla 14.6).<\/li>\n<li>Si el contrario no cancela el golpe, el golpe cuenta, la bola est\u00e1 en juego y debe jugarse como reposa.<\/li>\n<\/ul>\n<p>Excepci\u00f3n \u2013 Jugando Fuera de Turno por Acuerdo para Ahorrar Tiempo: Para ahorrar tiempo:<\/p>\n<ul>\n<li>El jugador puede invitar a su contrario a jugar fuera de turno o puede aceptar la solicitud del jugador de jugar fuera de turno.<\/li>\n<li>Si el contrario entonces juega fuera de turno, el jugador pierde el derecho de cancelar el golpe.<br \/>\nV\u00e9ase Regla 23.6 (orden de juego en Four-Ball)<\/li>\n<\/ul>\n<p><strong>b. Stroke Play (Juego por Golpes)<\/strong><br \/>\n(1) Orden de Juego Normal.<\/p>\n<ul>\n<li>Al Comenzar el Primer Hoyo. En el primer \u00e1rea de salida, el honor se decide por el horario de salidas establecido por el Comit\u00e9 o, si no hay horario de salidas, por acuerdo o usando un m\u00e9todo aleatorio (por ejemplo, lanzando una moneda).<\/li>\n<li>Al Comenzar Los Dem\u00e1s Hoyos.<br \/>\nEl jugador del grupo con el <strong>resultado gross (bruto) m\u00e1s bajo en un hoyo tiene el honor en el \u00e1rea de salida siguiente<\/strong>; el jugador con el segundo resultado gross (bruto) m\u00e1s bajo deber\u00eda jugar a continuaci\u00f3n y as\u00ed sucesivamente.<\/li>\n<li>Si dos o m\u00e1s jugadores tienen el mismo resultado en un hoyo, deber\u00edan jugar en el mismo orden que jugaron desde el \u00e1rea de salida anterior.<\/li>\n<li>El <strong>honor est\u00e1 basado en el resultado gross (bruto), incluso en una competici\u00f3n con h\u00e1ndicap<\/strong>.<\/li>\n<li>Despu\u00e9s de que Todos los Jugadores Hayan Comenzado el Hoyo:\n<ul>\n<li>La bola que m\u00e1s lejos est\u00e9 del hoyo deber\u00eda jugarse primero.<\/li>\n<li>Si dos o m\u00e1s bolas est\u00e1n equidistantes al hoyo o no se conocen sus distancias relativas al hoyo, la siguiente bola a jugar se deber\u00eda decidir por acuerdo o por un m\u00e9todo aleatorio.<br \/>\nNo hay penalizaci\u00f3n si un jugador juega fuera de turno, excepto que si dos o m\u00e1s jugadores se ponen de acuerdo para jugar fuera de turno y as\u00ed obtener ventaja uno de ellos, cada uno incurre en la penalizaci\u00f3n general (dos golpes de penalizaci\u00f3n).<\/li>\n<\/ul>\n<\/li>\n<\/ul>\n<p>(2) <strong>Jugando Fuera de Turno de una Manera Segura y Responsable (\u201cReady Golf\u201d o \u201cListos para Jugar\u201d)<\/strong>. <strong>Se permite y se recomienda<\/strong> que los jugadores<strong> jueguen fuera de turno de manera segura y responsable<\/strong>, como cuando:<\/p>\n<ul>\n<li>Dos o m\u00e1s jugadores acuerdan hacerlo por ser beneficioso o para ahorrar tiempo,<\/li>\n<li>La bola de un jugador reposa muy cerca del hoyo y desea embocar, o<\/li>\n<li>Un jugador est\u00e1 preparado y es capaz de jugar antes de que lo haga el jugador al que le toca siguiendo el turno de juego normal, siempre que el jugar fuera de turno no ponga en peligro, distraiga o interfiera a cualquier otro jugador.<\/li>\n<\/ul>\n<p>Pero si el jugador al que le toca jugar seg\u00fan (1) est\u00e1 listo para jugar y manifiesta que quiere jugar primero, los otros jugadores, generalmente, deber\u00edan esperar hasta que ese jugador haya jugado.<br \/>\n<strong>Un jugador no deber\u00eda jugar fuera de turno para obtener una ventaja sobre el resto de jugadores.<\/strong><\/p>\n<p><strong>c. Cuando un Jugador Jugar\u00e1 Bola Provisional u Otra bola desde el \u00c1rea de Salida<\/strong><br \/>\nEn este caso, el orden de juego ser\u00eda que todos los dem\u00e1s jugadores jueguen su primer golpe en el hoyo, antes de que el jugador juegue la bola provisional u otra bola desde el \u00e1rea de salida.<br \/>\nSi m\u00e1s de un jugador va a jugar bola provisional u otra bola desde el \u00e1rea de salida, el orden de juego es igual que el descrito.<br \/>\nPara una bola provisional u otra bola jugada fuera de turno, ver Reglas 6.4a (2) y 6.4b.<\/p>\n<p><strong>d. Cuando el Jugador Toma Alivio o Jugar\u00e1 Bola Provisional en Cualquier Lugar que No Sea el \u00c1rea de Salida<\/strong><br \/>\nEl orden de juego bajo las Reglas 6.4a (1) y 6.4b (1) en estas dos situaciones es:<br \/>\n(1) Alivi\u00e1ndose para Jugar una Bola de un Lugar Diferente a Donde Reposa<br \/>\n\uf0b7 Cuando un Jugador Advierte que las Reglas le Obligan a Aliviarse Bajo Golpe y Distancia. El orden de juego para el jugador se basa en donde se ejecut\u00f3 el golpe anterior.<br \/>\n\uf0b7 Cuando el Jugador Puede Elegir Jugar la Bola como Reposa o Aliviarse.<br \/>\n\uf0d8 El orden de juego del jugador se basa en el punto en el que reposa la bola original (si no se conoce se estima) (ver Regla 14.2).<br \/>\n\uf0d8 Esto se aplica incluso cuando el jugador ya ha decidido tomar alivio bajo golpe y distancia o desde un lugar distinto al que reposa la bola original (como cuando la bola est\u00e1 en un \u00e1rea de penalizaci\u00f3n o ser\u00e1 tratada como injugable).<br \/>\n(2) Jugando Bola Provisional. El orden de juego para el jugador es que juegue la bola provisional inmediatamente despu\u00e9s del golpe anterior y antes de que nadie juegue una bola, excepto:<br \/>\n\uf0b7 Al comenzar un hoyo desde el \u00e1rea de salida (ver Regla 6.4c), o<br \/>\n\uf0b7 Cuando el jugador espera antes de decidir jugar una bola provisional (en este caso el orden de juego, una vez que ha decidido jugar una\u00a0bola provisional, se basa en el punto desde el cual el golpe previo fue efectuado).<\/p>\n<div class=\"g g-2\"><div class=\"g-single a-15\"><script type=\"text\/javascript\"><!--\r\ngoogle_ad_client = \"ca-pub-2363348512557029\";\r\n\/* Blog pagina-post *\/\r\ngoogle_ad_slot = \"1564877784\";\r\ngoogle_ad_width = 728;\r\ngoogle_ad_height = 90;\r\n\/\/-->\r\n<\/script>\r\n<script type=\"text\/javascript\"\r\nsrc=\"http:\/\/pagead2.googlesyndication.com\/pagead\/show_ads.js\">\r\n<\/script><\/div><\/div>\n","protected":false},"excerpt":{"rendered":"<p>Prop\u00f3sito: La Regla 6.4 describe el orden de juego durante todo el hoyo. El orden de juego desde el \u00e1rea de salida depende de qui\u00e9n tiene el honor y, despu\u00e9s de eso, se basa en quien tiene la bola m\u00e1s lejos del hoyo. \u00a0En match play (juego por hoyos) el orden de juego es fundamental; <a href='http:\/\/soloreglasgolf.com\/WordPress3\/reglas-2019\/ii-jugando-vuelta-y-hoyo\/regla-06\/6-4-orden-de-juego-durante-el-juego-del-hoyo\/' class='excerpt-more'>[Leer + &#8230;]<\/a><\/p>\n","protected":false},"author":28,"featured_media":0,"parent":13273,"menu_order":0,"comment_status":"closed","ping_status":"closed","template":"","meta":{"jetpack_post_was_ever_published":false,"footnotes":""},"class_list":["post-13892","page","type-page","status-publish","hentry","post-seq-1","post-parity-odd","meta-position-corners","fix"],"yoast_head":"<!-- This site is optimized with the Yoast SEO plugin v22.0 - https:\/\/yoast.com\/wordpress\/plugins\/seo\/ -->\n<title>6.4 Orden de Juego Durante el Juego del Hoyo - SoloReglasGolf<\/title>\n<meta name=\"robots\" content=\"index, follow, max-snippet:-1, max-image-preview:large, max-video-preview:-1\" \/>\n<link rel=\"canonical\" href=\"http:\/\/soloreglasgolf.com\/WordPress3\/reglas-2019\/ii-jugando-vuelta-y-hoyo\/regla-06\/6-4-orden-de-juego-durante-el-juego-del-hoyo\/\" \/>\n<meta name=\"twitter:label1\" content=\"Tiempo de lectura\" \/>\n\t<meta name=\"twitter:data1\" content=\"6 minutos\" \/>\n<script type=\"application\/ld+json\" class=\"yoast-schema-graph\">{\"@context\":\"https:\/\/schema.org\",\"@graph\":[{\"@type\":\"WebPage\",\"@id\":\"http:\/\/soloreglasgolf.com\/WordPress3\/reglas-2019\/ii-jugando-vuelta-y-hoyo\/regla-06\/6-4-orden-de-juego-durante-el-juego-del-hoyo\/\",\"url\":\"http:\/\/soloreglasgolf.com\/WordPress3\/reglas-2019\/ii-jugando-vuelta-y-hoyo\/regla-06\/6-4-orden-de-juego-durante-el-juego-del-hoyo\/\",\"name\":\"6.4 Orden de Juego Durante el Juego del Hoyo - SoloReglasGolf\",\"isPartOf\":{\"@id\":\"http:\/\/soloreglasgolf.com\/WordPress3\/#website\"},\"datePublished\":\"2018-04-10T18:02:59+00:00\",\"dateModified\":\"2021-05-03T22:18:00+00:00\",\"breadcrumb\":{\"@id\":\"http:\/\/soloreglasgolf.com\/WordPress3\/reglas-2019\/ii-jugando-vuelta-y-hoyo\/regla-06\/6-4-orden-de-juego-durante-el-juego-del-hoyo\/#breadcrumb\"},\"inLanguage\":\"es\",\"potentialAction\":[{\"@type\":\"ReadAction\",\"target\":[\"http:\/\/soloreglasgolf.com\/WordPress3\/reglas-2019\/ii-jugando-vuelta-y-hoyo\/regla-06\/6-4-orden-de-juego-durante-el-juego-del-hoyo\/\"]}]},{\"@type\":\"BreadcrumbList\",\"@id\":\"http:\/\/soloreglasgolf.com\/WordPress3\/reglas-2019\/ii-jugando-vuelta-y-hoyo\/regla-06\/6-4-orden-de-juego-durante-el-juego-del-hoyo\/#breadcrumb\",\"itemListElement\":[{\"@type\":\"ListItem\",\"position\":1,\"name\":\"Portada\",\"item\":\"http:\/\/soloreglasgolf.com\/WordPress3\/\"},{\"@type\":\"ListItem\",\"position\":2,\"name\":\"Reglas 2019\",\"item\":\"http:\/\/soloreglasgolf.com\/WordPress3\/reglas-2019\/\"},{\"@type\":\"ListItem\",\"position\":3,\"name\":\"II. Jugando Vuelta y Hoyo\",\"item\":\"http:\/\/soloreglasgolf.com\/WordPress3\/reglas-2019\/ii-jugando-vuelta-y-hoyo\/\"},{\"@type\":\"ListItem\",\"position\":4,\"name\":\"Regla 6 \u2013 Jugar un Hoyo\",\"item\":\"http:\/\/soloreglasgolf.com\/WordPress3\/reglas-2019\/ii-jugando-vuelta-y-hoyo\/regla-06\/\"},{\"@type\":\"ListItem\",\"position\":5,\"name\":\"6.4 Orden de Juego Durante el Juego del Hoyo\"}]},{\"@type\":\"WebSite\",\"@id\":\"http:\/\/soloreglasgolf.com\/WordPress3\/#website\",\"url\":\"http:\/\/soloreglasgolf.com\/WordPress3\/\",\"name\":\"SoloReglasGolf\",\"description\":\"Conversando sobre  Reglas de Golf\",\"potentialAction\":[{\"@type\":\"SearchAction\",\"target\":{\"@type\":\"EntryPoint\",\"urlTemplate\":\"http:\/\/soloreglasgolf.com\/WordPress3\/?s={search_term_string}\"},\"query-input\":\"required name=search_term_string\"}],\"inLanguage\":\"es\"}]}<\/script>\n<!-- \/ Yoast SEO plugin. -->","yoast_head_json":{"title":"6.4 Orden de Juego Durante el Juego del Hoyo - SoloReglasGolf","robots":{"index":"index","follow":"follow","max-snippet":"max-snippet:-1","max-image-preview":"max-image-preview:large","max-video-preview":"max-video-preview:-1"},"canonical":"http:\/\/soloreglasgolf.com\/WordPress3\/reglas-2019\/ii-jugando-vuelta-y-hoyo\/regla-06\/6-4-orden-de-juego-durante-el-juego-del-hoyo\/","twitter_misc":{"Tiempo de lectura":"6 minutos"},"schema":{"@context":"https:\/\/schema.org","@graph":[{"@type":"WebPage","@id":"http:\/\/soloreglasgolf.com\/WordPress3\/reglas-2019\/ii-jugando-vuelta-y-hoyo\/regla-06\/6-4-orden-de-juego-durante-el-juego-del-hoyo\/","url":"http:\/\/soloreglasgolf.com\/WordPress3\/reglas-2019\/ii-jugando-vuelta-y-hoyo\/regla-06\/6-4-orden-de-juego-durante-el-juego-del-hoyo\/","name":"6.4 Orden de Juego Durante el Juego del Hoyo - SoloReglasGolf","isPartOf":{"@id":"http:\/\/soloreglasgolf.com\/WordPress3\/#website"},"datePublished":"2018-04-10T18:02:59+00:00","dateModified":"2021-05-03T22:18:00+00:00","breadcrumb":{"@id":"http:\/\/soloreglasgolf.com\/WordPress3\/reglas-2019\/ii-jugando-vuelta-y-hoyo\/regla-06\/6-4-orden-de-juego-durante-el-juego-del-hoyo\/#breadcrumb"},"inLanguage":"es","potentialAction":[{"@type":"ReadAction","target":["http:\/\/soloreglasgolf.com\/WordPress3\/reglas-2019\/ii-jugando-vuelta-y-hoyo\/regla-06\/6-4-orden-de-juego-durante-el-juego-del-hoyo\/"]}]},{"@type":"BreadcrumbList","@id":"http:\/\/soloreglasgolf.com\/WordPress3\/reglas-2019\/ii-jugando-vuelta-y-hoyo\/regla-06\/6-4-orden-de-juego-durante-el-juego-del-hoyo\/#breadcrumb","itemListElement":[{"@type":"ListItem","position":1,"name":"Portada","item":"http:\/\/soloreglasgolf.com\/WordPress3\/"},{"@type":"ListItem","position":2,"name":"Reglas 2019","item":"http:\/\/soloreglasgolf.com\/WordPress3\/reglas-2019\/"},{"@type":"ListItem","position":3,"name":"II. Jugando Vuelta y Hoyo","item":"http:\/\/soloreglasgolf.com\/WordPress3\/reglas-2019\/ii-jugando-vuelta-y-hoyo\/"},{"@type":"ListItem","position":4,"name":"Regla 6 \u2013 Jugar un Hoyo","item":"http:\/\/soloreglasgolf.com\/WordPress3\/reglas-2019\/ii-jugando-vuelta-y-hoyo\/regla-06\/"},{"@type":"ListItem","position":5,"name":"6.4 Orden de Juego Durante el Juego del Hoyo"}]},{"@type":"WebSite","@id":"http:\/\/soloreglasgolf.com\/WordPress3\/#website","url":"http:\/\/soloreglasgolf.com\/WordPress3\/","name":"SoloReglasGolf","description":"Conversando sobre  Reglas de Golf","potentialAction":[{"@type":"SearchAction","target":{"@type":"EntryPoint","urlTemplate":"http:\/\/soloreglasgolf.com\/WordPress3\/?s={search_term_string}"},"query-input":"required name=search_term_string"}],"inLanguage":"es"}]}},"jetpack_sharing_enabled":true,"jetpack_shortlink":"https:\/\/wp.me\/P36cD2-3C4","_links":{"self":[{"href":"http:\/\/soloreglasgolf.com\/WordPress3\/wp-json\/wp\/v2\/pages\/13892","targetHints":{"allow":["GET"]}}],"collection":[{"href":"http:\/\/soloreglasgolf.com\/WordPress3\/wp-json\/wp\/v2\/pages"}],"about":[{"href":"http:\/\/soloreglasgolf.com\/WordPress3\/wp-json\/wp\/v2\/types\/page"}],"author":[{"embeddable":true,"href":"http:\/\/soloreglasgolf.com\/WordPress3\/wp-json\/wp\/v2\/users\/28"}],"replies":[{"embeddable":true,"href":"http:\/\/soloreglasgolf.com\/WordPress3\/wp-json\/wp\/v2\/comments?post=13892"}],"version-history":[{"count":5,"href":"http:\/\/soloreglasgolf.com\/WordPress3\/wp-json\/wp\/v2\/pages\/13892\/revisions"}],"predecessor-version":[{"id":43974,"href":"http:\/\/soloreglasgolf.com\/WordPress3\/wp-json\/wp\/v2\/pages\/13892\/revisions\/43974"}],"up":[{"embeddable":true,"href":"http:\/\/soloreglasgolf.com\/WordPress3\/wp-json\/wp\/v2\/pages\/13273"}],"wp:attachment":[{"href":"http:\/\/soloreglasgolf.com\/WordPress3\/wp-json\/wp\/v2\/media?parent=13892"}],"curies":[{"name":"wp","href":"https:\/\/api.w.org\/{rel}","templated":true}]}}