{"id":13821,"date":"2018-04-09T17:50:16","date_gmt":"2018-04-09T15:50:16","guid":{"rendered":"http:\/\/soloreglasgolf.com\/WordPress3\/?page_id=13821"},"modified":"2018-11-15T07:16:29","modified_gmt":"2018-11-15T06:16:29","slug":"15-1-impedimentos-sueltos","status":"publish","type":"page","link":"http:\/\/soloreglasgolf.com\/WordPress3\/reglas-2019\/vi-alivio-sin-penalizacion\/regla-15\/15-1-impedimentos-sueltos\/","title":{"rendered":"15.1 Impedimentos Sueltos"},"content":{"rendered":"<p><strong>a. Quitar Impedimento Suelto<\/strong><br \/>\nSin penalizaci\u00f3n, un jugador puede quitar un impedimento suelto de <strong>cualquier parte dentro o fuera del campo<\/strong> y se puede hacer de cualquier manera (como con la mano, el pie o un palo u otro quipamiento).<\/p>\n<p>Pero hay <strong>dos excepciones<\/strong>:<br \/>\n<strong>Excepci\u00f3n 1<\/strong> \u2013 Quitando Impedimento Suelto Donde Hay que Reponer la Bola: Antes de reponer una bola que ha sido levantada o movida de cualquier sitio excepto en el green:<br \/>\n\u2022 Un jugador no debe quitar deliberadamente un impedimento suelto que, si lo quitase cuando la bola estaba en reposo, probablemente habr\u00eda causado que la bola se moviese.<br \/>\n\u2022 Si lo hace, incurre en un golpe de penalizaci\u00f3n, pero no se necesita reponer el impedimento suelto.<br \/>\nEsta Excepci\u00f3n se aplica durante una vuelta o mientras el juego est\u00e1 interrumpido bajo la Regla 5.7a. No se aplica a un impedimento suelto que se quita como resultado de marcar el punto de reposo de una bola o al levantar, mover o reponer o causar el movimiento de una bola.<\/p>\n<p><strong>Excepci\u00f3n 2<\/strong> \u2013 Restricciones Sobre Quitar Deliberadamente Impedimentos Sueltos para Influir en la Bola en Movimiento (ver Regla 11.3)<\/p>\n<p><strong>b. Bola Movida al Quitar Impedimento Suelto<\/strong><br \/>\nSi al quitar un impedimento suelto un jugador mueve su bola:<br \/>\n&#8211; La bola debe reponerse en su posici\u00f3n original (si no se conoce se estima) (ver Regla 14.2).<br \/>\n&#8211; Si la bola movida estaba en reposo en cualquier sitio excepto en el green (ver Regla 13.1d) o en el \u00e1rea de salida (ver Regla 6.2b (6)), el jugador incurre en un golpe de penalizaci\u00f3n bajo la Regla 9-4b, excepto cuando se aplica la Regla 7.4 (no hay penalizaci\u00f3n para una bola movida durante la b\u00fasqueda) o cuando otra excepci\u00f3n se aplica a la Regla 9.4b.<\/p>\n<div class=\"g g-2\"><div class=\"g-single a-18\"><script type=\"text\/javascript\"><!--\r\ngoogle_ad_client = \"ca-pub-2363348512557029\";\r\n\/* Blog pagina-post *\/\r\ngoogle_ad_slot = \"1564877784\";\r\ngoogle_ad_width = 728;\r\ngoogle_ad_height = 90;\r\n\/\/-->\r\n<\/script>\r\n<script type=\"text\/javascript\"\r\nsrc=\"http:\/\/pagead2.googlesyndication.com\/pagead\/show_ads.js\">\r\n<\/script><\/div><\/div>\n","protected":false},"excerpt":{"rendered":"<p>a. Quitar Impedimento Suelto Sin penalizaci\u00f3n, un jugador puede quitar un impedimento suelto de cualquier parte dentro o fuera del campo y se puede hacer de cualquier manera (como con la mano, el pie o un palo u otro quipamiento). Pero hay dos excepciones: Excepci\u00f3n 1 \u2013 Quitando Impedimento Suelto Donde Hay que Reponer la <a href='http:\/\/soloreglasgolf.com\/WordPress3\/reglas-2019\/vi-alivio-sin-penalizacion\/regla-15\/15-1-impedimentos-sueltos\/' class='excerpt-more'>[Leer + &#8230;]<\/a><\/p>\n","protected":false},"author":28,"featured_media":0,"parent":13292,"menu_order":0,"comment_status":"closed","ping_status":"closed","template":"","meta":{"jetpack_post_was_ever_published":false,"footnotes":""},"class_list":["post-13821","page","type-page","status-publish","hentry","post-seq-1","post-parity-odd","meta-position-corners","fix"],"yoast_head":"<!-- This site is optimized with the Yoast SEO plugin v22.0 - https:\/\/yoast.com\/wordpress\/plugins\/seo\/ -->\n<title>15.1 Impedimentos Sueltos - SoloReglasGolf<\/title>\n<meta name=\"robots\" content=\"index, follow, max-snippet:-1, max-image-preview:large, max-video-preview:-1\" \/>\n<link rel=\"canonical\" href=\"http:\/\/soloreglasgolf.com\/WordPress3\/reglas-2019\/vi-alivio-sin-penalizacion\/regla-15\/15-1-impedimentos-sueltos\/\" \/>\n<meta name=\"twitter:label1\" content=\"Tiempo de lectura\" \/>\n\t<meta name=\"twitter:data1\" content=\"1 minuto\" \/>\n<script type=\"application\/ld+json\" class=\"yoast-schema-graph\">{\"@context\":\"https:\/\/schema.org\",\"@graph\":[{\"@type\":\"WebPage\",\"@id\":\"http:\/\/soloreglasgolf.com\/WordPress3\/reglas-2019\/vi-alivio-sin-penalizacion\/regla-15\/15-1-impedimentos-sueltos\/\",\"url\":\"http:\/\/soloreglasgolf.com\/WordPress3\/reglas-2019\/vi-alivio-sin-penalizacion\/regla-15\/15-1-impedimentos-sueltos\/\",\"name\":\"15.1 Impedimentos Sueltos - SoloReglasGolf\",\"isPartOf\":{\"@id\":\"http:\/\/soloreglasgolf.com\/WordPress3\/#website\"},\"datePublished\":\"2018-04-09T15:50:16+00:00\",\"dateModified\":\"2018-11-15T06:16:29+00:00\",\"breadcrumb\":{\"@id\":\"http:\/\/soloreglasgolf.com\/WordPress3\/reglas-2019\/vi-alivio-sin-penalizacion\/regla-15\/15-1-impedimentos-sueltos\/#breadcrumb\"},\"inLanguage\":\"es\",\"potentialAction\":[{\"@type\":\"ReadAction\",\"target\":[\"http:\/\/soloreglasgolf.com\/WordPress3\/reglas-2019\/vi-alivio-sin-penalizacion\/regla-15\/15-1-impedimentos-sueltos\/\"]}]},{\"@type\":\"BreadcrumbList\",\"@id\":\"http:\/\/soloreglasgolf.com\/WordPress3\/reglas-2019\/vi-alivio-sin-penalizacion\/regla-15\/15-1-impedimentos-sueltos\/#breadcrumb\",\"itemListElement\":[{\"@type\":\"ListItem\",\"position\":1,\"name\":\"Portada\",\"item\":\"http:\/\/soloreglasgolf.com\/WordPress3\/\"},{\"@type\":\"ListItem\",\"position\":2,\"name\":\"Reglas 2019\",\"item\":\"http:\/\/soloreglasgolf.com\/WordPress3\/reglas-2019\/\"},{\"@type\":\"ListItem\",\"position\":3,\"name\":\"VI. Alivio Sin Penalizaci\u00f3n\",\"item\":\"https:\/\/soloreglasgolf.com\/WordPress3\/reglas-2019\/vi-alivio-sin-penalizacion\/\"},{\"@type\":\"ListItem\",\"position\":4,\"name\":\"Regla 15 \u2013 Alivio de Objetos Movibles: Impedimentos Sueltos, Obstrucciones Movibles, Bolas que Ayudan o Interfieren en el Juego\",\"item\":\"https:\/\/soloreglasgolf.com\/WordPress3\/reglas-2019\/vi-alivio-sin-penalizacion\/regla-15\/\"},{\"@type\":\"ListItem\",\"position\":5,\"name\":\"15.1 Impedimentos Sueltos\"}]},{\"@type\":\"WebSite\",\"@id\":\"http:\/\/soloreglasgolf.com\/WordPress3\/#website\",\"url\":\"http:\/\/soloreglasgolf.com\/WordPress3\/\",\"name\":\"SoloReglasGolf\",\"description\":\"Conversando sobre  Reglas de Golf\",\"potentialAction\":[{\"@type\":\"SearchAction\",\"target\":{\"@type\":\"EntryPoint\",\"urlTemplate\":\"http:\/\/soloreglasgolf.com\/WordPress3\/?s={search_term_string}\"},\"query-input\":\"required name=search_term_string\"}],\"inLanguage\":\"es\"}]}<\/script>\n<!-- \/ Yoast SEO plugin. -->","yoast_head_json":{"title":"15.1 Impedimentos Sueltos - SoloReglasGolf","robots":{"index":"index","follow":"follow","max-snippet":"max-snippet:-1","max-image-preview":"max-image-preview:large","max-video-preview":"max-video-preview:-1"},"canonical":"http:\/\/soloreglasgolf.com\/WordPress3\/reglas-2019\/vi-alivio-sin-penalizacion\/regla-15\/15-1-impedimentos-sueltos\/","twitter_misc":{"Tiempo de lectura":"1 minuto"},"schema":{"@context":"https:\/\/schema.org","@graph":[{"@type":"WebPage","@id":"http:\/\/soloreglasgolf.com\/WordPress3\/reglas-2019\/vi-alivio-sin-penalizacion\/regla-15\/15-1-impedimentos-sueltos\/","url":"http:\/\/soloreglasgolf.com\/WordPress3\/reglas-2019\/vi-alivio-sin-penalizacion\/regla-15\/15-1-impedimentos-sueltos\/","name":"15.1 Impedimentos Sueltos - SoloReglasGolf","isPartOf":{"@id":"http:\/\/soloreglasgolf.com\/WordPress3\/#website"},"datePublished":"2018-04-09T15:50:16+00:00","dateModified":"2018-11-15T06:16:29+00:00","breadcrumb":{"@id":"http:\/\/soloreglasgolf.com\/WordPress3\/reglas-2019\/vi-alivio-sin-penalizacion\/regla-15\/15-1-impedimentos-sueltos\/#breadcrumb"},"inLanguage":"es","potentialAction":[{"@type":"ReadAction","target":["http:\/\/soloreglasgolf.com\/WordPress3\/reglas-2019\/vi-alivio-sin-penalizacion\/regla-15\/15-1-impedimentos-sueltos\/"]}]},{"@type":"BreadcrumbList","@id":"http:\/\/soloreglasgolf.com\/WordPress3\/reglas-2019\/vi-alivio-sin-penalizacion\/regla-15\/15-1-impedimentos-sueltos\/#breadcrumb","itemListElement":[{"@type":"ListItem","position":1,"name":"Portada","item":"http:\/\/soloreglasgolf.com\/WordPress3\/"},{"@type":"ListItem","position":2,"name":"Reglas 2019","item":"http:\/\/soloreglasgolf.com\/WordPress3\/reglas-2019\/"},{"@type":"ListItem","position":3,"name":"VI. Alivio Sin Penalizaci\u00f3n","item":"https:\/\/soloreglasgolf.com\/WordPress3\/reglas-2019\/vi-alivio-sin-penalizacion\/"},{"@type":"ListItem","position":4,"name":"Regla 15 \u2013 Alivio de Objetos Movibles: Impedimentos Sueltos, Obstrucciones Movibles, Bolas que Ayudan o Interfieren en el Juego","item":"https:\/\/soloreglasgolf.com\/WordPress3\/reglas-2019\/vi-alivio-sin-penalizacion\/regla-15\/"},{"@type":"ListItem","position":5,"name":"15.1 Impedimentos Sueltos"}]},{"@type":"WebSite","@id":"http:\/\/soloreglasgolf.com\/WordPress3\/#website","url":"http:\/\/soloreglasgolf.com\/WordPress3\/","name":"SoloReglasGolf","description":"Conversando sobre  Reglas de Golf","potentialAction":[{"@type":"SearchAction","target":{"@type":"EntryPoint","urlTemplate":"http:\/\/soloreglasgolf.com\/WordPress3\/?s={search_term_string}"},"query-input":"required name=search_term_string"}],"inLanguage":"es"}]}},"jetpack_sharing_enabled":true,"jetpack_shortlink":"https:\/\/wp.me\/P36cD2-3AV","_links":{"self":[{"href":"http:\/\/soloreglasgolf.com\/WordPress3\/wp-json\/wp\/v2\/pages\/13821","targetHints":{"allow":["GET"]}}],"collection":[{"href":"http:\/\/soloreglasgolf.com\/WordPress3\/wp-json\/wp\/v2\/pages"}],"about":[{"href":"http:\/\/soloreglasgolf.com\/WordPress3\/wp-json\/wp\/v2\/types\/page"}],"author":[{"embeddable":true,"href":"http:\/\/soloreglasgolf.com\/WordPress3\/wp-json\/wp\/v2\/users\/28"}],"replies":[{"embeddable":true,"href":"http:\/\/soloreglasgolf.com\/WordPress3\/wp-json\/wp\/v2\/comments?post=13821"}],"version-history":[{"count":5,"href":"http:\/\/soloreglasgolf.com\/WordPress3\/wp-json\/wp\/v2\/pages\/13821\/revisions"}],"predecessor-version":[{"id":14088,"href":"http:\/\/soloreglasgolf.com\/WordPress3\/wp-json\/wp\/v2\/pages\/13821\/revisions\/14088"}],"up":[{"embeddable":true,"href":"http:\/\/soloreglasgolf.com\/WordPress3\/wp-json\/wp\/v2\/pages\/13292"}],"wp:attachment":[{"href":"http:\/\/soloreglasgolf.com\/WordPress3\/wp-json\/wp\/v2\/media?parent=13821"}],"curies":[{"name":"wp","href":"https:\/\/api.w.org\/{rel}","templated":true}]}}